{"id":10847,"date":"2024-04-04T07:40:32","date_gmt":"2024-04-04T07:40:32","guid":{"rendered":"https:\/\/jag.se\/assistans\/om-oss-2\/"},"modified":"2025-02-25T12:41:55","modified_gmt":"2025-02-25T12:41:55","slug":"om-oss-2","status":"publish","type":"page","link":"https:\/\/jag.se\/assistans\/om-oss-2\/","title":{"rendered":"Om oss"},"content":{"rendered":"<div class=\"yoast-breadcrumbs\">\t<div class=\"inner\">\n\t\t<span><span><a href=\"https:\/\/jag.se\">JAG start<\/a><\/span> &gt; <span><a href=\"https:\/\/jag.se\/assistans\/\">JAG Personlig assistans<\/a><\/span> &gt; <span class=\"breadcrumb_last\" aria-current=\"page\">Om oss<\/span><\/span>\t<\/div>\n<\/div>\n\n\n<h1 class=\"wp-block-heading\">Om oss<\/h1>\n\n\n<section class=\"text-block ocean  \">\n    <div class=\"block-icon\"><\/div>\n\t<div class=\"inner\">\n\t\t<div class=\"text-block-content\">\n\t\t\t\t<blockquote>\n<p>JAG \u00e4r Sveriges st\u00f6rsta privata assistansanordnare som drivs utan vinstsyfte. De flesta uppdragsgivarna har flera stora funktionsneds\u00e4ttningar varav en avser den intellektuella f\u00f6rm\u00e5gan.\u00a0<\/p>\n<\/blockquote>\n\t\t<\/div>\n<\/section>\n\n\n<section class=\"text-block white  \">\n    <div class=\"block-icon\"><\/div>\n\t<div class=\"inner\">\n\t\t<div class=\"text-block-content\">\n\t\t\t\t\t<h2 class=\"\">V\u00e5r organisation\u00a0<\/h2>\n\t\t\t\t\t<p>Vi \u00e4r Sveriges st\u00f6rsta privata assistansanordnare som<strong>\u00a0drivs utan vinstsyfte\u00a0<\/strong>och har organiserat\u00a0<strong>personlig assistans med sj\u00e4lvbest\u00e4mmande<\/strong>\u00a0f\u00f6r\u00a0<strong>personer med intellektuell funktionsneds\u00e4ttning<\/strong>\u00a0sedan 1992.\u00a0<\/p>\n<p>Vi \u00e4r\u00a0<strong>arbetsgivare f\u00f6r mer \u00e4n 4 000 personliga assistenter runt om i landet<\/strong>. P\u00e5<strong>\u00a0huvudkontoret i centrala Stockholm arbetar<\/strong> ca 70 stycken <strong>medarbetare<\/strong>\u00a0med vitt skilda arbetsuppgifter, som r\u00e5dgivare inom juridik och HR, l\u00f6neadministrat\u00f6rer, ekonomer, pedagoger, kommunikat\u00f6rer och IT-specialister, alla med en drivkraft att f\u00f6r\u00e4ndra v\u00e4rlden. Vi har \u00e4ven 15 deltagare p\u00e5 v\u00e5r dagliga verksamhet p\u00e5 kontoret med handledare och personliga assistenter.\u00a0<\/p>\n<p>\u00c4ven om organisationen \u00e4r indelad i olika avdelningar \u00e4r det en\u00a0<strong>platt organisation med korta beslutsv\u00e4gar<\/strong>\u00a0d\u00e4r alla pratar med alla.\u00a0<\/p>\n<p>Styrelsen best\u00e5r av legala f\u00f6retr\u00e4dare f\u00f6r kooperativets medlemmar.\u00a0<\/p>\n<p>Vi har kontors- och utbildningslokaler p\u00e5 Klara S\u00f6dra kyrkogata 1,\u00a0<strong>n\u00e4ra Centralstationen i Stockholm.<\/strong> F\u00f6rutom att vi finns i Stockholm s\u00e5 har vi <strong>tr\u00e4ffpunkter<\/strong>\u00a0i\u00a0<\/p>\n<ul>\n<li><strong>Boden<\/strong><\/li>\n<li><strong>Kalmar<\/strong><\/li>\n<li><strong>Karlstad<\/strong><\/li>\n<li><strong>Mora<\/strong><\/li>\n<li><strong>Stockholm<\/strong><\/li>\n<li><strong>Sundsvall<\/strong><\/li>\n<li><strong>Tibro<\/strong><\/li>\n<li><strong>Uddevalla<\/strong><\/li>\n<li><strong>Visby\n<p><\/strong>Lokalerna anv\u00e4nds till tr\u00e4ffar f\u00f6r assistansanv\u00e4ndare och utbildning f\u00f6r assistenter och arbetsledare.\u00a0<\/li>\n<\/ul>\n<p><strong>V\u00e5rt m\u00e5l<\/strong>\u00a0\u00e4r att\u00a0<strong>alla ska kunna leva i gemenskap med sin familj<\/strong>\u00a0och<strong>\u00a0som andra<\/strong>\u00a0i samh\u00e4llet, med\u00a0<strong>b\u00e4sta m\u00f6jliga personligt anpassade assistan<\/strong>s.\u00a0<\/p>\n\t\t<\/div>\n<\/section>\n\n\n<section class=\"text-block pink  \">\n    <div class=\"block-icon\"><\/div>\n\t<div class=\"inner\">\n\t\t<div class=\"text-block-content\">\n\t\t\t\t\t<h2 class=\"\">V\u00e5r v\u00e4rdegrund\u00a0<\/h2>\n\t\t\t\t\t<ul>\n<li>Alla m\u00e4nniskor \u00e4r lika mycket v\u00e4rda<\/li>\n<li>Alla kan vara sj\u00e4lvbest\u00e4mmande<\/li>\n<li>Alla kan kommunicera<\/li>\n<li>Alla har r\u00e4tt att vara huvudperson i sitt eget liv\u00a0<\/li>\n<\/ul>\n\t\t<\/div>\n<\/section>\n\n\n<section class=\"text-block white  \">\n    <div class=\"block-icon\"><\/div>\n\t<div class=\"inner\">\n\t\t<div class=\"text-block-content\">\n\t\t\t\t\t<h2 class=\"\">H\u00e5llbarhet och samh\u00e4llsansvar <\/h2>\n\t\t\t\t\t<p><span data-teams=\"true\">H\u00e5llbarhetsarbetet en sj\u00e4lvklar och l\u00e5ngsiktig del i v\u00e5r verksamhet och ett s\u00e4tt att ta socialt, ekonomiskt och milj\u00f6m\u00e4ssigt ansvar. FNs konvention om r\u00e4ttigheter f\u00f6r personer med funktionsneds\u00e4ttningar \u00e4r en sj\u00e4lvklar grund f\u00f6r v\u00e5rt arbete.\u00a0<\/span><\/p>\n\t\t<\/div>\n<\/section>\n\n\n<section class=\"text-block white  \">\n    <div class=\"block-icon\"><\/div>\n\t<div class=\"inner\">\n\t\t<div class=\"text-block-content\">\n\t\t\t\t\t<h2 class=\"\">Assistansverksamhet finns \u00e4ven i Finland och Norge <\/h2>\n\t\t\t\t\t<p><span data-teams=\"true\">I Finland och Norge finns hel\u00e4gda dotterbolagen JAG Assistans och JAG Assistanse.<\/span><\/p>\n\t\t<\/div>\n<\/section>\n\n\n<section class=\"text-block white  \">\n    <div class=\"block-icon\"><\/div>\n\t<div class=\"inner\">\n\t\t<div class=\"text-block-content\">\n\t\t\t\t\t<h2 class=\"\">Historien om JAG<\/h2>\n\t\t\t\t\t<p>F\u00f6reningen JAG (idag Riksf\u00f6reningen JAG) bildades 1992 av en liten grupp personer med flera stora funktionsneds\u00e4ttningar, varav en \u00e4r en neds\u00e4ttning av den intellektuella f\u00f6rm\u00e5gan. F\u00f6reningen har b\u00e5de fullv\u00e4rdiga medlemmar med egna funktionsneds\u00e4ttningar och <br \/>st\u00f6dmedlemmar.<\/p>\n<p>Namnet JAG st\u00e5r f\u00f6r att varje medlem \u00e4r en egen person, med eget v\u00e4rde. JAG st\u00e5r ocks\u00e5 f\u00f6r tre ord som \u00e4r extra viktiga f\u00f6r medlemmarna i JAG; J\u00e4mlikhet, Assistans och Gemenskap.<\/p>\n<p>F\u00f6reningen JAGs tillkomst var en reaktion p\u00e5 att m\u00e4nniskor med flera och omfattande funktionsneds\u00e4ttningar i kombination med en intellektuell funktionsneds\u00e4ttning inte fick komma till tals i de traditionella handikapporganisationerna, utan utest\u00e4ngdes p\u00e5 grund av att man beh\u00f6ver hj\u00e4lp av en f\u00f6retr\u00e4dare f\u00f6r att uttrycka sin \u00e5sikt. <\/p>\n<p>En av F\u00f6reningen JAGs f\u00f6rsta uppgifter var att driva p\u00e5 genomf\u00f6randet av assistansreformen. Att \u00e4ven personer med intellektuella funktionsneds\u00e4ttningar kom att omfattas av den nya lagen kan bland annat tillskrivas JAGs ordf\u00f6rande Magnus And\u00e9n och hans f\u00f6retr\u00e4dare <br \/>Gerd And\u00e9n, som tidigare hade arbetat f\u00f6r detta i Riksf\u00f6rbundet FUB.<\/p>\n<p>I mars 1994, samma \u00e5r som r\u00e4tten till personlig assistans inf\u00f6rdes, bildades Brukarkooperativet JAG, som liksom Riksf\u00f6reningen JAG \u00e4r en ideell f\u00f6rening utan vinstintresse. Genom kooperativet kunde medlemmarna f\u00f6rverkliga en brukarstyrd personlig assistans enligt Independent Living-ideologin med personlig arbetsledning.\u00a0<\/p>\n\t\t<\/div>\n<\/section>\n\n\n<section class=\"text-block white  \">\n    <div class=\"block-icon\"><\/div>\n\t<div class=\"inner\">\n\t\t<div class=\"text-block-content\">\n\t\t\t\t\t<h2 class=\"\">Assistansverksamheten blir ett AB<\/h2>\n\t\t\t\t\t<p><strong>1994\u20132006<\/strong> drevs assistansverksamhet i ideella f\u00f6reningen Brukarkooperativet JAG.<\/p>\n<p><strong>2006<\/strong> lades assistansverksamheten \u00f6ver i det hel\u00e4gda dotterbolaget Brukarkooperativet JAG Service AB. Det fr\u00e4msta sk\u00e4let var att regelverket om aktiebolag ger tydligare och tryggare f\u00f6ruts\u00e4ttningar f\u00f6r att driva en stor ekonomisk verksamhet \u00e4n i en ideell f\u00f6rening.<\/p>\n\t\t<\/div>\n<\/section>\n\n\n<section class=\"text-block pink  \">\n    <div class=\"block-icon\"><\/div>\n\t<div class=\"inner\">\n\t\t<div class=\"text-block-content\">\n\t\t\t\t<p>Brukarkooperativet JAG \u00e4r den enda \u00e4garen till Brukarkooperativet JAG Personlig assistans Service AB, vilket s\u00e4kerst\u00e4ller det ideella syftet med verksamheten \u00e4ven fram\u00f6ver. Ett \u00f6verskott i verksamheten kan inte \u00f6verf\u00f6ras till n\u00e5gon annan \u00e4n \u00e4garen.<\/p>\n\t\t<\/div>\n<\/section>\n\n\n<section class=\"text-block white  \">\n    <div class=\"block-icon\"><\/div>\n\t<div class=\"inner\">\n\t\t<div class=\"text-block-content\">\n\t\t\t\t\t<h2 class=\"\">JAG Personlig assistans AB<\/h2>\n\t\t\t\t\t<p><strong>2018<\/strong> \u00e4ndrades serviceaktiebolagets\u00a0namn till Brukarkooperativet JAG Personlig Assistans AB, med of\u00f6r\u00e4ndrat organisationsnummer.<\/p>\n\t\t<\/div>\n<\/section>\n\n\n<section class=\"text-block white  \">\n    <div class=\"block-icon\"><\/div>\n\t<div class=\"inner\">\n\t\t<div class=\"text-block-content\">\n\t\t\t\t\t<h2 class=\"\">Brukarkooperativet JAGs \u00f6vriga dotterbolag<\/h2>\n\t\t\t\t\t<p>Brukarkooperativet JAG har f\u00f6rutom JAG Personlig Assistans ytterligare tre\u00a0 dotterbolag:\u00a0<\/p>\n<p>&#8211; <a href=\"https:\/\/www.jagassistans.fi\/sv\" target=\"_blank\" rel=\"noopener\">JAG Personlig Assistans Ab i Finland<\/a><br \/>&#8211; <a href=\"https:\/\/jagassistanse.no\/\" target=\"_blank\" rel=\"noopener\">JAG Personlig Assistanse AS i Norge<\/a><br \/>&#8211; <a href=\"https:\/\/jag.se\/JAGutbildning\/\" target=\"_blank\" rel=\"noopener\">JAG Utbildning AB i Sverige<\/a><\/p>\n\t\t<\/div>\n<\/section>\n\n\n<section class=\"text-block white  \">\n    <div class=\"block-icon\"><\/div>\n\t<div class=\"inner\">\n\t\t<div class=\"text-block-content\">\n\t\t\t\t\t<h2 class=\"\">Att leva som andra med b\u00e4sta m\u00f6jliga personliga assistans<\/h2>\n\t\t\t\t\t<p>Brukarkooperativet JAGs \u00e4ndam\u00e5l anges i f\u00f6reningens stadgar. Medlemmarna ska kunna leva i gemenskap med sin familj och som andra i samh\u00e4llet, med b\u00e4sta m\u00f6jliga personligt anpassade assistans.<\/p>\n<p>\u00a0Varje \u00e5r h\u00e5lls ett \u00e5rsm\u00f6te, d\u00e4r medlemmarna tar \u00f6vergripande beslut om verksamheten och v\u00e4ljer styrelse.<\/p>\n\t\t<\/div>\n<\/section>\n","protected":false},"excerpt":{"rendered":"<p>Om oss<\/p>\n","protected":false},"author":6,"featured_media":0,"parent":0,"menu_order":44,"comment_status":"closed","ping_status":"closed","template":"","meta":{"footnotes":""},"class_list":["post-10847","page","type-page","status-publish","hentry"],"acf":[],"_links":{"self":[{"href":"https:\/\/jag.se\/assistans\/wp-json\/wp\/v2\/pages\/10847","targetHints":{"allow":["GET"]}}],"collection":[{"href":"https:\/\/jag.se\/assistans\/wp-json\/wp\/v2\/pages"}],"about":[{"href":"https:\/\/jag.se\/assistans\/wp-json\/wp\/v2\/types\/page"}],"author":[{"embeddable":true,"href":"https:\/\/jag.se\/assistans\/wp-json\/wp\/v2\/users\/6"}],"replies":[{"embeddable":true,"href":"https:\/\/jag.se\/assistans\/wp-json\/wp\/v2\/comments?post=10847"}],"version-history":[{"count":21,"href":"https:\/\/jag.se\/assistans\/wp-json\/wp\/v2\/pages\/10847\/revisions"}],"predecessor-version":[{"id":13113,"href":"https:\/\/jag.se\/assistans\/wp-json\/wp\/v2\/pages\/10847\/revisions\/13113"}],"wp:attachment":[{"href":"https:\/\/jag.se\/assistans\/wp-json\/wp\/v2\/media?parent=10847"}],"curies":[{"name":"wp","href":"https:\/\/api.w.org\/{rel}","templated":true}]}}