{"id":10901,"date":"2024-04-11T08:38:42","date_gmt":"2024-04-11T08:38:42","guid":{"rendered":"https:\/\/jag.se\/assistans\/?page_id=10901"},"modified":"2024-05-22T12:55:43","modified_gmt":"2024-05-22T12:55:43","slug":"stadgar","status":"publish","type":"page","link":"https:\/\/jag.se\/assistans\/stadgar\/","title":{"rendered":"Stadgar"},"content":{"rendered":"<div class=\"yoast-breadcrumbs\">\t<div class=\"inner\">\n\t\t<span><span><a href=\"https:\/\/jag.se\">JAG start<\/a><\/span> &gt; <span><a href=\"https:\/\/jag.se\/assistans\/\">JAG Personlig assistans<\/a><\/span> &gt; <span class=\"breadcrumb_last\" aria-current=\"page\">Stadgar<\/span><\/span>\t<\/div>\n<\/div>\n\n\n<h1 class=\"wp-block-heading\">Stadgar f\u00f6r Brukarkooperativet JAG<\/h1>\n\n\n<section class=\"text-block white  \">\n    <div class=\"block-icon\"><\/div>\n\t<div class=\"inner\">\n\t\t<div class=\"text-block-content\">\n\t\t\t\t\t<h2 class=\"\"> \u00a7 1 \u00c4ndam\u00e5l<\/h2>\n\t\t\t\t\t<p>Den ideella f\u00f6reningen Brukarkooperativet JAG \u00e4r en ideell riksf\u00f6rening f\u00f6r personer med flera stora funktionsneds\u00e4ttningar, varav en avser den intellektuella f\u00f6rm\u00e5gan. Brukarkooperativet JAG \u00e4r partipolitiskt obunden.<\/p>\n<p>Brukarkooperativet JAGs \u00e4ndam\u00e5l \u00e4r detsamma som Riksf\u00f6reningen JAGs \u00e4ndam\u00e5l, att arbeta f\u00f6r att medlemmarna skall ha m\u00f6jlighet till ett gott liv genom:<\/p>\n<ul>\n<li>J\u00e4mlikhet, Assistans och Gemenskap (JAG)<\/li>\n<li>B\u00e4sta m\u00f6jliga personligt anpassade assistans i livets alla situationer med respekt f\u00f6r m\u00e4nniskov\u00e4rde och integritet<\/li>\n<li>Att p\u00e5 sina villkor leva i gemenskap med sin familj och leva som andra i samh\u00e4llet och f\u00e5 stimulerande upplevelser och erfarenheter p\u00e5 ett tryggt s\u00e4tt<\/li>\n<li>Att den fysiska och psykiska h\u00e4lsan fr\u00e4mjas p\u00e5 alla s\u00e4tt och att \u00f6vriga intressen tillvaratas.<\/li>\n<\/ul>\n\t\t<\/div>\n<\/section>\n\n\n<section class=\"text-block white  \">\n    <div class=\"block-icon\"><\/div>\n\t<div class=\"inner\">\n\t\t<div class=\"text-block-content\">\n\t\t\t\t\t<h2 class=\"\">\u00a7 2 Verksamhet<\/h2>\n\t\t\t\t\t<p>Till f\u00f6rverkligande av \u00e4ndam\u00e5let ska Brukarkooperativet JAG:<\/p>\n<ul>\n<li>Genom dotterbolag bedriva verksamhet inom omr\u00e5det personlig assistans<\/li>\n<li>Erbjuda st\u00f6d till dem som genom myndighet skaffar ekonomiska resurser f\u00f6r personlig assistans<\/li>\n<li>I \u00f6vrigt initiera och bedriva verksamhet i f\u00f6r medlemmarna angel\u00e4gna fr\u00e5gor.<\/li>\n<\/ul>\n\t\t<\/div>\n<\/section>\n\n\n<section class=\"text-block white  \">\n    <div class=\"block-icon\"><\/div>\n\t<div class=\"inner\">\n\t\t<div class=\"text-block-content\">\n\t\t\t\t\t<h2 class=\"\">2 \u00a7 3 Medlemskap<\/h2>\n\t\t\t\t\t<p>Medlemskap i Brukarkooperativet JAG kan endast beviljas personer med flera stora funktionsneds\u00e4ttningar, varav en avser den intellektuella f\u00f6rm\u00e5gan, som st\u00e4ller sig bakom Riksf\u00f6reningen JAGs \u00e4ndam\u00e5l och vill ha sin personliga assistans genom Brukarkooperativet JAG Personlig Assistans AB. Medlem kan f\u00f6retr\u00e4das, tolkas, av f\u00f6rmyndare, god man eller f\u00f6rvaltare, eller person som denne utser. Samtliga m\u00e5ste vara beredda att arbeta f\u00f6r Riksf\u00f6reningen JAGs och Brukarkooperativet JAGs \u00e4ndam\u00e5l.<\/p>\n\t\t<\/div>\n<\/section>\n\n\n<section class=\"text-block white  \">\n    <div class=\"block-icon\"><\/div>\n\t<div class=\"inner\">\n\t\t<div class=\"text-block-content\">\n\t\t\t\t\t<h2 class=\"\">\u00a7 4 Styrelse<\/h2>\n\t\t\t\t\t<p>I Brukarkooperativet JAG ska finnas en styrelse best\u00e5ende av nio ordinarie ledam\u00f6ter och tv\u00e5 suppleanter. Till ledamot i styrelsen f\u00e5r endast v\u00e4ljas person som \u00e4r legal st\u00e4llf\u00f6retr\u00e4dare f\u00f6r medlem i Brukarkooperativet JAG enligt \u00a7 3 ovan. Minst fem av de elva personerna ska kunna ing\u00e5 i arvodeskommitt\u00e9n.<\/p>\n<p>Styrelsen leder verksamheten och \u00e4r under tiden mellan \u00e5rsm\u00f6ten Brukarkooperativet JAGs beslutande instans. Styrelsen representerar Brukarkooperativet JAG vid Brukarkooperativet JAGs dotterbolags bolagsst\u00e4mma\/bolagsst\u00e4mmor. Styrelsen v\u00e4ljs av \u00e5rsm\u00f6tet i Brukarkooperativet JAG f\u00f6r tiden fram till n\u00e4sta \u00e5rsm\u00f6te.<\/p>\n<p>Styrelsen \u00e4r beslutf\u00f6r n\u00e4r minst fem ledam\u00f6ter \u00e4r n\u00e4rvarande.<\/p>\n\t\t<\/div>\n<\/section>\n\n\n<section class=\"text-block white  \">\n    <div class=\"block-icon\"><\/div>\n\t<div class=\"inner\">\n\t\t<div class=\"text-block-content\">\n\t\t\t\t\t<h2 class=\"\">\u00a7 5 Valberedning<\/h2>\n\t\t\t\t\t<p>Valberedningen v\u00e4ljs av \u00e5rsm\u00f6tet och ska best\u00e5 av tre ledam\u00f6ter varav en utses att vara sammankallande. Till ledamot i valberedningen f\u00e5r endast v\u00e4ljas person som \u00e4r legal st\u00e4llf\u00f6retr\u00e4dare f\u00f6r medlem i Brukarkooperativet JAG. Valberedningen ska i enlighet med stadgarna till \u00e5rsm\u00f6tet f\u00f6resl\u00e5 ordf\u00f6rande, f\u00f6rste och andre vice ordf\u00f6rande, \u00f6vriga styrelseledam\u00f6ter, suppleanter och revisor. Valberedningen har ocks\u00e5 att till \u00e5rsm\u00f6tet f\u00f6resl\u00e5 styrelsens arvode.<\/p>\n<p>Valberedningen i Brukarkooperativet JAG ska samr\u00e5da med valberedningen i Riksf\u00f6reningen JAG.<\/p>\n\t\t<\/div>\n<\/section>\n\n\n<section class=\"text-block white  \">\n    <div class=\"block-icon\"><\/div>\n\t<div class=\"inner\">\n\t\t<div class=\"text-block-content\">\n\t\t\t\t\t<h2 class=\"\">\u00a7 6 \u00c5rsm\u00f6te<\/h2>\n\t\t\t\t\t<p>Brukarkooperativet JAGs \u00e5rsm\u00f6te ska h\u00e5llas f\u00f6re maj m\u00e5nads utg\u00e5ng varje \u00e5r.<\/p>\n<p>Medlemmar kan st\u00e4lla f\u00f6rslag till \u00e5rsm\u00f6tet. F\u00f6rslag ska vara styrelsen tillhanda senast den 15 januari f\u00f6r att kunna tas upp vid \u00e5rets \u00e5rsm\u00f6te.<\/p>\n<p>Kallelse till \u00e5rsm\u00f6tet ska s\u00e4ndas per post eller digitalt till samtliga medlemmar senast 30 dagar f\u00f6re m\u00f6tesdagen genom styrelsens f\u00f6rsorg. Till kallelsen ska f\u00f6ljande dokument bifogas:<\/p>\n<ul>\n<li>Styrelsens f\u00f6rslag till \u00e5rsm\u00f6tet<\/li>\n<li>En sammanst\u00e4llning av inkomna f\u00f6rslag fr\u00e5n medlemmar j\u00e4mte styrelsens yttrande \u00f6ver dessa f\u00f6rslag.<\/li>\n<\/ul>\n<p>Styrelsen ska h\u00e5lla verksamhetsber\u00e4ttelse och ekonomisk redog\u00f6relse f\u00f6r det g\u00e5ngna verksamhets\u00e5ret tillg\u00e4ngliga f\u00f6r medlemmarna under minst tv\u00e5 veckor n\u00e4rmast f\u00f6re \u00e5rsm\u00f6tet. Kopior av handlingarna ska s\u00e4ndas per post till medlem som beg\u00e4r det. Handlingarna ska l\u00e4ggas fram p\u00e5 \u00e5rsm\u00f6tet.<\/p>\n<p>R\u00f6str\u00e4tt p\u00e5 \u00e5rsm\u00f6tet har endast medlemmar. Som \u00e5rsm\u00f6tets beslut ska g\u00e4lla den mening f\u00f6r vilken mer \u00e4n h\u00e4lften av r\u00f6sterna avgivits (med undantag f\u00f6r vad som stadgas i \u00a7\u00a7 9 och 10 nedan). Vid lika r\u00f6stetal har \u00e5rsm\u00f6tets ordf\u00f6rande utslagsr\u00f6st.<\/p>\n<p>Vid \u00e5rsm\u00f6tet ska f\u00f6ljande \u00e4renden behandlas:<\/p>\n<ol>\n<li>Val av ordf\u00f6rande f\u00f6r \u00e5rsm\u00f6tet;<\/li>\n<li>Val av m\u00f6tessekreterare;<\/li>\n<li>Uppr\u00e4ttande och godk\u00e4nnande av r\u00f6stl\u00e4ngd;<\/li>\n<li>Val av tv\u00e5 protokolljusterare tillika r\u00f6str\u00e4knare;<\/li>\n<li>Pr\u00f6vning av om \u00e5rsm\u00f6tet blivit beh\u00f6rigen sammankallat;<\/li>\n<li>Framl\u00e4ggande av verksamhetsber\u00e4ttelse och ekonomisk redog\u00f6relse f\u00f6r Brukarkooperativet JAG det g\u00e5ngna verksamhets\u00e5ret samt ekonomisk redovisning av Brukarkooperativet JAG Personlig Assistans AB och eventuella andra dotterbolag;<\/li>\n<li>Framl\u00e4ggande av revisionsber\u00e4ttelse f\u00f6r det g\u00e5ngna verksamhets\u00e5ret;<\/li>\n<li>Beslut om godk\u00e4nnande av styrelsens redovisning;<\/li>\n<li>Beslut om dispositioner betr\u00e4ffande uppkommen vinst eller f\u00f6rlust f\u00f6r verksamhets\u00e5ret;<\/li>\n<li>Beslut om ansvarsfrihet f\u00f6r styrelsen;<\/li>\n<li>Val av styrelsens ordf\u00f6rande;<\/li>\n<li>Val av \u00e5tta ordinarie ledam\u00f6ter i styrelsen;\u00a0\u00a0\u00a0\u00a0\u00a0\u00a0\u00a0\u00a0\u00a0<\/li>\n<li>Val av f\u00f6rste vice ordf\u00f6rande, av de \u00e5tta ordinarie ledam\u00f6terna;<\/li>\n<li>Val av andre vice ordf\u00f6rande, av de \u00e5tta ordinarie ledam\u00f6terna;<\/li>\n<li>Val av tv\u00e5 suppleanter;<\/li>\n<li>Fastst\u00e4llande av styrelsens arvode;<\/li>\n<li>Val av revisor;<\/li>\n<li>Val av valberedning;<\/li>\n<li>Fastst\u00e4llande av valberedningens arvode;<\/li>\n<li>Framl\u00e4ggande av verksamhetsplan med budget f\u00f6r kommande \u00e5r;<\/li>\n<li>Fastst\u00e4llande av medlemsavgiftens storlek;<\/li>\n<li>Inkomna f\u00f6rslag fr\u00e5n medlemmar och styrelsens f\u00f6rslag till beslut<\/li>\n<li>F\u00f6rslag fr\u00e5n styrelsen\u00a0 \u00a0 \u00a0 \u00a0 \u00a0 \u00a0 \u00a0 \u00a0 \u00a0\u00a0<\/li>\n<\/ol>\n\t\t<\/div>\n<\/section>\n\n\n<section class=\"text-block white  \">\n    <div class=\"block-icon\"><\/div>\n\t<div class=\"inner\">\n\t\t<div class=\"text-block-content\">\n\t\t\t\t\t<h2 class=\"\">\u00a7 7 Extra \u00e5rsm\u00f6te<\/h2>\n\t\t\t\t\t<p>Extra \u00e5rsm\u00f6te kan h\u00e5llas n\u00e4r styrelsen eller minst h\u00e4lften av medlemmarna beg\u00e4r detta. Kallelse till extra \u00e5rsm\u00f6te ska s\u00e4ndas till medlemmarna per post eller digitalt senast 30 dagar f\u00f6re m\u00f6tesdagen genom styrelsens f\u00f6rsorg. Till kallelsen ska bifogas styrelsens f\u00f6rslag till \u00e5rsm\u00f6tet samt en sammanst\u00e4llning av inkomna f\u00f6rslag fr\u00e5n medlemmar j\u00e4mte styrelsens yttrande \u00f6ver dessa f\u00f6rslag.<\/p>\n\t\t<\/div>\n<\/section>\n\n\n<section class=\"text-block white  \">\n    <div class=\"block-icon\"><\/div>\n\t<div class=\"inner\">\n\t\t<div class=\"text-block-content\">\n\t\t\t\t\t<h2 class=\"\">\u00a7 8 Verksamhets\u00e5r<\/h2>\n\t\t\t\t\t<p>Brukarkooperativet JAGs verksamhets\u00e5r sammanfaller med kalender\u00e5r.<\/p>\n\t\t<\/div>\n<\/section>\n\n\n<section class=\"text-block white  \">\n    <div class=\"block-icon\"><\/div>\n\t<div class=\"inner\">\n\t\t<div class=\"text-block-content\">\n\t\t\t\t\t<h2 class=\"\">\u00a7 9 Stadge\u00e4ndring<\/h2>\n\t\t\t\t\t<p>\u00c4ndring av dessa stadgar beslutas av \u00e5rsm\u00f6tet. F\u00f6r stadge\u00e4ndring kr\u00e4vs att beslut d\u00e4rom tas vid tv\u00e5 p\u00e5 varandra f\u00f6ljande ordinarie \u00e5rsm\u00f6ten, varvid besluten bitr\u00e4tts av tv\u00e5 tredjedelar av de r\u00f6stande.<\/p>\n\t\t<\/div>\n<\/section>\n\n\n<section class=\"text-block white  \">\n    <div class=\"block-icon\"><\/div>\n\t<div class=\"inner\">\n\t\t<div class=\"text-block-content\">\n\t\t\t\t\t<h2 class=\"\">\u00a7 9 Uppl\u00f6sning<\/h2>\n\t\t\t\t\t<p>Beslut om uppl\u00f6sning av Brukarkooperativet JAG fattas av \u00e5rsm\u00f6tet. F\u00f6r uppl\u00f6sning kr\u00e4vs att beslut d\u00e4rom tas vid tv\u00e5 p\u00e5 varandra f\u00f6ljande \u00e5rsm\u00f6ten varav ett \u00e4r ordinarie, och varvid besluten bitr\u00e4tts av tv\u00e5 tredjedelar av de r\u00f6stande. Vid uppl\u00f6sning ska eventuella tillg\u00e5ngar, efter \u00e5terbetalning av skulder, tillfalla Stiftelsen JAG.<\/p>\n<p>Stadgarna har antagits vid konstituerande m\u00f6te 1994-03-13. De har d\u00e4refter reviderats vid \u00e5rsm\u00f6ten 1995-03-19, 1998-05-17, 2003-05-18, 2006-04-23, 2008-04-20 samt 2024-05-05 (nuvarande lydelse).<\/p>\n\t\t<\/div>\n<\/section>\n\n\n<section class=\"links-list white-bg\">\n\t<div class=\"inner\">\n\t\t\t\t<ul >\n\t\t\t\t\t\t\t<li><a href=\"https:\/\/jag.se\/assistans\/vart-erbjudande\/\">Att ha sin assistans hos oss<\/a><\/li>\n\t\t\t\t\t\t\t\t<li><a href=\"https:\/\/jag.se\/assistans\/assistans-till-barn\/\">Assistans till barn<\/a><\/li>\n\t\t\t\t\t\t\t\t<li><a href=\"https:\/\/jag.se\/assistans\/juridisk-radgivning\/\">Juridiskt r\u00e5dgivning<\/a><\/li>\n\t\t\t\t\t\t<\/ul>\n\t\t\t\t<\/div>\n<\/section>\n","protected":false},"excerpt":{"rendered":"<p>Stadgar f\u00f6r Brukarkooperativet JAG<\/p>\n","protected":false},"author":6,"featured_media":0,"parent":0,"menu_order":5,"comment_status":"closed","ping_status":"closed","template":"","meta":{"footnotes":""},"class_list":["post-10901","page","type-page","status-publish","hentry"],"acf":[],"_links":{"self":[{"href":"https:\/\/jag.se\/assistans\/wp-json\/wp\/v2\/pages\/10901","targetHints":{"allow":["GET"]}}],"collection":[{"href":"https:\/\/jag.se\/assistans\/wp-json\/wp\/v2\/pages"}],"about":[{"href":"https:\/\/jag.se\/assistans\/wp-json\/wp\/v2\/types\/page"}],"author":[{"embeddable":true,"href":"https:\/\/jag.se\/assistans\/wp-json\/wp\/v2\/users\/6"}],"replies":[{"embeddable":true,"href":"https:\/\/jag.se\/assistans\/wp-json\/wp\/v2\/comments?post=10901"}],"version-history":[{"count":33,"href":"https:\/\/jag.se\/assistans\/wp-json\/wp\/v2\/pages\/10901\/revisions"}],"predecessor-version":[{"id":11337,"href":"https:\/\/jag.se\/assistans\/wp-json\/wp\/v2\/pages\/10901\/revisions\/11337"}],"wp:attachment":[{"href":"https:\/\/jag.se\/assistans\/wp-json\/wp\/v2\/media?parent=10901"}],"curies":[{"name":"wp","href":"https:\/\/api.w.org\/{rel}","templated":true}]}}