{"id":10908,"date":"2024-04-11T08:18:00","date_gmt":"2024-04-11T08:18:00","guid":{"rendered":"https:\/\/jag.se\/assistans\/assistansavtal-2\/"},"modified":"2026-04-20T08:59:07","modified_gmt":"2026-04-20T08:59:07","slug":"personkretsar","status":"publish","type":"page","link":"https:\/\/jag.se\/assistans\/personkretsar\/","title":{"rendered":"Personkretsar i LSS"},"content":{"rendered":"<div class=\"yoast-breadcrumbs\">\t<div class=\"inner\">\n\t\t<span><span><a href=\"https:\/\/jag.se\">JAG start<\/a><\/span> &gt; <span><a href=\"https:\/\/jag.se\/assistans\/\">JAG Personlig assistans<\/a><\/span> &gt; <span class=\"breadcrumb_last\" aria-current=\"page\">Personkretsar i LSS<\/span><\/span>\t<\/div>\n<\/div>\n\n\n<h1 class=\"wp-block-heading\">Personkretsar i LSS <\/h1>\n\n\n<section class=\"text-block pink  \">\n    <div class=\"block-icon\"><\/div>\n\t<div class=\"inner\">\n\t\t<div class=\"text-block-content\">\n\t\t\t\t\t<h2 class=\"\">Vad \u00e4r personkretsar enligt LSS?<\/h2>\n\t\t\t\t\t<p>F\u00f6r att ha m\u00f6jlighet att ans\u00f6ka om insatser enligt LSS beh\u00f6ver du tillh\u00f6ra en av <strong>tre personkretsar.<\/strong> Dessa personkretsar beskriver olika variationer av funktionsneds\u00e4ttningar som definieras i Lagen om st\u00f6d och service (LSS). Om du tillh\u00f6r en personkrets och \u00e4ven uppfyller \u00f6vriga krav kan du ha r\u00e4tt till personlig assistans.<\/p>\n<p>LSS \u00e4r en lag som ska s\u00e4kerst\u00e4lla att m\u00e4nniskor med <strong>omfattande och varaktiga funktionsneds\u00e4ttningar<\/strong> genom st\u00f6d i vardagen har m\u00f6jlighet att leva som andra i samh\u00e4llet. Lagen fr\u00e4mjar j\u00e4mlikhet i levnadsvillkor och samh\u00e4llsdelaktighet.\u00a0<\/p>\n\t\t<\/div>\n<\/section>\n\n\n<section class=\"text-block white  \">\n    <div class=\"block-icon\"><\/div>\n\t<div class=\"inner\">\n\t\t<div class=\"text-block-content\">\n\t\t\t\t\t<h2 class=\"\">Personkrets 1<\/h2>\n\t\t\t\t\t<p>Personkrets 1 omfattar personer med <strong>intellektuell funktionsneds\u00e4ttning, autism eller autismliknande<\/strong> tillst\u00e5nd.<\/p>\n\t\t<\/div>\n<\/section>\n\n\n<section class=\"text-block ocean  \">\n    <div class=\"block-icon\"><\/div>\n\t<div class=\"inner\">\n\t\t<div class=\"text-block-content\">\n\t\t\t\t\t<h2 class=\"\">Personkrets 2<\/h2>\n\t\t\t\t\t<p>Personkrets 2 omfattar personer som har en <strong>stor och varaktig intellektuell funktionsneds\u00e4ttning efter en hj\u00e4rnskada i vuxen<\/strong> \u00e5lder orsakad av yttre v\u00e5ld eller en kroppslig sjukdom.<\/p>\n\t\t<\/div>\n<\/section>\n\n\n<section class=\"text-block vvb-rose  \">\n    <div class=\"block-icon\"><\/div>\n\t<div class=\"inner\">\n\t\t<div class=\"text-block-content\">\n\t\t\t\t\t<h2 class=\"\">Personkrets 3<\/h2>\n\t\t\t\t\t<p>Personkrets 3 omfattar personer med andra <strong>varaktiga fysiska eller psykiska funktionsneds\u00e4ttningar som uppenbart inte beror p\u00e5 \u00e5ldrande,<\/strong> f\u00f6rutsatt att de \u00e4r stora och orsakar betydande sv\u00e5righeter i det dagliga livet.<\/p>\n\t\t<\/div>\n<\/section>\n\n\n<div class=\"wp-block-image\">\n<figure class=\"aligncenter size-full\"><img loading=\"lazy\" decoding=\"async\" width=\"800\" height=\"637\" src=\"https:\/\/jag.se\/assistans\/wp-content\/uploads\/sites\/2\/2025\/04\/Maja-hemsida-2-e1740049193172-1-kopiera-2-mobil.webp\" alt=\"En flicka i rullstol p\u00e5 en gr\u00e4smatta. Hon som tillh\u00f6r personkrets 1 av  tre personkretsar Hennes assistent sitter p\u00e5 huk framf\u00f6r henne.\" class=\"wp-image-13726\" srcset=\"https:\/\/jag.se\/assistans\/wp-content\/uploads\/sites\/2\/2025\/04\/Maja-hemsida-2-e1740049193172-1-kopiera-2-mobil.webp 800w, https:\/\/jag.se\/assistans\/wp-content\/uploads\/sites\/2\/2025\/04\/Maja-hemsida-2-e1740049193172-1-kopiera-2-mobil-300x239.webp 300w, https:\/\/jag.se\/assistans\/wp-content\/uploads\/sites\/2\/2025\/04\/Maja-hemsida-2-e1740049193172-1-kopiera-2-mobil-768x612.webp 768w, https:\/\/jag.se\/assistans\/wp-content\/uploads\/sites\/2\/2025\/04\/Maja-hemsida-2-e1740049193172-1-kopiera-2-mobil-126x100.webp 126w, https:\/\/jag.se\/assistans\/wp-content\/uploads\/sites\/2\/2025\/04\/Maja-hemsida-2-e1740049193172-1-kopiera-2-mobil-120x96.webp 120w, https:\/\/jag.se\/assistans\/wp-content\/uploads\/sites\/2\/2025\/04\/Maja-hemsida-2-e1740049193172-1-kopiera-2-mobil-540x430.webp 540w, https:\/\/jag.se\/assistans\/wp-content\/uploads\/sites\/2\/2025\/04\/Maja-hemsida-2-e1740049193172-1-kopiera-2-mobil-601x479.webp 601w, https:\/\/jag.se\/assistans\/wp-content\/uploads\/sites\/2\/2025\/04\/Maja-hemsida-2-e1740049193172-1-kopiera-2-mobil-150x119.webp 150w, https:\/\/jag.se\/assistans\/wp-content\/uploads\/sites\/2\/2025\/04\/Maja-hemsida-2-e1740049193172-1-kopiera-2-mobil-311x248.webp 311w, https:\/\/jag.se\/assistans\/wp-content\/uploads\/sites\/2\/2025\/04\/Maja-hemsida-2-e1740049193172-1-kopiera-2-mobil-369x294.webp 369w, https:\/\/jag.se\/assistans\/wp-content\/uploads\/sites\/2\/2025\/04\/Maja-hemsida-2-e1740049193172-1-kopiera-2-mobil-374x298.webp 374w, https:\/\/jag.se\/assistans\/wp-content\/uploads\/sites\/2\/2025\/04\/Maja-hemsida-2-e1740049193172-1-kopiera-2-mobil-63x50.webp 63w, https:\/\/jag.se\/assistans\/wp-content\/uploads\/sites\/2\/2025\/04\/Maja-hemsida-2-e1740049193172-1-kopiera-2-mobil-703x560.webp 703w\" sizes=\"auto, (max-width: 800px) 100vw, 800px\" \/><\/figure>\n<\/div>\n\n<section class=\"text-block white  \">\n    <div class=\"block-icon\"><\/div>\n\t<div class=\"inner\">\n\t\t<div class=\"text-block-content\">\n\t\t\t\t\t<h2 class=\"\">Funderar du p\u00e5 att ans\u00f6ka om personlig assistan?<\/h2>\n\t\t\t\t\t<p>Det \u00e4r sv\u00e5rt att p\u00e5 egen hand s\u00e4tta sig in i lagar, regler och ans\u00f6kningsprocesser. Hos oss f\u00e5r du st\u00f6d av v\u00e5ra juridiska r\u00e5dgivare med att ans\u00f6ka om insatsen personlig assistans.<\/p>\n<p><a href=\"https:\/\/jag.se\/assistans\/juridisk-radgivning\/\">L\u00e4s mer om v\u00e5rt juridiska st\u00f6d h\u00e4r.<\/a>\u00a0<\/p>\n\t\t<\/div>\n<\/section>\n\n\n<section class=\"text-block pink  \">\n    <div class=\"block-icon\"><\/div>\n\t<div class=\"inner\">\n\t\t<div class=\"text-block-content\">\n\t\t\t\t\t<h2 class=\"\">Assistans \u00e4r ett skyddsn\u00e4t f\u00f6r alla<\/h2>\n\t\t\t\t\t<p>Personlig assistans \u00e4r en del av det svenska socialf\u00f6rs\u00e4kringssystemet. Vem som helst kan drabbas av en skada eller sjukdom eller f\u00e5 ett barn med funktionsneds\u00e4ttning som inneb\u00e4r att de beh\u00f6ver st\u00f6d i vardagen och d\u00e5 har de r\u00e4tt att f\u00e5 det.<\/p>\n\t\t<\/div>\n<\/section>\n\n\n<section class=\"links-list white-bg\">\n\t<div class=\"inner\">\n\t\t\t\t<ul >\n\t\t\t\t\t\t\t<li><a href=\"https:\/\/jag.se\/assistans\/vart-erbjudande\/\">Att ha sin assistans hos oss <\/a><\/li>\n\t\t\t\t\t\t\t\t<li><a href=\"https:\/\/jag.se\/assistans\/juridisk-radgivning\/\">Juridisk r\u00e5dgivning inom personlig assistans<\/a><\/li>\n\t\t\t\t\t\t\t\t<li><a href=\"https:\/\/jag.se\/assistans\/byta-assistansanordnare\/\">Byta assistansanordnare till oss<\/a><\/li>\n\t\t\t\t\t\t<\/ul>\n\t\t\t\t<\/div>\n<\/section>\n","protected":false},"excerpt":{"rendered":"<p>Personkretsar i LSS<\/p>\n","protected":false},"author":12,"featured_media":0,"parent":0,"menu_order":36,"comment_status":"closed","ping_status":"closed","template":"","meta":{"footnotes":""},"class_list":["post-10908","page","type-page","status-publish","hentry"],"acf":[],"_links":{"self":[{"href":"https:\/\/jag.se\/assistans\/wp-json\/wp\/v2\/pages\/10908","targetHints":{"allow":["GET"]}}],"collection":[{"href":"https:\/\/jag.se\/assistans\/wp-json\/wp\/v2\/pages"}],"about":[{"href":"https:\/\/jag.se\/assistans\/wp-json\/wp\/v2\/types\/page"}],"author":[{"embeddable":true,"href":"https:\/\/jag.se\/assistans\/wp-json\/wp\/v2\/users\/12"}],"replies":[{"embeddable":true,"href":"https:\/\/jag.se\/assistans\/wp-json\/wp\/v2\/comments?post=10908"}],"version-history":[{"count":77,"href":"https:\/\/jag.se\/assistans\/wp-json\/wp\/v2\/pages\/10908\/revisions"}],"predecessor-version":[{"id":15645,"href":"https:\/\/jag.se\/assistans\/wp-json\/wp\/v2\/pages\/10908\/revisions\/15645"}],"wp:attachment":[{"href":"https:\/\/jag.se\/assistans\/wp-json\/wp\/v2\/media?parent=10908"}],"curies":[{"name":"wp","href":"https:\/\/api.w.org\/{rel}","templated":true}]}}