{"id":11599,"date":"2024-07-09T14:14:00","date_gmt":"2024-07-09T14:14:00","guid":{"rendered":"https:\/\/jag.se\/assistans\/rollerna-i-assistansen-2\/"},"modified":"2026-04-10T09:23:26","modified_gmt":"2026-04-10T09:23:26","slug":"allmant-om-kurser","status":"publish","type":"page","link":"https:\/\/jag.se\/assistans\/allmant-om-kurser\/","title":{"rendered":"Information om JAGs utbildningar"},"content":{"rendered":"\n<h1 class=\"wp-block-heading\">Information om JAGs utbildningar<\/h1>\n\n\n<section class=\"text-block vvb-rose  \">\n    <div class=\"block-icon\"><\/div>\n\t<div class=\"inner\">\n\t\t<div class=\"text-block-content\">\n\t\t\t\t<p>All utbildning ska vara relevant f\u00f6r uppdragsgivarens behov att h\u00f6ja kompetensniv\u00e5n i sin assistans. De utbildningar som erbjuds inom JAG \u00e4r anpassade efter att de flesta av uppdragsgivarna har flera stora funktionsneds\u00e4ttningar varav en avser en neds\u00e4ttning av den intellektuella f\u00f6rm\u00e5gan.<\/p>\n<p>Har du fr\u00e5gor, synpunkter eller \u00f6nskem\u00e5l om JAGs utbildningar? Ring Marie Arvidsson p\u00e5 tel 076-545 30 55 eller Kerstin Sellin, tel 076-545 30 17. Du kan ocks\u00e5 mejla till <a href=\"mailto:kurser@jag.se\">kurser@jag.se<\/a>.\u00a0<\/p>\n<p>&nbsp;<\/p>\n\t\t<\/div>\n<\/section>\n\n\n<section class=\"text-block white  \">\n    <div class=\"block-icon\"><\/div>\n\t<div class=\"inner\">\n\t\t<div class=\"text-block-content\">\n\t\t\t\t\t<h2 class=\"\">Kursavgift<\/h2>\n\t\t\t\t\t<p>I fortbildningsgarantin ing\u00e5r JAG-dag f\u00f6r nyanst\u00e4llda personliga assistenter, HLR-kurser med JAGs egna instrukt\u00f6rer, grundkurser f\u00f6r personliga arbetsledare, Arbetsledarforum eller motsvarande samt webbkurserna i JAGs l\u00e4rplattform. F\u00f6r att f\u00e5 mest utbildning f\u00f6r pengarna rekommenderar vi att du d\u00e4rut\u00f6ver tecknar v\u00e5rt utbildningspaket. Det ger obegr\u00e4nsat antal utbildningsplatser p\u00e5 alla JAG-utbildningar i Sverige, inklusive resa och hotell vid behov. Du som inte bokar ett utbildningspaket kan k\u00f6pa enstaka kursplatser.<\/p>\n<p>I JAGs fortbildningsgaranti ing\u00e5r tio timmar utbildningsl\u00f6n per assistent.\u00a0Utbildningsl\u00f6n som \u00f6verstiger tio timmar per assistent budgeteras separat. F\u00f6r den som vill utbilda sig p\u00e5 sin fritid \u00e4r det inga begr\u00e4nsningar inom ramarna f\u00f6r det som ing\u00e5r i fortbildningsgarantin och\/eller utbildningspaketet.<\/p>\n<p>P\u00e5 utbildningarna p\u00e5 JAGs kansli ing\u00e5r normalt resa och logi i kursavgiften f\u00f6r dig som har l\u00e5ng resv\u00e4g*. Det \u00e4r en del i JAGs kooperativa tanke \u2013 v\u00e5ra utbildningar ska kosta lika mycket, oavsett var du bor i landet.<\/p>\n<p>Kvaliteten p\u00e5 utbildningen blir h\u00f6gre n\u00e4r uppdragsgivare deltar. D\u00e4rf\u00f6r v\u00e4lkomnar vi dig som \u00e4r uppdragsgivare att delta utan kostnad p\u00e5 alla JAG-utbildningar p\u00e5 JAGs kansli eller n\u00e4rmaste tr\u00e4ffpunkt. <strong>Kooperativet st\u00e5r f\u00f6r kursavgift samt vid l\u00e5ng resv\u00e4g kostnad f\u00f6r logi och resa f\u00f6r dig samt en assistent i tj\u00e4nst. F\u00f6r \u00f6vriga assistenter som deltar g\u00e4ller ordinarie kursavgift, \u00e4ven om de assisterar n\u00e5gra pass under kursdagarna\/vistelsen.<br \/><\/strong><\/p>\n<p><em>*Logi ing\u00e5r\u00a0 i kursavgiften natten f\u00f6re kurs f\u00f6r kursdeltagare med mer \u00e4n 2,5 timmars resv\u00e4g (enkel resa). \u00d6vernattning mellan kursdagarna ing\u00e5r f\u00f6r kursdeltagare med mer \u00e4n en 1,5 timmes resv\u00e4g.<\/em><\/p>\n\t\t<\/div>\n<\/section>\n\n\n<section class=\"text-block ocean  \">\n    <div class=\"block-icon\"><\/div>\n\t<div class=\"inner\">\n\t\t<div class=\"text-block-content\">\n\t\t\t\t\t<h2 class=\"\">Kooperativa medel<\/h2>\n\t\t\t\t\t<p>Som uppdragsgivare i JAG kan du ans\u00f6ka om kooperativa medel f\u00f6r utbildning till dina assistenter.\u00a0Du kan l\u00e4sa mer om det och den kooperativa tanken i JAG-handboken p\u00e5 Mitt JAG.<\/p>\n\t\t<\/div>\n<\/section>\n\n\n<section class=\"text-block white  \">\n    <div class=\"block-icon\"><\/div>\n\t<div class=\"inner\">\n\t\t<div class=\"text-block-content\">\n\t\t\t\t\t<h2 class=\"\">Anm\u00e4lan och avbokning<\/h2>\n\t\t\t\t\t<p>Det \u00e4r personliga arbetsledaren som anm\u00e4ler till alla kurser. Bekr\u00e4ftelsen g\u00e5r till arbetsledaren som informerar kursdeltagaren.<\/p>\n<p>Se i programmet f\u00f6r varje kurs vilka m\u00e5ltider som ing\u00e5r. Vi \u00e4r tacksamma f\u00f6r information om eventuella allergier och kostpreferenser i anm\u00e4lan.<\/p>\n<p>Om en kursdeltagare f\u00e5r f\u00f6rhinder att delta ska personliga arbetsledaren meddela det s\u00e5 snart som m\u00f6jligt till tel 08-789 30 00 eller <a href=\"mailto:svardirekt@jag.se\">svardirekt@jag.se<\/a>.<\/p>\n<p>Ej avbokningsbara kostnader belastar uppdragsgivarens assistansomkostnader.<\/p>\n\t\t<\/div>\n<\/section>\n\n\n<section class=\"text-block vvb-rose  \">\n    <div class=\"block-icon\"><\/div>\n\t<div class=\"inner\">\n\t\t<div class=\"text-block-content\">\n\t\t\t\t\t<h2 class=\"\">Schemalagda kurser (bokning kr\u00e4vs)<\/h2>\n\t\t\t\t\t<p>H\u00e4r ing\u00e5r<\/p>\n<ul>\n<li>fysiska kurser p\u00e5 JAGs kansli eller n\u00e5gon av JAGs tr\u00e4ffpunkter<\/li>\n<li>webbkurser med externa kursledare<\/li>\n<li>digitala utbildningar d\u00e4r du deltar via l\u00e4nk<\/li>\n<\/ul>\n<p>De schemalagda kurserna hittar du p\u00e5 Mitt JAG under Utbildningar\/Schemalagda kurser.<\/p>\n<p>&nbsp;<\/p>\n\t\t<\/div>\n<\/section>\n\n\n<section class=\"text-block white  \">\n    <div class=\"block-icon\"><\/div>\n\t<div class=\"inner\">\n\t\t<div class=\"text-block-content\">\n\t\t\t\t\t<h2 class=\"\">Webbkurser i l\u00e4rplattformen<\/h2>\n\t\t\t\t\t<p>JAGs egna webbkurser finns i l\u00e4rplattformen p\u00e5 Mitt JAG under Utbildningar\/Webbkurser. Du beh\u00f6ver inte anm\u00e4la dig och du tar del av dem n\u00e4r och var det passar dig. Som utbildningsl\u00f6n betalas endast ordinarie l\u00f6n, utan OB-till\u00e4gg.<\/p>\n<p>Alla nyanst\u00e4llda som g\u00e5r den obligatoriska webbkursen f\u00f6r nyanst\u00e4llda f\u00e5r utbildningsl\u00f6n. Assistenten meddelar arbetsledaren n\u00e4r hen g\u00e5tt kursen.<\/p>\n<p>F\u00f6r \u00f6vriga webbkurser i l\u00e4rplattformen g\u00e4ller att assistenten beh\u00f6ver prata med arbetsledaren innan hen g\u00e5r en kurs, f\u00f6r att f\u00e5 utbildningsl\u00f6n.<\/p>\n\t\t<\/div>\n<\/section>\n\n\n<section class=\"text-block vvb-rose  \">\n    <div class=\"block-icon\"><\/div>\n\t<div class=\"inner\">\n\t\t<div class=\"text-block-content\">\n\t\t\t\t\t<h2 class=\"\">Resa och logi<\/h2>\n\t\t\t\t\t<p>Ange \u00f6nskem\u00e5l om hotell och\/eller hj\u00e4lp att boka resa vid kursanm\u00e4lan.<\/p>\n<ul>\n<li>Reskostnaden ing\u00e5r till och fr\u00e5n de fysiska kurserna\u00a0<\/li>\n<li>Restidsers\u00e4ttning betalas ut enligt avtal till anst\u00e4llda<\/li>\n<li>Vid kurserna p\u00e5 JAGs kansli ing\u00e5r hotell\u00f6vernattning i dubbelrum natten f\u00f6re kurs f\u00f6r kursdeltagare med mer \u00e4n 2,5 timmars resv\u00e4g (enkel v\u00e4g)*<\/li>\n<li>P\u00e5g\u00e5r utbildningen i tv\u00e5 eller fler dagar ing\u00e5r \u00f6vernattning i dubbelrum mellan kursdagarna f\u00f6r kursdeltagare med mer \u00e4n en 1,5 timmes resv\u00e4g (enkel v\u00e4g)<\/li>\n<li><span data-teams=\"true\">Enkelrumstill\u00e4gg: 825 kr (belastar assistansens budgeterade utbildningskostnader)<\/span><\/li>\n<\/ul>\n<p>*G\u00e4ller heldagsutbildningar<\/p>\n\t\t<\/div>\n<\/section>\n\n\n<section class=\"text-block white  \">\n    <div class=\"block-icon\"><\/div>\n\t<div class=\"inner\">\n\t\t<div class=\"text-block-content\">\n\t\t\t\t\t<h2 class=\"\">L\u00f6n och traktamente<\/h2>\n\t\t\t\t\t<ul>\n<li>Utbildningstid rapporteras som Utbildning medlem.<\/li>\n<li>Det g\u00e4ller alla utbildningar f\u00f6rutom den obligatoriska webbkursen f\u00f6r arbetsledare som tidrapporteras som \u00d6vrig tid 2.<\/li>\n<li>F\u00f6r JAGs webbkurser betalas endast ordinarie l\u00f6n, utan OB-till\u00e4gg.<\/li>\n<\/ul>\n<p>Alla nyanst\u00e4llda som g\u00e5r den obligatoriska webbkursen f\u00f6r nyanst\u00e4llda f\u00e5r utbildningsl\u00f6n. Assistenten meddelar arbetsledaren n\u00e4r hen g\u00e5tt kursen.<\/p>\n<p>F\u00f6r \u00f6vriga webbkurser i l\u00e4rplattformen g\u00e4ller att assistenten beh\u00f6ver prata med arbetsledaren innan hen g\u00e5r en kurs, f\u00f6r att f\u00e5 utbildningsl\u00f6n.<\/p>\n<p>Vid utbildningar med minst en \u00f6vernattning kan den anst\u00e4llde beg\u00e4ra traktamente. Avdrag ska g\u00f6ras f\u00f6r m\u00e5ltider som arbetsgivaren betalat, det vill s\u00e4ga<span data-teams=\"true\"> frukost (om den ing\u00e5r i hotellvistelsen) och \u00f6vriga m\u00e5ltider som ing\u00e5r i kursprogrammet.<\/span><\/p>\n<p>Den anst\u00e4llde kan beg\u00e4ra dagtraktamente (ej skattefritt) vid minst 5 mils resa och 8 timmar. Avdrag f\u00f6r m\u00e5ltider g\u00f6rs enligt ovan.<\/p>\n<p>JAG ers\u00e4tter inte utl\u00e4gg f\u00f6r andra m\u00e5ltider \u00e4n de som ing\u00e5r i kursprogrammet.<\/p>\n\t\t<\/div>\n<\/section>\n\n\n<section class=\"text-block pink  \">\n    <div class=\"block-icon\"><\/div>\n\t<div class=\"inner\">\n\t\t<div class=\"text-block-content\">\n\t\t\t\t\t<h2 class=\"\">Intyg p\u00e5 genomf\u00f6rd kurs<\/h2>\n\t\t\t\t\t<p>Efter att ha svarat p\u00e5 en utv\u00e4rdering i l\u00e4rplattformen (via Mitt JAG\/Webbkurser\/Mina kurser) kan kursdeltagaren sj\u00e4lv ladda ner intyg p\u00e5 genomf\u00f6rd kurs.<\/p>\n<p>Personer som slutat sin anst\u00e4llning i JAG kan best\u00e4lla kursintyg genom att mejla till <a href=\"mailto:svardirekt@jag.se\">svardirekt@jag.se<\/a><\/p>\n<p>Har du fr\u00e5gor, synpunkter eller \u00f6nskem\u00e5l om JAGs utbildningar? Ring Marie Arvidsson p\u00e5 tel 076-545 30 55 eller Kerstin Sellin, tel 076-545 30 17. Du kan ocks\u00e5 mejla till <a href=\"mailto:kurser@jag.se\">kurser@jag.se<\/a>.\u00a0<\/p>\n\t\t<\/div>\n<\/section>\n\n\n<section class=\"links-list white-bg\">\n\t<div class=\"inner\">\n\t\t\t\t<ul >\n\t\t\t\t\t\t\t<li><a href=\"https:\/\/jag.se\/assistans\/utbildningar-inom-personlig-assistans\/\">L\u00e4s mer om v\u00e5ra utbildningar<\/a><\/li>\n\t\t\t\t\t\t<\/ul>\n\t\t\t\t<\/div>\n<\/section>\n","protected":false},"excerpt":{"rendered":"<p>Information om JAGs utbildningar<\/p>\n","protected":false},"author":7,"featured_media":0,"parent":0,"menu_order":7,"comment_status":"closed","ping_status":"closed","template":"","meta":{"footnotes":""},"class_list":["post-11599","page","type-page","status-publish","hentry"],"acf":[],"_links":{"self":[{"href":"https:\/\/jag.se\/assistans\/wp-json\/wp\/v2\/pages\/11599","targetHints":{"allow":["GET"]}}],"collection":[{"href":"https:\/\/jag.se\/assistans\/wp-json\/wp\/v2\/pages"}],"about":[{"href":"https:\/\/jag.se\/assistans\/wp-json\/wp\/v2\/types\/page"}],"author":[{"embeddable":true,"href":"https:\/\/jag.se\/assistans\/wp-json\/wp\/v2\/users\/7"}],"replies":[{"embeddable":true,"href":"https:\/\/jag.se\/assistans\/wp-json\/wp\/v2\/comments?post=11599"}],"version-history":[{"count":67,"href":"https:\/\/jag.se\/assistans\/wp-json\/wp\/v2\/pages\/11599\/revisions"}],"predecessor-version":[{"id":15505,"href":"https:\/\/jag.se\/assistans\/wp-json\/wp\/v2\/pages\/11599\/revisions\/15505"}],"wp:attachment":[{"href":"https:\/\/jag.se\/assistans\/wp-json\/wp\/v2\/media?parent=11599"}],"curies":[{"name":"wp","href":"https:\/\/api.w.org\/{rel}","templated":true}]}}