{"id":12107,"date":"2024-10-11T13:28:32","date_gmt":"2024-10-11T13:28:32","guid":{"rendered":"https:\/\/jag.se\/assistans\/daglig-verksamhet-2\/"},"modified":"2024-12-06T13:38:59","modified_gmt":"2024-12-06T13:38:59","slug":"daglig-verksamhet","status":"publish","type":"page","link":"https:\/\/jag.se\/assistans\/daglig-verksamhet\/","title":{"rendered":"Daglig verksamhet"},"content":{"rendered":"<div class=\"yoast-breadcrumbs\">\t<div class=\"inner\">\n\t\t<span><span><a href=\"https:\/\/jag.se\">JAG start<\/a><\/span> &gt; <span><a href=\"https:\/\/jag.se\/assistans\/\">JAG Personlig assistans<\/a><\/span> &gt; <span class=\"breadcrumb_last\" aria-current=\"page\">Daglig verksamhet<\/span><\/span>\t<\/div>\n<\/div>\n\n\n<h1 class=\"wp-block-heading\" id=\"personlig-assistans-till-barn\">Daglig verksamhet enligt LSS<\/h1>\n\n\n\n<div class=\"wp-block-buttons is-content-justification-center is-layout-flex wp-container-core-buttons-is-layout-16018d1d wp-block-buttons-is-layout-flex\">\n<div class=\"wp-block-button\"><a class=\"wp-block-button__link wp-element-button\" href=\"#jag-center\">JAGs dagliga verksamhet<\/a><\/div>\n\n\n\n<div class=\"wp-block-button\"><a class=\"wp-block-button__link wp-element-button\" href=\"#vivill-bidra\">Vi vill bidra<\/a><\/div>\n<\/div>\n\n\n<section class=\"text-block pink  \">\n    <div class=\"block-icon\"><\/div>\n\t<div class=\"inner\">\n\t\t<div class=\"text-block-content\">\n\t\t\t\t\t<h2 class=\"\">Vad \u00e4r en daglig verksamhet?<\/h2>\n\t\t\t\t\t<p>Daglig verksamhet \u00e4r en kommunal LSS-insats som syftar till att st\u00e4rka r\u00e4tten f\u00f6r dig med funktionsneds\u00e4ttning att \u00e4gna dig \u00e5t n\u00e5got meningsfullt under dagarna. \u00c4ndam\u00e5let med daglig verksamhet \u00e4r \u00e4ven att fr\u00e4mja j\u00e4mlikhet i levnadsvillkor samt delaktighet i samh\u00e4llet. Det \u00e4r din hemkommun som bed\u00f6mer om du f\u00e5r ta del av insatsen genom en individuell bed\u00f6mning av din ans\u00f6kan.\u00a0<\/p>\n<p><em>&#8221;Verksamheten ska erbjuda den enskilde stimulans, utveckling, meningsfullhet och gemenskap efter dennes \u00f6nskem\u00e5l. Ett \u00f6vergripande m\u00e5l med insatsen daglig verksamhet \u00e4r att utveckla den enskildes m\u00f6jligheter till arbete p\u00e5 kortare eller l\u00e4ngre sikt.&#8221;<\/em> &#8211;\u00a0 Socialstyrelsen<\/p>\n\t\t<\/div>\n<\/section>\n\n\n<section class=\"text-block white  \">\n    <div class=\"block-icon\"><\/div>\n\t<div class=\"inner\">\n\t\t<div class=\"text-block-content\">\n\t\t\t\t\t<h2 class=\"\">Vilka kan f\u00e5 insatsen daglig verksamhet beviljad?<\/h2>\n\t\t\t\t\t<p>Du kan bli beviljad daglig verksamhet om du \u00e4r en person med intellektuella funktionsneds\u00e4ttningar eller autism samt \u00e4r i yrkesverksam \u00e5lder.\u00a0<\/p>\n\t\t<\/div>\n<\/section>\n\n\n<section class=\"text-block ocean  \">\n    <div class=\"block-icon\"><\/div>\n\t<div class=\"inner\">\n\t\t<div class=\"text-block-content\">\n\t\t\t\t\t<h2 class=\"\">Hur ser en dag p\u00e5 en daglig verksamhet ut? <\/h2>\n\t\t\t\t\t<p>Dagliga verksamheter kan se v\u00e4ldigt olika ut. Vissa \u00e4r bel\u00e4gna p\u00e5 arbetsplatser eller p\u00e5 dagcenter, men du kan \u00e4ven g\u00f6ra andra saker. Det viktiga \u00e4r att den dagliga verksamheten ska anpassas efter just dina individuella behov.<\/p>\n<p>Ibland har du samma uppgifter som personer som \u00e4r anst\u00e4llda p\u00e5 arbetsplatsen, ibland har du andra uppgifter &#8211; skillnaden \u00e4r att deltagande p\u00e5 daglig verksamhet inte \u00e4r en anst\u00e4llningsform, och syftet med ens dagliga uppgifter \u00e4r inte att producera varor eller tj\u00e4nster. \u00a0<\/p>\n<p>Exempel p\u00e5 saker du kan \u00e4gna sig \u00e5t p\u00e5 dagliga verksamheter \u00e4r till exempel konst, tr\u00e4ning eller tr\u00e4dg\u00e5rdsarbete. Du kan \u00e4ven vara i butik eller p\u00e5 caf\u00e9. Det finns m\u00e5nga val och m\u00f6jligheter!<\/p>\n\t\t<\/div>\n<\/section>\n\n\n\n<h6 class=\"wp-block-heading\" id=\"jag-center\"><\/h6>\n\n\n\n<figure class=\"wp-block-gallery has-nested-images columns-default is-cropped wp-block-gallery-1 is-layout-flex wp-block-gallery-is-layout-flex\">\n<figure class=\"wp-block-image size-large\"><img loading=\"lazy\" decoding=\"async\" width=\"1024\" height=\"684\" data-id=\"7269\" src=\"https:\/\/jag.se\/assistans\/wp-content\/uploads\/sites\/2\/2023\/12\/MicrosoftTeams-image-15-1024x684.jpg\" alt=\"\" class=\"wp-image-7269\" srcset=\"https:\/\/jag.se\/assistans\/wp-content\/uploads\/sites\/2\/2023\/12\/MicrosoftTeams-image-15-1024x684.jpg 1024w, https:\/\/jag.se\/assistans\/wp-content\/uploads\/sites\/2\/2023\/12\/MicrosoftTeams-image-15-300x200.jpg 300w, https:\/\/jag.se\/assistans\/wp-content\/uploads\/sites\/2\/2023\/12\/MicrosoftTeams-image-15-768x513.jpg 768w, https:\/\/jag.se\/assistans\/wp-content\/uploads\/sites\/2\/2023\/12\/MicrosoftTeams-image-15-1536x1026.jpg 1536w, https:\/\/jag.se\/assistans\/wp-content\/uploads\/sites\/2\/2023\/12\/MicrosoftTeams-image-15-1920x1282.jpg 1920w, https:\/\/jag.se\/assistans\/wp-content\/uploads\/sites\/2\/2023\/12\/MicrosoftTeams-image-15-150x100.jpg 150w, https:\/\/jag.se\/assistans\/wp-content\/uploads\/sites\/2\/2023\/12\/MicrosoftTeams-image-15-120x80.jpg 120w, https:\/\/jag.se\/assistans\/wp-content\/uploads\/sites\/2\/2023\/12\/MicrosoftTeams-image-15-540x361.jpg 540w, https:\/\/jag.se\/assistans\/wp-content\/uploads\/sites\/2\/2023\/12\/MicrosoftTeams-image-15-601x401.jpg 601w, https:\/\/jag.se\/assistans\/wp-content\/uploads\/sites\/2\/2023\/12\/MicrosoftTeams-image-15-311x208.jpg 311w, https:\/\/jag.se\/assistans\/wp-content\/uploads\/sites\/2\/2023\/12\/MicrosoftTeams-image-15-369x246.jpg 369w, https:\/\/jag.se\/assistans\/wp-content\/uploads\/sites\/2\/2023\/12\/MicrosoftTeams-image-15-374x250.jpg 374w, https:\/\/jag.se\/assistans\/wp-content\/uploads\/sites\/2\/2023\/12\/MicrosoftTeams-image-15-419x280.jpg 419w, https:\/\/jag.se\/assistans\/wp-content\/uploads\/sites\/2\/2023\/12\/MicrosoftTeams-image-15-75x50.jpg 75w, https:\/\/jag.se\/assistans\/wp-content\/uploads\/sites\/2\/2023\/12\/MicrosoftTeams-image-15-839x560.jpg 839w, https:\/\/jag.se\/assistans\/wp-content\/uploads\/sites\/2\/2023\/12\/MicrosoftTeams-image-15.jpg 2017w\" sizes=\"auto, (max-width: 1024px) 100vw, 1024px\" \/><\/figure>\n\n\n\n<figure class=\"wp-block-image size-large\"><img decoding=\"async\" data-id=\"7270\" src=\"https:\/\/jag.se\/assistans\/wp-content\/uploads\/sites\/2\/2023\/12\/MicrosoftTeams-image-14-1-1024x684.jpg\" alt=\"\" class=\"wp-image-7270\"\/><\/figure>\n<\/figure>\n\n\n\n<p class=\"has-text-align-center\">JAG-Centers barnteaterf\u00f6rest\u00e4llning &#8221;Lisen kan inte sova&#8221; (2023)<\/p>\n\n\n\n<h6 class=\"wp-block-heading\"><\/h6>\n\n\n<section class=\"text-block pink  \">\n    <div class=\"block-icon\"><\/div>\n\t<div class=\"inner\">\n\t\t<div class=\"text-block-content\">\n\t\t\t\t\t<h2 class=\"\">JAGs dagliga verksamhet<\/h2>\n\t\t\t\t\t<p>JAG-Center \u00e4r JAGs egna dagliga verksamhet, den\u00a0<span class=\"NormalTextRun SCXW168147556 BCX9\">ligger <\/span><span class=\"NormalTextRun SCXW168147556 BCX9\">i centrala Stockholm<\/span><span class=\"NormalTextRun SCXW168147556 BCX9\"> p\u00e5 <\/span><span class=\"NormalTextRun SpellingErrorV2Themed SCXW168147556 BCX9\">JAGs<\/span><span class=\"NormalTextRun SCXW168147556 BCX9\"> huvudkontor. JAG-Center har i flera \u00e5r arbetat intressepolitiskt i samarbete med Riksf\u00f6reningen JAG, fr\u00e4mst genom olika kulturella uttryck. L\u00e4s intervjun nedan med JAG-Centers f\u00f6rest\u00e5ndare Ann Nilsson f\u00f6r att l\u00e4ra dig mer om JAG-Center.\u00a0<\/span><\/p>\n\t\t<\/div>\n<\/section>\n\n\n<section class=\"text-block white  \">\n    <div class=\"block-icon\"><\/div>\n\t<div class=\"inner\">\n\t\t<div class=\"text-block-content\">\n\t\t\t\t\t<h2 class=\"\">Riktiga och viktiga arbeten<\/h2>\n\t\t\t\t\t<blockquote>\n<p style=\"text-align: left;\">Intervju med Ann Nilsson, f\u00f6rest\u00e5ndare p\u00e5 JAG-Center.\u00a0<\/p>\n<\/blockquote>\n\t\t<\/div>\n<\/section>\n\n\n<section class=\"text-block white  \">\n    <div class=\"block-icon\"><\/div>\n\t<div class=\"inner\">\n\t\t<div class=\"text-block-content\">\n\t\t\t\t\t<h2 class=\"\">Vad \u00e4r tanken bakom verksamheten?<\/h2>\n\t\t\t\t\t<p>&#8221;JAG-Centers uppdrag \u00e4r framf\u00f6rallt att ge meningsfull syssels\u00e4ttning f\u00f6r personer med omfattande funktionsneds\u00e4ttningar, varav en inkluderar den intellektuella f\u00f6rm\u00e5gan. Tanken \u00e4r att deltagaren ska kunna delta aktivt i Riksf\u00f6reningen JAGs intressepolitiska arbete. Man \u00e4r ocks\u00e5 en del av kansliet.\u00a0\u00a0<\/p>\n<p>En av anledningarna till varf\u00f6r lokalerna \u00e4r bel\u00e4gna mitt i stan \u00e4r att man ska kunna ta del av samh\u00e4llet, framf\u00f6rallt det kulturella utbudet. Man ska vara en samh\u00e4llsmedborgare och synas, ta plats och n\u00e4rvara i staden. I och med det visar man ju ocks\u00e5 vad personlig assistans betyder. JAG-Center \u00e4r mitt i allt, inte en avl\u00e4gsen del.&#8221;<\/p>\n\t\t<\/div>\n<\/section>\n\n\n<section class=\"text-block white  \">\n    <div class=\"block-icon\"><\/div>\n\t<div class=\"inner\">\n\t\t<div class=\"text-block-content\">\n\t\t\t\t\t<h2 class=\"\">Arbete med kulturella uttryck<\/h2>\n\t\t\t\t\t<p>&#8221;Den fr\u00e4msta inriktningen p\u00e5 verksamheten \u00e4r att genom olika kulturella uttryck \u2013 det kan vara konst, teater, musik \u2013 sprida information p\u00e5 ett s\u00e4tt som alla kan ta till sig f\u00f6r att f\u00f6rst\u00e5 hur viktigt det \u00e4r att ha personlig assistans f\u00f6r att kunna leva som alla andra. Det \u00e4r n\u00e5got som ligger som en bas i verksamheten, i det h\u00e4r kulturella uttrycket s\u00e5 kan vi alla vara delaktiga. Alla upplever saker p\u00e5 sina s\u00e4tt, och det finns en acceptans inom konsten och musiken f\u00f6r det. D\u00e4rf\u00f6r l\u00e4gger verksamheten mycket fokus p\u00e5 den typen av arbete, det konstn\u00e4rliga.\u00a0\u00a0<\/p>\n<p>JAG-Center arbetar ocks\u00e5 v\u00e4ldigt mycket med att skapa m\u00f6ten mellan m\u00e4nniskor. Det \u00e4r viktigt att skapa m\u00f6ten med samh\u00e4llet f\u00f6r att f\u00f6r\u00e4ndra attityder.&#8221;<\/p>\n\t\t<\/div>\n<\/section>\n\n\n<section class=\"text-block white  \">\n    <div class=\"block-icon\"><\/div>\n\t<div class=\"inner\">\n\t\t<div class=\"text-block-content\">\n\t\t\t\t\t<h2 class=\"\">Vad g\u00f6r man som deltagare p\u00e5 JAG-Center?<\/h2>\n\t\t\t\t\t<p>&#8221;Verksamheten \u00e4r individuellt utformad efter varje deltagares intressen, behov, och f\u00f6rm\u00e5gor. Minst en g\u00e5ng per \u00e5r s\u00e5 har man en planeringstr\u00e4ff med deltagaren och hens f\u00f6retr\u00e4dare d\u00e4r man utformar m\u00e5len; vad vill man? Vad \u00e4r man intresserad av, och vad ska projekten leda till?\u00a0<\/p>\n<p>Just nu s\u00e5 spelar vi en barnteaterf\u00f6rest\u00e4llning d\u00e4r vi tar emot f\u00f6rskoleklasser. Syftet med det \u00e4r ju att f\u00e5 sm\u00e5 barn att tr\u00e4ffa personer som kanske tar sig fram p\u00e5 ett annat s\u00e4tt \u00e4n att g\u00e5, eller som kommunicerar p\u00e5 ett annat s\u00e4tt \u00e4n med r\u00f6sten, just f\u00f6r att f\u00f6r\u00e4ndra attityder. \u00c5terigen arbetar JAG-Center mycket med att skapa m\u00f6ten, och d\u00e5 \u00e4r just att bjuda in till teaterf\u00f6rest\u00e4llningar en s\u00e5dan sak.&#8221;<\/p>\n\t\t<\/div>\n<\/section>\n\n\n<section class=\"text-block white  \">\n    <div class=\"block-icon\"><\/div>\n\t<div class=\"inner\">\n\t\t<div class=\"text-block-content\">\n\t\t\t\t\t<h2 class=\"\">YouTube-kanalen Uppdrag JAG<\/h2>\n\t\t\t\t\t<p>&#8221;En annan del \u00e4r v\u00e5r YouTube-kanal Uppdrag JAG. Det \u00e4r ocks\u00e5 en plattform som JAG-Center verkar p\u00e5 f\u00f6r att p\u00e5 ett naturligt s\u00e4tt s\u00f6ka kontakt med personer vi vill informera och p\u00e5verka, till exempel genom att intervjua f\u00f6rfattare, artister, och politiker. Men \u00e4ven visa hur tillg\u00e4ngligheten fungerar i samh\u00e4llet, och kanske intervjua personer som ansvarar f\u00f6r tillg\u00e4ngligheten p\u00e5 till exempel t\u00e5g eller p\u00e5 museum.\u00a0\u00a0<\/p>\n<p>Vi har \u00e4ven haft en konstutst\u00e4llning i samarbete med en hotellkedja f\u00f6r n\u00e5gra \u00e5r sedan. D\u00e5 hade vi hela deras lobby som utst\u00e4llningsdel. Det handlade ju ocks\u00e5 om att rika uppm\u00e4rksamhet och informera om personlig assistans. D\u00e5 n\u00e5dde man ju j\u00e4ttem\u00e5nga hotellg\u00e4ster fr\u00e5n andra l\u00e4nder och kunde i en ov\u00e4ntad milj\u00f6 sprida det h\u00e4r budskapet.&#8221;<\/p>\n\t\t<\/div>\n<\/section>\n\n\n<section class=\"text-block white  \">\n    <div class=\"block-icon\"><\/div>\n\t<div class=\"inner\">\n\t\t<div class=\"text-block-content\">\n\t\t\t\t\t<h2 class=\"\">Bes\u00f6k fr\u00e5n n\u00e4r och fj\u00e4rran<\/h2>\n\t\t\t\t\t<p>&#8221;En stor del av arbetet, som har blivit st\u00f6rre och st\u00f6rre p\u00e5 senare tid, \u00e4r att ta emot bes\u00f6k fr\u00e5n andra l\u00e4nder och \u00e4ven skolklasser. Med skolklasserna ligger det ju en del i att f\u00e5 upp \u00f6gonen f\u00f6r yrket personlig assistent, och att deltagarna sj\u00e4lva kan visa vad personlig assistans \u00e4r. N\u00e4r det g\u00e4ller utl\u00e4ndska bes\u00f6kare, som kanske inte har personlig assistans i sina l\u00e4nder, handlar det om att f\u00f6rklara vad personlig assistans \u00e4r och hur det svenska systemet \u00e4r uppbyggt. Deltagarna p\u00e5 JAG-Center kan ber\u00e4tta om sina liv och konkret visa skillnaden mellan att bo p\u00e5 institution, som man kanske g\u00f6r i vissa l\u00e4nder, och att leva ett sj\u00e4lvst\u00e4ndigt liv, s\u00e5 kallat Independent Living. JAG-Center genomsyras av Independent Living-ideologin.\u00a0\u00a0<\/p>\n<p>JAG-Center ligger ju ocks\u00e5 p\u00e5 en arbetsplats, p\u00e5 JAGs huvudkontor. D\u00e4r kan man umg\u00e5s och tr\u00e4ffa andra yrkesgrupper, till exempel jurister och ekonomer. Man har kollegor. En daglig verksamhet ska ju s\u00e5 l\u00e5ngt det g\u00e5r likna ett riktigt arbete, och p\u00e5 JAG-Center utf\u00f6r vi just riktiga och viktiga arbeten.&#8221;<\/p>\n\t\t<\/div>\n<\/section>\n\n\n<section class=\"text-block white  \">\n    <div class=\"block-icon\"><\/div>\n\t<div class=\"inner\">\n\t\t<div class=\"text-block-content\">\n\t\t\t\t\t<h2 class=\"\">Kan du ber\u00e4tta om n\u00e5gra exempel p\u00e5 projekt som JAG-Center gjort?<\/h2>\n\t\t\t\t\t<p>&#8221;Det som sticker ut \u00e4r olika stora teaterprojekt som vi har gjort genom \u00e5ren. Kanske det st\u00f6rsta var \u201cVet du vem jag \u00e4r?\u201d, som vi spelade p\u00e5 Kulturhuset h\u00e4r i Stockholm med 300 i publik. Det gjordes \u00e4ven en dokument\u00e4rfilm om det projektet.&#8221;<\/p>\n\t\t<\/div>\n<\/section>\n\n\n<section class=\"text-block white  \">\n    <div class=\"block-icon\"><\/div>\n\t<div class=\"inner\">\n\t\t<div class=\"text-block-content\">\n\t\t\t\t\t<h2 class=\"\">Att g\u00f6ra sin r\u00f6st h\u00f6rd genom konst<\/h2>\n\t\t\t\t\t<p>&#8221;F\u00f6rest\u00e4llningen handlade om n\u00e5got som var vanligare f\u00f6rr, d\u00e5 experter talade om f\u00f6r m\u00e4nniskor med funktionsneds\u00e4ttning hur de skulle leva sitt liv. Man kanske erbj\u00f6d bristande behandlingar, best\u00e4mde hur m\u00e4nniskor skulle bo och vem som skulle st\u00f6dja dem i livet. Vi tog upp m\u00e5nga s\u00e5dana h\u00e4r fr\u00e5gor, d\u00e4rf\u00f6r \u00e4r namnet \u201dVet du vem jag \u00e4r?\u201d \u2013 den fr\u00e5gan \u00e4r ju grunden inom JAG. Det handlar om mig, och mitt liv.\u00a0\u00a0<\/p>\n<p>Sen hade vi ocks\u00e5 ett stort teaterprojekt senast 2019, \u201dDu, JAG, vi, tillsammans\u201d, som handlade om styrkan i att vara del i en f\u00f6rening som Riksf\u00f6reningen JAG. Den handlade om utsattheten i att k\u00e4nna sig maktl\u00f6s, hur r\u00e4ttsl\u00f6s man k\u00e4nner sig och utsatt i sin ensamhet. Men n\u00e4r man uppt\u00e4cker att vi \u00e4r m\u00e5nga och f\u00f6renar sig, d\u00e5 kan man p\u00e5verka, och det har ju Riksf\u00f6reningen gjort genom tiderna. Det lyftes fram i f\u00f6rest\u00e4llningen.\u00a0\u00a0<\/p>\n<p>Det \u00e4r viktigt, det arbete som g\u00f6rs p\u00e5 JAG-Center. Man k\u00e4nner att man utr\u00e4ttar n\u00e5got som \u00e4r betydelsefullt \u2013 att man f\u00e5r g\u00f6ra sin r\u00f6st h\u00f6rd.&#8221;<\/p>\n\t\t<\/div>\n<\/section>\n\n\n\n<h6 class=\"wp-block-heading\" id=\"vivill-bidra\"><\/h6>\n\n\n<section class=\"text-block ocean  \">\n    <div class=\"block-icon\"><\/div>\n\t<div class=\"inner\">\n\t\t<div class=\"text-block-content\">\n\t\t\t\t\t<h2 class=\"\">Vi vill bidra<\/h2>\n\t\t\t\t\t<p><em>&#8221;I Vi vill bidra har vi med<span class=\"ui-provider ed cfe bxy ctw ctx cty ctz cua cub cuc cud cue cuf cug cuh cui cuj cuk cul cum cun cuo cup cuq cur cus cut cuu cuv cuw cux cuy cuz cva cvb\" dir=\"ltr\">\u00a0omfattande funktionsneds\u00e4ttningar<\/span>, tack vare och med hj\u00e4lp av personlig assistans, visat att vi vill \u2013 och kan \u2013 bidra p\u00e5 arbetsmarknaden.&#8221;<\/em>\u00a0<\/p>\n<p>Vi vill bidra \u00e4r en samverkansmodell mellan kommun, arbetsgivare och deltagare med personlig assistans f\u00f6r \u00f6kad m\u00e5ngfald i arbetslivet. Deltagarna finns p\u00e5 olika arbetsplatser som p\u00e5 bibliotek, utebad, f\u00f6rskolor, folkh\u00f6gskolor, caf\u00e9er, butiker, p\u00e5 myndigheter och i kyrkoverksamhet.\u00a0<\/p>\n<p>Vi vill bidra arbetar f\u00f6r att deras modell ska bli nationell och vill ge fler m\u00f6jlighet att inkluderas i arbetslivet och att fler arbetsgivare f\u00e5r uppleva att m\u00e5ngfald berikar. <strong>Det handlar om att kunna g\u00f6ra en insats ist\u00e4llet f\u00f6r att f\u00e5 en insats.<\/strong><\/p>\n<p>Vi vill bidra drivs av Riksf\u00f6reningen JAG och Brukarkooperativet JAG som \u00e4r tv\u00e5 ideella f\u00f6reningar f\u00f6r personer med flera omfattande funktionsneds\u00e4ttningar, varav en avser den intellektuella f\u00f6rm\u00e5gan.\u00a0<\/p>\n<p><a href=\"https:\/\/vivillbidra.se\/\">L\u00e4s mer om Vi vill bidra<\/a><\/p>\n<p><iframe loading=\"lazy\" title=\"YouTube video player\" src=\"https:\/\/www.youtube.com\/embed\/0hMJObs_Zvg?si=iHgAt79MpzVHDTWs\" width=\"560\" height=\"315\" frameborder=\"0\" allowfullscreen=\"allowfullscreen\"><\/iframe><\/p>\n\t\t<\/div>\n<\/section>\n\n\n<section class=\"links-list white-bg\">\n\t<div class=\"inner\">\n\t\t\t\t<ul >\n\t\t\t\t\t\t\t<li><a href=\"https:\/\/jag.se\/assistans\/vart-erbjudande\/\">Att ha sin assistans hos oss<\/a><\/li>\n\t\t\t\t\t\t\t\t<li><a href=\"https:\/\/jag.se\/assistans\/yrket-personlig-assistent\/\">Vad g\u00f6r en personlig assistent?<\/a><\/li>\n\t\t\t\t\t\t\t\t<li><a href=\"https:\/\/jag.se\/assistans\/juridisk-radgivning\/\">Juridisk r\u00e5dgivning inom assistans<\/a><\/li>\n\t\t\t\t\t\t\t\t<li><a href=\"https:\/\/funktionsnedsattning.stockholm\/hitta-daglig-verksamhet\/daglig-verksamhet\/jag-center\/\">Om JAG-center p\u00e5 Stockholm stads hemsida<\/a><\/li>\n\t\t\t\t\t\t<\/ul>\n\t\t\t\t<\/div>\n<\/section>\n","protected":false},"excerpt":{"rendered":"<p>Daglig verksamhet enligt LSS JAG-Centers barnteaterf\u00f6rest\u00e4llning &#8221;Lisen kan inte sova&#8221; (2023)<\/p>\n","protected":false},"author":12,"featured_media":12109,"parent":0,"menu_order":28,"comment_status":"closed","ping_status":"closed","template":"","meta":{"footnotes":""},"class_list":["post-12107","page","type-page","status-publish","has-post-thumbnail","hentry"],"acf":[],"_links":{"self":[{"href":"https:\/\/jag.se\/assistans\/wp-json\/wp\/v2\/pages\/12107","targetHints":{"allow":["GET"]}}],"collection":[{"href":"https:\/\/jag.se\/assistans\/wp-json\/wp\/v2\/pages"}],"about":[{"href":"https:\/\/jag.se\/assistans\/wp-json\/wp\/v2\/types\/page"}],"author":[{"embeddable":true,"href":"https:\/\/jag.se\/assistans\/wp-json\/wp\/v2\/users\/12"}],"replies":[{"embeddable":true,"href":"https:\/\/jag.se\/assistans\/wp-json\/wp\/v2\/comments?post=12107"}],"version-history":[{"count":1,"href":"https:\/\/jag.se\/assistans\/wp-json\/wp\/v2\/pages\/12107\/revisions"}],"predecessor-version":[{"id":12529,"href":"https:\/\/jag.se\/assistans\/wp-json\/wp\/v2\/pages\/12107\/revisions\/12529"}],"wp:featuredmedia":[{"embeddable":true,"href":"https:\/\/jag.se\/assistans\/wp-json\/wp\/v2\/media\/12109"}],"wp:attachment":[{"href":"https:\/\/jag.se\/assistans\/wp-json\/wp\/v2\/media?parent=12107"}],"curies":[{"name":"wp","href":"https:\/\/api.w.org\/{rel}","templated":true}]}}