{"id":12144,"date":"2024-10-15T09:10:01","date_gmt":"2024-10-15T09:10:01","guid":{"rendered":"https:\/\/jag.se\/assistans\/?page_id=12144"},"modified":"2025-11-25T15:58:56","modified_gmt":"2025-11-25T15:58:56","slug":"ny-i-jag","status":"publish","type":"page","link":"https:\/\/jag.se\/assistans\/ny-i-jag\/","title":{"rendered":"Ny i jag"},"content":{"rendered":"<div class=\"wp-block-image\">\n<figure class=\"aligncenter size-large is-resized\"><img loading=\"lazy\" decoding=\"async\" width=\"1024\" height=\"627\" src=\"https:\/\/jag.se\/assistans\/wp-content\/uploads\/sites\/2\/2024\/10\/Isak-med-flera-1-1024x627.jpg\" alt=\"\" class=\"wp-image-12302\" style=\"width:500px\" srcset=\"https:\/\/jag.se\/assistans\/wp-content\/uploads\/sites\/2\/2024\/10\/Isak-med-flera-1-1024x627.jpg 1024w, https:\/\/jag.se\/assistans\/wp-content\/uploads\/sites\/2\/2024\/10\/Isak-med-flera-1-300x184.jpg 300w, https:\/\/jag.se\/assistans\/wp-content\/uploads\/sites\/2\/2024\/10\/Isak-med-flera-1-768x470.jpg 768w, https:\/\/jag.se\/assistans\/wp-content\/uploads\/sites\/2\/2024\/10\/Isak-med-flera-1-1536x941.jpg 1536w, https:\/\/jag.se\/assistans\/wp-content\/uploads\/sites\/2\/2024\/10\/Isak-med-flera-1-2048x1254.jpg 2048w, https:\/\/jag.se\/assistans\/wp-content\/uploads\/sites\/2\/2024\/10\/Isak-med-flera-1-1920x1176.jpg 1920w, https:\/\/jag.se\/assistans\/wp-content\/uploads\/sites\/2\/2024\/10\/Isak-med-flera-1-163x100.jpg 163w, https:\/\/jag.se\/assistans\/wp-content\/uploads\/sites\/2\/2024\/10\/Isak-med-flera-1-120x73.jpg 120w, https:\/\/jag.se\/assistans\/wp-content\/uploads\/sites\/2\/2024\/10\/Isak-med-flera-1-540x331.jpg 540w, https:\/\/jag.se\/assistans\/wp-content\/uploads\/sites\/2\/2024\/10\/Isak-med-flera-1-601x368.jpg 601w, https:\/\/jag.se\/assistans\/wp-content\/uploads\/sites\/2\/2024\/10\/Isak-med-flera-1-150x92.jpg 150w, https:\/\/jag.se\/assistans\/wp-content\/uploads\/sites\/2\/2024\/10\/Isak-med-flera-1-311x190.jpg 311w, https:\/\/jag.se\/assistans\/wp-content\/uploads\/sites\/2\/2024\/10\/Isak-med-flera-1-369x226.jpg 369w, https:\/\/jag.se\/assistans\/wp-content\/uploads\/sites\/2\/2024\/10\/Isak-med-flera-1-374x229.jpg 374w, https:\/\/jag.se\/assistans\/wp-content\/uploads\/sites\/2\/2024\/10\/Isak-med-flera-1-82x50.jpg 82w, https:\/\/jag.se\/assistans\/wp-content\/uploads\/sites\/2\/2024\/10\/Isak-med-flera-1-914x560.jpg 914w\" sizes=\"auto, (max-width: 1024px) 100vw, 1024px\" \/><\/figure>\n<\/div>\n\n\n<h1 class=\"wp-block-heading has-text-align-center\">Hej och v\u00e4lkommen till JAG<\/h1>\n\n\n\n<h5 class=\"wp-block-heading has-text-align-center\" id=\"inloggning\"><\/h5>\n\n\n<section class=\"text-block ocean  \">\n    <div class=\"block-icon\"><\/div>\n\t<div class=\"inner\">\n\t\t<div class=\"text-block-content\">\n\t\t\t\t\t<h2 class=\"\">Inlogging<\/h2>\n\t\t\t\t\t<ul>\n<li><strong>Logga in p\u00e5 <a href=\"https:\/\/mitt.jag.se\/\" target=\"_blank\" rel=\"noopener\">Mitt JAG<\/a><\/strong> med BankID eller Freja eID f\u00f6r att se dina kommande arbetspass och din tidrapport i Aiai, se dina l\u00f6nespecifikationer, godk\u00e4nna och signera tidrapporten och mycket mer. Under kontorstid kan du chatta med oss i Svar direkt och dygnet runt hittar du information i v\u00e5r handbok.<\/li>\n<\/ul>\n\t\t<\/div>\n<\/section>\n\n\n\n<h6 class=\"wp-block-heading has-text-align-center\" id=\"signera\"><\/h6>\n\n\n<section class=\"text-block white  \">\n    <div class=\"block-icon\"><\/div>\n\t<div class=\"inner\">\n\t\t<div class=\"text-block-content\">\n\t\t\t\t\t<h2 class=\"\">Signera tidrapporten<\/h2>\n\t\t\t\t\t<ul>\n<li>Arbetsledaren registrerar din arbetade tid. <a href=\"https:\/\/tid.jag.se\/login\" target=\"_blank\" rel=\"noopener\"><strong>Senast den 3:e i m\u00e5naden kl 13 ska du godk\u00e4nna\/ BankID-signera tiden du arbetat.<\/strong><\/a> Det \u00e4r viktigt att du signerar din tidrapport i tid. Att inte godk\u00e4nna och signera sin tidrapport i tid kan ses som arbetsv\u00e4gran. Assistanstimmarna kan inte redovisas till F\u00f6rs\u00e4kringskassan innan samtliga assistenter signerat. Kontrollera noga innan du signerar s\u00e5 att alla uppgifter st\u00e4mmer. Uppt\u00e4cker du fel beh\u00f6ver du snarast meddela arbetsledaren. Vid passbyten \u00e4r det viktigt att r\u00e4tt dag och tid anges i tidrapporten, \u00e4ven om du arbetat lika m\u00e5nga timmar som ordinarie schema. Du ansvarar sj\u00e4lv f\u00f6r att din tidrapport \u00e4r korrekt och godk\u00e4nner den p\u00e5 heder och samvete. F\u00f6rs\u00e4kringskassan kan samk\u00f6ra tidsredovisningen med exempelvis v\u00e5rd av barn och sjukanm\u00e4lan.<\/li>\n<\/ul>\n\t\t<\/div>\n<\/section>\n\n\n\n<figure class=\"wp-block-embed aligncenter is-type-video is-provider-youtube wp-block-embed-youtube wp-embed-aspect-16-9 wp-has-aspect-ratio\"><div class=\"wp-block-embed__wrapper\">\n<iframe loading=\"lazy\" title=\"Signera - the video\" width=\"500\" height=\"281\" src=\"https:\/\/www.youtube.com\/embed\/qg_-YtJOl78?feature=oembed\" frameborder=\"0\" allow=\"accelerometer; autoplay; clipboard-write; encrypted-media; gyroscope; picture-in-picture; web-share\" referrerpolicy=\"strict-origin-when-cross-origin\" allowfullscreen><\/iframe>\n<\/div><\/figure>\n\n\n\n<h6 class=\"wp-block-heading has-text-align-center\" id=\"lonevillkor\"><\/h6>\n\n\n<section class=\"text-block ocean  \">\n    <div class=\"block-icon\"><\/div>\n\t<div class=\"inner\">\n\t\t<div class=\"text-block-content\">\n\t\t\t\t\t<h2 class=\"\">L\u00f6nevillkor<\/h2>\n\t\t\t\t\t<ul>\n<li>L\u00f6n utbetalas den 25:e, m\u00e5naden efter den m\u00e5nad du arbetat. Anm\u00e4l ditt bankkonto p\u00e5 <a href=\"https:\/\/www.swedbank.se\/privat\/betala-och-overfora\/konton\/anmal-konto-till-swedbanks-kontoregister.html\" target=\"_blank\" rel=\"noopener\">swedbank.se\/kontoregister<\/a> f\u00f6r att f\u00e5 l\u00f6nen utbetald till ditt bankkonto. Godk\u00e4nn och signera din tidrapport senast den 3:e kl 13. Det beh\u00f6vs f\u00f6r att F\u00f6rs\u00e4kringskassan ska betala ut assistansers\u00e4ttningen och du ska f\u00e5 din l\u00f6n i tid. Vid sen signering kan l\u00f6nen f\u00f6rsenas. Har du inte anm\u00e4lt ditt bankkonto till kontoregistret eller om du inte har ett svenskt bankkonto f\u00e5r du l\u00f6nen p\u00e5 postavi. Vi till\u00e4mpar individuell l\u00f6nes\u00e4ttning. L\u00f6nen best\u00e4ms med h\u00e4nsyn till ansvaret och sv\u00e5righetsgraden i arbetet och hur du uppfyller kraven. L\u00e4s mer om l\u00f6nekriterierna. Dina l\u00f6nespecifikationer hittar du p\u00e5 Mitt JAG. F\u00f6r tim- och schemaanst\u00e4llda ing\u00e5r semesterl\u00f6n i timl\u00f6nen och betalas ut vid varje l\u00f6neutbetalning. Med nettospar kan du v\u00e4lja n\u00e4r din semesterl\u00f6n ska betalas ut.<\/li>\n<\/ul>\n\t\t<\/div>\n<\/section>\n\n\n\n<h6 class=\"wp-block-heading has-text-align-center\" id=\"integritet\"><\/h6>\n\n\n<section class=\"text-block white  \">\n    <div class=\"block-icon\"><\/div>\n\t<div class=\"inner\">\n\t\t<div class=\"text-block-content\">\n\t\t\t\t\t<h2 class=\"\">Integritet och tystnadsplikt<\/h2>\n\t\t\t\t\t<p>Som personlig assistent har du tystnadsplikt enligt LSS. Det inneb\u00e4r att det \u00e4r f\u00f6rbjudet att ber\u00e4tta om eller l\u00e4mna ut uppgifter om den du assisterar. Tystnadsplikten g\u00e4ller \u00e4ven personens n\u00e4rst\u00e5ende och deras privata f\u00f6rh\u00e5llanden. Tystnadsplikt g\u00e4ller mot b\u00e5de myndigheter och enskilda, \u00e4ven mot kommun och F\u00f6rs\u00e4kringskassan. Tystnadsplikten omfattar naturligtvis sociala medier och g\u00e4ller \u00e4ven efter att din anst\u00e4llning upph\u00f6rt. Om du \u00e4r tveksam till om viss uppgift f\u00e5r l\u00e4mnas ska du fr\u00e5ga den du assisterar eller legal f\u00f6retr\u00e4dare. Arbetsledaren kan ocks\u00e5 informera dig om hur du ska agera i olika situationer. Genom anst\u00e4llningsavtalet finns en lojalitetsplikt mot arbetsgivaren. Att s\u00e4ga eller l\u00e4gga ut negativa saker p\u00e5 sociala medier om arbetsgivaren, uppdraget, uppdragsgivaren eller arbetsledaren bryter mot b\u00e5de lojalitetsplikt och tystnadsplikt.<\/p>\n\t\t<\/div>\n<\/section>\n\n\n\n<h6 class=\"wp-block-heading has-text-align-center\" id=\"missforhallande\"><\/h6>\n\n\n<section class=\"text-block ocean  \">\n    <div class=\"block-icon\"><\/div>\n\t<div class=\"inner\">\n\t\t<div class=\"text-block-content\">\n\t\t\t\t\t<h2 class=\"\">Missf\u00f6rh\u00e5llande<\/h2>\n\t\t\t\t\t<p>I ditt ansvar som personlig assistent ing\u00e5r att informera eventuell legal f\u00f6retr\u00e4dare om den du assisterar i n\u00e5got sammanhang uts\u00e4tts f\u00f6r brott som till exempel misshandel, hot, tv\u00e5ng, sexuellt \u00f6vergrepp eller st\u00f6ld. Du har inte tystnadsplikt gentemot legal f\u00f6retr\u00e4dare. Hen hj\u00e4lper uppdragsgivaren att besluta om polisanm\u00e4lan eller andra \u00e5tg\u00e4rder.<\/p>\n<p>Enligt LSS omfattas personliga assistenter av <strong>Lex Sarah<\/strong>. Det betyder att du \u00e4r skyldig att rapportera missf\u00f6rh\u00e5llanden, eller risk f\u00f6r det, i assistansen. Om du ser brister i assistansens kvalitet ska du omg\u00e5ende kontakta JAGs kansli:<\/p>\n<p>\u2022 tel 08-789 30 00 (knappval 2)<\/p>\n<p>\u2022 mejl <a href=\"mailto:svardirekt@jag.se\" target=\"_blank\" rel=\"noopener\">svardirekt@jag.se<\/a><\/p>\n<p>Kv\u00e4llar, n\u00e4tter och helger ringer du JAGs n\u00f6dtelefon, tel 08-789 30 89. Tystnadsplikten g\u00e4ller inte f\u00f6r uppgifter som m\u00e5ste l\u00e4mnas enligt Lex Sarah.<\/p>\n<p>F\u00e5r du veta att ett barn ( person under 18 \u00e5r) far illa m\u00e5ste du anm\u00e4la det till kommunens socialn\u00e4mnd. JAGs verksamhetschef ska informeras om anm\u00e4lan via mejl till <a href=\"mailto:svardirekt@jag.se\">svardirekt@jag.se<\/a>. Tystnadsplikt g\u00e4ller inte f\u00f6r uppgifter som m\u00e5ste l\u00e4mnas i samband med en s\u00e5dan anm\u00e4lan.<\/p>\n<p><strong>Visselbl\u00e5sning (anm\u00e4la missf\u00f6rh\u00e5llanden)<\/strong><\/p>\n<p>I JAGs visselbl\u00e5sartj\u00e4nst kan du som \u00e4r anst\u00e4lld anonymt anm\u00e4la allvarliga missf\u00f6rh\u00e5llanden i JAG, exempelvis korruption, penningtv\u00e4tt eller misshush\u00e5llning med allm\u00e4nna medel.<\/p>\n<p><a href=\"https:\/\/jag.se\/assistans\/visselblasning\/\" target=\"_blank\" rel=\"noopener\">L\u00e4s mer om visselbl\u00e5sning.<\/a><\/p>\n\t\t<\/div>\n<\/section>\n\n\n\n<h6 class=\"wp-block-heading has-text-align-center\" id=\"roller\"><\/h6>\n\n\n<section class=\"text-block white  \">\n    <div class=\"block-icon\"><\/div>\n\t<div class=\"inner\">\n\t\t<div class=\"text-block-content\">\n\t\t\t\t\t<h2 class=\"\">De olika rollerna<\/h2>\n\t\t\t\t\t<ul>\n<li>Vi anv\u00e4nder ordet <strong>uppdragsgivare<\/strong> f\u00f6r att betona att det \u00e4r vi som \u00e4r medlemmar i JAGs assistanskooperativ som har gett JAG Personlig assistans i uppdrag att anordna v\u00e5r personliga assistans.<\/li>\n<li>M\u00e5nga av oss har en <strong>legal f\u00f6retr\u00e4dare<\/strong>. Det \u00e4r en personlig representant som har tolkningsf\u00f6retr\u00e4de och ger st\u00f6d i val och beslut. Legal f\u00f6retr\u00e4dare f\u00f6r vuxna \u00e4r god man eller f\u00f6rvaltare och utses av tingsr\u00e4tten. Legal f\u00f6retr\u00e4dare f\u00f6r minder\u00e5riga \u00e4r v\u00e5rdnadshavaren.<\/li>\n<li>V\u00e5r <strong>personliga arbetsledare<\/strong> och\/eller <strong>assistanskoordinator<\/strong> \u00e4r din arbetsledare och den du i f\u00f6rsta hand v\u00e4nder dig till med fr\u00e5gor om ditt arbete. Arbetsledaren leder och f\u00f6rdelar arbetet, ansvarar f\u00f6r kvalitet och kontinuitet i assistansen, assistansmilj\u00f6, tidrapportering med mera.<\/li>\n<\/ul>\n\t\t<\/div>\n<\/section>\n\n\n\n<h6 class=\"wp-block-heading has-text-align-center\" id=\"arbetstidsregler\"><\/h6>\n\n\n<section class=\"text-block ocean  \">\n    <div class=\"block-icon\"><\/div>\n\t<div class=\"inner\">\n\t\t<div class=\"text-block-content\">\n\t\t\t\t\t<h2 class=\"\">Arbetstidsregler och anst\u00e4llningsvillkor<\/h2>\n\t\t\t\t\t<p>Heltid \u00e4r i genomsnitt 40 timmar per vecka under 6 m\u00e5nader, \u00e4ven p\u00e5 helgdagar som infaller p\u00e5 schemalagd tid. Om du har ett arbetstidsm\u00e5tt \u00e4r begr\u00e4nsningsperioden 6 m\u00e5nader. P\u00e5 natten arbetar du antingen som vanligt med full l\u00f6n och OB-ers\u00e4ttning eller s\u00e5 har du jour (kallas ibland ocks\u00e5 v\u00e4ntetid).Vid jour finns du hos uppdragsgivaren och ger assistans vid behov. Det \u00e4r F\u00f6rs\u00e4kringskassan som avg\u00f6r om ers\u00e4ttning ges f\u00f6r jour eller vaken natt. En jourtimme ers\u00e4tts med 25 procent av ordinarie l\u00f6n och jour-OB. Du har r\u00e4tt till dygns- och veckovila enligt kollektivavtalet. Har du flera anst\u00e4llningar som personlig assistent g\u00e4ller reglerna i Arbetstidslagen din totala arbetstid.<\/p>\n<p>Vi har kollektivavtalet Personlig assistans som \u00e4r tecknat mellan Fremia och Kommunal.<\/p>\n\t\t<\/div>\n<\/section>\n\n\n\n<h6 class=\"wp-block-heading has-text-align-center\" id=\"friskvardsbidrag\"><\/h6>\n\n\n<section class=\"text-block white  \">\n    <div class=\"block-icon\"><\/div>\n\t<div class=\"inner\">\n\t\t<div class=\"text-block-content\">\n\t\t\t\t\t<h2 class=\"\">Friskv\u00e5rdsbidrag \u2013 en skattefri f\u00f6rm\u00e5n<\/h2>\n\t\t\t\t\t<p>Varje m\u00e5nad som du har arbetat kan du f\u00e5 bidrag till friskv\u00e5rd med upp till 250 kronor. Exempel p\u00e5 aktiviteter som Skatteverket godk\u00e4nner \u00e4r golf, styrketr\u00e4ning, bowling, racketsporter, volleyboll, motionsdans, tai chi, kostr\u00e5dgivning, app-tr\u00e4ning, fotv\u00e5rd (utan lack) och massage.<\/p>\n<p>Sjukv\u00e5rd, behandling eller sk\u00f6nhetsv\u00e5rd godk\u00e4nns inte, inte heller aktiviteter som kostar mer \u00e4n 1000 kr per tillf\u00e4lle. F\u00f6r att f\u00e5 friskv\u00e5rdsbidrag redovisar du dina kvitton i kvittoappen Findity.<\/p>\n<p><\/p>\n\t\t<\/div>\n<\/section>\n\n\n\n<h6 class=\"wp-block-heading has-text-align-center\" id=\"utbildning\"><\/h6>\n\n\n<section class=\"text-block ocean  \">\n    <div class=\"block-icon\"><\/div>\n\t<div class=\"inner\">\n\t\t<div class=\"text-block-content\">\n\t\t\t\t\t<h2 class=\"\">Utbildning och fortbildning<\/h2>\n\t\t\t\t\t<p>Vi anordnar regelbundet kompetensh\u00f6jande fortbildning f\u00f6r v\u00e5ra assistenter p\u00e5 JAGs kansli i Stockholm och p\u00e5 JAGs tr\u00e4ffpunkter runt om i Sverige. Kurserna ger bland annat kunskap om LSS m\u00e5l, din yrkesroll och vad olika funktionsneds\u00e4ttningar inneb\u00e4r. B\u00e5de personer med egen erfarenhet av personlig assistans och specialister med olika professioner medverkar.<\/p>\n<p>Du ser utbudet under <a href=\"https:\/\/jag.se\/assistans\/utbildning\/\" target=\"_blank\" rel=\"noopener\">Utbildning\/Schemalagda kurser<\/a> p\u00e5 Mitt JAG. Prata med din arbetsledare om du vill g\u00e5 en utbildning.<\/p>\n<p>Vi har ocks\u00e5 webbkurser, som du g\u00e5r n\u00e4r det passar dig. Det kostar inget att g\u00e5 en webbkurs, men om du vill ha utbildningsl\u00f6n beh\u00f6ver du f\u00f6rst st\u00e4mma av med din arbetsledare.<\/p>\n<p>Webbkurserna finns p\u00e5 Mitt JAG under <a href=\"https:\/\/jag.learnster.com\/\" target=\"_blank\" rel=\"noopener\">Utbildning\/webbkurser.<\/a><\/p>\n<p>De utbildningar vi erbjuder \u00e4r anpassade efter att de flesta av oss har flera stora funktionsneds\u00e4ttningar samt en neds\u00e4ttning av den intellektuella f\u00f6rm\u00e5gan. En del utbildningar sker p\u00e5 distans. Du deltar d\u00e5 fr\u00e5n din dator, platta eller mobiltelefon. Du kan ocks\u00e5 delta fr\u00e5n n\u00e5gon av JAGs tr\u00e4ffpunkter<\/p>\n\t\t<\/div>\n<\/section>\n\n\n\n<h6 class=\"wp-block-heading has-text-align-center\" id=\"svardirekt-nytt\"><\/h6>\n\n\n\n<h2 class=\"wp-block-heading has-text-align-center\">Svar direkt-nytt<\/h2>\n\n\n\n<p class=\"has-text-align-center\">Ett m\u00e5natligt magasin med nyheter och viktig information f\u00f6r alla i JAG <br>men speciellt f\u00f6r dig som \u00e4r personlig assistent.<\/p>\n\n\n\n<figure class=\"wp-block-embed aligncenter is-type-wp-embed is-provider-dream-broker wp-block-embed-dream-broker\"><div class=\"wp-block-embed__wrapper\">\n<iframe loading=\"lazy\" class=\"wp-embedded-content\" sandbox=\"allow-scripts\" security=\"restricted\" title=\"Svar direkt-nytt - nov 2024\" frameBorder=\"0\" width=\"500\" height=\"281\" src=\"https:\/\/dreambroker.com\/channel\/l44dfaiu\/iframe\/mqnx4a0g#?secret=HJqf43DByD\" data-secret=\"HJqf43DByD\"><\/iframe>\n<\/div><\/figure>\n\n\n<section class=\"text-block white  \">\n    <div class=\"block-icon\"><\/div>\n\t<div class=\"inner\">\n\t\t<div class=\"text-block-content\">\n\t\t\t\t\t<h2 class=\"\">Vi hoppas att du ska trivas hos oss och med ditt nya jobb som personlig assistent!<\/h2>\n\t\t\t\t\t<p>Din roll \u00e4r kvalificerad och ansvarsfull, d\u00e4r du ska ge personligt anpassad assistans med respekt f\u00f6r m\u00e4nniskov\u00e4rde och integritet. Arbetet kr\u00e4ver flexibilitet, l\u00f6sningsfokus, personlig mognad och f\u00f6rm\u00e5ga att f\u00f6rst\u00e5 en annan persons situation. Du kommer att arbeta i olika milj\u00f6er och f\u00e5 v\u00e4rdefulla erfarenheter.<\/p>\n<p>Kom ih\u00e5g att ditt arbete \u00e4r viktigt och p\u00e5verkar hur andra ser p\u00e5 assistansreformen och yrket personlig assistent, samt hur de ser p\u00e5 dig och den du assisterar!<\/p>\n\t\t<\/div>\n<\/section>\n\n\n\n<figure class=\"wp-block-video\"><\/figure>\n\n\n\n\n<section class=\"text-block white  \">\n    <div class=\"block-icon\"><\/div>\n\t<div class=\"inner\">\n\t\t<div class=\"text-block-content\">\n\t\t\t\t\t\t<\/div>\n<\/section>\n","protected":false},"excerpt":{"rendered":"<p>Hej och v\u00e4lkommen till JAG Svar direkt-nytt Ett m\u00e5natligt magasin med nyheter och viktig information f\u00f6r alla i JAG men speciellt f\u00f6r dig som \u00e4r personlig assistent.<\/p>\n","protected":false},"author":8,"featured_media":0,"parent":0,"menu_order":4,"comment_status":"closed","ping_status":"closed","template":"","meta":{"footnotes":""},"class_list":["post-12144","page","type-page","status-publish","hentry"],"acf":[],"_links":{"self":[{"href":"https:\/\/jag.se\/assistans\/wp-json\/wp\/v2\/pages\/12144","targetHints":{"allow":["GET"]}}],"collection":[{"href":"https:\/\/jag.se\/assistans\/wp-json\/wp\/v2\/pages"}],"about":[{"href":"https:\/\/jag.se\/assistans\/wp-json\/wp\/v2\/types\/page"}],"author":[{"embeddable":true,"href":"https:\/\/jag.se\/assistans\/wp-json\/wp\/v2\/users\/8"}],"replies":[{"embeddable":true,"href":"https:\/\/jag.se\/assistans\/wp-json\/wp\/v2\/comments?post=12144"}],"version-history":[{"count":149,"href":"https:\/\/jag.se\/assistans\/wp-json\/wp\/v2\/pages\/12144\/revisions"}],"predecessor-version":[{"id":15007,"href":"https:\/\/jag.se\/assistans\/wp-json\/wp\/v2\/pages\/12144\/revisions\/15007"}],"wp:attachment":[{"href":"https:\/\/jag.se\/assistans\/wp-json\/wp\/v2\/media?parent=12144"}],"curies":[{"name":"wp","href":"https:\/\/api.w.org\/{rel}","templated":true}]}}