{"id":1235,"date":"2022-03-09T09:12:21","date_gmt":"2022-03-09T09:12:21","guid":{"rendered":"https:\/\/jag.se\/assistans\/lediga-jobb-2\/"},"modified":"2026-03-12T09:55:41","modified_gmt":"2026-03-12T09:55:41","slug":"lediga-jobb-kontor","status":"publish","type":"page","link":"https:\/\/jag.se\/assistans\/lediga-jobb-kontor\/","title":{"rendered":"Lediga kanslijobb"},"content":{"rendered":"\n<h1 class=\"wp-block-heading\" id=\"lediga-jobb\">Lediga jobb p\u00e5 kontoret<\/h1>\n\n\n<section class=\"banner\">\n\t<img loading=\"lazy\" decoding=\"async\" width=\"1366\" height=\"399\" src=\"https:\/\/jag.se\/assistans\/wp-content\/uploads\/sites\/2\/2022\/11\/isak-karaassistent_fotolinneabengtsson-2150x628-1-2-1366x399.jpg\" class=\"bg-desktop\" alt=\"Personlig assistent r\u00e4ttar till halsduken p\u00e5 assistansanv\u00e4ndaren.\" srcset=\"https:\/\/jag.se\/assistans\/wp-content\/uploads\/sites\/2\/2022\/11\/isak-karaassistent_fotolinneabengtsson-2150x628-1-2-1366x399.jpg 1366w, https:\/\/jag.se\/assistans\/wp-content\/uploads\/sites\/2\/2022\/11\/isak-karaassistent_fotolinneabengtsson-2150x628-1-2-300x88.jpg 300w, https:\/\/jag.se\/assistans\/wp-content\/uploads\/sites\/2\/2022\/11\/isak-karaassistent_fotolinneabengtsson-2150x628-1-2-1024x299.jpg 1024w, https:\/\/jag.se\/assistans\/wp-content\/uploads\/sites\/2\/2022\/11\/isak-karaassistent_fotolinneabengtsson-2150x628-1-2-768x224.jpg 768w, https:\/\/jag.se\/assistans\/wp-content\/uploads\/sites\/2\/2022\/11\/isak-karaassistent_fotolinneabengtsson-2150x628-1-2-1536x449.jpg 1536w, https:\/\/jag.se\/assistans\/wp-content\/uploads\/sites\/2\/2022\/11\/isak-karaassistent_fotolinneabengtsson-2150x628-1-2-2048x598.jpg 2048w, https:\/\/jag.se\/assistans\/wp-content\/uploads\/sites\/2\/2022\/11\/isak-karaassistent_fotolinneabengtsson-2150x628-1-2-1920x561.jpg 1920w, https:\/\/jag.se\/assistans\/wp-content\/uploads\/sites\/2\/2022\/11\/isak-karaassistent_fotolinneabengtsson-2150x628-1-2-320x93.jpg 320w, https:\/\/jag.se\/assistans\/wp-content\/uploads\/sites\/2\/2022\/11\/isak-karaassistent_fotolinneabengtsson-2150x628-1-2-120x35.jpg 120w, https:\/\/jag.se\/assistans\/wp-content\/uploads\/sites\/2\/2022\/11\/isak-karaassistent_fotolinneabengtsson-2150x628-1-2-540x158.jpg 540w, https:\/\/jag.se\/assistans\/wp-content\/uploads\/sites\/2\/2022\/11\/isak-karaassistent_fotolinneabengtsson-2150x628-1-2-601x176.jpg 601w, https:\/\/jag.se\/assistans\/wp-content\/uploads\/sites\/2\/2022\/11\/isak-karaassistent_fotolinneabengtsson-2150x628-1-2-150x44.jpg 150w, https:\/\/jag.se\/assistans\/wp-content\/uploads\/sites\/2\/2022\/11\/isak-karaassistent_fotolinneabengtsson-2150x628-1-2-311x91.jpg 311w, https:\/\/jag.se\/assistans\/wp-content\/uploads\/sites\/2\/2022\/11\/isak-karaassistent_fotolinneabengtsson-2150x628-1-2-369x108.jpg 369w, https:\/\/jag.se\/assistans\/wp-content\/uploads\/sites\/2\/2022\/11\/isak-karaassistent_fotolinneabengtsson-2150x628-1-2-374x109.jpg 374w, https:\/\/jag.se\/assistans\/wp-content\/uploads\/sites\/2\/2022\/11\/isak-karaassistent_fotolinneabengtsson-2150x628-1-2-171x50.jpg 171w\" sizes=\"auto, (max-width: 1366px) 100vw, 1366px\" \/><img loading=\"lazy\" decoding=\"async\" width=\"540\" height=\"540\" src=\"https:\/\/jag.se\/assistans\/wp-content\/uploads\/sites\/2\/2022\/11\/isak-karaassistent_fotolinneabengtsson-540x540-1-2.jpg\" class=\"bg-mobile\" alt=\"\" srcset=\"https:\/\/jag.se\/assistans\/wp-content\/uploads\/sites\/2\/2022\/11\/isak-karaassistent_fotolinneabengtsson-540x540-1-2.jpg 540w, https:\/\/jag.se\/assistans\/wp-content\/uploads\/sites\/2\/2022\/11\/isak-karaassistent_fotolinneabengtsson-540x540-1-2-300x300.jpg 300w, https:\/\/jag.se\/assistans\/wp-content\/uploads\/sites\/2\/2022\/11\/isak-karaassistent_fotolinneabengtsson-540x540-1-2-150x150.jpg 150w, https:\/\/jag.se\/assistans\/wp-content\/uploads\/sites\/2\/2022\/11\/isak-karaassistent_fotolinneabengtsson-540x540-1-2-100x100.jpg 100w, https:\/\/jag.se\/assistans\/wp-content\/uploads\/sites\/2\/2022\/11\/isak-karaassistent_fotolinneabengtsson-540x540-1-2-120x120.jpg 120w, https:\/\/jag.se\/assistans\/wp-content\/uploads\/sites\/2\/2022\/11\/isak-karaassistent_fotolinneabengtsson-540x540-1-2-38x38.jpg 38w, https:\/\/jag.se\/assistans\/wp-content\/uploads\/sites\/2\/2022\/11\/isak-karaassistent_fotolinneabengtsson-540x540-1-2-311x311.jpg 311w, https:\/\/jag.se\/assistans\/wp-content\/uploads\/sites\/2\/2022\/11\/isak-karaassistent_fotolinneabengtsson-540x540-1-2-369x369.jpg 369w, https:\/\/jag.se\/assistans\/wp-content\/uploads\/sites\/2\/2022\/11\/isak-karaassistent_fotolinneabengtsson-540x540-1-2-374x374.jpg 374w, https:\/\/jag.se\/assistans\/wp-content\/uploads\/sites\/2\/2022\/11\/isak-karaassistent_fotolinneabengtsson-540x540-1-2-50x50.jpg 50w\" sizes=\"auto, (max-width: 540px) 100vw, 540px\" \/>\t<div class=\"inner\">\n\t\t\t\t\t<div class=\"text-block  none\">\n\t\t\t\t\t\t\t\t<p>H\u00e4r hittar du lediga jobb i serviceorganisationen JAG. Som anst\u00e4lld hos oss g\u00f6r du skillnad varje dag f\u00f6r m\u00e4nniskor. V\u00e4lkommen med din ans\u00f6kan.<\/p>\n\t\t\t\t\t\t\t<\/div>\n\t\t\t\t<\/div>\n<\/section>\n\n\n<section class=\"links-list white-bg\">\n\t<div class=\"inner\">\n\t\t\t\t<ul >\n\t\t\t\t\t\t\t<li><a href=\"https:\/\/emp.jobylon.com\/jobs\/345354-jag-personlig-assistans-redovisningsekonom-sokes-till-jag-personlig-assistans\/\">Redovisningsekonom s\u00f6kes till JAG Personlig assistans<\/a><\/li>\n\t\t\t\t\t\t\t\t<li><a href=\"https:\/\/emp.jobylon.com\/jobs\/341268-jag-personlig-assistans-rekryteringschef-jag-personlig-assistans\/\">Rekryteringschef p\u00e5 JAG Personlig assistans<\/a><\/li>\n\t\t\t\t\t\t<\/ul>\n\t\t\t\t<\/div>\n<\/section>\n","protected":false},"excerpt":{"rendered":"<p>Lediga jobb p\u00e5 kontoret<\/p>\n","protected":false},"author":6,"featured_media":4666,"parent":0,"menu_order":33,"comment_status":"closed","ping_status":"closed","template":"","meta":{"footnotes":""},"class_list":["post-1235","page","type-page","status-publish","has-post-thumbnail","hentry"],"acf":[],"_links":{"self":[{"href":"https:\/\/jag.se\/assistans\/wp-json\/wp\/v2\/pages\/1235","targetHints":{"allow":["GET"]}}],"collection":[{"href":"https:\/\/jag.se\/assistans\/wp-json\/wp\/v2\/pages"}],"about":[{"href":"https:\/\/jag.se\/assistans\/wp-json\/wp\/v2\/types\/page"}],"author":[{"embeddable":true,"href":"https:\/\/jag.se\/assistans\/wp-json\/wp\/v2\/users\/6"}],"replies":[{"embeddable":true,"href":"https:\/\/jag.se\/assistans\/wp-json\/wp\/v2\/comments?post=1235"}],"version-history":[{"count":150,"href":"https:\/\/jag.se\/assistans\/wp-json\/wp\/v2\/pages\/1235\/revisions"}],"predecessor-version":[{"id":15413,"href":"https:\/\/jag.se\/assistans\/wp-json\/wp\/v2\/pages\/1235\/revisions\/15413"}],"wp:featuredmedia":[{"embeddable":true,"href":"https:\/\/jag.se\/assistans\/wp-json\/wp\/v2\/media\/4666"}],"wp:attachment":[{"href":"https:\/\/jag.se\/assistans\/wp-json\/wp\/v2\/media?parent=1235"}],"curies":[{"name":"wp","href":"https:\/\/api.w.org\/{rel}","templated":true}]}}