{"id":13372,"date":"2025-03-17T10:43:39","date_gmt":"2025-03-17T10:43:39","guid":{"rendered":"https:\/\/jag.se\/assistans\/personkretsar-2\/"},"modified":"2026-04-20T08:40:08","modified_gmt":"2026-04-20T08:40:08","slug":"funktionsnedsattning","status":"publish","type":"page","link":"https:\/\/jag.se\/assistans\/funktionsnedsattning\/","title":{"rendered":"Funktionsneds\u00e4ttning, funktionsvariation och funktionshinder"},"content":{"rendered":"<div class=\"yoast-breadcrumbs\">\t<div class=\"inner\">\n\t\t<span><span><a href=\"https:\/\/jag.se\">JAG start<\/a><\/span> &gt; <span><a href=\"https:\/\/jag.se\/assistans\/\">JAG Personlig assistans<\/a><\/span> &gt; <span class=\"breadcrumb_last\" aria-current=\"page\">Funktionsneds\u00e4ttning, funktionsvariation och funktionshinder<\/span><\/span>\t<\/div>\n<\/div>\n\n\n<h1 class=\"wp-block-heading\">Vad \u00e4r skillnaden mellan funktionsneds\u00e4ttning, funktionsvariation och funktionshinder?<\/h1>\n\n\n<section class=\"text-block pink  \">\n    <div class=\"block-icon\"><\/div>\n\t<div class=\"inner\">\n\t\t<div class=\"text-block-content\">\n\t\t\t\t\t<h2 class=\"\">Vad \u00e4r en funktionsneds\u00e4ttning?<\/h2>\n\t\t\t\t\t<p>Om du har en <strong>funktionsneds\u00e4ttning<\/strong> \u00e4r en eller flera av dina fysiska, psykiska eller intellektuella funktionsf\u00f6rm\u00e5gor begr\u00e4nsade. Detta kan exempelvis inkludera syn, r\u00f6relse, l\u00e4sf\u00f6rst\u00e5else eller inte ha talat spr\u00e5k. En funktionsneds\u00e4ttning kan vara medf\u00f6dd eller uppst\u00e5 senare i livet till f\u00f6ljd av exempelvis en olycka eller en sjukdom, och kan vara tillf\u00e4llig eller permanent.\u00a0<\/p>\n<p>En <strong>intellektuell funktionsneds\u00e4ttning<\/strong> inneb\u00e4r att hj\u00e4rnans funktion \u00e4r begr\u00e4nsad och kan exempelvis betyda att du har sv\u00e5righeter att f\u00f6rst\u00e5 och utf\u00f6ra vissa saker p\u00e5 egen hand. Oftast beh\u00f6ver du med en intellektuell funktionsneds\u00e4ttning st\u00f6d i vardagen, exempelvis genom personlig assistans.<\/p>\n\t\t<\/div>\n<\/section>\n\n\n<section class=\"text-block white  \">\n    <div class=\"block-icon\"><\/div>\n\t<div class=\"inner\">\n\t\t<div class=\"text-block-content\">\n\t\t\t\t\t<h2 class=\"\">Vad \u00e4r en funktionsvariation och vad \u00e4r ett funktionshinder?<\/h2>\n\t\t\t\t\t<p><strong>Funktionsvariation<\/strong> \u00e4r ett begrepp som syftar till att vi alla har olika upps\u00e4ttningar av funktioner. Att vara en snabb l\u00f6pare eller att vara gl\u00f6msk \u00e4r b\u00e5da exempel p\u00e5 funktionsvariationer.<\/p>\n<p>Ordet funktionsvariation \u00e4r inte synonymt med ordet funktionsneds\u00e4ttning. Eftersom att alla m\u00e4nniskor har funktionsvariationer f\u00f6rmedlar ordet inte n\u00e5gon specifik information i sig.<\/p>\n<p><strong>Funktionshinder<\/strong> \u00e4r hinder som du med funktionsneds\u00e4ttningar kan st\u00f6ta p\u00e5. Oftast beskriver ordet bristande tillg\u00e4nglighet i vardagen och livet.<\/p>\n<p>Ett funktionshinder kan exempelvis vara trappor f\u00f6r dig som anv\u00e4nder rullstol, sv\u00e5r\u00e5tkomlig eller otydlig information f\u00f6r dig med intellektuell funktionsneds\u00e4ttning, eller brist p\u00e5 punktskrift f\u00f6r dig som \u00e4r blind. Begreppet syftar p\u00e5 saker i milj\u00f6n, inte p\u00e5 dig som m\u00e4nniska.<\/p>\n\t\t<\/div>\n<\/section>\n\n\n<section class=\"text-block ocean  \">\n    <div class=\"block-icon\"><\/div>\n\t<div class=\"inner\">\n\t\t<div class=\"text-block-content\">\n\t\t\t\t\t<h2 class=\"\">Varf\u00f6r \u00e4r detta viktigt?<\/h2>\n\t\t\t\t\t<p>Det \u00e4r viktigt att vara informerad om ordens betydelse och inflytande innan du anv\u00e4nder dem.\u00a0<\/p>\n<p>P\u00e5 JAG anv\u00e4nder vi ordet <strong>funktionsneds\u00e4ttning <\/strong>eftersom det understryker att det finns skillnader mellan oss m\u00e4nniskor som p\u00e5verkar deras liv och som beh\u00f6ver uppm\u00e4rksammas f\u00f6r att skapa medvetenhet\u00a0 och f\u00f6r\u00e4ndring.\u00a0<\/p>\n<p>Vi anv\u00e4nder inte ordet <strong>funktionshinder<\/strong> f\u00f6r att beskriva funktionsneds\u00e4ttningar<strong>\u00a0<\/strong>eftersom det skulle definiera en m\u00e4nniska utifr\u00e5n hens begr\u00e4nsningar. En funktionsneds\u00e4ttning \u00e4r bara en del av en m\u00e4nniska och en m\u00e4nniska kan aldrig vara ett hinder.\u00a0<\/p>\n<p>Sj\u00e4lvklart har du r\u00e4tt att sj\u00e4lv v\u00e4lja vilket ord som du tycker b\u00e4st beskriver just dig. Det \u00e4r inte upp till n\u00e5gon annan att best\u00e4mma.\u00a0<\/p>\n\t\t<\/div>\n<\/section>\n\n\n<div class=\"wp-block-image\">\n<figure class=\"aligncenter size-large\"><img loading=\"lazy\" decoding=\"async\" width=\"1024\" height=\"682\" src=\"https:\/\/jag.se\/assistans\/wp-content\/uploads\/sites\/2\/2026\/03\/magnus-och-kalle_fotolinneabengtsson-2048x3069-webb-0448-kopiera-1024x682.webp\" alt=\"\" class=\"wp-image-15432\" srcset=\"https:\/\/jag.se\/assistans\/wp-content\/uploads\/sites\/2\/2026\/03\/magnus-och-kalle_fotolinneabengtsson-2048x3069-webb-0448-kopiera-1024x682.webp 1024w, https:\/\/jag.se\/assistans\/wp-content\/uploads\/sites\/2\/2026\/03\/magnus-och-kalle_fotolinneabengtsson-2048x3069-webb-0448-kopiera-150x100@2x.webp 300w, https:\/\/jag.se\/assistans\/wp-content\/uploads\/sites\/2\/2026\/03\/magnus-och-kalle_fotolinneabengtsson-2048x3069-webb-0448-kopiera-768x512.webp 768w, https:\/\/jag.se\/assistans\/wp-content\/uploads\/sites\/2\/2026\/03\/magnus-och-kalle_fotolinneabengtsson-2048x3069-webb-0448-kopiera-75x50@2x.webp 150w, https:\/\/jag.se\/assistans\/wp-content\/uploads\/sites\/2\/2026\/03\/magnus-och-kalle_fotolinneabengtsson-2048x3069-webb-0448-kopiera-120x80.webp 120w, https:\/\/jag.se\/assistans\/wp-content\/uploads\/sites\/2\/2026\/03\/magnus-och-kalle_fotolinneabengtsson-2048x3069-webb-0448-kopiera-540x360.webp 540w, https:\/\/jag.se\/assistans\/wp-content\/uploads\/sites\/2\/2026\/03\/magnus-och-kalle_fotolinneabengtsson-2048x3069-webb-0448-kopiera-601x401.webp 601w, https:\/\/jag.se\/assistans\/wp-content\/uploads\/sites\/2\/2026\/03\/magnus-och-kalle_fotolinneabengtsson-2048x3069-webb-0448-kopiera-311x207.webp 311w, https:\/\/jag.se\/assistans\/wp-content\/uploads\/sites\/2\/2026\/03\/magnus-och-kalle_fotolinneabengtsson-2048x3069-webb-0448-kopiera-369x246.webp 369w, https:\/\/jag.se\/assistans\/wp-content\/uploads\/sites\/2\/2026\/03\/magnus-och-kalle_fotolinneabengtsson-2048x3069-webb-0448-kopiera-374x249.webp 374w, https:\/\/jag.se\/assistans\/wp-content\/uploads\/sites\/2\/2026\/03\/magnus-och-kalle_fotolinneabengtsson-2048x3069-webb-0448-kopiera-419x280.webp 419w, https:\/\/jag.se\/assistans\/wp-content\/uploads\/sites\/2\/2026\/03\/magnus-och-kalle_fotolinneabengtsson-2048x3069-webb-0448-kopiera-75x50.webp 75w, https:\/\/jag.se\/assistans\/wp-content\/uploads\/sites\/2\/2026\/03\/magnus-och-kalle_fotolinneabengtsson-2048x3069-webb-0448-kopiera-840x560.webp 840w, https:\/\/jag.se\/assistans\/wp-content\/uploads\/sites\/2\/2026\/03\/magnus-och-kalle_fotolinneabengtsson-2048x3069-webb-0448-kopiera.webp 1535w, https:\/\/jag.se\/assistans\/wp-content\/uploads\/sites\/2\/2026\/03\/magnus-och-kalle_fotolinneabengtsson-2048x3069-webb-0448-kopiera-300x200@2x.webp 600w, https:\/\/jag.se\/assistans\/wp-content\/uploads\/sites\/2\/2026\/03\/magnus-och-kalle_fotolinneabengtsson-2048x3069-webb-0448-kopiera-768x512@2x.webp 1536w, https:\/\/jag.se\/assistans\/wp-content\/uploads\/sites\/2\/2026\/03\/magnus-och-kalle_fotolinneabengtsson-2048x3069-webb-0448-kopiera-120x80@2x.webp 240w, https:\/\/jag.se\/assistans\/wp-content\/uploads\/sites\/2\/2026\/03\/magnus-och-kalle_fotolinneabengtsson-2048x3069-webb-0448-kopiera-540x360@2x.webp 1080w, https:\/\/jag.se\/assistans\/wp-content\/uploads\/sites\/2\/2026\/03\/magnus-och-kalle_fotolinneabengtsson-2048x3069-webb-0448-kopiera-311x207@2x.webp 622w, https:\/\/jag.se\/assistans\/wp-content\/uploads\/sites\/2\/2026\/03\/magnus-och-kalle_fotolinneabengtsson-2048x3069-webb-0448-kopiera-374x249@2x.webp 748w\" sizes=\"auto, (max-width: 1024px) 100vw, 1024px\" \/><\/figure>\n<\/div>\n\n<section class=\"links-list white-bg\">\n\t<div class=\"inner\">\n\t\t\t\t<ul >\n\t\t\t\t\t\t\t<li><a href=\"https:\/\/jag.se\/assistans\/vart-erbjudande\/\">Att ha sin assistans hos oss <\/a><\/li>\n\t\t\t\t\t\t\t\t<li><a href=\"https:\/\/jag.se\/assistans\/juridisk-radgivning\/\">Juridisk r\u00e5dgivning inom personlig assistans<\/a><\/li>\n\t\t\t\t\t\t\t\t<li><a href=\"https:\/\/jag.se\/assistans\/byta-assistansanordnare\/\">Byta assistansanordnare till oss<\/a><\/li>\n\t\t\t\t\t\t<\/ul>\n\t\t\t\t<\/div>\n<\/section>\n","protected":false},"excerpt":{"rendered":"<p>Vad \u00e4r skillnaden mellan funktionsneds\u00e4ttning, funktionsvariation och funktionshinder?<\/p>\n","protected":false},"author":12,"featured_media":0,"parent":0,"menu_order":34,"comment_status":"closed","ping_status":"closed","template":"","meta":{"footnotes":""},"class_list":["post-13372","page","type-page","status-publish","hentry"],"acf":[],"_links":{"self":[{"href":"https:\/\/jag.se\/assistans\/wp-json\/wp\/v2\/pages\/13372","targetHints":{"allow":["GET"]}}],"collection":[{"href":"https:\/\/jag.se\/assistans\/wp-json\/wp\/v2\/pages"}],"about":[{"href":"https:\/\/jag.se\/assistans\/wp-json\/wp\/v2\/types\/page"}],"author":[{"embeddable":true,"href":"https:\/\/jag.se\/assistans\/wp-json\/wp\/v2\/users\/12"}],"replies":[{"embeddable":true,"href":"https:\/\/jag.se\/assistans\/wp-json\/wp\/v2\/comments?post=13372"}],"version-history":[{"count":83,"href":"https:\/\/jag.se\/assistans\/wp-json\/wp\/v2\/pages\/13372\/revisions"}],"predecessor-version":[{"id":15596,"href":"https:\/\/jag.se\/assistans\/wp-json\/wp\/v2\/pages\/13372\/revisions\/15596"}],"wp:attachment":[{"href":"https:\/\/jag.se\/assistans\/wp-json\/wp\/v2\/media?parent=13372"}],"curies":[{"name":"wp","href":"https:\/\/api.w.org\/{rel}","templated":true}]}}