{"id":14845,"date":"2025-10-24T08:31:21","date_gmt":"2025-10-24T08:31:21","guid":{"rendered":"https:\/\/jag.se\/assistans\/skane-2\/"},"modified":"2025-10-24T12:45:51","modified_gmt":"2025-10-24T12:45:51","slug":"norrbotten","status":"publish","type":"page","link":"https:\/\/jag.se\/assistans\/norrbotten\/","title":{"rendered":"Norrbotten"},"content":{"rendered":"<div class=\"yoast-breadcrumbs\">\t<div class=\"inner\">\n\t\t<span><span><a href=\"https:\/\/jag.se\">JAG start<\/a><\/span> &gt; <span><a href=\"https:\/\/jag.se\/assistans\/\">JAG Personlig assistans<\/a><\/span> &gt; <span class=\"breadcrumb_last\" aria-current=\"page\">Norrbotten<\/span><\/span>\t<\/div>\n<\/div>\n\n<section class=\"banner\">\n\t<img loading=\"lazy\" decoding=\"async\" width=\"2210\" height=\"917\" src=\"https:\/\/jag.se\/assistans\/wp-content\/uploads\/sites\/2\/2025\/10\/theo-lova-jag_foto-linnea-bengtsson-2048x3069pix-webb-5-kopiera-scaled-e1761298981920.webp\" class=\"bg-desktop\" alt=\"\" srcset=\"https:\/\/jag.se\/assistans\/wp-content\/uploads\/sites\/2\/2025\/10\/theo-lova-jag_foto-linnea-bengtsson-2048x3069pix-webb-5-kopiera-scaled-e1761298981920.webp 2210w, https:\/\/jag.se\/assistans\/wp-content\/uploads\/sites\/2\/2025\/10\/theo-lova-jag_foto-linnea-bengtsson-2048x3069pix-webb-5-kopiera-scaled-e1761298981920-300x124.webp 300w, https:\/\/jag.se\/assistans\/wp-content\/uploads\/sites\/2\/2025\/10\/theo-lova-jag_foto-linnea-bengtsson-2048x3069pix-webb-5-kopiera-scaled-e1761298981920-1024x425.webp 1024w, https:\/\/jag.se\/assistans\/wp-content\/uploads\/sites\/2\/2025\/10\/theo-lova-jag_foto-linnea-bengtsson-2048x3069pix-webb-5-kopiera-scaled-e1761298981920-768x319.webp 768w, https:\/\/jag.se\/assistans\/wp-content\/uploads\/sites\/2\/2025\/10\/theo-lova-jag_foto-linnea-bengtsson-2048x3069pix-webb-5-kopiera-scaled-e1761298981920-1536x637.webp 1536w, https:\/\/jag.se\/assistans\/wp-content\/uploads\/sites\/2\/2025\/10\/theo-lova-jag_foto-linnea-bengtsson-2048x3069pix-webb-5-kopiera-scaled-e1761298981920-2048x850.webp 2048w, https:\/\/jag.se\/assistans\/wp-content\/uploads\/sites\/2\/2025\/10\/theo-lova-jag_foto-linnea-bengtsson-2048x3069pix-webb-5-kopiera-scaled-e1761298981920-1920x797.webp 1920w, https:\/\/jag.se\/assistans\/wp-content\/uploads\/sites\/2\/2025\/10\/theo-lova-jag_foto-linnea-bengtsson-2048x3069pix-webb-5-kopiera-scaled-e1761298981920-241x100.webp 241w, https:\/\/jag.se\/assistans\/wp-content\/uploads\/sites\/2\/2025\/10\/theo-lova-jag_foto-linnea-bengtsson-2048x3069pix-webb-5-kopiera-scaled-e1761298981920-120x50.webp 120w, https:\/\/jag.se\/assistans\/wp-content\/uploads\/sites\/2\/2025\/10\/theo-lova-jag_foto-linnea-bengtsson-2048x3069pix-webb-5-kopiera-scaled-e1761298981920-540x224.webp 540w, https:\/\/jag.se\/assistans\/wp-content\/uploads\/sites\/2\/2025\/10\/theo-lova-jag_foto-linnea-bengtsson-2048x3069pix-webb-5-kopiera-scaled-e1761298981920-601x249.webp 601w, https:\/\/jag.se\/assistans\/wp-content\/uploads\/sites\/2\/2025\/10\/theo-lova-jag_foto-linnea-bengtsson-2048x3069pix-webb-5-kopiera-scaled-e1761298981920-150x62.webp 150w, https:\/\/jag.se\/assistans\/wp-content\/uploads\/sites\/2\/2025\/10\/theo-lova-jag_foto-linnea-bengtsson-2048x3069pix-webb-5-kopiera-scaled-e1761298981920-311x129.webp 311w, https:\/\/jag.se\/assistans\/wp-content\/uploads\/sites\/2\/2025\/10\/theo-lova-jag_foto-linnea-bengtsson-2048x3069pix-webb-5-kopiera-scaled-e1761298981920-369x153.webp 369w, https:\/\/jag.se\/assistans\/wp-content\/uploads\/sites\/2\/2025\/10\/theo-lova-jag_foto-linnea-bengtsson-2048x3069pix-webb-5-kopiera-scaled-e1761298981920-374x155.webp 374w, https:\/\/jag.se\/assistans\/wp-content\/uploads\/sites\/2\/2025\/10\/theo-lova-jag_foto-linnea-bengtsson-2048x3069pix-webb-5-kopiera-scaled-e1761298981920-121x50.webp 121w, https:\/\/jag.se\/assistans\/wp-content\/uploads\/sites\/2\/2025\/10\/theo-lova-jag_foto-linnea-bengtsson-2048x3069pix-webb-5-kopiera-scaled-e1761298981920-1350x560.webp 1350w\" sizes=\"auto, (max-width: 2210px) 100vw, 2210px\" \/><img loading=\"lazy\" decoding=\"async\" width=\"540\" height=\"489\" src=\"https:\/\/jag.se\/assistans\/wp-content\/uploads\/sites\/2\/2025\/10\/theo-lova-jag_foto-linnea-bengtsson-2048x3069pix-webb-5-1-scaled-e1761294986229-540x489.jpg\" class=\"bg-mobile\" alt=\"\" srcset=\"https:\/\/jag.se\/assistans\/wp-content\/uploads\/sites\/2\/2025\/10\/theo-lova-jag_foto-linnea-bengtsson-2048x3069pix-webb-5-1-scaled-e1761294986229-540x489.jpg 540w, https:\/\/jag.se\/assistans\/wp-content\/uploads\/sites\/2\/2025\/10\/theo-lova-jag_foto-linnea-bengtsson-2048x3069pix-webb-5-1-scaled-e1761294986229-300x272.jpg 300w, https:\/\/jag.se\/assistans\/wp-content\/uploads\/sites\/2\/2025\/10\/theo-lova-jag_foto-linnea-bengtsson-2048x3069pix-webb-5-1-scaled-e1761294986229-1024x928.jpg 1024w, https:\/\/jag.se\/assistans\/wp-content\/uploads\/sites\/2\/2025\/10\/theo-lova-jag_foto-linnea-bengtsson-2048x3069pix-webb-5-1-scaled-e1761294986229-768x696.jpg 768w, https:\/\/jag.se\/assistans\/wp-content\/uploads\/sites\/2\/2025\/10\/theo-lova-jag_foto-linnea-bengtsson-2048x3069pix-webb-5-1-scaled-e1761294986229-1536x1392.jpg 1536w, https:\/\/jag.se\/assistans\/wp-content\/uploads\/sites\/2\/2025\/10\/theo-lova-jag_foto-linnea-bengtsson-2048x3069pix-webb-5-1-scaled-e1761294986229-110x100.jpg 110w, https:\/\/jag.se\/assistans\/wp-content\/uploads\/sites\/2\/2025\/10\/theo-lova-jag_foto-linnea-bengtsson-2048x3069pix-webb-5-1-scaled-e1761294986229-120x109.jpg 120w, https:\/\/jag.se\/assistans\/wp-content\/uploads\/sites\/2\/2025\/10\/theo-lova-jag_foto-linnea-bengtsson-2048x3069pix-webb-5-1-scaled-e1761294986229-601x545.jpg 601w, https:\/\/jag.se\/assistans\/wp-content\/uploads\/sites\/2\/2025\/10\/theo-lova-jag_foto-linnea-bengtsson-2048x3069pix-webb-5-1-scaled-e1761294986229-150x136.jpg 150w, https:\/\/jag.se\/assistans\/wp-content\/uploads\/sites\/2\/2025\/10\/theo-lova-jag_foto-linnea-bengtsson-2048x3069pix-webb-5-1-scaled-e1761294986229-311x282.jpg 311w, https:\/\/jag.se\/assistans\/wp-content\/uploads\/sites\/2\/2025\/10\/theo-lova-jag_foto-linnea-bengtsson-2048x3069pix-webb-5-1-scaled-e1761294986229-369x334.jpg 369w, https:\/\/jag.se\/assistans\/wp-content\/uploads\/sites\/2\/2025\/10\/theo-lova-jag_foto-linnea-bengtsson-2048x3069pix-webb-5-1-scaled-e1761294986229-374x339.jpg 374w, https:\/\/jag.se\/assistans\/wp-content\/uploads\/sites\/2\/2025\/10\/theo-lova-jag_foto-linnea-bengtsson-2048x3069pix-webb-5-1-scaled-e1761294986229-55x50.jpg 55w, https:\/\/jag.se\/assistans\/wp-content\/uploads\/sites\/2\/2025\/10\/theo-lova-jag_foto-linnea-bengtsson-2048x3069pix-webb-5-1-scaled-e1761294986229-618x560.jpg 618w, https:\/\/jag.se\/assistans\/wp-content\/uploads\/sites\/2\/2025\/10\/theo-lova-jag_foto-linnea-bengtsson-2048x3069pix-webb-5-1-scaled-e1761294986229.jpg 1813w\" sizes=\"auto, (max-width: 540px) 100vw, 540px\" \/>\t<div class=\"inner\">\n\t\t\t\t\t<div class=\"text-block  none\">\n\t\t\t\t\t\t\t\t\t<h3>Har du flera stora funktionsneds\u00e4ttningar? <\/h3>\n\t\t\t\t\t\t\t\t\t<p data-start=\"1910\" data-end=\"2195\">D\u00e5 har du hamnat alldeles r\u00e4tt. JAG \u00e4r Sveriges st\u00f6rsta privata assistansanordnare som drivs utan vinstsyfte.<\/p>\n<p data-start=\"1910\" data-end=\"2195\">V\u00e5rt hj\u00e4rta klappar f\u00f6r Norrbotten och vi i finns h\u00e4r f\u00f6r dig oavsett var i l\u00e4net du bor.<\/p>\n\t\t\t\t<a href=\"https:\/\/outlook.office365.com\/book\/Medlemsrekrytering@jag.se\/\" target=\"_blank\" class=\"button inverted none\">Boka samtal om assistans<\/a> \t\t\t<\/div>\n\t\t\t\t<\/div>\n<\/section>\n\n\n\n<h1 class=\"wp-block-heading\">Personlig assistans i Norrbotten<\/h1>\n\n\n<section class=\"text-block white  \">\n    <div class=\"block-icon\"><\/div>\n\t<div class=\"inner\">\n\t\t<div class=\"text-block-content\">\n\t\t\t\t\t<h2 class=\"\">Hj\u00e4rtat klappar f\u00f6r Norrbotten <\/h2>\n\t\t\t\t\t<p data-start=\"431\" data-end=\"675\"><strong>Om du har flera stora funktionsneds\u00e4ttningar d\u00e4r en p\u00e5verkar den intellektuella f\u00f6rm\u00e5gan har du hamnat alldeles r\u00e4tt.<\/strong><\/p>\n<p data-start=\"431\" data-end=\"675\"><strong>Vi st\u00e5r vid din sida, b\u00e5de i vardagen och i kampen f\u00f6r att din r\u00e4tt till assistans ska vara trygg, nu och f\u00f6ralltid.<\/strong><\/p>\n<p data-start=\"677\" data-end=\"967\">Hos oss \u00e4r du som assistansanv\u00e4ndare huvudperson och assistansen formas efter dina \u00f6nskem\u00e5l. JAG Personlig assistans finns till f\u00f6r dig som beh\u00f6ver ett starkt st\u00f6d med arbetsledning, kontinuitet och bemanning av personer du har f\u00f6rtroende f\u00f6r och som finns n\u00e4ra dig.<\/p>\n<p data-start=\"969\" data-end=\"1148\">Vi finns \u00f6ver hela Norrbotten med assistansanv\u00e4ndare runt om i l\u00e4net, medarbetare i Lule\u00e5 och Pite\u00e5 och en vd som kommer fr\u00e5n Boden.<\/p>\n<p data-start=\"1150\" data-end=\"1436\">Som en icke-vinstdrivande anordnare lovar vi att s\u00e5 mycket som m\u00f6jligt av din assistansers\u00e4ttning anv\u00e4nds just till det den \u00e4r till f\u00f6r \u2013 <strong>din assistans. <\/strong>Hos oss finner du trygg personlig assistans fr\u00e5n ett kooperativ d\u00e4r hj\u00e4rtat klappar lite extra f\u00f6r Norrbotten. \u2764\ufe0f<\/p>\n\t\t<\/div>\n<\/section>\n\n\n<section class=\"text-block ocean  \">\n    <div class=\"block-icon\"><\/div>\n\t<div class=\"inner\">\n\t\t<div class=\"text-block-content\">\n\t\t\t\t\t<h2 class=\"\">Vill du veta om vi passar f\u00f6r dig? <\/h2>\n\t\t\t\t\t<p>\u00a0D\u00e5 finns vi h\u00e4r f\u00f6r dig f\u00f6r att svara p\u00e5 dina fr\u00e5gor. Ring\u00a0 <a href=\"tel:08-789 30 03\">08-789 30 03<\/a> eller <a href=\"https:\/\/outlook.office365.com\/book\/Medlemsrekrytering@jag.se\/\">boka ett digitalt samtal. <\/a><\/p>\n<p>Det \u00e4r oss du tr\u00e4ffar n\u00e4r du h\u00f6r av dig:<\/p>\n<img decoding=\"async\" class=\"wp-image-12430 aligncenter\" src=\"https:\/\/jag.se\/assistans\/wp-content\/uploads\/sites\/2\/2025\/04\/medlemsrek_2025-kopiera.webp\" \/>\n<p>&nbsp;<\/p>\n<p><strong>Carina Ingren<\/strong>\u00a0<a href=\"tel:076-545 30 30\">076-545 30 30<\/a><\/p>\n<p><strong>Solveig Tillander<\/strong>\u00a0<a href=\"tel:076-545 30 42\">076-545 30 42<\/a>\u00a0<\/p>\n<p><strong>Cecilia Wiest\u00e5l<\/strong>\u00a0<a href=\"tel:076-545 30 71\">076-545 30 71<\/a><\/p>\n<p><strong>Hansine Hjellum<\/strong>\u00a0<a href=\"tel:076-545 30 72\">076-545 30 72<\/a><\/p>\n<p>&nbsp;<\/p>\n<p>Vill du veta mer innan du kontaktar oss kan du titta p\u00e5 v\u00e5ra f\u00f6rel\u00e4sningar om anordnarbyte och juridiskt st\u00f6d:\u00a0<\/p>\n<p><strong><a href=\"https:\/\/sv-se.eu.invajo.com\/event\/jagpersonligassistans\/attbytatilljagsomassistansanordnarevadinnebardet.2\">Att byta till JAG som assistansanordnare &#8211; vad inneb\u00e4r det? (30 min)<\/a><\/strong><\/p>\n<p><strong><a href=\"https:\/\/sv-se.eu.invajo.com\/event\/jagpersonligassistans\/omjuridisktstodvidansokanompersonligassistans\">Juridiskt st\u00f6d f\u00f6r att ans\u00f6ka om personlig assistans (30 min)<\/a><\/strong><\/p>\n\t\t<\/div>\n<\/section>\n\n\n<section class=\"text-block white  \">\n    <div class=\"block-icon\"><\/div>\n\t<div class=\"inner\">\n\t\t<div class=\"text-block-content\">\n\t\t\t\t\t<h2 class=\"\">Teo Lindgren<\/h2>\n\t\t\t\t\t<p>Teo Lindgren bor i Pite\u00e5 och \u00e4r assistansanv\u00e4ndare i JAG.\u00a0<\/p>\n<p>Sommaren 2025 var Teo med i YouTube-serien <strong>K\u00e4ra assistent<\/strong> d\u00e4r man fick f\u00f6lja Teo, tillsammans med hans personliga assistent Lova Nordkvist, i vardagen. I avsnitten \u00e5ker de bland annat p\u00e5 en sommarutflykt till Boden och g\u00e5r p\u00e5 bal. M\u00f6t Teo i f\u00f6rsta avsnittet l\u00e4ngre ner!<\/p>\n<p>&nbsp;<\/p>\n<img decoding=\"async\" src=\"https:\/\/jag.se\/assistans\/wp-content\/uploads\/sites\/2\/2025\/10\/theo-lova-jag_foto-linnea-bengtsson-2048x3069pix-webb-1-scaled-e1761296939838.jpg\" \/>\n\t\t<\/div>\n<\/section>\n\n\n<section class=\"text-block vvb-rose  \">\n    <div class=\"block-icon\"><\/div>\n\t<div class=\"inner\">\n\t\t<div class=\"text-block-content\">\n\t\t\t\t\t<h2 class=\"\">Tr\u00e4ffpunkt Lule\u00e5<\/h2>\n\t\t\t\t\t<p>I Lule\u00e5 har<strong> F\u00f6reningen JAG Norrbotten<\/strong> en tr\u00e4ffpunkt d\u00e4r de aktivt arbetar med gemenskapen och arrangerar olika tr\u00e4ffar och fester under \u00e5ret. Det g\u00e5r ocks\u00e5 att anv\u00e4nda tr\u00e4ffpunkterna f\u00f6r arbetsintervjuer och m\u00f6ten inom assistansen. Tr\u00e4ffpunkten har adressen K\u00f6pmangatan 53A i Lule\u00e5.\u00a0<\/p>\n<p><span lang=\"SV\">Styrelsen i F\u00f6reningen JAG Norrbotten best\u00e5r av ordf\u00f6rande\u00a0<span class=\"ui-provider ep bee bef beg beh bei bej bek bel bem ben beo bep beq ber bes bet beu bev bew bex bey bez bfa bfb bfc bfd bfe bff bfg bfh bfi bfj bfk bfl\" dir=\"ltr\">Nadia Isaksson och ledamot Mattias Franz\u00e9n. <\/span><span class=\"ui-provider ep bee bef beg beh bei bej bek bel bem ben beo bep beq ber bes bet beu bev bew bex bey bez bfa bfb bfc bfd bfe bff bfg bfh bfi bfj bfk bfl\" dir=\"ltr\">Om du vill komma i kontakt med f\u00f6reningen kan du mejla Nadia p\u00e5 <a href=\"mailto:nadiaisaksson1992@gmail.com\">nadiaisaksson1992@gmail.com<\/a>.\u00a0<\/span><\/span><\/p>\n<p>&nbsp;<\/p>\n<img decoding=\"async\" class=\"aligncenter\" src=\"https:\/\/jag.se\/assistans\/wp-content\/uploads\/sites\/2\/2025\/10\/lulea.webp\" \/>\n\t\t<\/div>\n<\/section>\n\n\n<section class=\"text-block pink  \">\n    <div class=\"block-icon\"><\/div>\n\t<div class=\"inner\">\n\t\t<div class=\"text-block-content\">\n\t\t\t\t\t<h2 class=\"\">Passion och p\u00e5verkan <\/h2>\n\t\t\t\t\t<p>Riksf\u00f6reningen\u00a0 JAG jobbar uth\u00e5lligt och passionerat f\u00f6r att barn, ungdomar och vuxna med stora funktionsneds\u00e4ttningar varav en \u00e4r den intellektuella f\u00f6rm\u00e5gan, nu och i framtiden, ska ha r\u00e4tt till personlig assistans.\u00a0<\/p>\n<p><a href=\"https:\/\/jag.se\/opinion\/\" target=\"_blank\" rel=\"noopener\">Vill du veta mer om Riksf\u00f6reningen JAG? L\u00e4s vidare h\u00e4r!<\/a><\/p>\n<p>&nbsp;<\/p>\n<img decoding=\"async\" class=\"aligncenter\" src=\"https:\/\/jag.se\/assistans\/wp-content\/uploads\/sites\/2\/2025\/04\/a03677c1a41d5e24_org-9-scaled-kopiera.webp\" \/>\n\t\t<\/div>\n<\/section>\n\n\n<section class=\"text-block vvb-rose  \">\n    <div class=\"block-icon\"><\/div>\n\t<div class=\"inner\">\n\t\t<div class=\"text-block-content\">\n\t\t\t\t\t<h2 class=\"\">Utbildningar inom personlig assistans<\/h2>\n\t\t\t\t\t<p>Vi erbjuder utbildningar inom personlig assistans f\u00f6r:<\/p>\n<ul>\n<li>assistansanv\u00e4ndare<\/li>\n<li>assistenter<\/li>\n<li>arbetsledare<\/li>\n<li>f\u00f6retr\u00e4dare\/gode m\u00e4n<\/li>\n<\/ul>\n<p>I utbildningarna f\u00e5r du m\u00f6ta m\u00e4nniskor med olika kompetenser och erfarenheter. De som f\u00f6rel\u00e4ser kan vara externa f\u00f6rel\u00e4sare, r\u00e5dgivare fr\u00e5n JAG Personlig assistans, assistansanv\u00e4ndare, assistenter eller arbetsledare.<\/p>\n<p>M\u00e5nga utbildningar \u00e4r webbaserade men vi erbjuder \u00e4ven fysiska utbildningar i v\u00e5ra kurslokaler i Stockholm och p\u00e5 v\u00e5ra tr\u00e4ffpunkter ute i landet.\u00a0<\/p>\n<p>&nbsp;<\/p>\n<img loading=\"lazy\" decoding=\"async\" class=\"aligncenter\" src=\"https:\/\/jag.se\/assistans\/wp-content\/uploads\/sites\/2\/2025\/04\/simon_utb-e1740048390388-kopiera-1.webp\" width=\"491\" height=\"350\" \/>\n\t\t<\/div>\n<\/section>\n\n\n<section class=\"text-block white  \">\n    <div class=\"block-icon\"><\/div>\n\t<div class=\"inner\">\n\t\t<div class=\"text-block-content\">\n\t\t\t\t\t<h2 class=\"\">Teo Lindgren i K\u00e4ra assistent<\/h2>\n\t\t\t\t\t<p><span class=\"yt-core-attributed-string--link-inherit-color\" dir=\"auto\"><a class=\"yt-core-attributed-string__link yt-core-attributed-string__link--call-to-action-color\" href=\"https:\/\/www.youtube.com\/hashtag\/k%C3%A4raassistent\" target=\"\">#K\u00e4raAssistent<\/a><\/span><span class=\"yt-core-attributed-string--link-inherit-color\" dir=\"auto\">, en serie &#8211; om livet, v\u00e4nner, vardag och fest. Personlig assistans g\u00f6r livet m\u00f6jligt n\u00e4r du har stora funktionsneds\u00e4ttningar. Som personlig assistent g\u00f6r du skillnad varje dag i en annan m\u00e4nniskas liv. <a href=\"https:\/\/youtube.com\/@jagpersonligassistans?si=MtszCzwclNVo0nAg\" target=\"_blank\" rel=\"noopener\">Du hittar alla avsnitt p\u00e5 v\u00e5r Youtube.<\/a><\/span><\/p>\n\t\t<\/div>\n<\/section>\n\n\n\n<figure class=\"wp-block-embed aligncenter is-type-video is-provider-youtube wp-block-embed-youtube wp-embed-aspect-16-9 wp-has-aspect-ratio\"><div class=\"wp-block-embed__wrapper\">\n<iframe loading=\"lazy\" title=\"#K\u00e4rassistent s\u00e4song 8 del 1\" width=\"500\" height=\"281\" src=\"https:\/\/www.youtube.com\/embed\/na2xarUwyF8?feature=oembed\" frameborder=\"0\" allow=\"accelerometer; autoplay; clipboard-write; encrypted-media; gyroscope; picture-in-picture; web-share\" referrerpolicy=\"strict-origin-when-cross-origin\" allowfullscreen><\/iframe>\n<\/div><\/figure>\n\n\n\t<section class=\"job-bubbles\">\n\t\t<div class=\"inner\">\n\t\t\t<div class=\"bubbles-wrap\">\n\t\t\t\t\t\t\t<div class=\"bubble bubble-1\">\n\t\t\t\t\tMed en fungerande assistans blir det ju verkligen att leva&#8230;\t\t\t\t<\/div>\n\t\t\t\t\t\t\t\t<div class=\"bubble bubble-2\">\n\t\t\t\t\t&#8230;och det \u00e4r det som \u00e4r den stora skillnaden. \t\t\t\t<\/div>\n\t\t\t\t\t\t\t<\/div>\n\t\t<\/div>\n\t<\/section>\n\t\n\n<section class=\"links-list white-bg\">\n\t<div class=\"inner\">\n\t\t\t\t<ul >\n\t\t\t\t\t\t\t<li><a href=\"https:\/\/outlook.office365.com\/book\/Medlemsrekrytering@jag.se\/\">Boka samtal om assistans<\/a><\/li>\n\t\t\t\t\t\t\t\t<li><a href=\"https:\/\/jag.se\/assistans\/vart-erbjudande\/\">V\u00e5rt erbjudande<\/a><\/li>\n\t\t\t\t\t\t\t\t<li><a href=\"https:\/\/jag.se\/assistans\/juridisk-radgivning\/\">Juridiska r\u00e5dgivning<\/a><\/li>\n\t\t\t\t\t\t\t\t<li><a href=\"https:\/\/jag.se\/assistans\/byta-assistansanordnare\/\">Byta till oss som assistansanordnare<\/a><\/li>\n\t\t\t\t\t\t<\/ul>\n\t\t\t\t<\/div>\n<\/section>\n\n\n","protected":false},"excerpt":{"rendered":"<p>Personlig assistans i Norrbotten<\/p>\n","protected":false},"author":12,"featured_media":0,"parent":0,"menu_order":34,"comment_status":"closed","ping_status":"closed","template":"","meta":{"footnotes":""},"class_list":["post-14845","page","type-page","status-publish","hentry"],"acf":[],"_links":{"self":[{"href":"https:\/\/jag.se\/assistans\/wp-json\/wp\/v2\/pages\/14845","targetHints":{"allow":["GET"]}}],"collection":[{"href":"https:\/\/jag.se\/assistans\/wp-json\/wp\/v2\/pages"}],"about":[{"href":"https:\/\/jag.se\/assistans\/wp-json\/wp\/v2\/types\/page"}],"author":[{"embeddable":true,"href":"https:\/\/jag.se\/assistans\/wp-json\/wp\/v2\/users\/12"}],"replies":[{"embeddable":true,"href":"https:\/\/jag.se\/assistans\/wp-json\/wp\/v2\/comments?post=14845"}],"version-history":[{"count":78,"href":"https:\/\/jag.se\/assistans\/wp-json\/wp\/v2\/pages\/14845\/revisions"}],"predecessor-version":[{"id":14939,"href":"https:\/\/jag.se\/assistans\/wp-json\/wp\/v2\/pages\/14845\/revisions\/14939"}],"wp:attachment":[{"href":"https:\/\/jag.se\/assistans\/wp-json\/wp\/v2\/media?parent=14845"}],"curies":[{"name":"wp","href":"https:\/\/api.w.org\/{rel}","templated":true}]}}