{"id":2597,"date":"2022-04-06T11:44:59","date_gmt":"2022-04-06T11:44:59","guid":{"rendered":"https:\/\/jag.se\/assistans\/vart-erbjudande-2\/"},"modified":"2024-04-11T08:37:47","modified_gmt":"2024-04-11T08:37:47","slug":"assistansavtal","status":"publish","type":"page","link":"https:\/\/jag.se\/assistans\/assistansavtal\/","title":{"rendered":"Assistansavtal"},"content":{"rendered":"<div class=\"yoast-breadcrumbs\">\t<div class=\"inner\">\n\t\t<span><span><a href=\"https:\/\/jag.se\">JAG start<\/a><\/span> &gt; <span><a href=\"https:\/\/jag.se\/assistans\/\">JAG Personlig assistans<\/a><\/span> &gt; <span class=\"breadcrumb_last\" aria-current=\"page\">Assistansavtal<\/span><\/span>\t<\/div>\n<\/div>\n\n\n<h1 class=\"wp-block-heading\">Assistansavtal<\/h1>\n\n\n<section class=\"text-block white  \">\n    <div class=\"block-icon\"><\/div>\n\t<div class=\"inner\">\n\t\t<div class=\"text-block-content\">\n\t\t\t\t\t<h2 class=\"\">Parter:<\/h2>\n\t\t\t\t\t<ul>\n<li><strong>Uppdragsgivare:<\/strong><br \/>Namn, Personnummer<br \/>Adress<\/li>\n<li><strong>Assistansanordnare:<\/strong><br \/>Brukarkooperativet JAG Personlig Assistans AB (\u201dJAG\u201d), <br \/>Organisationsnummer 556704-9332,<br \/>Bes\u00f6ksadress: Klara S\u00f6dra Kyrkogata 1, Stockholm,<br \/>Postadress: Box 16145, 103 23 Stockholm<\/li>\n<\/ul>\n<p><strong>Avtalet g\u00e4ller fr\u00e5n och med:<\/strong> Datum<\/p>\n\t\t<\/div>\n<\/section>\n\n\n<section class=\"text-block white  \">\n    <div class=\"block-icon\"><\/div>\n\t<div class=\"inner\">\n\t\t<div class=\"text-block-content\">\n\t\t\t\t\t<h2 class=\"\">\u00a7 1 Anordnande av personlig assistans<\/h2>\n\t\t\t\t\t<p>Parterna \u00f6verenskommer h\u00e4rmed om att JAG ska anordna personlig assistans till Uppdragsgivaren enligt de villkor som anges i detta avtal.<\/p>\n\t\t<\/div>\n<\/section>\n\n\n<section class=\"text-block white  \">\n    <div class=\"block-icon\"><\/div>\n\t<div class=\"inner\">\n\t\t<div class=\"text-block-content\">\n\t\t\t\t\t<h2 class=\"\">\u00a7 2 Grundl\u00e4ggande f\u00f6ruts\u00e4ttningar f\u00f6r avtalet<\/h2>\n\t\t\t\t\t<p><em>Medlemskap i Brukarkooperativet JAG <\/em><\/p>\n<p>Brukarkooperativet JAG \u00e4r en ideell f\u00f6rening f\u00f6r personer med stora funktionsneds\u00e4ttningar som har till \u00e4ndam\u00e5l att arbeta f\u00f6r att medlemmarna ska ha m\u00f6jlighet till ett gott liv. Brukarkooperativet JAG bedriver assistansverksamhet genom sitt hel\u00e4gda <br \/>dotterbolag Brukarkooperativet JAG Personlig Assistans AB.<\/p>\n<p><em>Servicegaranti <\/em><\/p>\n<p>JAGs servicegaranti \u00e4r en reglering av ansvarsf\u00f6rdelningen i Uppdragsgivarens personliga assistans. Genom servicegarantin s\u00e4kerst\u00e4lls ansvaret f\u00f6r kvalitet och kontinuitet i servicen.<\/p>\n<p>Det ska vid varje tidpunkt under assistansuppdraget finnas ett g\u00e4llande avtal mellan Brukarkooperativet JAG och en personlig arbetsledare, eller en \u00f6verenskommelse om Trygghet som inneb\u00e4r att Trygghet helt eller delvis ansvarar f\u00f6r arbetsledningen i assistansen. Om dessa f\u00f6ruts\u00e4ttningar inte \u00e4r uppfyllda har JAG utan hinder av 8 \u00a7, inte n\u00e5gra skyldigheter enligt detta avtal.<\/p>\n\t\t<\/div>\n<\/section>\n\n\n<section class=\"text-block white  \">\n    <div class=\"block-icon\"><\/div>\n\t<div class=\"inner\">\n\t\t<div class=\"text-block-content\">\n\t\t\t\t\t<h2 class=\"\">\u00a7 3 JAGs \u00e5tagande<\/h2>\n\t\t\t\t\t<p>JAG \u00e5tar sig att vara assistansanordnare f\u00f6r Uppdragsgivarens personliga assistans, vilket inneb\u00e4r att<\/p>\n<ul>\n<li>vara arbetsgivare f\u00f6r de personliga assistenter som anst\u00e4lls f\u00f6r assistansen,<\/li>\n<li>ansvara f\u00f6r arbetsledningen f\u00f6r de anst\u00e4llda personliga assistenterna genom avtal om personlig arbetsledning eller \u00f6verenskommelse om Trygghet, utifr\u00e5n Uppdragsgivarens val,<\/li>\n<li>f\u00f6r de personliga assistenterna till\u00e4mpa villkor enligt kollektivavtal mellan arbetsgivarorganisation och arbetstagarorganisation,<\/li>\n<li>i verksamheten arbeta f\u00f6r att Uppdragsgivaren ska uppn\u00e5 den m\u00e5ls\u00e4ttning som anges i Brukarkooperativet JAGs stadgar och i lagen om st\u00f6d och service till funktionshindrade (LSS),<\/li>\n<li>arbeta f\u00f6r att Uppdragsgivarens personliga assistans ska vara personligt utformad och \u00e4ven i \u00f6vrigt vara av god kvalitet,<\/li>\n<li>f\u00f6lja lagar och regler p\u00e5 assistansomr\u00e5det, och samarbeta med Uppdragsgivaren f\u00f6r att uppn\u00e5 en v\u00e4l fungerande personlig assistans.<\/li>\n<li>bist\u00e5 Uppdragsgivaren med de uppgifter om assistansen som beh\u00f6vs f\u00f6r redovisning till beviljande myndighet.<\/li>\n<li>ansvara f\u00f6r att ha erforderligt tillst\u00e5nd f\u00f6r att bedriva personlig assistans enligt LSS, och ska utan dr\u00f6jsm\u00e5l informera Uppdragsgivaren om tillst\u00e5ndet upph\u00f6r.<\/li>\n<\/ul>\n\t\t<\/div>\n<\/section>\n\n\n<section class=\"text-block white  \">\n    <div class=\"block-icon\"><\/div>\n\t<div class=\"inner\">\n\t\t<div class=\"text-block-content\">\n\t\t\t\t\t<h2 class=\"\">\u00a7 4 Uppdragsgivarens \u00e5tagande<\/h2>\n\t\t\t\t\t<p>Uppdragsgivaren \u00e5tar sig att utge ers\u00e4ttning till JAG f\u00f6r de assistanstimmar som hen anv\u00e4nder.<\/p>\n<p>Ers\u00e4ttningen f\u00f6r utf\u00f6rd assistans ska utges i form av en avgift per timme till JAG. Avgiften uppg\u00e5r till det av regeringen fastst\u00e4llda schablonbeloppet f\u00f6r den statliga assistansers\u00e4ttningen eller det h\u00f6gre timbelopp som myndighet beviljat. Ers\u00e4ttningen faktureras <br \/>m\u00e5nadsvis och ber\u00e4knas utifr\u00e5n f\u00f6reg\u00e5ende m\u00e5nads anv\u00e4nda assistanstimmar.<\/p>\n<p>Om Uppdragsgivaren underl\u00e5ter att utge ers\u00e4ttning till JAG enligt ovanst\u00e5ende villkor har JAG, utan hinder av 8 \u00a7, r\u00e4tt att fr\u00e5ntr\u00e4da assistansavtalet med omedelbar verkan.<\/p>\n<p>Uppdragsgivaren ska ge JAG den information som \u00e4r n\u00f6dv\u00e4ndig f\u00f6r att JAG ska kunna ta sitt ansvar som arbetsgivare och assistansanordnare, och \u00e4ven i \u00f6vrigt samarbeta med JAG f\u00f6r att uppn\u00e5 en v\u00e4l fungerande personlig assistans.<\/p>\n<p>Om Uppdragsgivarens r\u00e4tt till ers\u00e4ttning f\u00f6r personlig assistans fr\u00e5n myndighet upph\u00f6r eller f\u00f6r\u00e4ndras ska hen utan dr\u00f6jsm\u00e5l meddela JAG detta.<\/p>\n\t\t<\/div>\n<\/section>\n\n\n<section class=\"text-block white  \">\n    <div class=\"block-icon\"><\/div>\n\t<div class=\"inner\">\n\t\t<div class=\"text-block-content\">\n\t\t\t\t\t<h2 class=\"\">\u00a7 5 Planering av kostnader i assistansen<\/h2>\n\t\t\t\t\t<p>Mellan Uppdragsgivaren och JAG uppr\u00e4ttas en ekonomisk planering f\u00f6r assistansmedlens f\u00f6rdelning mellan olika kostnadsslag i assistansen. Planeringen g\u00f6rs inom ramen f\u00f6r beviljad ers\u00e4ttning och JAGs fastst\u00e4llda avgifter f\u00f6r respektive \u00e5r samt utifr\u00e5n Uppdragsgivarens \u00f6nskem\u00e5l, och uppdateras \u00e5rligen. Eventuell \u00f6verenskommelse om Trygghet g\u00f6rs i till\u00e4ggsavtal till Assistansavtalet.<\/p>\n\t\t<\/div>\n<\/section>\n\n\n<section class=\"text-block white  \">\n    <div class=\"block-icon\"><\/div>\n\t<div class=\"inner\">\n\t\t<div class=\"text-block-content\">\n\t\t\t\t\t<h2 class=\"\">\u00a7 6 Tystnadsplikt<\/h2>\n\t\t\t\t\t<p>JAG har tystnadsplikt enligt 29 \u00a7 LSS r\u00f6rande uppgifter om Uppdragsgivarens personliga f\u00f6rh\u00e5llanden som JAG f\u00e5r del av under assistansuppdraget eller d\u00e4refter.<\/p>\n\t\t<\/div>\n<\/section>\n\n\n<section class=\"text-block white  \">\n    <div class=\"block-icon\"><\/div>\n\t<div class=\"inner\">\n\t\t<div class=\"text-block-content\">\n\t\t\t\t\t<h2 class=\"\">\u00a7 7 Personuppgifter<\/h2>\n\t\t\t\t\t<p>Genom undertecknande av detta avtal bekr\u00e4ftar Uppdragsgivaren att hen \u00e4r informerad om att JAG behandlar hens personuppgifter i den utstr\u00e4ckning som kr\u00e4vs f\u00f6r fullg\u00f6rande av JAGs \u00e5taganden enligt detta avtal. Vid behandling av personuppgifter ska JAG uppfylla de krav som st\u00e4lls i till\u00e4mplig personuppgiftslagstiftning och i LSS. Personuppgifter sparas endast s\u00e5 l\u00e4nge som de beh\u00f6vs f\u00f6r att JAG ska kunna fullg\u00f6ra uppdraget enligt detta avtal och gallras d\u00e4refter i enlighet med till\u00e4mpliga best\u00e4mmelser i LSS, bokf\u00f6ringslagen och annan till\u00e4mplig lagstiftning. Mer information om JAGs hantering av personuppgifter finns i g\u00e4llande personuppgiftspolicy.<\/p>\n\t\t<\/div>\n<\/section>\n\n\n<section class=\"text-block white  \">\n    <div class=\"block-icon\"><\/div>\n\t<div class=\"inner\">\n\t\t<div class=\"text-block-content\">\n\t\t\t\t\t<h2 class=\"\">\u00a7 8 Avtalstid och upps\u00e4gning<\/h2>\n\t\t\t\t\t<p>Avtalet l\u00f6per tills vidare med en \u00f6msesidig upps\u00e4gningstid om tre m\u00e5nader r\u00e4knat fr\u00e5n den dag upps\u00e4gningen var den andra parten tillhanda. Upps\u00e4gning ska g\u00f6ras skriftligt.<\/p>\n\t\t<\/div>\n<\/section>\n\n\n<section class=\"text-block white  \">\n    <div class=\"block-icon\"><\/div>\n\t<div class=\"inner\">\n\t\t<div class=\"text-block-content\">\n\t\t\t\t\t<h2 class=\"\">\u00a7 9 Signering<\/h2>\n\t\t\t\t\t<p>Avtalet signeras elektroniskt av parterna.<\/p>\n\t\t<\/div>\n<\/section>\n\n\n<section class=\"links-list white-bg\">\n\t<div class=\"inner\">\n\t\t\t\t<ul >\n\t\t\t\t\t\t\t<li><a href=\"https:\/\/jag.se\/assistans\/vart-erbjudande\/\">Att ha sin assistans hos oss<\/a><\/li>\n\t\t\t\t\t\t\t\t<li><a href=\"https:\/\/jag.se\/assistans\/assistans-till-barn\/\">Assistans till barn<\/a><\/li>\n\t\t\t\t\t\t\t\t<li><a href=\"https:\/\/jag.se\/assistans\/juridisk-radgivning\/\">Juridisk r\u00e5dgivning<\/a><\/li>\n\t\t\t\t\t\t<\/ul>\n\t\t\t\t<\/div>\n<\/section>\n","protected":false},"excerpt":{"rendered":"<p>Assistansavtal<\/p>\n","protected":false},"author":12,"featured_media":0,"parent":0,"menu_order":42,"comment_status":"closed","ping_status":"closed","template":"","meta":{"footnotes":""},"class_list":["post-2597","page","type-page","status-publish","hentry"],"acf":[],"_links":{"self":[{"href":"https:\/\/jag.se\/assistans\/wp-json\/wp\/v2\/pages\/2597","targetHints":{"allow":["GET"]}}],"collection":[{"href":"https:\/\/jag.se\/assistans\/wp-json\/wp\/v2\/pages"}],"about":[{"href":"https:\/\/jag.se\/assistans\/wp-json\/wp\/v2\/types\/page"}],"author":[{"embeddable":true,"href":"https:\/\/jag.se\/assistans\/wp-json\/wp\/v2\/users\/12"}],"replies":[{"embeddable":true,"href":"https:\/\/jag.se\/assistans\/wp-json\/wp\/v2\/comments?post=2597"}],"version-history":[{"count":113,"href":"https:\/\/jag.se\/assistans\/wp-json\/wp\/v2\/pages\/2597\/revisions"}],"predecessor-version":[{"id":10940,"href":"https:\/\/jag.se\/assistans\/wp-json\/wp\/v2\/pages\/2597\/revisions\/10940"}],"wp:attachment":[{"href":"https:\/\/jag.se\/assistans\/wp-json\/wp\/v2\/media?parent=2597"}],"curies":[{"name":"wp","href":"https:\/\/api.w.org\/{rel}","templated":true}]}}