{"id":2791,"date":"2022-04-12T07:55:09","date_gmt":"2022-04-12T07:55:09","guid":{"rendered":"https:\/\/jag.se\/assistans\/?page_id=2791"},"modified":"2023-08-08T09:12:11","modified_gmt":"2023-08-08T09:12:11","slug":"utbildningar-inom-personlig-assistans","status":"publish","type":"page","link":"https:\/\/jag.se\/assistans\/utbildningar-inom-personlig-assistans\/","title":{"rendered":"Utbildningar inom personlig assistans"},"content":{"rendered":"<div class=\"yoast-breadcrumbs\">\t<div class=\"inner\">\n\t\t<span><span><a href=\"https:\/\/jag.se\">JAG start<\/a><\/span> &gt; <span><a href=\"https:\/\/jag.se\/assistans\/\">JAG Personlig assistans<\/a><\/span> &gt; <span class=\"breadcrumb_last\" aria-current=\"page\">Utbildningar inom personlig assistans<\/span><\/span>\t<\/div>\n<\/div>\n\n\n<h1 class=\"wp-block-heading\">Utbildningar inom personlig assistans<\/h1>\n\n\n<section class=\"text-block white  \">\n    <div class=\"block-icon\"><\/div>\n\t<div class=\"inner\">\n\t\t<div class=\"text-block-content\">\n\t\t\t\t<p>Hos oss hittar du utbildningar inom personlig assistans f\u00f6r:<\/p>\n<ul>\n<li>assistansanv\u00e4ndare<\/li>\n<li>assistenter<\/li>\n<li>arbetsledare<\/li>\n<li>f\u00f6retr\u00e4dare\/gode m\u00e4n<\/li>\n<\/ul>\n<p>Utbildningarnas syfte \u00e4r utveckling och \u00f6kad kvalitet i assistanserna. Det assistansn\u00e4ra perspektivet \u00e4r utg\u00e5ngspunkten f\u00f6r all v\u00e5r utbildning. Det bidrar till att utveckla assistansen och ger \u00e4ven \u00f6kad kvalitet f\u00f6r assistansanv\u00e4ndaren.<\/p>\n<p>I v\u00e5ra utbildningar inom personlig assistans m\u00f6ter du m\u00e4nniskor med olika kompetenser och erfarenheter inom sina specialomr\u00e5den. De som f\u00f6rel\u00e4ser kan vara externa f\u00f6rel\u00e4sare, r\u00e5dgivare fr\u00e5n JAG Personlig assistans, assistansanv\u00e4ndare, assistenter eller arbetsledare.<\/p>\n<p>M\u00e5nga utbildningar \u00e4r webbaserade men kompletteras av utbildningar i v\u00e5ra kurslokaler i Stockholm och p\u00e5 v\u00e5ra tr\u00e4ffpunkter ute i landet. Du kan delta p\u00e5 distans p\u00e5 de flesta utbildningar. Det g\u00f6r du hemma vid din egen dator eller p\u00e5 till exempel en av v\u00e5ra tr\u00e4ffpunkter.<\/p>\n<p>Genom\u00a0utbildning,\u00a0r\u00e5dgivning,\u00a0handledning\u00a0och\u00a0m\u00f6ten med andra i liknande situation\u00a0f\u00e5r du st\u00f6d att hitta din v\u00e4g och dina l\u00f6sningar i assistansen.<\/p>\n\t\t<\/div>\n<\/section>\n\n\n<section class=\"links-list white-bg\">\n\t<div class=\"inner\">\n\t\t\t\t<ul >\n\t\t\t\t\t\t\t<li><a href=\"https:\/\/jag.se\/assistans\/utbildning\/\">Aktuella utbildningar f\u00f6r v\u00e5ra anst\u00e4llda<\/a><\/li>\n\t\t\t\t\t\t<\/ul>\n\t\t\t\t<\/div>\n<\/section>\n\n\n<section class=\"text-block pink  \">\n    <div class=\"block-icon\"><\/div>\n\t<div class=\"inner\">\n\t\t<div class=\"text-block-content\">\n\t\t\t\t\t<h2 class=\"\">Utbildningsgaranti f\u00f6r nyanst\u00e4llda personliga assistenter<\/h2>\n\t\t\t\t\t<p>Det \u00e4r viktigt att dina assistenter f\u00e5r en genomt\u00e4nkt introduktion. Hos oss f\u00e5r alla nyanst\u00e4llda den praktiska introduktion som beh\u00f6vs. Det inneb\u00e4r att de g\u00e5r dubbelt med en erfaren assistent under det antal timmar som beh\u00f6vs och det budgeterats f\u00f6r. I introduktionen ing\u00e5r \u00e4ven en webbkurs med reflektionsfr\u00e5gor. Senare kan \u00e5terkommande handledning och fortbildning f\u00f6r dina assistenter beh\u00f6vas.<\/p>\n\t\t<\/div>\n<\/section>\n\n\n<section class=\"text-block white  \">\n    <div class=\"block-icon\"><\/div>\n\t<div class=\"inner\">\n\t\t<div class=\"text-block-content\">\n\t\t\t\t\t<h2 class=\"\">Ekonomisk planering f\u00f6r utbildning och handledning<\/h2>\n\t\t\t\t\t<p>En del av v\u00e5ra utbildningar ing\u00e5r i administrationsavgiften, andra bekostas med assistansers\u00e4ttningen. Tillsammans med din r\u00e5dgivare hos oss g\u00f6r du en ekonomisk planering d\u00e4r du prioriterar hur stor del av assistansomkostnaderna som ska anv\u00e4ndas f\u00f6r utbildning och handledning. Det g\u00e4ller\u202ff\u00f6r utbildningar b\u00e5de hos oss och andra.<\/p>\n\t\t<\/div>\n<\/section>\n\n\n\n<h2 class=\"wp-block-heading has-text-align-center\">Smakprov p\u00e5 v\u00e5ra webbutbildningar inom personlig assistans<\/h2>\n\n\n\n<figure class=\"wp-block-embed aligncenter is-type-video is-provider-youtube wp-block-embed-youtube wp-embed-aspect-16-9 wp-has-aspect-ratio\"><div class=\"wp-block-embed__wrapper\">\n<iframe loading=\"lazy\" title=\"Personlig assistans med respekt f\u00f6r integritet och tystnadsplikt\" width=\"500\" height=\"281\" src=\"https:\/\/www.youtube.com\/embed\/Os5UO-tVB3M?feature=oembed\" frameborder=\"0\" allow=\"accelerometer; autoplay; clipboard-write; encrypted-media; gyroscope; picture-in-picture; web-share\" referrerpolicy=\"strict-origin-when-cross-origin\" allowfullscreen><\/iframe>\n<\/div><\/figure>\n\n\n\n<figure class=\"wp-block-embed aligncenter is-type-video is-provider-youtube wp-block-embed-youtube wp-embed-aspect-16-9 wp-has-aspect-ratio\"><div class=\"wp-block-embed__wrapper\">\n<iframe loading=\"lazy\" title=\"Alla m\u00e4nniskor kan kommunicera\" width=\"500\" height=\"281\" src=\"https:\/\/www.youtube.com\/embed\/UAirH786rzg?feature=oembed\" frameborder=\"0\" allow=\"accelerometer; autoplay; clipboard-write; encrypted-media; gyroscope; picture-in-picture; web-share\" referrerpolicy=\"strict-origin-when-cross-origin\" allowfullscreen><\/iframe>\n<\/div><\/figure>\n\n\n<section class=\"links-list white-bg\">\n\t<div class=\"inner\">\n\t\t\t\t<ul >\n\t\t\t\t\t\t\t<li><a href=\"https:\/\/jag.se\/assistans\/yrket-personlig-assistent\/\">Vad g\u00f6r en personlig assistent?<\/a><\/li>\n\t\t\t\t\t\t\t\t<li><a href=\"https:\/\/jag.se\/assistans\/vart-erbjudande\/\">Att ha sin assistans hos oss<\/a><\/li>\n\t\t\t\t\t\t\t\t<li><a href=\"https:\/\/jag.se\/assistans\/personlig-arbetsledare\/\">Personlig arbetsledare &#8211; vad \u00e4r det?<\/a><\/li>\n\t\t\t\t\t\t<\/ul>\n\t\t\t\t<\/div>\n<\/section>\n","protected":false},"excerpt":{"rendered":"<p>Utbildningar inom personlig assistans Smakprov p\u00e5 v\u00e5ra webbutbildningar inom personlig assistans<\/p>\n","protected":false},"author":6,"featured_media":0,"parent":0,"menu_order":19,"comment_status":"closed","ping_status":"closed","template":"","meta":{"footnotes":""},"class_list":["post-2791","page","type-page","status-publish","hentry"],"acf":[],"_links":{"self":[{"href":"https:\/\/jag.se\/assistans\/wp-json\/wp\/v2\/pages\/2791","targetHints":{"allow":["GET"]}}],"collection":[{"href":"https:\/\/jag.se\/assistans\/wp-json\/wp\/v2\/pages"}],"about":[{"href":"https:\/\/jag.se\/assistans\/wp-json\/wp\/v2\/types\/page"}],"author":[{"embeddable":true,"href":"https:\/\/jag.se\/assistans\/wp-json\/wp\/v2\/users\/6"}],"replies":[{"embeddable":true,"href":"https:\/\/jag.se\/assistans\/wp-json\/wp\/v2\/comments?post=2791"}],"version-history":[{"count":29,"href":"https:\/\/jag.se\/assistans\/wp-json\/wp\/v2\/pages\/2791\/revisions"}],"predecessor-version":[{"id":5919,"href":"https:\/\/jag.se\/assistans\/wp-json\/wp\/v2\/pages\/2791\/revisions\/5919"}],"wp:attachment":[{"href":"https:\/\/jag.se\/assistans\/wp-json\/wp\/v2\/media?parent=2791"}],"curies":[{"name":"wp","href":"https:\/\/api.w.org\/{rel}","templated":true}]}}