{"id":2895,"date":"2022-04-14T08:07:41","date_gmt":"2022-04-14T08:07:41","guid":{"rendered":"https:\/\/jag.se\/assistans\/lyckas-som-assistent-2\/"},"modified":"2023-08-08T09:02:59","modified_gmt":"2023-08-08T09:02:59","slug":"personlig-arbetsledare","status":"publish","type":"page","link":"https:\/\/jag.se\/assistans\/personlig-arbetsledare\/","title":{"rendered":"Personlig arbetsledare"},"content":{"rendered":"<div class=\"yoast-breadcrumbs\">\t<div class=\"inner\">\n\t\t<span><span><a href=\"https:\/\/jag.se\">JAG start<\/a><\/span> &gt; <span><a href=\"https:\/\/jag.se\/assistans\/\">JAG Personlig assistans<\/a><\/span> &gt; <span class=\"breadcrumb_last\" aria-current=\"page\">Personlig arbetsledare<\/span><\/span>\t<\/div>\n<\/div>\n\n\n<h1 class=\"wp-block-heading\" id=\"juridisk-radgivning\">Personlig arbetsledare i assistansen<\/h1>\n\n\n<section class=\"text-block white  \">\n    <div class=\"block-icon\"><\/div>\n\t<div class=\"inner\">\n\t\t<div class=\"text-block-content\">\n\t\t\t\t\t<h2 class=\"\">Som arbetsledare hos oss \u00e4r du guld v\u00e4rd!<\/h2>\n\t\t\t\t\t<p>Som personlig arbetsledare hos oss \u00e4r du en mycket v\u00e4rdefull person f\u00f6r den assistansanv\u00e4ndare som du arbetar hos. Du samarbetar med assistansanv\u00e4ndaren och, om hen har en f\u00f6retr\u00e4dare, ocks\u00e5 med den personen. F\u00f6retr\u00e4daren hj\u00e4lper assistansanv\u00e4ndaren att f\u00f6rtydliga sin vilja och sina behov. Av assistansanv\u00e4ndaren och f\u00f6retr\u00e4daren f\u00e5r du veta vilken assistans som beh\u00f6vs och hur assistansen ska genomf\u00f6ras. Just det \u00e4r ditt uppdrag, att se till s\u00e5 att din uppdragsgivare f\u00e5r just den assistans hen vill ha.<\/p>\n\t\t<\/div>\n<\/section>\n\n\n<section class=\"text-block white  \">\n    <div class=\"block-icon\"><\/div>\n\t<div class=\"inner\">\n\t\t<div class=\"text-block-content\">\n\t\t\t\t\t<h2 class=\"\">En assistans = uppdragsgivare, legal f\u00f6retr\u00e4dare, personlig arbetsledare och personliga assistenter<\/h2>\n\t\t\t\t\t<p>Ni \u00e4r en grupp m\u00e4nniskor i assistansen med olika roller. Huvudperson \u00e4r assistansanv\u00e4ndaren och det \u00e4r viktigt, det finns bara en huvudperson.<\/p>\n<p>F\u00f6r att assistansen ska bli s\u00e5 bra som m\u00f6jligt beh\u00f6vs:<\/p>\n<ul>\n<li>en genomt\u00e4nkt introduktion av nya personliga assistenter<\/li>\n<li>ett bra och fungerande schema f\u00f6r de personliga assistenterna<\/li>\n<li>bra och fungerande information och kommunikation inom assistansen<\/li>\n<li>att alla g\u00f6r det som \u00e4r ens uppdrag och ansvar<\/li>\n<li>att det finns ett t\u00e4nk kring assistansmilj\u00f6n f\u00f6r att undvika skador och tillbud<\/li>\n<li>ett trevligt bem\u00f6tande och en bra samtalston mellan alla<\/li>\n<\/ul>\n<p><strong>Ditt uppdrag som personlig arbetsledare<\/strong>\u00a0\u00e4r att se till att assistansanv\u00e4ndaren f\u00e5r sin assistans med kvalitet och kontinuitet. Det inneb\u00e4r att varje schemalagt pass \u00e4r bemannat av en uppl\u00e4rd assistent och att assistansen ges p\u00e5 ett respektfullt och ansvarsfullt s\u00e4tt p\u00e5 det s\u00e4tt som assistansanv\u00e4ndaren vill.<\/p>\n\t\t<\/div>\n<\/section>\n\n\n<section class=\"text-block white  \">\n    <div class=\"block-icon\"><\/div>\n\t<div class=\"inner\">\n\t\t<div class=\"text-block-content\">\n\t\t\t\t\t<h2 class=\"\">F\u00f6retr\u00e4darskap och din roll som arbetsledare i assistansen<\/h2>\n\t\t\t\t\t<p>Den legala f\u00f6retr\u00e4daren f\u00f6r barn \u00e4r f\u00f6rmyndare\/v\u00e5rdnadshavare, det inneb\u00e4r vanligtvis barnets f\u00f6r\u00e4ldrar.<\/p>\n<p>Den legal f\u00f6retr\u00e4daren f\u00f6r vuxna \u00e4r oftast en god man, en god man \u00e4r det tingsr\u00e4tten som utser. Det kan vara en anh\u00f6rig eller n\u00e5gon annan som tingsr\u00e4tten utser till god man. Att som vuxen ha en god man inneb\u00e4r inte att man \u00e4r omyndig eftersom alla i Sverige blir myndiga n\u00e4r de fyller 18 \u00e5r. Den legala f\u00f6retr\u00e4daren \u00e4r som en r\u00e5dgivare, en slags mentor som arbetar tillsammans med den som har legal f\u00f6retr\u00e4dare.<\/p>\n<p>Ett f\u00f6retr\u00e4darskap inneb\u00e4r ett tolkningsf\u00f6retr\u00e4de, det inneb\u00e4r att om det finns olika tolkningar av huvudmannens vilja eller behov s\u00e5 \u00e4r det den legale f\u00f6retr\u00e4darens tolkning som g\u00e4ller.<\/p>\n<p>Som arbetsledare har du flera roller i assistansen, du \u00e4r ju b\u00e5de personlig assistent och arbetsledare. Men f\u00f6rutom det kanske du ocks\u00e5 \u00e4r legal f\u00f6retr\u00e4dare och\/eller anh\u00f6rig.<br \/>N\u00e4r du har flera roller \u00e4r det viktigt att b\u00e5de du och omgivningen vet i vilken roll du fattar olika beslut och vilket ansvar som f\u00f6ljer med varje uppdrag.<\/p>\n\t\t<\/div>\n<\/section>\n\n\n<section class=\"text-block white  \">\n    <div class=\"block-icon\"><\/div>\n\t<div class=\"inner\">\n\t\t<div class=\"text-block-content\">\n\t\t\t\t\t<h2 class=\"\">Ditt uppdrag som personlig arbetsledare<\/h2>\n\t\t\t\t\t<p>I ditt uppdrag som personlig arbetsledare samordnar assistansen du och s\u00e4kerst\u00e4ller kvalitet och kontinuitet f\u00f6r assistansanv\u00e4ndaren, det g\u00f6r du genom att:<\/p>\n<ul>\n<li>du arbetsleder de personliga assistenterna<\/li>\n<li>l\u00e4gger schema och tidsredovisar<\/li>\n<li>bemannar enligt schemat<\/li>\n<li>rekryterar och introducerar nya assistenter vid behov<\/li>\n<li>du ansvarar f\u00f6r att assistansmilj\u00f6n \u00e4r trygg och positiv f\u00f6r b\u00e5de uppdragsgivare och assistenter<\/li>\n<\/ul>\n\t\t<\/div>\n<\/section>\n\n\n<section class=\"text-block white  \">\n    <div class=\"block-icon\"><\/div>\n\t<div class=\"inner\">\n\t\t<div class=\"text-block-content\">\n\t\t\t\t\t<h2 class=\"\">Viktiga verktyg f\u00f6r dig som personlig arbetsledare<\/h2>\n\t\t\t\t\t<p>Du f\u00e5r arvode och tillg\u00e5ng till viktiga verktyg i ditt uppdrag som arbetsledare.<\/p>\n<ul>\n<li>du f\u00e5r st\u00f6d och r\u00e5d av JAG-st\u00f6djaren som \u00e4r kopplad till uppdragsgivaren du jobbar hos<\/li>\n<li>tillg\u00e5ng till nyheter, guider, kurser och mallar p\u00e5 v\u00e5r interna webb<\/li>\n<li>du f\u00e5r g\u00e5 utbildningar f\u00f6r arbetsledare p\u00e5 v\u00e5rt kontor eller p\u00e5 webben<\/li>\n<\/ul>\n\t\t<\/div>\n<\/section>\n\n\n\n<ul class=\"wp-block-list\"><\/ul>\n\n\n<section class=\"links-list white-bg\">\n\t<div class=\"inner\">\n\t\t\t\t<ul >\n\t\t\t\t\t\t\t<li><a href=\"https:\/\/jag.se\/assistans\/yrket-personlig-assistent\/\">Vad g\u00f6r en personlig assistent?<\/a><\/li>\n\t\t\t\t\t\t<\/ul>\n\t\t\t\t<\/div>\n<\/section>\n","protected":false},"excerpt":{"rendered":"<p>Personlig arbetsledare i assistansen<\/p>\n","protected":false},"author":6,"featured_media":0,"parent":0,"menu_order":21,"comment_status":"closed","ping_status":"closed","template":"","meta":{"footnotes":""},"class_list":["post-2895","page","type-page","status-publish","hentry"],"acf":[],"_links":{"self":[{"href":"https:\/\/jag.se\/assistans\/wp-json\/wp\/v2\/pages\/2895","targetHints":{"allow":["GET"]}}],"collection":[{"href":"https:\/\/jag.se\/assistans\/wp-json\/wp\/v2\/pages"}],"about":[{"href":"https:\/\/jag.se\/assistans\/wp-json\/wp\/v2\/types\/page"}],"author":[{"embeddable":true,"href":"https:\/\/jag.se\/assistans\/wp-json\/wp\/v2\/users\/6"}],"replies":[{"embeddable":true,"href":"https:\/\/jag.se\/assistans\/wp-json\/wp\/v2\/comments?post=2895"}],"version-history":[{"count":36,"href":"https:\/\/jag.se\/assistans\/wp-json\/wp\/v2\/pages\/2895\/revisions"}],"predecessor-version":[{"id":5909,"href":"https:\/\/jag.se\/assistans\/wp-json\/wp\/v2\/pages\/2895\/revisions\/5909"}],"wp:attachment":[{"href":"https:\/\/jag.se\/assistans\/wp-json\/wp\/v2\/media?parent=2895"}],"curies":[{"name":"wp","href":"https:\/\/api.w.org\/{rel}","templated":true}]}}