{"id":320,"date":"2022-02-03T10:42:32","date_gmt":"2022-02-03T10:42:32","guid":{"rendered":"https:\/\/jag.se\/assistans\/?page_id=320"},"modified":"2026-03-06T14:41:30","modified_gmt":"2026-03-06T14:41:30","slug":"utbildning","status":"publish","type":"page","link":"https:\/\/jag.se\/assistans\/utbildning\/","title":{"rendered":"Utbildning"},"content":{"rendered":"\n<div class=\"wp-block-group alignfull\"><div class=\"wp-block-group__inner-container is-layout-flow wp-block-group-is-layout-flow\">\n<div class=\"wp-block-columns are-vertically-aligned-top is-layout-flex wp-container-core-columns-is-layout-9d6595d7 wp-block-columns-is-layout-flex\">\n<div class=\"wp-block-column is-layout-flow wp-block-column-is-layout-flow\"><section class=\"banner t3\">\n\t<img loading=\"lazy\" decoding=\"async\" width=\"1366\" height=\"399\" src=\"https:\/\/jag.se\/assistans\/wp-content\/uploads\/sites\/2\/2022\/02\/Utbildning-desktop-1366x399.png\" class=\"bg-desktop\" alt=\"\" srcset=\"https:\/\/jag.se\/assistans\/wp-content\/uploads\/sites\/2\/2022\/02\/Utbildning-desktop-1366x399.png 1366w, https:\/\/jag.se\/assistans\/wp-content\/uploads\/sites\/2\/2022\/02\/Utbildning-desktop-150x44@2x.png 300w, https:\/\/jag.se\/assistans\/wp-content\/uploads\/sites\/2\/2022\/02\/Utbildning-desktop-1024x299.png 1024w, https:\/\/jag.se\/assistans\/wp-content\/uploads\/sites\/2\/2022\/02\/Utbildning-desktop-768x224.png 768w, https:\/\/jag.se\/assistans\/wp-content\/uploads\/sites\/2\/2022\/02\/Utbildning-desktop-1536x449.png 1536w, https:\/\/jag.se\/assistans\/wp-content\/uploads\/sites\/2\/2022\/02\/Utbildning-desktop-2048x598.png 2048w, https:\/\/jag.se\/assistans\/wp-content\/uploads\/sites\/2\/2022\/02\/Utbildning-desktop-1920x561.png 1920w, https:\/\/jag.se\/assistans\/wp-content\/uploads\/sites\/2\/2022\/02\/Utbildning-desktop-320x93.png 320w, https:\/\/jag.se\/assistans\/wp-content\/uploads\/sites\/2\/2022\/02\/Utbildning-desktop-120x35.png 120w, https:\/\/jag.se\/assistans\/wp-content\/uploads\/sites\/2\/2022\/02\/Utbildning-desktop-540x158.png 540w, https:\/\/jag.se\/assistans\/wp-content\/uploads\/sites\/2\/2022\/02\/Utbildning-desktop-601x176.png 601w, https:\/\/jag.se\/assistans\/wp-content\/uploads\/sites\/2\/2022\/02\/Utbildning-desktop-150x44.png 150w, https:\/\/jag.se\/assistans\/wp-content\/uploads\/sites\/2\/2022\/02\/Utbildning-desktop-311x91.png 311w, https:\/\/jag.se\/assistans\/wp-content\/uploads\/sites\/2\/2022\/02\/Utbildning-desktop-374x109.png 374w, https:\/\/jag.se\/assistans\/wp-content\/uploads\/sites\/2\/2022\/02\/Utbildning-desktop-171x50.png 171w, https:\/\/jag.se\/assistans\/wp-content\/uploads\/sites\/2\/2022\/02\/Utbildning-desktop-300x88@2x.png 600w, https:\/\/jag.se\/assistans\/wp-content\/uploads\/sites\/2\/2022\/02\/Utbildning-desktop-320x93@2x.png 640w, https:\/\/jag.se\/assistans\/wp-content\/uploads\/sites\/2\/2022\/02\/Utbildning-desktop-120x35@2x.png 240w, https:\/\/jag.se\/assistans\/wp-content\/uploads\/sites\/2\/2022\/02\/Utbildning-desktop-540x158@2x.png 1080w, https:\/\/jag.se\/assistans\/wp-content\/uploads\/sites\/2\/2022\/02\/Utbildning-desktop-311x91@2x.png 622w, https:\/\/jag.se\/assistans\/wp-content\/uploads\/sites\/2\/2022\/02\/Utbildning-desktop-374x109@2x.png 748w, https:\/\/jag.se\/assistans\/wp-content\/uploads\/sites\/2\/2022\/02\/Utbildning-desktop-171x50@2x.png 342w\" sizes=\"auto, (max-width: 1366px) 100vw, 1366px\" \/><img loading=\"lazy\" decoding=\"async\" width=\"540\" height=\"540\" src=\"https:\/\/jag.se\/assistans\/wp-content\/uploads\/sites\/2\/2022\/02\/Utbildninig-mobil.png\" class=\"bg-mobile\" alt=\"\" srcset=\"https:\/\/jag.se\/assistans\/wp-content\/uploads\/sites\/2\/2022\/02\/Utbildninig-mobil.png 540w, https:\/\/jag.se\/assistans\/wp-content\/uploads\/sites\/2\/2022\/02\/Utbildninig-mobil-150x150@2x.png 300w, https:\/\/jag.se\/assistans\/wp-content\/uploads\/sites\/2\/2022\/02\/Utbildninig-mobil-150x150.png 150w, https:\/\/jag.se\/assistans\/wp-content\/uploads\/sites\/2\/2022\/02\/Utbildninig-mobil-50x50@2x.png 100w, https:\/\/jag.se\/assistans\/wp-content\/uploads\/sites\/2\/2022\/02\/Utbildninig-mobil-120x120.png 120w, https:\/\/jag.se\/assistans\/wp-content\/uploads\/sites\/2\/2022\/02\/Utbildninig-mobil-38x38.png 38w, https:\/\/jag.se\/assistans\/wp-content\/uploads\/sites\/2\/2022\/02\/Utbildninig-mobil-311x311.png 311w, https:\/\/jag.se\/assistans\/wp-content\/uploads\/sites\/2\/2022\/02\/Utbildninig-mobil-374x374.png 374w, https:\/\/jag.se\/assistans\/wp-content\/uploads\/sites\/2\/2022\/02\/Utbildninig-mobil-50x50.png 50w, https:\/\/jag.se\/assistans\/wp-content\/uploads\/sites\/2\/2022\/02\/Utbildninig-mobil-100x100@2x.png 200w, https:\/\/jag.se\/assistans\/wp-content\/uploads\/sites\/2\/2022\/02\/Utbildninig-mobil-120x120@2x.png 240w\" sizes=\"auto, (max-width: 540px) 100vw, 540px\" \/>\t<div class=\"inner\">\n\t\t\t<\/div>\n<\/section>\n<\/div>\n<\/div>\n<\/div><\/div>\n\n\n\n<h1 class=\"wp-block-heading\">Utbildningar<\/h1>\n\n\n<section class=\"text-block white  \">\n    <div class=\"block-icon\"><\/div>\n\t<div class=\"inner\">\n\t\t<div class=\"text-block-content\">\n\t\t\t\t<p>Har du fr\u00e5gor, synpunkter eller \u00f6nskem\u00e5l om JAGs utbildningar? Ring Marie Arvidsson p\u00e5 tel 076-545 30 55 eller Kerstin Sellin, tel 076-545 30 17. Du kan ocks\u00e5 mejla till <a href=\"mailto:kurser@jag.se\">kurser@jag.se<\/a>.\u00a0<br \/>Vi l\u00e4gger till nya utbildningar kontinuerligt.<\/p>\n\t\t<\/div>\n<\/section>\n\n\n<section class=\"links-list \">\n\t<div class=\"inner\">\n\t\t\t\t<ul >\n\t\t\t\t\t\t\t<li><a href=\"https:\/\/jag.se\/assistans\/allmant-om-kurser\/\">Allm\u00e4n information om JAGs utbildningar.<\/a><\/li>\n\t\t\t\t\t\t<\/ul>\n\t\t\t\t<\/div>\n<\/section>\n\n\n\n<h2 class=\"wp-block-heading has-text-align-center\">F\u00f6r uppdragsgivare i JAG<\/h2>\n\n\n<section class=\"links-list \">\n\t<div class=\"inner\">\n\t\t\t\t<ul >\n\t\t\t\t\t\t\t<li><a href=\"https:\/\/sv-se.eu.invajo.com\/event\/jagpersonligassistans\/jagpersonligassistanswebbinariervaren2026\">V\u00e5rens \u00f6ppna f\u00f6rel\u00e4sningar &#8211; f\u00f6r alla intresserade<\/a><\/li>\n\t\t\t\t\t\t\t\t<li><a href=\"https:\/\/en-gb.eu.invajo.com\/event\/jagpersonligassistans\/kickoffmedjagfornyauppdragsgivare.2\">Kick off med JAG &#8211; f\u00f6r nya assistanser<\/a><\/li>\n\t\t\t\t\t\t<\/ul>\n\t\t\t\t<\/div>\n<\/section>\n\n\n\n<h2 class=\"wp-block-heading has-text-align-center\">F\u00f6r personliga assistenter i JAG<\/h2>\n\n\n<section class=\"links-list \">\n\t<div class=\"inner\">\n\t\t\t\t<ul >\n\t\t\t\t\t\t\t<li><a href=\"https:\/\/sv-se.eu.invajo.com\/event\/jagpersonligassistans\/jagdagfornyaassistenter\">JAG-dag f\u00f6r nyanst\u00e4llda. P\u00e5 JAGs kansli och p\u00e5 distans <\/a><\/li>\n\t\t\t\t\t\t\t\t<li><a href=\"https:\/\/sv-se.eu.invajo.com\/event\/jagpersonligassistans\/hlrforstahjalpenvaren2026\">Kurser i vuxen-HLR och F\u00f6rsta hj\u00e4lpen (hela Sverige)<\/a><\/li>\n\t\t\t\t\t\t\t\t<li><a href=\"https:\/\/sv-se.eu.invajo.com\/event\/jagpersonligassistans\/utbildningsdagarbarnhlrinspiration\">Barn-HLR med lunch och f\u00f6rel\u00e4sning (Stockholm)<\/a><\/li>\n\t\t\t\t\t\t\t\t<li><a href=\"https:\/\/sv-se.eu.invajo.com\/event\/jagpersonligassistans\/assistansdagarpraktiskvardagskunskap\">Assistansdagar p\u00e5 JAGs kansli 25-26 maj<\/a><\/li>\n\t\t\t\t\t\t<\/ul>\n\t\t\t\t<\/div>\n<\/section>\n\n\n\n<h2 class=\"wp-block-heading has-text-align-center\">F\u00f6r arbetsledare<\/h2>\n\n\n<section class=\"links-list \">\n\t<div class=\"inner\">\n\t\t\t\t<ul >\n\t\t\t\t\t\t\t<li><a href=\"https:\/\/sv-se.eu.invajo.com\/event\/jagpersonligassistans\/arbetsledarutbildning.2\">Heldagsutbildning p\u00e5 JAGs kansli i Stocholm &#8211; 14 april<\/a><\/li>\n\t\t\t\t\t\t\t\t<li><a href=\"https:\/\/en-gb.eu.invajo.com\/event\/jagpersonligassistans\/arbetsledarutbildningmedfokusparekrytering\">Utbildningsdag p\u00e5 JAGs kansli med fokus p\u00e5 rekrytering &#8211; 15 april<\/a><\/li>\n\t\t\t\t\t\t<\/ul>\n\t\t\t\t<\/div>\n<\/section>\n","protected":false},"excerpt":{"rendered":"<p>Utbildningar F\u00f6r uppdragsgivare i JAG F\u00f6r personliga assistenter i JAG F\u00f6r arbetsledare<\/p>\n","protected":false},"author":8,"featured_media":0,"parent":0,"menu_order":52,"comment_status":"closed","ping_status":"closed","template":"","meta":{"footnotes":""},"class_list":["post-320","page","type-page","status-publish","hentry"],"acf":[],"_links":{"self":[{"href":"https:\/\/jag.se\/assistans\/wp-json\/wp\/v2\/pages\/320","targetHints":{"allow":["GET"]}}],"collection":[{"href":"https:\/\/jag.se\/assistans\/wp-json\/wp\/v2\/pages"}],"about":[{"href":"https:\/\/jag.se\/assistans\/wp-json\/wp\/v2\/types\/page"}],"author":[{"embeddable":true,"href":"https:\/\/jag.se\/assistans\/wp-json\/wp\/v2\/users\/8"}],"replies":[{"embeddable":true,"href":"https:\/\/jag.se\/assistans\/wp-json\/wp\/v2\/comments?post=320"}],"version-history":[{"count":536,"href":"https:\/\/jag.se\/assistans\/wp-json\/wp\/v2\/pages\/320\/revisions"}],"predecessor-version":[{"id":15367,"href":"https:\/\/jag.se\/assistans\/wp-json\/wp\/v2\/pages\/320\/revisions\/15367"}],"wp:attachment":[{"href":"https:\/\/jag.se\/assistans\/wp-json\/wp\/v2\/media?parent=320"}],"curies":[{"name":"wp","href":"https:\/\/api.w.org\/{rel}","templated":true}]}}