{"id":3403,"date":"2022-05-17T21:10:49","date_gmt":"2022-05-17T21:10:49","guid":{"rendered":"https:\/\/jag.se\/assistans\/?page_id=3403"},"modified":"2026-04-22T09:13:08","modified_gmt":"2026-04-22T09:13:08","slug":"forhojt-timbelopp","status":"publish","type":"page","link":"https:\/\/jag.se\/assistans\/forhojt-timbelopp\/","title":{"rendered":"F\u00f6rh\u00f6jt timbelopp"},"content":{"rendered":"<div class=\"yoast-breadcrumbs\">\t<div class=\"inner\">\n\t\t<span><span><a href=\"https:\/\/jag.se\">JAG start<\/a><\/span> &gt; <span><a href=\"https:\/\/jag.se\/assistans\/\">JAG Personlig assistans<\/a><\/span> &gt; <span class=\"breadcrumb_last\" aria-current=\"page\">F\u00f6rh\u00f6jt timbelopp<\/span><\/span>\t<\/div>\n<\/div>\n\n\n<h1 class=\"wp-block-heading\">F\u00f6rh\u00f6jt timbelopp<\/h1>\n\n\n<section class=\"text-block white  \">\n    <div class=\"block-icon\"><\/div>\n\t<div class=\"inner\">\n\t\t<div class=\"text-block-content\">\n\t\t\t\t<p>Ungef\u00e4r tio procent av assistansanv\u00e4ndarna har s\u00e5 h\u00f6ga kostnader f\u00f6r sin assistans att schablonbeloppet inte r\u00e4cker till. H\u00f6r du till dessa har du r\u00e4tt att ans\u00f6ka om f\u00f6rh\u00f6jt timbelopp.<\/p>\n<p>De flesta som har statlig assistansers\u00e4ttning beviljas ett schablonbelopp per timme beviljad assistans. Det betyder att alla f\u00e5r lika mycket pengar per timme, oavsett behov.<\/p>\n<p><strong>F\u00f6r att f\u00e5 f\u00f6rh\u00f6jt timbelopp m\u00e5ste du visa att du har s\u00e4rskilda sk\u00e4l till det.<\/strong> Du m\u00e5ste ocks\u00e5 redovisa alla kostnader f\u00f6r din assistans till F\u00f6rs\u00e4kringskassan.<\/p>\n<h3>\u201dS\u00e4rskilda sk\u00e4l\u201d kan vara:<\/h3>\n<ul>\n<li>Behov av speciell kompetens i assistansen, till exempel att dina personliga assistenter har en formell eller erfarenhetsm\u00e4ssig kompetens som kr\u00e4ver en h\u00f6gre l\u00f6n.<\/li>\n<li>Behov av arbetsledning till assistenterna som m\u00e5ste utf\u00f6ras av en person med mycket god kunskap om dig, din livssituation och dina behov.<\/li>\n<li>Behov av att ge dina assistenter utbildning, fortbildning och handledning eller andra kostnader kopplade till dina funktionsneds\u00e4ttningar som g\u00f6r att schablonbeloppet inte r\u00e4cker till.\u00a0<\/li>\n<\/ul>\n<p>M\u00e5nga av assistansanv\u00e4ndarna hos oss har f\u00f6rh\u00f6jt belopp. Vi hj\u00e4lper ocks\u00e5 till med ans\u00f6kan.<\/p>\n<p>Det f\u00f6rh\u00f6jda beloppet \u00e4r kopplat till din assistansanordnare. Om du har f\u00f6rh\u00f6jt timbelopp och byter anordnare m\u00e5ste du ans\u00f6ka p\u00e5 nytt.<\/p>\n\t\t<\/div>\n<\/section>\n\n\n<div class=\"wp-block-image\">\n<figure class=\"aligncenter size-large is-resized\"><img loading=\"lazy\" decoding=\"async\" width=\"1139\" height=\"1139\" src=\"https:\/\/jag.se\/assistans\/wp-content\/uploads\/sites\/2\/2026\/04\/kenny-bjorn_foto-linnea-bengtsson-3000x4495pix-2776-scaled-1-edited.jpg\" alt=\"En skrattande man i rullstol med sin assistent st\u00e5ende bredvid p\u00e5 en asfalterad villagata.\" class=\"wp-image-15756\" style=\"aspect-ratio:1;object-fit:cover;width:450px\" srcset=\"https:\/\/jag.se\/assistans\/wp-content\/uploads\/sites\/2\/2026\/04\/kenny-bjorn_foto-linnea-bengtsson-3000x4495pix-2776-scaled-1-edited.jpg 1139w, https:\/\/jag.se\/assistans\/wp-content\/uploads\/sites\/2\/2026\/04\/kenny-bjorn_foto-linnea-bengtsson-3000x4495pix-2776-scaled-1-edited-150x150@2x.jpg 300w, https:\/\/jag.se\/assistans\/wp-content\/uploads\/sites\/2\/2026\/04\/kenny-bjorn_foto-linnea-bengtsson-3000x4495pix-2776-scaled-1-edited-1024x1024.jpg 1024w, https:\/\/jag.se\/assistans\/wp-content\/uploads\/sites\/2\/2026\/04\/kenny-bjorn_foto-linnea-bengtsson-3000x4495pix-2776-scaled-1-edited-150x150.jpg 150w, https:\/\/jag.se\/assistans\/wp-content\/uploads\/sites\/2\/2026\/04\/kenny-bjorn_foto-linnea-bengtsson-3000x4495pix-2776-scaled-1-edited-768x768.jpg 768w, https:\/\/jag.se\/assistans\/wp-content\/uploads\/sites\/2\/2026\/04\/kenny-bjorn_foto-linnea-bengtsson-3000x4495pix-2776-scaled-1-edited-50x50@2x.jpg 100w, https:\/\/jag.se\/assistans\/wp-content\/uploads\/sites\/2\/2026\/04\/kenny-bjorn_foto-linnea-bengtsson-3000x4495pix-2776-scaled-1-edited-120x120.jpg 120w, https:\/\/jag.se\/assistans\/wp-content\/uploads\/sites\/2\/2026\/04\/kenny-bjorn_foto-linnea-bengtsson-3000x4495pix-2776-scaled-1-edited-540x540.jpg 540w, https:\/\/jag.se\/assistans\/wp-content\/uploads\/sites\/2\/2026\/04\/kenny-bjorn_foto-linnea-bengtsson-3000x4495pix-2776-scaled-1-edited-601x601.jpg 601w, https:\/\/jag.se\/assistans\/wp-content\/uploads\/sites\/2\/2026\/04\/kenny-bjorn_foto-linnea-bengtsson-3000x4495pix-2776-scaled-1-edited-38x38.jpg 38w, https:\/\/jag.se\/assistans\/wp-content\/uploads\/sites\/2\/2026\/04\/kenny-bjorn_foto-linnea-bengtsson-3000x4495pix-2776-scaled-1-edited-311x311.jpg 311w, https:\/\/jag.se\/assistans\/wp-content\/uploads\/sites\/2\/2026\/04\/kenny-bjorn_foto-linnea-bengtsson-3000x4495pix-2776-scaled-1-edited-369x369.jpg 369w, https:\/\/jag.se\/assistans\/wp-content\/uploads\/sites\/2\/2026\/04\/kenny-bjorn_foto-linnea-bengtsson-3000x4495pix-2776-scaled-1-edited-374x374.jpg 374w, https:\/\/jag.se\/assistans\/wp-content\/uploads\/sites\/2\/2026\/04\/kenny-bjorn_foto-linnea-bengtsson-3000x4495pix-2776-scaled-1-edited-50x50.jpg 50w, https:\/\/jag.se\/assistans\/wp-content\/uploads\/sites\/2\/2026\/04\/kenny-bjorn_foto-linnea-bengtsson-3000x4495pix-2776-scaled-1-edited-560x560.jpg 560w, https:\/\/jag.se\/assistans\/wp-content\/uploads\/sites\/2\/2026\/04\/kenny-bjorn_foto-linnea-bengtsson-3000x4495pix-2776-scaled-1-edited-300x300@2x.jpg 600w, https:\/\/jag.se\/assistans\/wp-content\/uploads\/sites\/2\/2026\/04\/kenny-bjorn_foto-linnea-bengtsson-3000x4495pix-2776-scaled-1-edited-100x100@2x.jpg 200w, https:\/\/jag.se\/assistans\/wp-content\/uploads\/sites\/2\/2026\/04\/kenny-bjorn_foto-linnea-bengtsson-3000x4495pix-2776-scaled-1-edited-120x120@2x.jpg 240w, https:\/\/jag.se\/assistans\/wp-content\/uploads\/sites\/2\/2026\/04\/kenny-bjorn_foto-linnea-bengtsson-3000x4495pix-2776-scaled-1-edited-540x540@2x.jpg 1080w, https:\/\/jag.se\/assistans\/wp-content\/uploads\/sites\/2\/2026\/04\/kenny-bjorn_foto-linnea-bengtsson-3000x4495pix-2776-scaled-1-edited-311x311@2x.jpg 622w, https:\/\/jag.se\/assistans\/wp-content\/uploads\/sites\/2\/2026\/04\/kenny-bjorn_foto-linnea-bengtsson-3000x4495pix-2776-scaled-1-edited-374x374@2x.jpg 748w\" sizes=\"auto, (max-width: 1139px) 100vw, 1139px\" \/><\/figure>\n<\/div>\n\n<section class=\"text-block white  \">\n    <div class=\"block-icon\"><\/div>\n\t<div class=\"inner\">\n\t\t<div class=\"text-block-content\">\n\t\t\t\t\t<h2 class=\"\">FAQ \u2013 Fr\u00e5gor och svar om f\u00f6rh\u00f6jt timbelopp<\/h2>\n\t\t\t\t\t<h3>M\u00e5ste jag ans\u00f6ka om\u202ff\u00f6rh\u00f6jt timbelopp\u202fp\u00e5 nytt varje \u00e5r?\u202f\u202f<\/h3>\n<p>Timbeloppet kan antingen g\u00e4lla tills vidare eller vara tidsbegr\u00e4nsat. Byter du assistansanordnare m\u00e5ste du s\u00f6ka p\u00e5 nytt. Timbeloppet kan ompr\u00f6vas p\u00e5 samma s\u00e4tt som timbeslutet.<\/p>\n<h3>Vad h\u00e4nder om jag inte anv\u00e4nder mitt\u202ff\u00f6rh\u00f6jda belopp?\u202f<\/h3>\n<p>F\u00f6rs\u00e4kringskassan betalar endast ut det belopp som redovisas till F\u00f6rs\u00e4kringskassan varje m\u00e5nad.\u00a0 Efter sex m\u00e5nader g\u00f6rs en slutavr\u00e4kning. Vid en ompr\u00f6vning kan en annan bed\u00f6mning\u202fg\u00f6ras om du inte anv\u00e4nt ditt prelimin\u00e4ra belopp.<\/p>\n<h3>Kan jag f\u00e5\u202ff\u00f6rh\u00f6jt timbelopp\u202fom jag har assistans fr\u00e5n kommunen?\u202f\u202f<\/h3>\n<p>Ja. Kommunen ska bevilja ett timbelopp som \u00e4r sk\u00e4ligt.<\/p>\n<h3>Hur vet jag om f\u00f6rh\u00f6jt timbelopp \u00e4r n\u00e5got f\u00f6r mig?\u202f<\/h3>\n<p>Om schabloners\u00e4ttningen inte t\u00e4cker dina behov i assistansen kan det vara dags att se \u00f6ver om du ska ans\u00f6ka om ett h\u00f6gre timbelopp.<\/p>\n<h3>Varf\u00f6r finns f\u00f6rh\u00f6jt timbelopp?\u202f<\/h3>\n<p>F\u00f6r att vissa personer har behov och kostnader i sina assistanser som inte ryms inom schablonbeloppet. Det \u00e4r ett s\u00e4tt att tillgodose att kvaliteten i assistansen kan uppn\u00e5s.<\/p>\n<h3>\u00c4r det kr\u00e5ngligt?\u202f<\/h3>\n<p>Vid ett h\u00f6gre timbelopp beh\u00f6ver alla kostnader redovisas varje m\u00e5nad till F\u00f6rs\u00e4kringskassan.\u202f Din assistansanordnare ger st\u00f6d, men det kr\u00e4ver god planering och redovisning av kostnader fr\u00e5n assistansens sida.\u00a0<\/p>\n<h3>Hur l\u00e5ng tid tar ans\u00f6kan?\u202f<\/h3>\n<p>Enligt F\u00f6rs\u00e4kringskassan tar det vanligen 5 m\u00e5nader. Kommunernas handl\u00e4ggningstider varierar men \u00e4r ofta kortare.<\/p>\n<h3>Hur ans\u00f6ker jag?\u202f<\/h3>\n<p>Du f\u00e5r st\u00f6d av en r\u00e5dgivare p\u00e5 JAG att f\u00f6ra ans\u00f6kan som sedan l\u00e4mnas in till F\u00f6rs\u00e4kringskassan eller till din kommun. H\u00f6r av dig till oss p\u00e5 JAG s\u00e5 hj\u00e4lper vi dig.<\/p>\n<h3>Vilket ansvar har jag som assistansanv\u00e4ndare vid redovisning av\u202ff\u00f6rh\u00f6jt timbelopp?\u202f<\/h3>\n<p>Du, eller din legala f\u00f6retr\u00e4dare, ansvarar f\u00f6r att planera och redovisa korrekta kostnader i samverkan med JAG. Du ansvarar ocks\u00e5 f\u00f6r att skriva under assistansr\u00e4kningen varje m\u00e5nad.<\/p>\n<h3>Hur skiljer sig redovisningen av kostnader n\u00e4r jag har f\u00f6rh\u00f6jt belopp fr\u00e5n n\u00e4r jag har schablonbelopp?\u202f<\/h3>\n<p>Schablonbeloppet beh\u00f6ver inte detaljredovisas medan ett f\u00f6rh\u00f6jt timbelopp redovisas varje m\u00e5nad.<\/p>\n<h3>Kan jag f\u00e5 ett tidsbegr\u00e4nsat beslut om\u202ff\u00f6rh\u00f6jt timbelopp?\u202f<\/h3>\n<p>Ja det \u00e4r m\u00f6jligt att f\u00e5 ett tidsbegr\u00e4nsat beslut om det \u00e4r ett behov som f\u00f6rv\u00e4ntas vara kortvarigt. Till exempel en utbildningsinsats som inte \u00e4r kontinuerlig.<\/p>\n<h3>Kan jag f\u00e5 juridiskt st\u00f6d f\u00f6r att ans\u00f6ka?\u202f<\/h3>\n<p>Ja, v\u00e5ra juridiska r\u00e5dgivare p\u00e5 JAG hj\u00e4lper till vid en ans\u00f6kan om f\u00f6rh\u00f6jt timbelopp.<\/p>\n<h3>Kan barn f\u00e5 f\u00f6rh\u00f6jt belopp?\u202f<\/h3>\n<p>Ja, timbeloppet \u00e4r inte kopplat till \u00e5lder. Det viktiga \u00e4r att du kan visa att du har s\u00e4rskilda sk\u00e4l f\u00f6r f\u00f6rh\u00f6jt timbelopp.<\/p>\n<h3>Kan jag f\u00e5 f\u00f6rh\u00f6jt belopp n\u00e4r jag \u00e4r \u00f6ver 65?\u202f<\/h3>\n<p>Ja, det \u00e4r m\u00f6jligt. Eftersom ett f\u00f6rh\u00f6jt timbelopp inte \u00e4r en ut\u00f6kning av timmar g\u00e5r det bra att ans\u00f6ka om detta \u00e4ven efter du fyllt 65.<\/p>\n<h3>Kan f\u00f6r\u00e4ldraansvaret p\u00e5verka min m\u00f6jlighet till\u202ff\u00f6rh\u00f6jt timbelopp?\u202f<\/h3>\n<p>F\u00f6r\u00e4ldraansvaret brukar inte tas i beaktning n\u00e4r F\u00f6rs\u00e4kringskassan utreder behov av f\u00f6rh\u00f6jt timbelopp.<\/p>\n\t\t<\/div>\n<\/section>\n\n\n<section class=\"links-list white-bg\">\n\t<div class=\"inner\">\n\t\t\t\t<ul >\n\t\t\t\t\t\t\t<li><a href=\"https:\/\/jag.se\/assistans\/vart-erbjudande\/\">Att ha personlig assistans i JAG<\/a><\/li>\n\t\t\t\t\t\t\t\t<li><a href=\"https:\/\/jag.se\/assistans\/juridisk-radgivning\/\">Juridiskt r\u00e5dgivning<\/a><\/li>\n\t\t\t\t\t\t\t\t<li><a href=\"https:\/\/jag.se\/assistans\/yrket-personlig-assistent\/\">Att arbeta som personlig assistent<\/a><\/li>\n\t\t\t\t\t\t<\/ul>\n\t\t\t\t<\/div>\n<\/section>\n","protected":false},"excerpt":{"rendered":"<p>F\u00f6rh\u00f6jt timbelopp<\/p>\n","protected":false},"author":6,"featured_media":0,"parent":0,"menu_order":17,"comment_status":"closed","ping_status":"closed","template":"","meta":{"footnotes":""},"class_list":["post-3403","page","type-page","status-publish","hentry"],"acf":[],"_links":{"self":[{"href":"https:\/\/jag.se\/assistans\/wp-json\/wp\/v2\/pages\/3403","targetHints":{"allow":["GET"]}}],"collection":[{"href":"https:\/\/jag.se\/assistans\/wp-json\/wp\/v2\/pages"}],"about":[{"href":"https:\/\/jag.se\/assistans\/wp-json\/wp\/v2\/types\/page"}],"author":[{"embeddable":true,"href":"https:\/\/jag.se\/assistans\/wp-json\/wp\/v2\/users\/6"}],"replies":[{"embeddable":true,"href":"https:\/\/jag.se\/assistans\/wp-json\/wp\/v2\/comments?post=3403"}],"version-history":[{"count":79,"href":"https:\/\/jag.se\/assistans\/wp-json\/wp\/v2\/pages\/3403\/revisions"}],"predecessor-version":[{"id":15824,"href":"https:\/\/jag.se\/assistans\/wp-json\/wp\/v2\/pages\/3403\/revisions\/15824"}],"wp:attachment":[{"href":"https:\/\/jag.se\/assistans\/wp-json\/wp\/v2\/media?parent=3403"}],"curies":[{"name":"wp","href":"https:\/\/api.w.org\/{rel}","templated":true}]}}