{"id":3408,"date":"2022-05-17T21:19:04","date_gmt":"2022-05-17T21:19:04","guid":{"rendered":"https:\/\/jag.se\/assistans\/?page_id=3408"},"modified":"2025-03-07T08:59:42","modified_gmt":"2025-03-07T08:59:42","slug":"om-cookies","status":"publish","type":"page","link":"https:\/\/jag.se\/assistans\/om-cookies\/","title":{"rendered":"Om cookies"},"content":{"rendered":"\n<h1 class=\"wp-block-heading\">Om cookies\/kakor<\/h1>\n\n\n<section class=\"text-block white  \">\n    <div class=\"block-icon\"><\/div>\n\t<div class=\"inner\">\n\t\t<div class=\"text-block-content\">\n\t\t\t\t\t<h2 class=\"\">Vilka kakor anv\u00e4nder vi och i vilket syfte?<\/h2>\n\t\t\t\t\t<p>N\u00e4r du anv\u00e4nder v\u00e5r webbplats samlar vi in viss information om dig och din anv\u00e4ndning i syfte att g\u00f6ra anv\u00e4ndarupplevelsen b\u00e4ttre och f\u00f6r att kunna f\u00f6ra relevant kommunikation med dig. H\u00e4r kan du l\u00e4sa om kakor och hur det fungerar, vad vi samlar in samt varf\u00f6r vi anv\u00e4nder det. Kakor \u00e4r sm\u00e5 textfiler med information som sparas p\u00e5 din dator.<\/p>\n<p>Det finns &#8221;vanliga&#8221; kakor och sessionskakor<\/p>\n<ul>\n<li>\u00a0Sessionskakor lagras tillf\u00e4lligt i din dators minne medan du \u00e4r inne och surfar p\u00e5 en sida, till exempel f\u00f6r att h\u00e5lla reda p\u00e5 vilket spr\u00e5k du har valt, men f\u00f6rsvinner n\u00e4r du st\u00e4nger din webbl\u00e4sare.<\/li>\n<li>Vanliga kakor sparar en fil under en l\u00e4ngre tid p\u00e5 din dator. Den anv\u00e4nds till exempel f\u00f6r att tala om vad som \u00e4r nytt p\u00e5 den aktuella webbplatsen sedan anv\u00e4ndaren senast bes\u00f6kte den eller sammanst\u00e4lla statistik kring ditt bes\u00f6k.<\/li>\n<\/ul>\n<p>Kakor kan inte skada din dator. Om du inte accepterar anv\u00e4ndandet av cookies p\u00e5 din dator kan du st\u00e4nga av cookies i din webbl\u00e4sares inst\u00e4llningar. D\u00e5 kommer inga textfiler att lagras.<strong><br \/><\/strong><\/p>\n\t\t<\/div>\n<\/section>\n\n\n\n<h2 class=\"has-text-align-center wp-block-heading\">Sammanst\u00e4llning av de kakor vi anv\u00e4nder<\/h2>\n\n\n<section class=\"text-block white  \">\n    <div class=\"block-icon\"><\/div>\n\t<div class=\"inner\">\n\t\t<div class=\"text-block-content\">\n\t\t\t\t\t<h2 class=\"\">Necessary cookies<\/h2>\n\t\t\t\t\t<p>Necessary cookies are absolutely essential for the website to function properly. This category only includes cookies that ensures basic functionalities and security features of the website. These cookies do not store any personal information.<\/p>\n<table class=\"cookielawinfo-row-cat-table cookielawinfo-winter\">\n<thead>\n<tr>\n<th class=\"cookielawinfo-column-1\">Cookie<\/th>\n<th class=\"cookielawinfo-column-3\">Duration<\/th>\n<th class=\"cookielawinfo-column-4\">Description<\/th>\n<\/tr>\n<\/thead>\n<tbody>\n<tr class=\"cookielawinfo-row\">\n<td class=\"cookielawinfo-column-1\">cookielawinfo-checkbox-advertisement<\/td>\n<td class=\"cookielawinfo-column-3\">1 year<\/td>\n<td class=\"cookielawinfo-column-4\">Set by the GDPR Cookie Consent plugin, this cookie is used to record the user consent for the cookies in the &#8221;Advertisement&#8221; category .<\/td>\n<\/tr>\n<tr class=\"cookielawinfo-row\">\n<td class=\"cookielawinfo-column-1\">cookielawinfo-checkbox-analytics<\/td>\n<td class=\"cookielawinfo-column-3\">1 year<\/td>\n<td class=\"cookielawinfo-column-4\">Set by the GDPR Cookie Consent plugin, this cookie is used to record the user consent for the cookies in the &#8221;Analytics&#8221; category .<\/td>\n<\/tr>\n<tr class=\"cookielawinfo-row\">\n<td class=\"cookielawinfo-column-1\">cookielawinfo-checkbox-functional<\/td>\n<td class=\"cookielawinfo-column-3\">1 year<\/td>\n<td class=\"cookielawinfo-column-4\">The cookie is set by the GDPR Cookie Consent plugin to record the user consent for the cookies in the category &#8221;Functional&#8221;.<\/td>\n<\/tr>\n<tr class=\"cookielawinfo-row\">\n<td class=\"cookielawinfo-column-1\">cookielawinfo-checkbox-necessary<\/td>\n<td class=\"cookielawinfo-column-3\">1 year<\/td>\n<td class=\"cookielawinfo-column-4\">Set by the GDPR Cookie Consent plugin, this cookie is used to record the user consent for the cookies in the &#8221;Necessary&#8221; category .<\/td>\n<\/tr>\n<tr class=\"cookielawinfo-row\">\n<td class=\"cookielawinfo-column-1\">cookielawinfo-checkbox-others<\/td>\n<td class=\"cookielawinfo-column-3\">1 year<\/td>\n<td class=\"cookielawinfo-column-4\">Set by the GDPR Cookie Consent plugin, this cookie is used to store the user consent for cookies in the category &#8221;Others&#8221;.<\/td>\n<\/tr>\n<tr class=\"cookielawinfo-row\">\n<td class=\"cookielawinfo-column-1\">cookielawinfo-checkbox-performance<\/td>\n<td class=\"cookielawinfo-column-3\">1 year<\/td>\n<td class=\"cookielawinfo-column-4\">Set by the GDPR Cookie Consent plugin, this cookie is used to store the user consent for cookies in the category &#8221;Performance&#8221;.<\/td>\n<\/tr>\n<tr class=\"cookielawinfo-row\">\n<td class=\"cookielawinfo-column-1\">CookieLawInfoConsent<\/td>\n<td class=\"cookielawinfo-column-3\">1 year<\/td>\n<td class=\"cookielawinfo-column-4\">Records the default button state of the corresponding category &amp; the status of CCPA. It works only in coordination with the primary cookie.<\/td>\n<\/tr>\n<\/tbody>\n<\/table>\n\t\t<\/div>\n<\/section>\n\n\n<section class=\"text-block white  \">\n    <div class=\"block-icon\"><\/div>\n\t<div class=\"inner\">\n\t\t<div class=\"text-block-content\">\n\t\t\t\t\t<h2 class=\"\">Analytical cookies<\/h2>\n\t\t\t\t\t<p>Analytical cookies are used to understand how visitors interact with the website. These cookies help provide information on metrics the number of visitors, bounce rate, traffic source, etc.<\/p>\n<table class=\"cookielawinfo-row-cat-table cookielawinfo-winter\">\n<thead>\n<tr>\n<th class=\"cookielawinfo-column-1\">Cookie<\/th>\n<th class=\"cookielawinfo-column-3\">Duration<\/th>\n<th class=\"cookielawinfo-column-4\">Description<\/th>\n<\/tr>\n<\/thead>\n<tbody>\n<tr class=\"cookielawinfo-row\">\n<td class=\"cookielawinfo-column-1\">_ga<\/td>\n<td class=\"cookielawinfo-column-3\">2 years<\/td>\n<td class=\"cookielawinfo-column-4\">The _ga cookie, installed by Google Analytics, calculates visitor, session and campaign data and also keeps track of site usage for the site&#8217;s analytics report. The cookie stores information anonymously and assigns a randomly generated number to recognize unique visitors.<\/td>\n<\/tr>\n<tr class=\"cookielawinfo-row\">\n<td class=\"cookielawinfo-column-1\">_gat_gtag_UA_29855928_1<\/td>\n<td class=\"cookielawinfo-column-3\">1 minute<\/td>\n<td class=\"cookielawinfo-column-4\">Set by Google to distinguish users.<\/td>\n<\/tr>\n<tr class=\"cookielawinfo-row\">\n<td class=\"cookielawinfo-column-1\">_gat_UA-29855928-1<\/td>\n<td class=\"cookielawinfo-column-3\">1 minute<\/td>\n<td class=\"cookielawinfo-column-4\">A variation of the _gat cookie set by Google Analytics and Google Tag Manager to allow website owners to track visitor behaviour and measure site performance. The pattern element in the name contains the unique identity number of the account or website it relates to.<\/td>\n<\/tr>\n<tr class=\"cookielawinfo-row\">\n<td class=\"cookielawinfo-column-1\">_gid<\/td>\n<td class=\"cookielawinfo-column-3\">1 day<\/td>\n<td class=\"cookielawinfo-column-4\">Installed by Google Analytics, _gid cookie stores information on how visitors use a website, while also creating an analytics report of the website&#8217;s performance. Some of the data that are collected include the number of visitors, their source, and the pages they visit anonymously.<\/td>\n<\/tr>\n<tr class=\"cookielawinfo-row\">\n<td class=\"cookielawinfo-column-1\">CONSENT<\/td>\n<td class=\"cookielawinfo-column-3\">2 years<\/td>\n<td class=\"cookielawinfo-column-4\">YouTube sets this cookie via embedded youtube-videos and registers anonymous statistical data.<\/td>\n<\/tr>\n<\/tbody>\n<\/table>\n\t\t<\/div>\n<\/section>\n\n\n<section class=\"text-block white  \">\n    <div class=\"block-icon\"><\/div>\n\t<div class=\"inner\">\n\t\t<div class=\"text-block-content\">\n\t\t\t\t\t<h2 class=\"\">Advertisement cookies<\/h2>\n\t\t\t\t\t<p>Advertisement cookies are used to provide visitors with relevant ads and marketing campaigns. These cookies track visitors across websites and collect information to provide customized ads.<\/p>\n<table class=\"cookielawinfo-row-cat-table cookielawinfo-winter\">\n<thead>\n<tr>\n<th class=\"cookielawinfo-column-1\">Cookie<\/th>\n<th class=\"cookielawinfo-column-3\">Duration<\/th>\n<th class=\"cookielawinfo-column-4\">Description<\/th>\n<\/tr>\n<\/thead>\n<tbody>\n<tr class=\"cookielawinfo-row\">\n<td class=\"cookielawinfo-column-1\">IDE<\/td>\n<td class=\"cookielawinfo-column-3\">1 year 24 days<\/td>\n<td class=\"cookielawinfo-column-4\">Google DoubleClick IDE cookies are used to store information about how the user uses the website to present them with relevant ads and according to the user profile.<\/td>\n<\/tr>\n<tr class=\"cookielawinfo-row\">\n<td class=\"cookielawinfo-column-1\">test_cookie<\/td>\n<td class=\"cookielawinfo-column-3\">15 minutes<\/td>\n<td class=\"cookielawinfo-column-4\">The test_cookie is set by doubleclick.net and is used to determine if the user&#8217;s browser supports cookies.<\/td>\n<\/tr>\n<tr class=\"cookielawinfo-row\">\n<td class=\"cookielawinfo-column-1\">VISITOR_INFO1_LIVE<\/td>\n<td class=\"cookielawinfo-column-3\">5 months 27 days<\/td>\n<td class=\"cookielawinfo-column-4\">A cookie set by YouTube to measure bandwidth that determines whether the user gets the new or old player interface.<\/td>\n<\/tr>\n<tr class=\"cookielawinfo-row\">\n<td class=\"cookielawinfo-column-1\">YSC<\/td>\n<td class=\"cookielawinfo-column-3\">session<\/td>\n<td class=\"cookielawinfo-column-4\">YSC cookie is set by Youtube and is used to track the views of embedded videos on Youtube pages.<\/td>\n<\/tr>\n<tr class=\"cookielawinfo-row\">\n<td class=\"cookielawinfo-column-1\">yt-remote-connected-devices<\/td>\n<td class=\"cookielawinfo-column-3\">never<\/td>\n<td class=\"cookielawinfo-column-4\">YouTube sets this cookie to store the video preferences of the user using embedded YouTube video.<\/td>\n<\/tr>\n<tr class=\"cookielawinfo-row\">\n<td class=\"cookielawinfo-column-1\">yt-remote-device-id<\/td>\n<td class=\"cookielawinfo-column-3\">never<\/td>\n<td class=\"cookielawinfo-column-4\">YouTube sets this cookie to store the video preferences of the user using embedded YouTube video.<\/td>\n<\/tr>\n<tr class=\"cookielawinfo-row\">\n<td class=\"cookielawinfo-column-1\">yt.innertube::nextId<\/td>\n<td class=\"cookielawinfo-column-3\">never<\/td>\n<td class=\"cookielawinfo-column-4\">This cookie, set by YouTube, registers a unique ID to store data on what videos from YouTube the user has seen.<\/td>\n<\/tr>\n<tr class=\"cookielawinfo-row\">\n<td class=\"cookielawinfo-column-1\">yt.innertube::requests<\/td>\n<td class=\"cookielawinfo-column-3\">never<\/td>\n<td class=\"cookielawinfo-column-4\">This cookie, set by YouTube, registers a unique ID to store data on what videos from YouTube the user has seen.<\/td>\n<\/tr>\n<\/tbody>\n<\/table>\n\t\t<\/div>\n<\/section>\n\n\n<section class=\"text-block white  \">\n    <div class=\"block-icon\"><\/div>\n\t<div class=\"inner\">\n\t\t<div class=\"text-block-content\">\n\t\t\t\t\t<h2 class=\"\">Functional cookies<\/h2>\n\t\t\t\t\t<p>Functional cookies help to perform certain functionalities like sharing the content of the website on social media platforms, collect feedbacks, and other third-party features.<\/p>\n<table class=\"cookielawinfo-row-cat-table cookielawinfo-winter\">\n<thead>\n<tr>\n<th class=\"cookielawinfo-column-1\">Cookie<\/th>\n<th class=\"cookielawinfo-column-3\">Duration<\/th>\n<th class=\"cookielawinfo-column-4\">Description<\/th>\n<\/tr>\n<\/thead>\n<tbody>\n<tr class=\"cookielawinfo-row\">\n<td class=\"cookielawinfo-column-1\">PHPSESSID<\/td>\n<td class=\"cookielawinfo-column-3\">session<\/td>\n<td class=\"cookielawinfo-column-4\">\n<p>This cookie is native to PHP applications. The cookie is used to store and identify a users&#8217; unique session ID for the purpose of managing user session on the website. The cookie is a session cookies and is deleted when all the browser windows are closed.<\/p>\n<\/td>\n<\/tr>\n<\/tbody>\n<\/table>\n<table class=\"cookielawinfo-row-cat-table cookielawinfo-winter\">\n<tbody>\n<tr class=\"cookielawinfo-row\">\n<td class=\"cookielawinfo-column-1\">ASP.NET_SessionId<\/td>\n<td class=\"cookielawinfo-column-3\">session<\/td>\n<td class=\"cookielawinfo-column-4\">Issued by Microsoft&#8217;s ASP.NET Application, this cookie stores session data during a user&#8217;s website visit.<\/td>\n<\/tr>\n<\/tbody>\n<\/table>\n\t\t<\/div>\n<\/section>\n\n\n<section class=\"text-block white  \">\n    <div class=\"block-icon\"><\/div>\n\t<div class=\"inner\">\n\t\t<div class=\"text-block-content\">\n\t\t\t\t\t<h2 class=\"\">Other uncategorized cookies<\/h2>\n\t\t\t\t\t<p>Other uncategorized cookies are those that are being analyzed and have not been classified into a category as yet.<\/p>\n<table class=\"cookielawinfo-row-cat-table cookielawinfo-winter\">\n<thead>\n<tr>\n<th class=\"cookielawinfo-column-1\">Cookie<\/th>\n<th class=\"cookielawinfo-column-3\">Duration<\/th>\n<th class=\"cookielawinfo-column-4\">Description<\/th>\n<\/tr>\n<\/thead>\n<tbody>\n<tr class=\"cookielawinfo-row\">\n<td class=\"cookielawinfo-column-1\">reftracker_1177_10<\/td>\n<td class=\"cookielawinfo-column-3\">session<\/td>\n<td class=\"cookielawinfo-column-4\">No description<\/td>\n<\/tr>\n<tr class=\"cookielawinfo-row\">\n<td class=\"cookielawinfo-column-1\">reftracker_1177_6<\/td>\n<td class=\"cookielawinfo-column-3\">session<\/td>\n<td class=\"cookielawinfo-column-4\">No description<\/td>\n<\/tr>\n<\/tbody>\n<\/table>\n\t\t<\/div>\n<\/section>\n","protected":false},"excerpt":{"rendered":"<p>Om cookies\/kakor Sammanst\u00e4llning av de kakor vi anv\u00e4nder<\/p>\n","protected":false},"author":6,"featured_media":0,"parent":0,"menu_order":18,"comment_status":"closed","ping_status":"closed","template":"","meta":{"footnotes":""},"class_list":["post-3408","page","type-page","status-publish","hentry"],"acf":[],"_links":{"self":[{"href":"https:\/\/jag.se\/assistans\/wp-json\/wp\/v2\/pages\/3408","targetHints":{"allow":["GET"]}}],"collection":[{"href":"https:\/\/jag.se\/assistans\/wp-json\/wp\/v2\/pages"}],"about":[{"href":"https:\/\/jag.se\/assistans\/wp-json\/wp\/v2\/types\/page"}],"author":[{"embeddable":true,"href":"https:\/\/jag.se\/assistans\/wp-json\/wp\/v2\/users\/6"}],"replies":[{"embeddable":true,"href":"https:\/\/jag.se\/assistans\/wp-json\/wp\/v2\/comments?post=3408"}],"version-history":[{"count":31,"href":"https:\/\/jag.se\/assistans\/wp-json\/wp\/v2\/pages\/3408\/revisions"}],"predecessor-version":[{"id":13300,"href":"https:\/\/jag.se\/assistans\/wp-json\/wp\/v2\/pages\/3408\/revisions\/13300"}],"wp:attachment":[{"href":"https:\/\/jag.se\/assistans\/wp-json\/wp\/v2\/media?parent=3408"}],"curies":[{"name":"wp","href":"https:\/\/api.w.org\/{rel}","templated":true}]}}