{"id":3592,"date":"2022-07-13T17:10:27","date_gmt":"2022-07-13T17:10:27","guid":{"rendered":"https:\/\/jag.se\/assistans\/?page_id=3592"},"modified":"2026-03-12T10:28:10","modified_gmt":"2026-03-12T10:28:10","slug":"visselblasning","status":"publish","type":"page","link":"https:\/\/jag.se\/assistans\/visselblasning\/","title":{"rendered":"Visselbl\u00e5sning"},"content":{"rendered":"\n<h1 class=\"wp-block-heading\"><strong>Visselbl\u00e5sning <\/strong><\/h1>\n\n\n<section class=\"text-block white  \">\n    <div class=\"block-icon\"><\/div>\n\t<div class=\"inner\">\n\t\t<div class=\"text-block-content\">\n\t\t\t\t\t<h2 class=\"\">Rapportera missf\u00f6rh\u00e5llanden<\/h2>\n\t\t\t\t\t<p><\/p>\n<p>Vi \u00e4r m\u00e5na om att g\u00f6ra r\u00e4tt och att uppr\u00e4tth\u00e5lla v\u00e5ra medarbetares, samarbetspartners och allm\u00e4nhetens f\u00f6rtroende f\u00f6r oss och v\u00e5r verksamhet. Vi vill d\u00e4rf\u00f6r g\u00f6ra allt vi kan f\u00f6r att uppt\u00e4cka och hindra eventuella missf\u00f6rh\u00e5llanden i v\u00e5r verksamhet s\u00e5 tidigt som m\u00f6jligt.<\/p>\n<p><\/p>\n<p><\/p>\n<p><strong>I v\u00e5r visselbl\u00e5sartj\u00e4nst kan du l\u00e4mna en rapport om misstanke om allvarliga missf\u00f6rh\u00e5llanden.\u00a0\u00a0<\/strong><\/p>\n<p><\/p>\n<p><\/p>\n<p>Rapporter som inkommer via visselbl\u00e5sartj\u00e4nsten g\u00e5r till en liten grupp inom HR\/juridik som avg\u00f6r om de \u00e4r l\u00e4mpliga att utreda \u00e4rendet eller om den fortsatta hanteringen av rapporten ska \u00f6verl\u00e4mnas till en annan oberoende part. Detta kan till exempel vara fallet om \u00e4rendet ber\u00f6r en av mottagarna.\u00a0<\/p>\n<p><\/p>\n<p><\/p>\n<p>Genom visselbl\u00e5sartj\u00e4nsten kan du vara anonym n\u00e4r du l\u00e4mnar din visselbl\u00e5sning. Din rapport kommer att vara krypterad och inga IP-adresser kan sp\u00e5ras.\u00a0<\/p>\n<p><\/p>\n<p><\/p>\n<p><strong>F\u00f6r att s\u00e4kerst\u00e4lla din anonymitet \u2013 t\u00e4nk p\u00e5:\u00a0\u00a0<\/strong><\/p>\n<p><\/p>\n<p><\/p>\n<ul class=\"wp-block-list\">\n<li>Skriv av den h\u00e4r l\u00e4nken <a href=\"https:\/\/whistle.qnister.com\/jag\" target=\"_blank\" rel=\"noreferrer noopener nofollow\">https:\/\/whistle.qnister.com\/jag<\/a> och skriv in i din webb-l\u00e4sare.\u00a0\u00a0<\/li>\n<li>Anv\u00e4nd inte f\u00f6retagets dator eller n\u00e4tverk.\u00a0<\/li>\n<\/ul>\n<p><\/p>\n\t\t<\/div>\n<\/section>\n\n\n<section class=\"text-block ocean  \">\n    <div class=\"block-icon\"><\/div>\n\t<div class=\"inner\">\n\t\t<div class=\"text-block-content\">\n\t\t\t\t\t<h2 class=\"\">Vad \u00e4r visselbl\u00e5sning?<\/h2>\n\t\t\t\t\t<p>Visselbl\u00e5sarlagen \u00e4r en ny lag som tr\u00e4dde i kraft 17 december 2021.\u00a0Den inneb\u00e4r att privatpersoner som anm\u00e4ler missf\u00f6rh\u00e5llanden f\u00e5r ett starkare skydd mot repressalier fr\u00e5n arbetsgivaren. Skyddet omfattar \u00e4ven praktikanter, volont\u00e4rer och konsulter.\u00a0Visselbl\u00e5sarlagen kompletterar det skydd som redan idag finns f\u00f6r arbetstagare som varslar om missf\u00f6rh\u00e5llanden. Genom de nya reglerna st\u00e4lls krav p\u00e5 verksamhetsut\u00f6vare, som JAG, att anst\u00e4llda ska kunna anm\u00e4la ett missf\u00f6rh\u00e5llande anonymt och vara skyddade mot upps\u00e4gning eller \u00e4ndrade arbetsuppgifter.\u00a0\u00a0<\/p>\n<p>Anm\u00e4lan ska syfta till att uppm\u00e4rksamma ledningen eller styrelsen p\u00e5 missf\u00f6rh\u00e5llanden f\u00f6r att det ska leda till en f\u00f6rb\u00e4ttring i verksamheten.\u00a0Det \u00e4r information om missf\u00f6rh\u00e5llanden i ett arbetsrelaterat sammanhang som det finns ett allm\u00e4nintresse av som ska rapporteras.\u00a0\u00a0Det betyder att det \u00e4r uppgifter eller information man har tagit del av i sitt yrkesut\u00f6vande.\u00a0\u00a0<\/p>\n<p>Lagstiftningen omfattar ett brett omr\u00e5de, bland annat korruption, penningtv\u00e4tt och konsumentskydd men det som ber\u00f6rs s\u00e4rskilt inom v\u00e5ra omr\u00e5den \u00e4r:<\/p>\n<ul>\n<li>Folkh\u00e4lsa<\/li>\n<li>Skydd av privatlivet och personuppgifter samt s\u00e4kerhet i n\u00e4tverks- och informationssystem<\/li>\n<li>Misshush\u00e5llning med allm\u00e4nna medel. Att assistansers\u00e4ttningen anv\u00e4nds p\u00e5 ett ansvarsfullt s\u00e4tt.<\/li>\n<\/ul>\n<p>Lagstiftningen st\u00e4ller krav p\u00e5 att myndigheter, f\u00f6retag och organisationer har ett s\u00e4kert system f\u00f6r att kunna ta emot rapporter om missf\u00f6rh\u00e5llanden genom en intern rapporteringskanal.<\/p>\n\t\t<\/div>\n<\/section>\n\n\n<section class=\"text-block white  \">\n    <div class=\"block-icon\"><\/div>\n\t<div class=\"inner\">\n\t\t<div class=\"text-block-content\">\n\t\t\t\t\t<h2 class=\"\">Vad \u00e4r INTE visselbl\u00e5sning?<\/h2>\n\t\t\t\t\t<blockquote>\n<p><strong>Information som endast r\u00f6r den rapporterande personens egna arbets- eller anst\u00e4llningsf\u00f6rh\u00e5llande omfattas inte av visselbl\u00e5sarlagen.<\/strong> Exempelvis konflikter om anst\u00e4llning eller arbetsuppgifter f\u00f6r personlig assistent hanteras av <a href=\"mailto:hr@jag.se\">HR-avdelningen<\/a>.<\/p>\n<p>Inte heller situationer som ber\u00f6r den enskilde uppdragsgivaren omfattas. Vid risk f\u00f6r missf\u00f6rh\u00e5llande eller missf\u00f6rh\u00e5llande som drabbar uppdragsgivaren ska detta rapporteras omg\u00e5ende till JAG via tel 08-789 30 00 eller e-post <a href=\"mailto:svardirekt@jag.se\">svardirekt@jag.se<\/a> enligt Lex Sarah-reglerna i LSS.\u00a0\u00a0<\/p>\n<\/blockquote>\n\t\t<\/div>\n<\/section>\n\n\n<section class=\"accordion_heading\">\n\t<div class=\"inner\">\n\t\t\t\t\t<div class=\"list single-col\">\n\t\t\t\t\t\t\t\t\t<div class=\"item\">\n\t\t\t\t\t\t<div class=\"item-title\">Information om personuppgiftsbehandling i visselbl\u00e5sningsfunktionen<\/div>\n\t\t\t\t\t\t<div class=\"item-content\"><p>Nedan f\u00f6ljer information om den personuppgiftsbehandling som sker i samband med v\u00e5r hantering av visselbl\u00e5snings\u00e4renden samt dina r\u00e4ttigheter som registrerad.  <\/p>\n<p>Personuppgiftsansvarig<br \/>\nAnsvarig f\u00f6r behandlingen av personuppgifter \u00e4r:<br \/>\nBrukarkooperativet JAG Personlig Assistans AB, 556704-9332<br \/>\nKlara S\u00f6dra Kyrkogata 1, box 161 45, 103 23 Stockholm<br \/>\nEpost <a href=\"mailto:svardirekt@jag.se\" rel=\"noopener\" target=\"_blank\">svardirekt@jag.se<\/a><br \/>\nTel <a href=\"tel:087893000\" rel=\"noopener\" target=\"_blank\">08-789 30 00<\/a> <\/p>\n<p>Dataskyddsombud \u00e4r:<br \/>\nMattias Grundstr\u00f6m<br \/>\nExtern DPO i Sverige AB<br \/>\nEpost <a href=\"mailto:mattias.grundstrom@externdpo.se\" rel=\"noopener\" target=\"_blank\">mattias.grundstrom@externdpo.se<\/a><br \/>\nTel <a href=\"tel:0708207040\" rel=\"noopener\" target=\"_blank\">070-820 70 40<\/a> <\/p>\n<p>F\u00f6r ytterligare information om v\u00e5r hantering av personuppgifter, se v\u00e5r vid var tid g\u00e4llande <a href=\"https:\/\/jag.se\/assistans\/hantering-av-personuppgifter\/\">Personuppgiftspolicy<\/a>. <\/p>\n<p>\u00c4ndam\u00e5l med behandlingen och laglig grund<br \/>\n\u00c4ndam\u00e5let med behandlingen \u00e4r att kunna uppfylla de lagkrav som st\u00e4lls p\u00e5 organisationen att tillhandah\u00e5lla visselbl\u00e5sning och genomf\u00f6ra den utredning som \u00e4rendena kr\u00e4ver. \u00c4ndam\u00e5let \u00e4r ocks\u00e5 att behandla personuppgifter d\u00e4r det \u00e4r n\u00f6dv\u00e4ndigt i samband med uppf\u00f6ljnings\u00e4renden. Detta inneb\u00e4r att vi kan beh\u00f6va behandla personuppgifter f\u00f6r att: <\/p>\n<ul>\n<li>Hantera rapporterade visselbl\u00e5snings\u00e4renden,<\/li>\n<li>Tillvarata organisationens r\u00e4ttigheter och skyldigheter utifr\u00e5n de oegentligheter som framkommer i visselbl\u00e5snings\u00e4renden,<\/li>\n<li>Uppfylla de lagkrav som st\u00e4lls p\u00e5 organisationen.<\/li>\n<\/ul>\n<p>Den lagliga grunden f\u00f6r behandling av personuppgifter i samband med visselbl\u00e5snings\u00e4renden \u00e4r som utg\u00e5ngspunkt r\u00e4ttslig f\u00f6rpliktelse enligt 5 kap. 2 \u00a7 i lag om skydd f\u00f6r personer som rapporterar om missf\u00f6rh\u00e5llanden. <\/p>\n<p>Den lagliga grunden f\u00f6r behandling av personuppgifter i samband med uppf\u00f6ljning av visselbl\u00e5snings\u00e4renden och andra \u00e5tg\u00e4rder som vidtas med anledning av ett inrapporterat \u00e4rende \u00e4r fullg\u00f6rande av r\u00e4ttslig f\u00f6rpliktelse eller organisationens ber\u00e4ttigade intresse i att tillvarata sina r\u00e4ttigheter utifr\u00e5n misst\u00e4nkta eller konstaterade oegentligheter.  <\/p>\n<p>Kategorier av registrerade<br \/>\nI samband med hantering av visselbl\u00e5snings\u00e4renden kan behandling av personuppgifter ske avseende f\u00f6ljande kategorier av registrerade: <\/p>\n<ul>\n<li>Den som rapporterar ett \u00e4rende, om hen inte v\u00e4ljer att vara anonym,<\/li>\n<li>Den eller de som f\u00f6rekommer i en rapportering,<\/li>\n<li>Den som har en administrativ roll att behandla och utreda rapporterade \u00e4renden.<\/li>\n<\/ul>\n<p>Utl\u00e4mnande av uppgifter och personuppgiftsbitr\u00e4den<br \/>\nUppgifterna kan komma att l\u00e4mnas ut till myndigheter (t.ex. polismyndighet i de fall visselbl\u00e5snings\u00e4renden leder till polisanm\u00e4lan). Uppgifter kan ocks\u00e5 komma att l\u00e4mnas ut till andra delar av verksamheter eller andra bolag inom koncernen i samband med utredning, uppf\u00f6ljning och \u00e5tg\u00e4rdande med anledning av ett visselbl\u00e5snings\u00e4rende.  <\/p>\n<p>Behandling i samband med visselbl\u00e5snings\u00e4renden sker ocks\u00e5 hos personuppgiftsbitr\u00e4den. Dessa f\u00e5r enbart agera p\u00e5 v\u00e5ra instruktioner vilket regleras s\u00e4rskilt i bitr\u00e4desavtal. <\/p>\n<p>\u00d6verf\u00f6ringar till tredje land<br \/>\nVi str\u00e4var efter att inte \u00f6verf\u00f6ra uppgifter till ett land eller bolag placerat utanf\u00f6r EU\/EES och all lagring av personuppgifter som avser inneh\u00e5llet i visselbl\u00e5snings\u00e4renden sker inom EU\/EES p\u00e5 servrar som \u00e4gs av bolag inom Sverige.  <\/p>\n<p>Inloggningsadministrationen sker genom active directory, Microsoft Azure. Lagringen sker inom EU\/EES men eftersom leverant\u00f6ren \u00e4r amerikansk finns det en risk att inloggningsrelaterade personuppgifter kan komma att g\u00f6ras tillg\u00e4ngliga f\u00f6r amerikanska myndigheter vilket kan ha negativ p\u00e5verkan p\u00e5 integritetsskyddet eftersom amerikanska myndigheter inte \u00e4r bundna till att f\u00f6lja GDPR. F\u00f6r det fall \u00f6verf\u00f6ring till tredje land sker finns det standardavtalsklausuler som skydds\u00e5tg\u00e4rd. V\u00e4nligen kontakta oss f\u00f6r mer information om hur vi skyddar dina personuppgifter.  <\/p>\n<p>Lagring och gallring<br \/>\nDina personuppgifter som f\u00f6rekommer i ett visselbl\u00e5snings\u00e4rende kommer sparas i tv\u00e5 \u00e5r fr\u00e5n det att \u00e4renden avslutats.  <\/p>\n<p>De personuppgifter som f\u00f6rekommer f\u00f6r att hantera administration och beh\u00f6righet sparas s\u00e5 l\u00e4nge beh\u00f6righeten g\u00e4ller. <\/p>\n<p>N\u00e4r lagringstiden l\u00f6per ut gallras samtliga personuppgifter.  <\/p>\n<p>Om ett \u00e4rende kr\u00e4ver fortsatt utredning internt kommer vi att forts\u00e4tta behandla dina personuppgifter s\u00e5 l\u00e4nge \u00e4rendet kr\u00e4ver det.  <\/p>\n<p>Dina r\u00e4ttigheter som registrerad<br \/>\nN\u00e4r vi samlar in och behandlar dina personuppgifter har du vissa r\u00e4ttigheter. Du har r\u00e4tt att: <\/p>\n<ul>\n<li>Beg\u00e4ra ett utdrag \u00f6ver de personuppgifter f\u00f6retaget behandlar samt p\u00e5 vilket s\u00e4tt de behandlas;<\/li>\n<li>Beg\u00e4ra r\u00e4ttelse av eventuellt felaktiga uppgifter;<\/li>\n<li>Beg\u00e4ra att bli raderad. Detta kan dock endast genomf\u00f6ras f\u00f6rutsatt att f\u00f6retaget inte har r\u00e4tt att beh\u00e5lla uppgifterna p\u00e5 n\u00e5gon annan laglig grund;<\/li>\n<li>Beg\u00e4ra att behandlingen under vissa omst\u00e4ndigheter begr\u00e4nsas, t.ex. under tiden en fr\u00e5ga om huruvida uppgifter \u00e4r korrekta eller inte utreds;<\/li>\n<li>Nyttja r\u00e4tten till dataportabilitet;<\/li>\n<li>Inv\u00e4nda mot profilering. G\u00e4ller endast uppgifter du tillhandah\u00e5llit f\u00f6retaget och dessa behandlas automatiskt och att dessa behandlas med st\u00f6d av avtal eller samtycke; och<\/li>\n<li>V\u00e4nda dit till beh\u00f6rig tillsynsmyndighet (i Sverige Integritetsskyddsmyndigheten IMY) om du har synpunkter p\u00e5 hur vi behandlar dina personuppgifter.<\/li>\n<\/ul>\n<p>Observera att dina r\u00e4ttigheter enligt ovan kan p\u00e5verkas av den tystnadsplikt som g\u00e4ller f\u00f6r visselbl\u00e5sningsrelaterade uppgifter samt f\u00f6r de fall ett r\u00f6jande g\u00f6r att utredningen f\u00f6rsv\u00e5ras. M\u00f6jligheten att ut\u00f6va dina r\u00e4ttigheter kommer att bed\u00f6mas utifr\u00e5n bland annat den r\u00e4ttsliga grunden och \u00e4ndam\u00e5let f\u00f6r aktuell behandling.  <\/p>\n<p>Vid fr\u00e5gor ang\u00e5ende hanteringen av dina personuppgifter, kontakta oss via de kontaktuppgifter som anges i inledningen till denna information. <\/p>\n<p>S\u00e4kerhet<br \/>\nF\u00f6retaget vidtar l\u00e4mpliga tekniska och organisatoriska informationss\u00e4kerhets\u00e5tg\u00e4rder f\u00f6r att f\u00f6rhindra och begr\u00e4nsa risker som \u00e4r f\u00f6rknippade med att utge personuppgifter s\u00e5som obeh\u00f6rig \u00e5tkomst, avsl\u00f6jande, missbruk, f\u00f6r\u00e4ndringar och f\u00f6rst\u00f6relse. Endast ett f\u00e5tal beh\u00f6riga personer bundna av sekretess har tillg\u00e5ng till identifierbara personuppgifter. <\/p>\n<\/div>\n\t\t\t\t\t<\/div>\n\t\t\t\t\t\t\t\t<\/div>\n\t\t\t\t\t\t<\/div>\n<\/section>\n","protected":false},"excerpt":{"rendered":"<p>Visselbl\u00e5sning<\/p>\n","protected":false},"author":1,"featured_media":0,"parent":0,"menu_order":15,"comment_status":"closed","ping_status":"closed","template":"","meta":{"footnotes":""},"class_list":["post-3592","page","type-page","status-publish","hentry"],"acf":[],"_links":{"self":[{"href":"https:\/\/jag.se\/assistans\/wp-json\/wp\/v2\/pages\/3592","targetHints":{"allow":["GET"]}}],"collection":[{"href":"https:\/\/jag.se\/assistans\/wp-json\/wp\/v2\/pages"}],"about":[{"href":"https:\/\/jag.se\/assistans\/wp-json\/wp\/v2\/types\/page"}],"author":[{"embeddable":true,"href":"https:\/\/jag.se\/assistans\/wp-json\/wp\/v2\/users\/1"}],"replies":[{"embeddable":true,"href":"https:\/\/jag.se\/assistans\/wp-json\/wp\/v2\/comments?post=3592"}],"version-history":[{"count":34,"href":"https:\/\/jag.se\/assistans\/wp-json\/wp\/v2\/pages\/3592\/revisions"}],"predecessor-version":[{"id":15416,"href":"https:\/\/jag.se\/assistans\/wp-json\/wp\/v2\/pages\/3592\/revisions\/15416"}],"wp:attachment":[{"href":"https:\/\/jag.se\/assistans\/wp-json\/wp\/v2\/media?parent=3592"}],"curies":[{"name":"wp","href":"https:\/\/api.w.org\/{rel}","templated":true}]}}