{"id":3776,"date":"2022-09-06T13:04:13","date_gmt":"2022-09-06T13:04:13","guid":{"rendered":"https:\/\/jag.se\/assistans\/lyckas-som-assistent-2\/"},"modified":"2023-08-08T09:05:12","modified_gmt":"2023-08-08T09:05:12","slug":"5-viktiga-saker-som-assistent","status":"publish","type":"page","link":"https:\/\/jag.se\/assistans\/5-viktiga-saker-som-assistent\/","title":{"rendered":"5 viktiga saker du l\u00e4r dig som assistent"},"content":{"rendered":"<div class=\"yoast-breadcrumbs\">\t<div class=\"inner\">\n\t\t<span><span><a href=\"https:\/\/jag.se\">JAG start<\/a><\/span> &gt; <span><a href=\"https:\/\/jag.se\/assistans\/\">JAG Personlig assistans<\/a><\/span> &gt; <span class=\"breadcrumb_last\" aria-current=\"page\">5 viktiga saker du l\u00e4r dig som assistent<\/span><\/span>\t<\/div>\n<\/div>\n\n\n<h1 class=\"wp-block-heading\" id=\"juridisk-radgivning\">5 viktiga saker du l\u00e4r dig som personlig assistent<\/h1>\n\n\n\t<section class=\"job-bubbles\">\n\t\t<div class=\"inner\">\n\t\t\t<div class=\"bubbles-wrap\">\n\t\t\t\t\t\t\t<div class=\"bubble bubble-1\">\n\t\t\t\t\tVad kr\u00e4ver jobbet som personlig assistent?\t\t\t\t<\/div>\n\t\t\t\t\t\t\t\t<div class=\"bubble bubble-2\">\n\t\t\t\t\tUppfinningsrikedom, fingertoppsk\u00e4nsla och klokskap.\t\t\t\t<\/div>\n\t\t\t\t\t\t\t<\/div>\n\t\t<\/div>\n\t<\/section>\n\t\n\n<section class=\"text-block white  \">\n    <div class=\"block-icon\"><\/div>\n\t<div class=\"inner\">\n\t\t<div class=\"text-block-content\">\n\t\t\t\t\t<h2 class=\"\">1. P\u00e5 ett \u00f6gonblick kan livet f\u00f6r\u00e4ndras<\/h2>\n\t\t\t\t\t<p>Det finns inget \u201dvi och dom\u201d n\u00e4r det g\u00e4ller funktionsneds\u00e4ttningar. N\u00e4r som helst kan vem som helst drabbas av en sv\u00e5r sjukdom eller r\u00e5ka ut f\u00f6r en olycka som f\u00f6r alltid f\u00f6r\u00e4ndrar tillvaron.<\/p>\n\t\t<\/div>\n<\/section>\n\n\n<section class=\"text-block white  \">\n    <div class=\"block-icon\"><\/div>\n\t<div class=\"inner\">\n\t\t<div class=\"text-block-content\">\n\t\t\t\t\t<h2 class=\"\">2. Du klarar mycket mer \u00e4n du tror<\/h2>\n\t\t\t\t\t<p>N\u00e4r din uppdragsgivare drabbas av indragna assistanstimmar, IQ-diskrimineras eller m\u00e5ste akut till sjukhuset g\u00f6r det ont i hj\u00e4rtat. D\u00e5 finner du dig i situationen och det b\u00e4sta du kan g\u00f6ra \u00e4r att bara finnas d\u00e4r och st\u00f6tta som vanligt.<\/p>\n\t\t<\/div>\n<\/section>\n\n\n<section class=\"text-block white  \">\n    <div class=\"block-icon\"><\/div>\n\t<div class=\"inner\">\n\t\t<div class=\"text-block-content\">\n\t\t\t\t\t<h2 class=\"\">3. Att ingen ska beh\u00f6va k\u00e4nna sig osynlig<\/h2>\n\t\t\t\t\t<p>Tack vare personlig assistans kan JAGs assistansanv\u00e4ndare ta plats i samh\u00e4llet som andra. Du hj\u00e4lper den du assisterar att g\u00f6ra sin r\u00f6st h\u00f6rd, \u00e4ven om hen inte pratar med ord.<\/p>\n\t\t<\/div>\n<\/section>\n\n\n<section class=\"text-block white  \">\n    <div class=\"block-icon\"><\/div>\n\t<div class=\"inner\">\n\t\t<div class=\"text-block-content\">\n\t\t\t\t\t<h2 class=\"\">4. Du \u00e4r fin och duger som du \u00e4r<\/h2>\n\t\t\t\t\t<p>Man beh\u00f6ver inte vara st\u00f6rst, b\u00e4st och vackrast f\u00f6r att r\u00e4knas. Det \u00e4r okej att inte alltid vara p\u00e5 topp och att ta hj\u00e4lp av andra. <\/p>\n\t\t<\/div>\n<\/section>\n\n\n<section class=\"text-block white  \">\n    <div class=\"block-icon\"><\/div>\n\t<div class=\"inner\">\n\t\t<div class=\"text-block-content\">\n\t\t\t\t\t<h2 class=\"\">5. Att njuta av livet<\/h2>\n\t\t\t\t\t<p>Det sammanfattas b\u00e4st i ordspr\u00e5ket \u201dDet \u00e4r inte hur man har det utan hur man tar det\u201d.\u00a0<\/p>\n\t\t<\/div>\n<\/section>\n\n\n<section class=\"links-list white-bg\">\n\t<div class=\"inner\">\n\t\t\t\t<ul >\n\t\t\t\t\t\t\t<li><a href=\"https:\/\/jag.se\/assistans\/yrket-personlig-assistent\/\">Vad g\u00f6r en personlig assistent?<\/a><\/li>\n\t\t\t\t\t\t\t\t<li><a href=\"https:\/\/jag.se\/assistans\/lediga-jobb\/\">Lediga jobb<\/a><\/li>\n\t\t\t\t\t\t<\/ul>\n\t\t\t\t<\/div>\n<\/section>\n","protected":false},"excerpt":{"rendered":"<p>5 viktiga saker du l\u00e4r dig som personlig assistent<\/p>\n","protected":false},"author":6,"featured_media":3817,"parent":0,"menu_order":24,"comment_status":"closed","ping_status":"closed","template":"","meta":{"footnotes":""},"class_list":["post-3776","page","type-page","status-publish","has-post-thumbnail","hentry"],"acf":[],"_links":{"self":[{"href":"https:\/\/jag.se\/assistans\/wp-json\/wp\/v2\/pages\/3776","targetHints":{"allow":["GET"]}}],"collection":[{"href":"https:\/\/jag.se\/assistans\/wp-json\/wp\/v2\/pages"}],"about":[{"href":"https:\/\/jag.se\/assistans\/wp-json\/wp\/v2\/types\/page"}],"author":[{"embeddable":true,"href":"https:\/\/jag.se\/assistans\/wp-json\/wp\/v2\/users\/6"}],"replies":[{"embeddable":true,"href":"https:\/\/jag.se\/assistans\/wp-json\/wp\/v2\/comments?post=3776"}],"version-history":[{"count":35,"href":"https:\/\/jag.se\/assistans\/wp-json\/wp\/v2\/pages\/3776\/revisions"}],"predecessor-version":[{"id":5913,"href":"https:\/\/jag.se\/assistans\/wp-json\/wp\/v2\/pages\/3776\/revisions\/5913"}],"wp:featuredmedia":[{"embeddable":true,"href":"https:\/\/jag.se\/assistans\/wp-json\/wp\/v2\/media\/3817"}],"wp:attachment":[{"href":"https:\/\/jag.se\/assistans\/wp-json\/wp\/v2\/media?parent=3776"}],"curies":[{"name":"wp","href":"https:\/\/api.w.org\/{rel}","templated":true}]}}