{"id":4174,"date":"2022-11-04T12:22:55","date_gmt":"2022-11-04T12:22:55","guid":{"rendered":"https:\/\/jag.se\/assistans\/?page_id=4174"},"modified":"2024-04-24T16:01:19","modified_gmt":"2024-04-24T16:01:19","slug":"starkt-assistans","status":"publish","type":"page","link":"https:\/\/jag.se\/assistans\/juridisk-radgivning\/starkt-assistans\/","title":{"rendered":"St\u00e4rkt assistans"},"content":{"rendered":"<div class=\"yoast-breadcrumbs\">\t<div class=\"inner\">\n\t\t<span><span><a href=\"https:\/\/jag.se\">JAG start<\/a><\/span> &gt; <span><a href=\"https:\/\/jag.se\/assistans\/\">JAG Personlig assistans<\/a><\/span> &gt; <span><a href=\"https:\/\/jag.se\/assistans\/juridisk-radgivning\/\">Juridisk r\u00e5dgivning<\/a><\/span> &gt; <span class=\"breadcrumb_last\" aria-current=\"page\">St\u00e4rkt assistans<\/span><\/span>\t<\/div>\n<\/div>\n\n<section class=\"banner\">\n\t<img loading=\"lazy\" decoding=\"async\" width=\"1366\" height=\"399\" src=\"https:\/\/jag.se\/assistans\/wp-content\/uploads\/sites\/2\/2022\/11\/ernst-a-bred-web-1366x399.jpg\" class=\"bg-desktop\" alt=\"\" srcset=\"https:\/\/jag.se\/assistans\/wp-content\/uploads\/sites\/2\/2022\/11\/ernst-a-bred-web-1366x399.jpg 1366w, https:\/\/jag.se\/assistans\/wp-content\/uploads\/sites\/2\/2022\/11\/ernst-a-bred-web-300x88.jpg 300w, https:\/\/jag.se\/assistans\/wp-content\/uploads\/sites\/2\/2022\/11\/ernst-a-bred-web-1024x299.jpg 1024w, https:\/\/jag.se\/assistans\/wp-content\/uploads\/sites\/2\/2022\/11\/ernst-a-bred-web-768x224.jpg 768w, https:\/\/jag.se\/assistans\/wp-content\/uploads\/sites\/2\/2022\/11\/ernst-a-bred-web-1536x449.jpg 1536w, https:\/\/jag.se\/assistans\/wp-content\/uploads\/sites\/2\/2022\/11\/ernst-a-bred-web-2048x598.jpg 2048w, https:\/\/jag.se\/assistans\/wp-content\/uploads\/sites\/2\/2022\/11\/ernst-a-bred-web-1920x561.jpg 1920w, https:\/\/jag.se\/assistans\/wp-content\/uploads\/sites\/2\/2022\/11\/ernst-a-bred-web-320x93.jpg 320w, https:\/\/jag.se\/assistans\/wp-content\/uploads\/sites\/2\/2022\/11\/ernst-a-bred-web-120x35.jpg 120w, https:\/\/jag.se\/assistans\/wp-content\/uploads\/sites\/2\/2022\/11\/ernst-a-bred-web-540x158.jpg 540w, https:\/\/jag.se\/assistans\/wp-content\/uploads\/sites\/2\/2022\/11\/ernst-a-bred-web-601x176.jpg 601w, https:\/\/jag.se\/assistans\/wp-content\/uploads\/sites\/2\/2022\/11\/ernst-a-bred-web-150x44.jpg 150w, https:\/\/jag.se\/assistans\/wp-content\/uploads\/sites\/2\/2022\/11\/ernst-a-bred-web-311x91.jpg 311w, https:\/\/jag.se\/assistans\/wp-content\/uploads\/sites\/2\/2022\/11\/ernst-a-bred-web-369x108.jpg 369w, https:\/\/jag.se\/assistans\/wp-content\/uploads\/sites\/2\/2022\/11\/ernst-a-bred-web-374x109.jpg 374w, https:\/\/jag.se\/assistans\/wp-content\/uploads\/sites\/2\/2022\/11\/ernst-a-bred-web-171x50.jpg 171w\" sizes=\"auto, (max-width: 1366px) 100vw, 1366px\" \/><img loading=\"lazy\" decoding=\"async\" width=\"540\" height=\"540\" src=\"https:\/\/jag.se\/assistans\/wp-content\/uploads\/sites\/2\/2022\/11\/ernst-a-640x640-web-kopiera-540x540.jpg\" class=\"bg-mobile\" alt=\"\" srcset=\"https:\/\/jag.se\/assistans\/wp-content\/uploads\/sites\/2\/2022\/11\/ernst-a-640x640-web-kopiera-540x540.jpg 540w, https:\/\/jag.se\/assistans\/wp-content\/uploads\/sites\/2\/2022\/11\/ernst-a-640x640-web-kopiera-300x300.jpg 300w, https:\/\/jag.se\/assistans\/wp-content\/uploads\/sites\/2\/2022\/11\/ernst-a-640x640-web-kopiera-150x150.jpg 150w, https:\/\/jag.se\/assistans\/wp-content\/uploads\/sites\/2\/2022\/11\/ernst-a-640x640-web-kopiera-100x100.jpg 100w, https:\/\/jag.se\/assistans\/wp-content\/uploads\/sites\/2\/2022\/11\/ernst-a-640x640-web-kopiera-120x120.jpg 120w, https:\/\/jag.se\/assistans\/wp-content\/uploads\/sites\/2\/2022\/11\/ernst-a-640x640-web-kopiera-601x601.jpg 601w, https:\/\/jag.se\/assistans\/wp-content\/uploads\/sites\/2\/2022\/11\/ernst-a-640x640-web-kopiera-38x38.jpg 38w, https:\/\/jag.se\/assistans\/wp-content\/uploads\/sites\/2\/2022\/11\/ernst-a-640x640-web-kopiera-311x311.jpg 311w, https:\/\/jag.se\/assistans\/wp-content\/uploads\/sites\/2\/2022\/11\/ernst-a-640x640-web-kopiera-369x369.jpg 369w, https:\/\/jag.se\/assistans\/wp-content\/uploads\/sites\/2\/2022\/11\/ernst-a-640x640-web-kopiera-374x374.jpg 374w, https:\/\/jag.se\/assistans\/wp-content\/uploads\/sites\/2\/2022\/11\/ernst-a-640x640-web-kopiera-50x50.jpg 50w, https:\/\/jag.se\/assistans\/wp-content\/uploads\/sites\/2\/2022\/11\/ernst-a-640x640-web-kopiera.jpg 640w\" sizes=\"auto, (max-width: 540px) 100vw, 540px\" \/>\t<div class=\"inner\">\n\t\t\t\t\t<div class=\"text-block  \">\n\t\t\t\t\t\t\t\t\t<h3>Vad inneb\u00e4r lag\u00e4ndringen?<\/h3>\n\t\t\t\t\t\t\t\t\t<p style=\"text-align: left;\">St\u00e4rkt assistans b\u00f6rjade g\u00e4lla 1 januari 2023. H\u00e4r kan du l\u00e4sa om lag\u00e4ndringen, vilka som ber\u00f6rs, vad du b\u00f6r t\u00e4nka p\u00e5 vid ans\u00f6kan och vilken hj\u00e4lp du kan f\u00e5 av oss.\u00a0<\/p>\n\t\t\t\t<a href=\"https:\/\/outlook.office365.com\/owa\/calendar\/Medlemsrekrytering@jag.se\/bookings\/\" target=\"_blank\" class=\"button inverted\">Boka samtal om assistans<\/a> \t\t\t<\/div>\n\t\t\t\t<\/div>\n<\/section>\n\n\n\n<h1 class=\"wp-block-heading\">St\u00e4rkt assistans <\/h1>\n\n\n<section class=\"text-block white  \">\n    <div class=\"block-icon\"><\/div>\n\t<div class=\"inner\">\n\t\t<div class=\"text-block-content\">\n\t\t\t\t\t<h2 class=\"\">Vad inneb\u00e4r lag\u00e4ndringen f\u00f6r den personliga assistansen?<\/h2>\n\t\t\t\t\t<p>Lag\u00e4ndringen inneb\u00e4r ett \u00e5terst\u00e4llande av assistansr\u00e4tten f\u00f6r stora grupper som har blivit av med den under de senaste \u00e5ren.<\/p>\n<ol>\n<li>F\u00f6r barn ska mycket <strong>mindre avdrag g\u00f6ras f\u00f6r f\u00f6r\u00e4ldraansvar<\/strong>. Det blir ist\u00e4llet ett schablonavdrag som \u00e4r lika f\u00f6r alla och utg\u00e5r fr\u00e5n barnets \u00e5lder.<\/li>\n<li style=\"text-align: left;\">F\u00f6r personer med intellektuell funktionsneds\u00e4ttning blir det <strong>ett f\u00f6rebyggande st\u00f6d f\u00f6r att hindra att man skadar sig sj\u00e4lv eller andra<\/strong> om man \u00e4r i behov av det. Det h\u00e4r \u00e4r ett nytt grundl\u00e4ggande behov i lagen.<\/li>\n<li><strong>Praktisk hj\u00e4lp, motivering och aktivering<\/strong> ska nu r\u00e4knas in i de grundl\u00e4ggande behoven. Det kommer inneb\u00e4ra en tryggare assistans och mer tid som r\u00e4knas in f\u00f6r dem som har de h\u00e4r behoven.<\/li>\n<li>Ett annat nytt grundl\u00e4ggande behov i lag\u00e4ndringen \u00e4r <strong>ett l\u00f6pande st\u00f6d om man beh\u00f6ver det p\u00e5 grund av medicinska sk\u00e4l<\/strong> som tex allvarlig epilepsi.<\/li>\n<\/ol>\n\t\t<\/div>\n<\/section>\n\n\n<section class=\"links-list white-bg\">\n\t<div class=\"inner\">\n\t\t\t\t<ul >\n\t\t\t\t\t\t\t<li><a href=\"https:\/\/outlook.office365.com\/owa\/calendar\/Medlemsrekrytering@jag.se\/bookings\/\">Boka samtal om personlig assistans<\/a><\/li>\n\t\t\t\t\t\t<\/ul>\n\t\t\t\t<\/div>\n<\/section>\n\n\n<section class=\"text-block vvb-rose  \">\n    <div class=\"block-icon\"><\/div>\n\t<div class=\"inner\">\n\t\t<div class=\"text-block-content\">\n\t\t\t\t\t<h2 class=\"\">Hur vet jag om jag \u00e4r en av dem som lag\u00e4ndringen g\u00e4ller? <\/h2>\n\t\t\t\t\t<p><strong>Det \u00e4r barn och personer som har ett behov av st\u00f6d som inte bara \u00e4r praktiskt utan som beh\u00f6ver aktiverings- och motiveringsinsatser f\u00f6r att klara sin vardag som ber\u00f6rs mest av lag\u00e4ndringen.\u00a0<\/strong> Men \u00e4ven personer som beh\u00f6ver l\u00f6pande st\u00f6d f\u00f6r att f\u00f6rebygga skada eller p\u00e5 grund av medicinska sk\u00e4l som till exempel epilepsi.<\/p>\n<p>F\u00f6r barn g\u00e4ller det oavsett vilken personkrets i LSS barnet tillh\u00f6r, men det \u00e4r naturligtvis de barn som har st\u00f6rst behov som ber\u00f6rs mest. \u00c4ven vuxna personer som tillh\u00f6r LSS personkrets 1 eller 2 och har intellektuella funktionsneds\u00e4ttningar (\u201dpsykiska\u201d funktionsneds\u00e4ttningar som det st\u00e5r i lagen) ber\u00f6rs av f\u00f6r\u00e4ndringarna.<\/p>\n<p>&nbsp;<\/p>\n\t\t<\/div>\n<\/section>\n\n\n<section class=\"text-block white  \">\n    <div class=\"block-icon\"><\/div>\n\t<div class=\"inner\">\n\t\t<div class=\"text-block-content\">\n\t\t\t\t\t<h2 class=\"\">Den h\u00e4r hj\u00e4lpen kan du f\u00e5 fr\u00e5n oss<\/h2>\n\t\t\t\t\t<p>Vi har en stor kompetens inom assistansjuridik och v\u00e5ra juridiska r\u00e5dgivare hj\u00e4lper till med information och \u00e4ven st\u00f6d vid ans\u00f6kan. Ring <a href=\"tel:+4687893003\">08-789 30 03<\/a>\u00a0eller mejla <a href=\"mailto:kontakt@jag.se\">kontakt@jag.se<\/a> s\u00e5 hj\u00e4lper vi dig.\u00a0 <a href=\"https:\/\/jag.se\/assistans\/juridisk-radgivning\/\">H\u00e4r kan du l\u00e4sa mer om v\u00e5rt juridiska st\u00f6d.\u00a0<\/a><\/p>\n\t\t<\/div>\n<\/section>\n\n\n<section class=\"text-block vvb-rose  \">\n    <div class=\"block-icon\"><\/div>\n\t<div class=\"inner\">\n\t\t<div class=\"text-block-content\">\n\t\t\t\t\t<h2 class=\"\">Hur blev 2023 och vad v\u00e4ntar 2024?<\/h2>\n\t\t\t\t\t<p><strong>&#8221;M\u00e5nga gr\u00e5zoner och tolkningar av lag\u00e4ndringen kommer att avg\u00f6ras i domstol och det kommer d\u00e4rigenom utkristalliseras en r\u00e4ttspraxis som ger v\u00e4gledning.<\/strong> N\u00e4r det g\u00e4ller f\u00f6r\u00e4ldraavdragets hantering och konsekvenser kommer vi dessv\u00e4rre f\u00e5 v\u00e4nta till senare delen av 2024. Regeringen har n\u00e4mligen valt att best\u00e4lla en ny analys fr\u00e5n F\u00f6rs\u00e4kringskassan g\u00e4llande inf\u00f6randet av f\u00f6r\u00e4ldraavdraget. Detta uppdrag ska redovisas f\u00f6rst i september 2024.<\/p>\n<p>De av regeringen ber\u00e4knade 2000 personer som skulle f\u00e5 personlig assistans tack vare lag\u00e4ndringen f\u00e5r forts\u00e4tta v\u00e4nta. Enbart en mycket liten del av dessa har hittills f\u00e5tt r\u00e4tt till personlig assistans och fr\u00e5gan \u00e4r hur m\u00e5nga fler som kommer att f\u00e5 det under 2024?&#8221;<\/p>\n<p><a href=\"https:\/\/jag.se\/assistans\/hur-blev-lss-aret-2023-och-vad-vantar-2024\/\">L\u00e4s hela blogginl\u00e4gget h\u00e4r.<\/a><\/p>\n\t\t<\/div>\n<\/section>\n\n\n<section class=\"text-block white  \">\n    <div class=\"block-icon\"><\/div>\n\t<div class=\"inner\">\n\t\t<div class=\"text-block-content\">\n\t\t\t\t\t<h2 class=\"\">Kommer kommunerna och F\u00f6rs\u00e4kringskassan att g\u00f6ra samma bed\u00f6mningar av behov?<\/h2>\n\t\t\t\t\t<p>Nej det tror vi inte. Men reglerna om de grundl\u00e4ggande behoven blir tydligare nu, s\u00e5 det \u00e4r m\u00f6jligt att det blir mer likartade bed\u00f6mningar \u00e4n tidigare.\u00a0<\/p>\n<figure class=\"wp-block-image aligncenter size-large\">\n<div id=\"attachment_4346\" style=\"width: 510px\" class=\"wp-caption alignnone\"><img loading=\"lazy\" decoding=\"async\" aria-describedby=\"caption-attachment-4346\" class=\"wp-image-4346\" src=\"https:\/\/jag.se\/assistans\/wp-content\/uploads\/sites\/2\/2022\/11\/MicrosoftTeams-image-1-300x121.jpg\" alt=\"Tabell \u00f6ver hur f\u00f6r\u00e4ldraansvar kommer bed\u00f6mas n\u00e4r Lag\u00e4ndringen St\u00e4rkt assistans tr\u00e4der i kraft 2023. \" width=\"500\" height=\"201\" srcset=\"https:\/\/jag.se\/assistans\/wp-content\/uploads\/sites\/2\/2022\/11\/MicrosoftTeams-image-1-300x121.jpg 300w, https:\/\/jag.se\/assistans\/wp-content\/uploads\/sites\/2\/2022\/11\/MicrosoftTeams-image-1-1024x413.jpg 1024w, https:\/\/jag.se\/assistans\/wp-content\/uploads\/sites\/2\/2022\/11\/MicrosoftTeams-image-1-768x309.jpg 768w, https:\/\/jag.se\/assistans\/wp-content\/uploads\/sites\/2\/2022\/11\/MicrosoftTeams-image-1-1536x619.jpg 1536w, https:\/\/jag.se\/assistans\/wp-content\/uploads\/sites\/2\/2022\/11\/MicrosoftTeams-image-1-248x100.jpg 248w, https:\/\/jag.se\/assistans\/wp-content\/uploads\/sites\/2\/2022\/11\/MicrosoftTeams-image-1-120x48.jpg 120w, https:\/\/jag.se\/assistans\/wp-content\/uploads\/sites\/2\/2022\/11\/MicrosoftTeams-image-1-540x218.jpg 540w, https:\/\/jag.se\/assistans\/wp-content\/uploads\/sites\/2\/2022\/11\/MicrosoftTeams-image-1-601x242.jpg 601w, https:\/\/jag.se\/assistans\/wp-content\/uploads\/sites\/2\/2022\/11\/MicrosoftTeams-image-1-1366x550.jpg 1366w, https:\/\/jag.se\/assistans\/wp-content\/uploads\/sites\/2\/2022\/11\/MicrosoftTeams-image-1-150x60.jpg 150w, https:\/\/jag.se\/assistans\/wp-content\/uploads\/sites\/2\/2022\/11\/MicrosoftTeams-image-1-311x125.jpg 311w, https:\/\/jag.se\/assistans\/wp-content\/uploads\/sites\/2\/2022\/11\/MicrosoftTeams-image-1-369x149.jpg 369w, https:\/\/jag.se\/assistans\/wp-content\/uploads\/sites\/2\/2022\/11\/MicrosoftTeams-image-1-374x151.jpg 374w, https:\/\/jag.se\/assistans\/wp-content\/uploads\/sites\/2\/2022\/11\/MicrosoftTeams-image-1-124x50.jpg 124w, https:\/\/jag.se\/assistans\/wp-content\/uploads\/sites\/2\/2022\/11\/MicrosoftTeams-image-1.jpg 1874w\" sizes=\"auto, (max-width: 500px) 100vw, 500px\" \/><p id=\"caption-attachment-4346\" class=\"wp-caption-text\">Hur f\u00f6r\u00e4ldraansvar enligt St\u00e4rkt assistans ska att bed\u00f6mas.<\/p><\/div><br \/>\n<\/figure>\n<p>\u00c4ven om reglerna blir tydligare nu \u00e4r det os\u00e4kert hur myndigheterna till\u00e4mpar dem. Ny r\u00e4ttspraxis kommer att beh\u00f6va utvecklas. <strong>D\u00e4rf\u00f6r \u00e4r det viktigt att ta hj\u00e4lp redan vid ans\u00f6kan och att \u00f6verklaga ett beslut man \u00e4r missn\u00f6jd med.<\/strong><\/p>\n\t\t<\/div>\n<\/section>\n\n\n<section class=\"text-block ocean  \">\n    <div class=\"block-icon\"><\/div>\n\t<div class=\"inner\">\n\t\t<div class=\"text-block-content\">\n\t\t\t\t\t<h2 class=\"\">G\u00e4ller lag\u00e4ndringen b\u00e5de f\u00f6r f\u00f6rs\u00e4kringskassa och kommun? <\/h2>\n\t\t\t\t\t<p>Ja det g\u00f6r den! Samma \u00e4ndringar g\u00f6rs b\u00e5de i LSS f\u00f6r kommunen och i Socialf\u00f6rs\u00e4kringsbalken f\u00f6r F\u00f6rs\u00e4kringskassan.<\/p>\n\t\t<\/div>\n<\/section>\n\n\n<section class=\"text-block white  \">\n    <div class=\"block-icon\"><\/div>\n\t<div class=\"inner\">\n\t\t<div class=\"text-block-content\">\n\t\t\t\t\t<h2 class=\"\">Jag har assistansers\u00e4ttning men beh\u00f6ver fler timmar och lag\u00e4ndringen ser ut att g\u00e4lla mig. \u00c4r det n\u00e5gon fara att s\u00f6ka igen? <\/h2>\n\t\t\t\t\t<p>Det kan fortfarande finnas vissa risker att det p\u00e5verkar assistansbeslutet negativt tyv\u00e4rr. Trots att ompr\u00f6vningsstoppet fortfarande g\u00e4ller hos F\u00f6rs\u00e4kringskassan s\u00e5 ser vi att det kan finnas en risk med att g\u00f6ra en ny ans\u00f6kan. <strong>R\u00e5dg\u00f6r alltid med n\u00e5gon som \u00e4r kunnig om assistansreglerna innan du g\u00f6r ans\u00f6kan. <\/strong><\/p>\n\t\t<\/div>\n<\/section>\n\n\n<section class=\"text-block white  \">\n    <div class=\"block-icon\"><\/div>\n\t<div class=\"inner\">\n\t\t<div class=\"text-block-content\">\n\t\t\t\t\t<h2 class=\"\">Om utredningen St\u00e4rkt assistans<\/h2>\n\t\t\t\t\t<p>Lag\u00e4ndringen f\u00f6reslogs i en utredning som kallades St\u00e4rkt assistans d\u00e4r en representant fr\u00e5n JAG, Cecilia Blanck, deltog som expert. I filmen nedan intervjuas JAGs juridiska samordnare Anna Strimbold av Bo \u00d6hl\u00e9n om utredningens f\u00f6rslag.<\/p>\n<p><iframe loading=\"lazy\" title=\"YouTube video player\" src=\"https:\/\/www.youtube.com\/embed\/FrHign9ZIDI\" width=\"560\" height=\"315\" frameborder=\"0\" allowfullscreen=\"allowfullscreen\"><\/iframe><\/p>\n<p>&nbsp;<\/p>\n<p><\/p>\n<blockquote class=\"wp-block-quote is-layout-flow wp-block-quote-is-layout-flow\">\n<p>\u201dVi satt med i expertgruppen i utredningen och hj\u00e4lpte till att utforma de h\u00e4r f\u00f6r\u00e4ndringarna utifr\u00e5n v\u00e5r l\u00e5nga erfarenhet av att st\u00f6tta just barn och personer med intellektuella funktionsneds\u00e4ttningar att f\u00e5 och anv\u00e4nda personlig assistans f\u00f6r att leva ett liv i frihet. <strong>Nu ska vi vara med och se till att det blir verklighet ocks\u00e5!<\/strong>\u201d<\/p>\n<p><cite>Cecilia Blanck, JAG<\/cite><\/p><\/blockquote>\n<p><\/p>\n\t\t<\/div>\n<\/section>\n\n\n<section class=\"text-block vvb-rose  \">\n    <div class=\"block-icon\"><\/div>\n\t<div class=\"inner\">\n\t\t<div class=\"text-block-content\">\n\t\t\t\t\t<h2 class=\"\">Kontakta oss f\u00f6r information och st\u00f6d<\/h2>\n\t\t\t\t\t<p>Ring <a href=\"tel:+4687893003\">08-789 30 03<\/a> eller mejla <a href=\"mailto:kontakt@jag.se\">kontakt@jag.se<\/a> s\u00e5 hj\u00e4lper vi dig.\u00a0<\/p>\n<blockquote>\n<p>&nbsp;<\/p>\n<\/blockquote>\n\t\t<\/div>\n<\/section>\n\n\n<section class=\"links-list white-bg\">\n\t<div class=\"inner\">\n\t\t\t\t<ul >\n\t\t\t\t\t\t\t<li><a href=\"https:\/\/jag.se\/assistans\/juridisk-radgivning\/\">Juridisk r\u00e5dgivning<\/a><\/li>\n\t\t\t\t\t\t\t\t<li><a href=\"https:\/\/jag.se\/assistans\/yrket-personlig-assistent\/\">Vad g\u00f6r en personlig assistent?<\/a><\/li>\n\t\t\t\t\t\t\t\t<li><a href=\"https:\/\/jag.se\/assistans\/vart-erbjudande\/\">Att ha sin assistans hos oss<\/a><\/li>\n\t\t\t\t\t\t<\/ul>\n\t\t\t\t<\/div>\n<\/section>\n","protected":false},"excerpt":{"rendered":"<p>St\u00e4rkt assistans<\/p>\n","protected":false},"author":6,"featured_media":0,"parent":824,"menu_order":16,"comment_status":"closed","ping_status":"closed","template":"","meta":{"footnotes":""},"class_list":["post-4174","page","type-page","status-publish","hentry"],"acf":[],"_links":{"self":[{"href":"https:\/\/jag.se\/assistans\/wp-json\/wp\/v2\/pages\/4174","targetHints":{"allow":["GET"]}}],"collection":[{"href":"https:\/\/jag.se\/assistans\/wp-json\/wp\/v2\/pages"}],"about":[{"href":"https:\/\/jag.se\/assistans\/wp-json\/wp\/v2\/types\/page"}],"author":[{"embeddable":true,"href":"https:\/\/jag.se\/assistans\/wp-json\/wp\/v2\/users\/6"}],"replies":[{"embeddable":true,"href":"https:\/\/jag.se\/assistans\/wp-json\/wp\/v2\/comments?post=4174"}],"version-history":[{"count":267,"href":"https:\/\/jag.se\/assistans\/wp-json\/wp\/v2\/pages\/4174\/revisions"}],"predecessor-version":[{"id":11249,"href":"https:\/\/jag.se\/assistans\/wp-json\/wp\/v2\/pages\/4174\/revisions\/11249"}],"up":[{"embeddable":true,"href":"https:\/\/jag.se\/assistans\/wp-json\/wp\/v2\/pages\/824"}],"wp:attachment":[{"href":"https:\/\/jag.se\/assistans\/wp-json\/wp\/v2\/media?parent=4174"}],"curies":[{"name":"wp","href":"https:\/\/api.w.org\/{rel}","templated":true}]}}