{"id":6636,"date":"2023-10-26T11:49:25","date_gmt":"2023-10-26T11:49:25","guid":{"rendered":"https:\/\/jag.se\/assistans\/?page_id=6636"},"modified":"2025-02-28T11:10:12","modified_gmt":"2025-02-28T11:10:12","slug":"flytta-fran-gruppbostad","status":"publish","type":"page","link":"https:\/\/jag.se\/assistans\/flytta-fran-gruppbostad\/","title":{"rendered":"Fr\u00e5n gruppbostad till assistans"},"content":{"rendered":"<div class=\"yoast-breadcrumbs\">\t<div class=\"inner\">\n\t\t<span><span><a href=\"https:\/\/jag.se\">JAG start<\/a><\/span> &gt; <span><a href=\"https:\/\/jag.se\/assistans\/\">JAG Personlig assistans<\/a><\/span> &gt; <span class=\"breadcrumb_last\" aria-current=\"page\">Fr\u00e5n gruppbostad till assistans<\/span><\/span>\t<\/div>\n<\/div>\n\n<section class=\"banner\">\n\t<img loading=\"lazy\" decoding=\"async\" width=\"2150\" height=\"628\" src=\"https:\/\/jag.se\/assistans\/wp-content\/uploads\/sites\/2\/2023\/09\/vincent-simon-230620_webb-liggande-2.webp\" class=\"bg-desktop\" alt=\"Att flytta fr\u00e5n gruppbostad. P\u00e5 bilden en assistansanv\u00e4ndare med sin personliga assistent.\" srcset=\"https:\/\/jag.se\/assistans\/wp-content\/uploads\/sites\/2\/2023\/09\/vincent-simon-230620_webb-liggande-2.webp 2150w, https:\/\/jag.se\/assistans\/wp-content\/uploads\/sites\/2\/2023\/09\/vincent-simon-230620_webb-liggande-2-300x88.webp 300w, https:\/\/jag.se\/assistans\/wp-content\/uploads\/sites\/2\/2023\/09\/vincent-simon-230620_webb-liggande-2-1024x299.webp 1024w, https:\/\/jag.se\/assistans\/wp-content\/uploads\/sites\/2\/2023\/09\/vincent-simon-230620_webb-liggande-2-768x224.webp 768w, https:\/\/jag.se\/assistans\/wp-content\/uploads\/sites\/2\/2023\/09\/vincent-simon-230620_webb-liggande-2-1536x449.webp 1536w, https:\/\/jag.se\/assistans\/wp-content\/uploads\/sites\/2\/2023\/09\/vincent-simon-230620_webb-liggande-2-2048x598.webp 2048w, https:\/\/jag.se\/assistans\/wp-content\/uploads\/sites\/2\/2023\/09\/vincent-simon-230620_webb-liggande-2-1920x561.webp 1920w, https:\/\/jag.se\/assistans\/wp-content\/uploads\/sites\/2\/2023\/09\/vincent-simon-230620_webb-liggande-2-320x93.webp 320w, https:\/\/jag.se\/assistans\/wp-content\/uploads\/sites\/2\/2023\/09\/vincent-simon-230620_webb-liggande-2-120x35.webp 120w, https:\/\/jag.se\/assistans\/wp-content\/uploads\/sites\/2\/2023\/09\/vincent-simon-230620_webb-liggande-2-540x158.webp 540w, https:\/\/jag.se\/assistans\/wp-content\/uploads\/sites\/2\/2023\/09\/vincent-simon-230620_webb-liggande-2-601x176.webp 601w, https:\/\/jag.se\/assistans\/wp-content\/uploads\/sites\/2\/2023\/09\/vincent-simon-230620_webb-liggande-2-150x44.webp 150w, https:\/\/jag.se\/assistans\/wp-content\/uploads\/sites\/2\/2023\/09\/vincent-simon-230620_webb-liggande-2-311x91.webp 311w, https:\/\/jag.se\/assistans\/wp-content\/uploads\/sites\/2\/2023\/09\/vincent-simon-230620_webb-liggande-2-369x108.webp 369w, https:\/\/jag.se\/assistans\/wp-content\/uploads\/sites\/2\/2023\/09\/vincent-simon-230620_webb-liggande-2-374x109.webp 374w, https:\/\/jag.se\/assistans\/wp-content\/uploads\/sites\/2\/2023\/09\/vincent-simon-230620_webb-liggande-2-171x50.webp 171w, https:\/\/jag.se\/assistans\/wp-content\/uploads\/sites\/2\/2023\/09\/vincent-simon-230620_webb-liggande-2-1917x560.webp 1917w\" sizes=\"auto, (max-width: 2150px) 100vw, 2150px\" \/><img loading=\"lazy\" decoding=\"async\" width=\"540\" height=\"540\" src=\"https:\/\/jag.se\/assistans\/wp-content\/uploads\/sites\/2\/2023\/09\/vincent-simon-230620-webb-fyrkantig-1.webp\" class=\"bg-mobile\" alt=\"En personlig assistent och en assistansanv\u00e4ndare.\" srcset=\"https:\/\/jag.se\/assistans\/wp-content\/uploads\/sites\/2\/2023\/09\/vincent-simon-230620-webb-fyrkantig-1.webp 540w, https:\/\/jag.se\/assistans\/wp-content\/uploads\/sites\/2\/2023\/09\/vincent-simon-230620-webb-fyrkantig-1-300x300.webp 300w, https:\/\/jag.se\/assistans\/wp-content\/uploads\/sites\/2\/2023\/09\/vincent-simon-230620-webb-fyrkantig-1-150x150.webp 150w, https:\/\/jag.se\/assistans\/wp-content\/uploads\/sites\/2\/2023\/09\/vincent-simon-230620-webb-fyrkantig-1-100x100.webp 100w, https:\/\/jag.se\/assistans\/wp-content\/uploads\/sites\/2\/2023\/09\/vincent-simon-230620-webb-fyrkantig-1-120x120.webp 120w, https:\/\/jag.se\/assistans\/wp-content\/uploads\/sites\/2\/2023\/09\/vincent-simon-230620-webb-fyrkantig-1-38x38.webp 38w, https:\/\/jag.se\/assistans\/wp-content\/uploads\/sites\/2\/2023\/09\/vincent-simon-230620-webb-fyrkantig-1-311x311.webp 311w, https:\/\/jag.se\/assistans\/wp-content\/uploads\/sites\/2\/2023\/09\/vincent-simon-230620-webb-fyrkantig-1-369x369.webp 369w, https:\/\/jag.se\/assistans\/wp-content\/uploads\/sites\/2\/2023\/09\/vincent-simon-230620-webb-fyrkantig-1-374x374.webp 374w, https:\/\/jag.se\/assistans\/wp-content\/uploads\/sites\/2\/2023\/09\/vincent-simon-230620-webb-fyrkantig-1-50x50.webp 50w\" sizes=\"auto, (max-width: 540px) 100vw, 540px\" \/>\t<div class=\"inner\">\n\t\t\t\t\t<div class=\"text-block  \">\n\t\t\t\t\t\t\t\t\t<h3>Flytta fr\u00e5n gruppbostad<\/h3>\n\t\t\t\t\t\t\t\t\t<p>Vad finns det f\u00f6r alternativ till gruppbostad? Hur g\u00e5r jag till v\u00e4ga f\u00f6r att genomf\u00f6ra en flytt fr\u00e5n gruppbostad? Vad beh\u00f6ver jag t\u00e4nka p\u00e5?<\/p>\n\t\t\t\t<a href=\"https:\/\/outlook.office365.com\/book\/Medlemsrekrytering@jag.se\/\" class=\"button inverted\">Boka samtal om assistans<\/a> \t\t\t<\/div>\n\t\t\t\t<\/div>\n<\/section>\n\n\n\n<h1 class=\"wp-block-heading\">Att flytta fr\u00e5n gruppbostad<\/h1>\n\n\n<section class=\"text-block white  \">\n    <div class=\"block-icon\"><\/div>\n\t<div class=\"inner\">\n\t\t<div class=\"text-block-content\">\n\t\t\t\t<p><strong>Kanske har du insett att gruppboende inte \u00e4r en insats som passar dig eller din n\u00e4rst\u00e5ende<\/strong>, men \u00e4r os\u00e4ker p\u00e5 vilka andra alternativ som finns enligt LSS. Du \u00e4r inte ensam om att ha funderingar kring detta. Gruppbostad eller servicebostad \u00e4r inte en insats som passar alla. Vissa personer har behov av ett mer individuellt anpassat st\u00f6d och har d\u00e4rf\u00f6r v\u00e4ldigt sv\u00e5rt att f\u00e5 sina behov tillgodosedda fullt ut i verksamheter med kollektiv personal, dvs. d\u00e4r man delar personal med andra. Det finns m\u00e5nga personer som gjort resan fr\u00e5n gruppboende till eget boende med personlig assistans f\u00f6re dig.\u00a0 <strong>H\u00e4r f\u00e5r du veta hur du kan g\u00e5 till v\u00e4ga f\u00f6r att genomf\u00f6ra en flytt, vad du beh\u00f6ver t\u00e4nka p\u00e5 och hur du kan f\u00f6rbereda dig<\/strong>. Kanske \u00e4r du eller din n\u00e4rst\u00e5ende en av de som skulle f\u00e5 ett b\u00e4ttre liv i eget boende med personlig assistans?\u00a0<\/p>\n<p>H\u00e4r kommer sju fr\u00e5gor att t\u00e4nka p\u00e5 om du funderar p\u00e5 att byta insats.\u00a0<\/p>\n\t\t<\/div>\n<\/section>\n\n\n\n<h2 class=\"wp-block-heading has-text-align-center\">Hur g\u00e5r det till att byta insats?<\/h2>\n\n\n\n<figure class=\"wp-block-embed aligncenter is-type-video is-provider-youtube wp-block-embed-youtube wp-embed-aspect-16-9 wp-has-aspect-ratio\"><div class=\"wp-block-embed__wrapper\">\n<iframe loading=\"lazy\" title=\"Flytt fr\u00e5n gruppbostad\" width=\"500\" height=\"281\" src=\"https:\/\/www.youtube.com\/embed\/EOqAc7JwI_Y?feature=oembed\" frameborder=\"0\" allow=\"accelerometer; autoplay; clipboard-write; encrypted-media; gyroscope; picture-in-picture; web-share\" referrerpolicy=\"strict-origin-when-cross-origin\" allowfullscreen><\/iframe>\n<\/div><\/figure>\n\n\n<section class=\"text-block white  \">\n    <div class=\"block-icon\"><\/div>\n\t<div class=\"inner\">\n\t\t<div class=\"text-block-content\">\n\t\t\t\t\t<h2 class=\"\">1. Kan jag f\u00e5 personlig assistans?  <\/h2>\n\t\t\t\t\t<p>Den insats som ers\u00e4tter st\u00f6d i ett gruppboende eller serviceboende \u00e4r personlig assistans. En f\u00f6ruts\u00e4ttning f\u00f6r att kunna flytta till ett eget boende \u00e4r allts\u00e5 att du har m\u00f6jlighet att f\u00e5 personlig assistans beviljad. Personlig assistans kan beviljas av kommunen och, n\u00e4r det g\u00e4ller assistansers\u00e4ttning, F\u00f6rs\u00e4kringskassan. Ett f\u00f6rsta viktigt steg \u00e4r d\u00e4rf\u00f6r att ta kontakt med en assistansanordnare och g\u00e4rna en jurist som har kunskap om funktionsr\u00e4tt och personlig assistans f\u00f6r att f\u00e5 en f\u00f6rsta bed\u00f6mning om m\u00f6jligheten. Vi rekommenderar att ta hj\u00e4lp i ans\u00f6kningsf\u00f6rfarandet.\u00a0 Det \u00e4r sv\u00e5rt att p\u00e5 egen hand s\u00e4tta sig in i lagar, regler och ans\u00f6kningsprocesser, hos oss f\u00e5r du<a href=\"https:\/\/jag.se\/assistans\/juridisk-radgivning\/\"> st\u00f6d av v\u00e5ra juridiska r\u00e5dgivare.\u00a0<\/a><\/p>\n\t\t<\/div>\n<\/section>\n\n\n<section class=\"text-block white  \">\n    <div class=\"block-icon\"><\/div>\n\t<div class=\"inner\">\n\t\t<div class=\"text-block-content\">\n\t\t\t\t\t<h2 class=\"\">2. Hur kan jag hitta en bostad? <\/h2>\n\t\t\t\t\t<p>\u00a0Det finns olika s\u00e4tt att hitta en bostad som passar just dig. Ibland g\u00e4ller det att vara uppfinningsrik, d\u00e5 det kan vara sv\u00e5rt att f\u00e5 bostad p\u00e5 den regulj\u00e4ra bostadsmarknaden. Men det \u00e4r d\u00e4r du kan b\u00f6rja att titta. St\u00e5r du i en bostadsk\u00f6 kan det finnas regler om f\u00f6rtur som g\u00e4ller om du har en funktionsneds\u00e4ttning. Det \u00e4r v\u00e4rt att kolla upp! Annars kanske du har st\u00e5tt i bostadsk\u00f6 tillr\u00e4ckligt l\u00e4nge f\u00f6r att f\u00e5 en l\u00e4genhet.<\/p>\n<p>Ligger dina planer l\u00e4ngre fram i tiden kan du st\u00e4lla dig i bostadsk\u00f6 redan nu. Du har ocks\u00e5 m\u00f6jligt att v\u00e4nda dig direkt till privata fastighets\u00e4gare och visa intresse. M\u00e5nga v\u00e4ljer att flytta in i en del av ett hus eller till exempel hyra ett Attefallshus av n\u00e5gon n\u00e4rst\u00e5ende eller n\u00e4ra v\u00e4n. F\u00f6r de flesta \u00e4r k\u00f6p av bostadsr\u00e4tt om\u00f6jligt av ekonomiska sk\u00e4l, men har du turen att ha en s\u00e5dan m\u00f6jlighet s\u00e5 \u00e4r ju det ocks\u00e5 ett alternativ.<\/p>\n<p>Det finns slutligen en m\u00f6jlighet att ans\u00f6ka om en annan s\u00e4rskilt anpassad bostad f\u00f6r vuxna enligt LSS. <em>\u201dBostad med s\u00e4rskild service f\u00f6r vuxna eller annan s\u00e4rskilt anpassad bostad f\u00f6r vuxna, (LSS 9\u00a7 1 st p.9)\u201d. <\/em>Det \u00e4r en insats du ans\u00f6ker om hos kommunen och ing\u00e5r i samma lagparagraf som gruppboende, men insatsen avser enbart boendet och inte st\u00f6d fr\u00e5n personal.<\/p>\n\t\t<\/div>\n<\/section>\n\n\n<section class=\"text-block pink  \">\n    <div class=\"block-icon\"><\/div>\n\t<div class=\"inner\">\n\t\t<div class=\"text-block-content\">\n\t\t\t\t\t<h2 class=\"\">3. \u00c4r boendet tillg\u00e4ngligt f\u00f6r mig?  <\/h2>\n\t\t\t\t\t<p><span class=\"TextRun SCXW40865249 BCX0\" lang=\"SV-SE\" xml:lang=\"SV-SE\" data-contrast=\"auto\"><span class=\"NormalTextRun SCXW40865249 BCX0\">Fundera \u00f6ver vad du beh\u00f6ver f\u00f6r anpassningar. Vissa anpassningar kan du <\/span><span class=\"NormalTextRun SCXW40865249 BCX0\">f\u00e5 genom<\/span><span class=\"NormalTextRun SCXW40865249 BCX0\"> att ans\u00f6ka om bostadsanpassning hos kommunen. Det kan ocks\u00e5 vara s\u00e5 att du f\u00e5r vissa anpassningar som hj\u00e4lpmedel fr\u00e5n regionen. <\/span><\/span><span class=\"EOP SCXW40865249 BCX0\" data-ccp-props=\"{&quot;201341983&quot;:0,&quot;335559739&quot;:160,&quot;335559740&quot;:257}\">\u00a0<\/span><\/p>\n\t\t<\/div>\n<\/section>\n\n\n\n<h3 class=\"wp-block-heading has-text-align-center\">Att flytta hemifr\u00e5n med personlig assistans<\/h3>\n\n\n\n<figure class=\"wp-block-embed aligncenter is-type-video is-provider-youtube wp-block-embed-youtube wp-embed-aspect-16-9 wp-has-aspect-ratio\"><div class=\"wp-block-embed__wrapper\">\n<iframe loading=\"lazy\" title=\"#K\u00e4raAssistent s\u00e4song 3 del 3\" width=\"500\" height=\"281\" src=\"https:\/\/www.youtube.com\/embed\/VMg8WNtYGNQ?feature=oembed\" frameborder=\"0\" allow=\"accelerometer; autoplay; clipboard-write; encrypted-media; gyroscope; picture-in-picture; web-share\" referrerpolicy=\"strict-origin-when-cross-origin\" allowfullscreen><\/iframe>\n<\/div><\/figure>\n\n\n<section class=\"text-block ocean  \">\n    <div class=\"block-icon\"><\/div>\n\t<div class=\"inner\">\n\t\t<div class=\"text-block-content\">\n\t\t\t\t\t<h2 class=\"\">4. Hur bekostas den personliga assistansen? <\/h2>\n\t\t\t\t\t<p>Personlig assistans bekostas genom assistansers\u00e4ttning eller ers\u00e4ttning f\u00f6r de kostnader du har f\u00f6r din personliga assistans. Det finns s\u00e4rskilda regler om hur assistansers\u00e4ttning f\u00e5r anv\u00e4ndas. Enkelt uttryckt avser assistansers\u00e4ttningen att t\u00e4cka de kostnader du har p\u00e5 grund av din personliga assistans.\u00a0 Det \u00e4r viktigt att t\u00e4nka p\u00e5 att assistansers\u00e4ttning och privatekonomi \u00e4r tv\u00e5 olika saker och att assistansers\u00e4ttningen ska h\u00e5llas \u00e5tskild fr\u00e5n din privata ekonomi.\u00a0<\/p>\n\t\t<\/div>\n<\/section>\n\n\n<section class=\"text-block white  \">\n    <div class=\"block-icon\"><\/div>\n\t<div class=\"inner\">\n\t\t<div class=\"text-block-content\">\n\t\t\t\t\t<h2 class=\"\">5. Hur g\u00f6r jag en individuell plan? <\/h2>\n\t\t\t\t\t<p>Alla som tillh\u00f6r LSS har r\u00e4tt att f\u00e5 en individuell plan enligt <em>LSS 10\u00a7<\/em>. Det \u00e4r inte samma sak som en samordnad individuell plan (SIP) eller genomf\u00f6randeplan. SIP \u00e4r planer som avser insatser du f\u00e5r fr\u00e5n h\u00e4lso- och sjukv\u00e5rd eller socialtj\u00e4nst. Genomf\u00f6randeplaner \u00e4r verksamhetens planer. En individuell plan enligt LSS \u00e4r DIN PLAN och den ska styras helt enligt dina behov och \u00f6nskem\u00e5l. Syftet med IP \u00e4r att ge dig delaktighet i de beslut som styr ditt liv. En kommun \u00e4r skyldig att uppr\u00e4tta en individuell plan och alla olika huvudm\u00e4n och verksamheter som du vill ska samverka kan kallas. Genomgripande f\u00f6r\u00e4ndringar i ditt liv som till exempel att byta insats och flytta fr\u00e5n ett gruppboende kan underl\u00e4ttas om du har m\u00f6jlighet att samordna alla insatser och verksamheter under en hatt.\u00a0<\/p>\n\t\t<\/div>\n<\/section>\n\n\n<section class=\"text-block pink  \">\n    <div class=\"block-icon\"><\/div>\n\t<div class=\"inner\">\n\t\t<div class=\"text-block-content\">\n\t\t\t\t\t<h2 class=\"\">6. Vilka intyg beh\u00f6ver jag samla in? <\/h2>\n\t\t\t\t\t<p>Vi rekommenderar att du i ett tidigt skede b\u00f6rjar samla in de intyg som beh\u00f6vs f\u00f6r en ans\u00f6kan om personlig assistans och assistansers\u00e4ttning. Exempel p\u00e5 intyg som kan beh\u00f6vas \u00e4r l\u00e4karintyg, F\u00f6rs\u00e4kringskassans l\u00e4karutl\u00e5tande f\u00f6r assistansers\u00e4ttning kan med f\u00f6rdel anv\u00e4ndas, intyg fr\u00e5n habilitering, ADL-intyg och psykologbed\u00f6mningar. Bor du i ett gruppboende kan n\u00e5gon fr\u00e5n verksamheten som k\u00e4nner dig v\u00e4l skriva om dina behov, men du kan ocks\u00e5 anv\u00e4nda dig av genomf\u00f6randeplaner och beskrivningar som tidigare gjorts av ditt st\u00f6dbehov.<\/p>\n\t\t<\/div>\n<\/section>\n\n\n<section class=\"text-block white  \">\n    <div class=\"block-icon\"><\/div>\n\t<div class=\"inner\">\n\t\t<div class=\"text-block-content\">\n\t\t\t\t\t<h2 class=\"\">7. Vem ska jag kontakta f\u00f6r st\u00f6d med ans\u00f6kan?<\/h2>\n\t\t\t\t\t<p><span data-contrast=\"auto\">N\u00e4r k\u00e4nner dig redo att flytta fr\u00e5n gruppbostad och ans\u00f6ka om personlig assistans \u00e4r du alltid v\u00e4lkommen att kontakta oss p\u00e5 JAG Personlig assistans, v\u00e5ra juridiska r\u00e5dgivare st\u00f6ttar dig genom hela processen.<\/span><span data-ccp-props=\"{&quot;201341983&quot;:0,&quot;335559739&quot;:160,&quot;335559740&quot;:257}\">\u00a0<\/p>\n<p><\/span>Cecilia Wiest\u00e5l, juridisk r\u00e5dgivare <a href=\"tel:+46765453071\">076-545 30 71<\/a><\/p>\n<p><a href=\"https:\/\/outlook.office365.com\/owa\/calendar\/Medlemsrekrytering@jag.se\/bookings\/\">Du kan ocks\u00e5 boka in en tid f\u00f6r ett m\u00f6te.\u00a0<\/a><\/p>\n\t\t<\/div>\n<\/section>\n\n\n\n<h3 class=\"wp-block-heading has-text-align-center\">Fr\u00e5n gruppbostad till en egen l\u00e4genhet med assistans<\/h3>\n\n\n\n<figure class=\"wp-block-embed aligncenter is-type-video is-provider-youtube wp-block-embed-youtube wp-embed-aspect-16-9 wp-has-aspect-ratio\"><div class=\"wp-block-embed__wrapper\">\n<iframe loading=\"lazy\" title=\"#K\u00e4raAssistent s\u00e4song 6 del 6\" width=\"500\" height=\"281\" src=\"https:\/\/www.youtube.com\/embed\/CRYjC1d7UwE?feature=oembed\" frameborder=\"0\" allow=\"accelerometer; autoplay; clipboard-write; encrypted-media; gyroscope; picture-in-picture; web-share\" referrerpolicy=\"strict-origin-when-cross-origin\" allowfullscreen><\/iframe>\n<\/div><\/figure>\n\n\n\n<h3 class=\"wp-block-heading has-text-align-center\">Flytt till egen l\u00e4genhet<\/h3>\n\n\n\n<figure class=\"wp-block-embed aligncenter is-type-video is-provider-youtube wp-block-embed-youtube wp-embed-aspect-16-9 wp-has-aspect-ratio\"><div class=\"wp-block-embed__wrapper\">\n<iframe loading=\"lazy\" title=\"#K\u00e4raAssistent s\u00e4song 6 del 4\" width=\"500\" height=\"281\" src=\"https:\/\/www.youtube.com\/embed\/PmBA2QE1JXU?feature=oembed\" frameborder=\"0\" allow=\"accelerometer; autoplay; clipboard-write; encrypted-media; gyroscope; picture-in-picture; web-share\" referrerpolicy=\"strict-origin-when-cross-origin\" allowfullscreen><\/iframe>\n<\/div><\/figure>\n\n\n\n<h3 class=\"wp-block-heading has-text-align-center\">Livet med assistans<\/h3>\n\n\n\n<figure class=\"wp-block-embed aligncenter is-type-video is-provider-youtube wp-block-embed-youtube wp-embed-aspect-16-9 wp-has-aspect-ratio\"><div class=\"wp-block-embed__wrapper\">\n<iframe loading=\"lazy\" title=\"#K\u00e4raAssistent s\u00e4song 6 del 5\" width=\"500\" height=\"281\" src=\"https:\/\/www.youtube.com\/embed\/7Qlae3jFe6c?feature=oembed\" frameborder=\"0\" allow=\"accelerometer; autoplay; clipboard-write; encrypted-media; gyroscope; picture-in-picture; web-share\" referrerpolicy=\"strict-origin-when-cross-origin\" allowfullscreen><\/iframe>\n<\/div><\/figure>\n\n\n<section class=\"links-list white-bg\">\n\t<div class=\"inner\">\n\t\t\t\t<ul >\n\t\t\t\t\t\t\t<li><a href=\"https:\/\/outlook.office365.com\/owa\/calendar\/Medlemsrekrytering@jag.se\/bookings\/\">Boka tid f\u00f6r juridisk r\u00e5dgivning<\/a><\/li>\n\t\t\t\t\t\t\t\t<li><a href=\"https:\/\/jag.se\/assistans\/vart-erbjudande\/\">Att ha sin assistans hos oss<\/a><\/li>\n\t\t\t\t\t\t\t\t<li><a href=\"https:\/\/jag.se\/assistans\/yrket-personlig-assistent\/\">Vad g\u00f6r en personlig assistent?<\/a><\/li>\n\t\t\t\t\t\t\t\t<li><a href=\"https:\/\/jag.se\/assistans\/ljusnande-framtid\/\">Blogginl\u00e4gg: Vilken insats passar dig b\u00e4st?<\/a><\/li>\n\t\t\t\t\t\t<\/ul>\n\t\t\t\t<\/div>\n<\/section>\n","protected":false},"excerpt":{"rendered":"<p>Att flytta fr\u00e5n gruppbostad Hur g\u00e5r det till att byta insats? Att flytta hemifr\u00e5n med personlig assistans Fr\u00e5n gruppbostad till en egen l\u00e4genhet med assistans Flytt till egen l\u00e4genhet Livet med assistans<\/p>\n","protected":false},"author":6,"featured_media":6431,"parent":0,"menu_order":46,"comment_status":"closed","ping_status":"closed","template":"","meta":{"footnotes":""},"class_list":["post-6636","page","type-page","status-publish","has-post-thumbnail","hentry"],"acf":[],"_links":{"self":[{"href":"https:\/\/jag.se\/assistans\/wp-json\/wp\/v2\/pages\/6636","targetHints":{"allow":["GET"]}}],"collection":[{"href":"https:\/\/jag.se\/assistans\/wp-json\/wp\/v2\/pages"}],"about":[{"href":"https:\/\/jag.se\/assistans\/wp-json\/wp\/v2\/types\/page"}],"author":[{"embeddable":true,"href":"https:\/\/jag.se\/assistans\/wp-json\/wp\/v2\/users\/6"}],"replies":[{"embeddable":true,"href":"https:\/\/jag.se\/assistans\/wp-json\/wp\/v2\/comments?post=6636"}],"version-history":[{"count":176,"href":"https:\/\/jag.se\/assistans\/wp-json\/wp\/v2\/pages\/6636\/revisions"}],"predecessor-version":[{"id":13130,"href":"https:\/\/jag.se\/assistans\/wp-json\/wp\/v2\/pages\/6636\/revisions\/13130"}],"wp:featuredmedia":[{"embeddable":true,"href":"https:\/\/jag.se\/assistans\/wp-json\/wp\/v2\/media\/6431"}],"wp:attachment":[{"href":"https:\/\/jag.se\/assistans\/wp-json\/wp\/v2\/media?parent=6636"}],"curies":[{"name":"wp","href":"https:\/\/api.w.org\/{rel}","templated":true}]}}