{"id":7152,"date":"2023-12-06T07:58:05","date_gmt":"2023-12-06T07:58:05","guid":{"rendered":"https:\/\/jag.se\/assistans\/formaner-2\/"},"modified":"2024-11-01T11:01:14","modified_gmt":"2024-11-01T11:01:14","slug":"mentorsprogrammet","status":"publish","type":"page","link":"https:\/\/jag.se\/assistans\/mentorsprogrammet\/","title":{"rendered":"Mentorsprogrammet"},"content":{"rendered":"<div class=\"yoast-breadcrumbs\">\t<div class=\"inner\">\n\t\t<span><span><a href=\"https:\/\/jag.se\">JAG start<\/a><\/span> &gt; <span><a href=\"https:\/\/jag.se\/assistans\/\">JAG Personlig assistans<\/a><\/span> &gt; <span class=\"breadcrumb_last\" aria-current=\"page\">Mentorsprogrammet<\/span><\/span>\t<\/div>\n<\/div>\n\n\n<h1 class=\"wp-block-heading\" id=\"personlig-assistans-till-barn\">Mentorsprogrammet<\/h1>\n\n\n<section class=\"text-block pink  \">\n    <div class=\"block-icon\"><\/div>\n\t<div class=\"inner\">\n\t\t<div class=\"text-block-content\">\n\t\t\t\t\t<h2 class=\"\">Vad \u00e4r mentorsprogrammet?<\/h2>\n\t\t\t\t\t<p>Mentorsprogrammets syfte \u00e4r att du som ny assistansanv\u00e4ndare och dina v\u00e5rdnadshavare ska f\u00e5 ett extra st\u00f6d under din f\u00f6rsta tid med assistans. Det f\u00e5r ni genom att tr\u00e4ffa anh\u00f6riga i andra JAG-assistanser &#8211; s\u00e5 kallade mentorer &#8211; som har erfarenhet av att starta upp en assistans. Ni f\u00e5r \u00e4ven prata med andra som g\u00e5r igenom samma sak som ni g\u00f6r.<\/p>\n<p>F\u00f6rsta tiden med assistans \u00e4r ofta omtumlande och kan inneb\u00e4ra m\u00e5nga fr\u00e5gor. Att ha ett extra st\u00f6d i det l\u00e4get tror vi kan g\u00f6ra stor skillnad f\u00f6r att skapa en h\u00e5llbar assistans med sj\u00e4lvbest\u00e4mmande. Du, tillsammans med din familj ska kunna utforma assistansen s\u00e5 att vardagen fungerar f\u00f6r er alla. Assistansen ska g\u00f6ra livet och vardagen l\u00e4ttare. Ni f\u00e5r st\u00f6d i programmet s\u00e5 att din assistans forts\u00e4tter utformas efter just dina behov och \u00f6nskningar.<\/p>\n\t\t<\/div>\n<\/section>\n\n\n<section class=\"text-block white  \">\n    <div class=\"block-icon\"><\/div>\n\t<div class=\"inner\">\n\t\t<div class=\"text-block-content\">\n\t\t\t\t\t<h2 class=\"\">Vad hj\u00e4lper din mentor till med?<\/h2>\n\t\t\t\t\t<p>Din mentor kommer att coacha, inspirera och ge r\u00e5d utifr\u00e5n sina egna erfarenheter. <strong>Hur fungerar livet med assistans?<\/strong> Tanken \u00e4r att du med mentorns hj\u00e4lp ska hitta egna l\u00f6sningar f\u00f6r just din assistans, b\u00e5de nu och f\u00f6r framtiden.<\/p>\n<p>Ibland kommer du kanske ha fr\u00e5gor som ligger inom ramen f\u00f6r JAG Personlig assistans uppdrag som assistansanordnare. Din mentor h\u00e4nvisar d\u00e5 till r\u00e4tt kontakt inom JAG s\u00e5 att du f\u00e5 hj\u00e4lp med din fr\u00e5ga.<\/p>\n\t\t<\/div>\n<\/section>\n\n\n<section class=\"text-block ocean  \">\n    <div class=\"block-icon\"><\/div>\n\t<div class=\"inner\">\n\t\t<div class=\"text-block-content\">\n\t\t\t\t\t<h2 class=\"\">Hur fungerar det?<\/h2>\n\t\t\t\t\t<p>Mentorsprogrammet ges i tre steg. I det f\u00f6rsta steget ing\u00e5r <strong>tv\u00e5 digitala m\u00f6ten<\/strong> med din mentor.\u00a0<\/p>\n<p>Steg tv\u00e5 fokuserar p\u00e5 att tr\u00e4ffa andra som g\u00e5r igenom samma sak som ni g\u00f6r och inkluderar<strong>\u00a0tv\u00e5 digitala m\u00f6ten<\/strong> som kommer fungera lite som en workshop.\u00a0<\/p>\n<p>I steg tre ing\u00e5r <strong>ett l\u00e4ngre digitalt m\u00f6te<\/strong> med din mentor.\u00a0<\/p>\n<p>Passa p\u00e5 att fr\u00e5ga om allt du undrar f\u00f6r att f\u00e5 ut s\u00e5 mycket som m\u00f6jligt av programmet. Framf\u00f6r ocks\u00e5 \u00f6nskem\u00e5l och f\u00f6rv\u00e4ntningar inf\u00f6r tr\u00e4ffarna s\u00e5 att din mentor har m\u00f6jlighet att tillgodose s\u00e5 mycket som m\u00f6jligt av det du beh\u00f6ver. Skriv g\u00e4rna upp reflektioner och bra tips s\u00e5 du kan g\u00e5 tillbaka och titta senare.<\/p>\n\t\t<\/div>\n<\/section>\n\n\n<section class=\"text-block white  \">\n    <div class=\"block-icon\"><\/div>\n\t<div class=\"inner\">\n\t\t<div class=\"text-block-content\">\n\t\t\t\t\t<h2 class=\"\">I mentorsprogrammet ing\u00e5r <\/h2>\n\t\t\t\t\t<p><strong>Steg 1:<\/strong> Tv\u00e5 inledande samtal (45 minuter l\u00e5nga)<\/p>\n<p><strong>Steg 2:<\/strong> Tv\u00e5 gruppsamtal (1 timme l\u00e5nga)<\/p>\n<p><strong>Steg 3:<\/strong> Ett l\u00e4ngre samtal (upp till 1,5 timme)<\/p>\n\t\t<\/div>\n<\/section>\n\n\n<section class=\"text-block pink  \">\n    <div class=\"block-icon\"><\/div>\n\t<div class=\"inner\">\n\t\t<div class=\"text-block-content\">\n\t\t\t\t\t<h2 class=\"\">Vem fr\u00e5n min assistans ska vara med p\u00e5 tr\u00e4ffarna?<\/h2>\n\t\t\t\t\t<p>Du best\u00e4mmer vilka som \u00e4r med, men mentorsprogrammet erbjuds fr\u00e4mst till du som \u00e4r assistansanv\u00e4ndare och dina v\u00e5rdnadshavare. V\u00e5r rekommendation \u00e4r att man som mest \u00e4r 2-3 personer. Samtalen sker digitalt.<\/p>\n\t\t<\/div>\n<\/section>\n\n\n<section class=\"links-list white-bg\">\n\t<div class=\"inner\">\n\t\t\t\t<ul >\n\t\t\t\t\t\t\t<li><a href=\"https:\/\/jag.se\/assistans\/vart-erbjudande\/\">Att ha sin assistans hos oss<\/a><\/li>\n\t\t\t\t\t\t\t\t<li><a href=\"https:\/\/jag.se\/assistans\/juridisk-radgivning\/\">Juridisk r\u00e5dgivning inom assistans<\/a><\/li>\n\t\t\t\t\t\t<\/ul>\n\t\t\t\t<\/div>\n<\/section>\n","protected":false},"excerpt":{"rendered":"<p>Mentorsprogrammet<\/p>\n","protected":false},"author":12,"featured_media":12116,"parent":0,"menu_order":26,"comment_status":"closed","ping_status":"closed","template":"","meta":{"footnotes":""},"class_list":["post-7152","page","type-page","status-publish","has-post-thumbnail","hentry"],"acf":[],"_links":{"self":[{"href":"https:\/\/jag.se\/assistans\/wp-json\/wp\/v2\/pages\/7152","targetHints":{"allow":["GET"]}}],"collection":[{"href":"https:\/\/jag.se\/assistans\/wp-json\/wp\/v2\/pages"}],"about":[{"href":"https:\/\/jag.se\/assistans\/wp-json\/wp\/v2\/types\/page"}],"author":[{"embeddable":true,"href":"https:\/\/jag.se\/assistans\/wp-json\/wp\/v2\/users\/12"}],"replies":[{"embeddable":true,"href":"https:\/\/jag.se\/assistans\/wp-json\/wp\/v2\/comments?post=7152"}],"version-history":[{"count":247,"href":"https:\/\/jag.se\/assistans\/wp-json\/wp\/v2\/pages\/7152\/revisions"}],"predecessor-version":[{"id":12390,"href":"https:\/\/jag.se\/assistans\/wp-json\/wp\/v2\/pages\/7152\/revisions\/12390"}],"wp:featuredmedia":[{"embeddable":true,"href":"https:\/\/jag.se\/assistans\/wp-json\/wp\/v2\/media\/12116"}],"wp:attachment":[{"href":"https:\/\/jag.se\/assistans\/wp-json\/wp\/v2\/media?parent=7152"}],"curies":[{"name":"wp","href":"https:\/\/api.w.org\/{rel}","templated":true}]}}