{"id":730,"date":"2022-02-16T08:31:12","date_gmt":"2022-02-16T08:31:12","guid":{"rendered":"https:\/\/jag.se\/assistans\/?page_id=730"},"modified":"2025-08-07T14:23:42","modified_gmt":"2025-08-07T14:23:42","slug":"lediga-jobb","status":"publish","type":"page","link":"https:\/\/jag.se\/assistans\/lediga-jobb\/","title":{"rendered":"Lediga jobb personlig assistent"},"content":{"rendered":"\n<h1 class=\"wp-block-heading\" id=\"lediga-jobb\">Lediga jobb personlig assistent<\/h1>\n\n\n<section class=\"text-block vvb-rose  \">\n    <div class=\"block-icon\"><\/div>\n\t<div class=\"inner\">\n\t\t<div class=\"text-block-content\">\n\t\t\t\t\t\t<\/div>\n<\/section>\n\n\n\n<div class=\"inner\"><\/div>\n\n\n<section class=\"links-list white-bg\">\n\t<div class=\"inner\">\n\t\t\t\t<ul class=\"two-col\">\n\t\t\t\t\t\t\t<li><a href=\"https:\/\/jag.se\/assistans\/yrket-personlig-assistent\/\">Vad g\u00f6r en personlig assistent?<\/a><\/li>\n\t\t\t\t\t\t\t\t<li><a href=\"https:\/\/jag.se\/assistans\/formaner\/\">Vilka f\u00f6rm\u00e5ner erbjuder vi v\u00e5ra anst\u00e4llda?<\/a><\/li>\n\t\t\t\t\t\t<\/ul>\n\t\t\t\t<\/div>\n<\/section>\n","protected":false},"excerpt":{"rendered":"<p>Lediga jobb personlig assistent<\/p>\n","protected":false},"author":1,"featured_media":0,"parent":0,"menu_order":32,"comment_status":"closed","ping_status":"closed","template":"template-lediga-job.php","meta":{"footnotes":""},"class_list":["post-730","page","type-page","status-publish","hentry"],"acf":[],"_links":{"self":[{"href":"https:\/\/jag.se\/assistans\/wp-json\/wp\/v2\/pages\/730","targetHints":{"allow":["GET"]}}],"collection":[{"href":"https:\/\/jag.se\/assistans\/wp-json\/wp\/v2\/pages"}],"about":[{"href":"https:\/\/jag.se\/assistans\/wp-json\/wp\/v2\/types\/page"}],"author":[{"embeddable":true,"href":"https:\/\/jag.se\/assistans\/wp-json\/wp\/v2\/users\/1"}],"replies":[{"embeddable":true,"href":"https:\/\/jag.se\/assistans\/wp-json\/wp\/v2\/comments?post=730"}],"version-history":[{"count":27,"href":"https:\/\/jag.se\/assistans\/wp-json\/wp\/v2\/pages\/730\/revisions"}],"predecessor-version":[{"id":14722,"href":"https:\/\/jag.se\/assistans\/wp-json\/wp\/v2\/pages\/730\/revisions\/14722"}],"wp:attachment":[{"href":"https:\/\/jag.se\/assistans\/wp-json\/wp\/v2\/media?parent=730"}],"curies":[{"name":"wp","href":"https:\/\/api.w.org\/{rel}","templated":true}]}}