{"id":7463,"date":"2023-12-19T15:45:45","date_gmt":"2023-12-19T15:45:45","guid":{"rendered":"https:\/\/jag.se\/assistans\/?page_id=7463"},"modified":"2023-12-19T15:45:49","modified_gmt":"2023-12-19T15:45:49","slug":"tillganglighetsredogorelse","status":"publish","type":"page","link":"https:\/\/jag.se\/assistans\/tillganglighetsredogorelse\/","title":{"rendered":"Tillg\u00e4nglighetsredog\u00f6relse"},"content":{"rendered":"\n<h1 class=\"wp-block-heading\">Tillg\u00e4nglighetsredog\u00f6relse<\/h1>\n\n\n<section class=\"text-block white  \">\n    <div class=\"block-icon\"><\/div>\n\t<div class=\"inner\">\n\t\t<div class=\"text-block-content\">\n\t\t\t\t\t<h2 class=\"\">Vi vill att s\u00e5 m\u00e5nga som m\u00f6jligt ska kunna anv\u00e4nda v\u00e5r webb<\/h2>\n\t\t\t\t\t<p style=\"text-align: left;\">JAG Personlig assistans st\u00e5r bakom webbplatsen. V\u00e5r m\u00e5ls\u00e4ttning \u00e4r att den ska kunna uppfattas, hanteras och f\u00f6rst\u00e5s av alla anv\u00e4ndare. Det inkluderar personer med funktionsneds\u00e4ttning som anv\u00e4nder hj\u00e4lpmedel f\u00f6r att ta del av information och tj\u00e4nster. \u00c4ven om vi har arbetat med tillg\u00e4nglighet p\u00e5 webben under l\u00e5ng tid s\u00e5 f\u00f6rekommer brister. P\u00e5 den h\u00e4r sidan beskriver vi eventuella tillg\u00e4nglighetsproblem g\u00e4llande <a href=\"https:\/\/jag.se\/assistans\/\">https:\/\/jag.se\/assistans\/<\/a>och hur du kan rapportera brister till oss s\u00e5 att vi kan \u00e5tg\u00e4rda dem. \u00a0L\u00e4ngst ner finns kontaktinformation.\u00a0<\/p>\n<p>Tillg\u00e4nglighetsredog\u00f6relsen uppdaterades senast 2023-11-07.<\/p>\n\t\t<\/div>\n<\/section>\n\n\n<section class=\"text-block white  \">\n    <div class=\"block-icon\"><\/div>\n\t<div class=\"inner\">\n\t\t<div class=\"text-block-content\">\n\t\t\t\t\t<h2 class=\"\">Bilder, grafik och dokument<\/h2>\n\t\t\t\t\t<p>Vissa bilder och grafiska element saknar textalternativ. I samband med att sidor uppdateras g\u00e5r vi igenom bilder och grafik och s\u00e4kerst\u00e4lla att textalternativen \u00e4r korrekta. Det ska inte finnas n\u00e5gra pdf-filer p\u00e5 webbplatsen.<\/p>\n\t\t<\/div>\n<\/section>\n\n\n<section class=\"text-block white  \">\n    <div class=\"block-icon\"><\/div>\n\t<div class=\"inner\">\n\t\t<div class=\"text-block-content\">\n\t\t\t\t\t<h2 class=\"\">Inb\u00e4ddade tj\u00e4nster<\/h2>\n\t\t\t\t\t<p>P\u00e5 en del sidor anv\u00e4nds inb\u00e4ddade tj\u00e4nster som har utvecklats av externa leverant\u00f6rer. Vi \u00e4r tacksamma f\u00f6r information om eventuella tillg\u00e4nglighetsbrister.<\/p>\n\t\t<\/div>\n<\/section>\n\n\n<section class=\"text-block white  \">\n    <div class=\"block-icon\"><\/div>\n\t<div class=\"inner\">\n\t\t<div class=\"text-block-content\">\n\t\t\t\t\t<h2 class=\"\">Kartor <\/h2>\n\t\t\t\t\t<p>Kartorna under kontaktsidan g\u00e5r inte att tabba sig fram p\u00e5. Vi kommer att se \u00f6ver detta.<\/p>\n\t\t<\/div>\n<\/section>\n\n\n<section class=\"text-block white  \">\n    <div class=\"block-icon\"><\/div>\n\t<div class=\"inner\">\n\t\t<div class=\"text-block-content\">\n\t\t\t\t\t<h2 class=\"\">Navigation <\/h2>\n\t\t\t\t\t<p>Det f\u00f6rekommer ologisk struktur p\u00e5 vissa delar av webbplatsen vilket kan f\u00f6rsv\u00e5ra navigering med hj\u00e4lpmedel\/tangentbord. Vissa l\u00e4nkar \u00e4ndrar inte f\u00e4rg\/markeras inte n\u00e4r de \u00e4r klickbara.<\/p>\n\t\t<\/div>\n<\/section>\n\n\n<section class=\"text-block white  \">\n    <div class=\"block-icon\"><\/div>\n\t<div class=\"inner\">\n\t\t<div class=\"text-block-content\">\n\t\t\t\t\t<h2 class=\"\">Video<\/h2>\n\t\t\t\t\t<p>V\u00e5r ambition \u00e4r att alla filmer ska vara textade. Vi tar tacksamt emot information om du hittar filmer som saknar undertext.<\/p>\n\t\t<\/div>\n<\/section>\n\n\n<section class=\"text-block white  \">\n    <div class=\"block-icon\"><\/div>\n\t<div class=\"inner\">\n\t\t<div class=\"text-block-content\">\n\t\t\t\t\t<h2 class=\"\">S\u00e5 har vi testat tillg\u00e4ngligheten<\/h2>\n\t\t\t\t\t<p>Vi granskar webbplatsen l\u00f6pande manuellt. Vi kommer fram\u00f6ver \u00e4ven ta hj\u00e4lp av ett granskningsverktyg.<\/p>\n\t\t<\/div>\n<\/section>\n\n\n<section class=\"text-block white  \">\n    <div class=\"block-icon\"><\/div>\n\t<div class=\"inner\">\n\t\t<div class=\"text-block-content\">\n\t\t\t\t\t<h2 class=\"\">Tillsyn av tillg\u00e4ngligheten<\/h2>\n\t\t\t\t\t<p>Det \u00e4r Myndigheten f\u00f6r digital f\u00f6rvaltning (DIGG) som ansvarar f\u00f6r tillsyn av lagen om tillg\u00e4nglighet till digital offentlig service. Om du inte \u00e4r n\u00f6jd med hur vi hanterar dina synpunkter kan<a href=\"https:\/\/www.digg.se\/tdosanmalan\" target=\"_blank\" rel=\"noopener\"> du\u202fkontakta myndigheten<\/a>.\u00a0<\/p>\n\t\t<\/div>\n<\/section>\n\n\n<section class=\"text-block white  \">\n    <div class=\"block-icon\"><\/div>\n\t<div class=\"inner\">\n\t\t<div class=\"text-block-content\">\n\t\t\t\t\t<h2 class=\"\">Kontakta oss<\/h2>\n\t\t\t\t\t<p>Beh\u00f6ver du information som du inte kan ta del av p\u00e5 grund av att webbplatsen \u00e4r otillg\u00e4nglig? Hittar du andra brister \u00e4n dem vi listat ovan? Kontakta oss s\u00e5 att vi f\u00e5r reda p\u00e5 problemet och f\u00e5r m\u00f6jlighet att \u00e5tg\u00e4rda det!<\/p>\n<p>Mejla till <a href=\"mailto:svardirekt@jag.se\">svardirekt@jag.se<\/a><\/p>\n<p>Ring till Svar direkt, tel 08-789 30 00, knappval 2.<\/p>\n\t\t<\/div>\n<\/section>\n","protected":false},"excerpt":{"rendered":"<p>Tillg\u00e4nglighetsredog\u00f6relse<\/p>\n","protected":false},"author":6,"featured_media":0,"parent":0,"menu_order":9,"comment_status":"closed","ping_status":"closed","template":"","meta":{"footnotes":""},"class_list":["post-7463","page","type-page","status-publish","hentry"],"acf":[],"_links":{"self":[{"href":"https:\/\/jag.se\/assistans\/wp-json\/wp\/v2\/pages\/7463","targetHints":{"allow":["GET"]}}],"collection":[{"href":"https:\/\/jag.se\/assistans\/wp-json\/wp\/v2\/pages"}],"about":[{"href":"https:\/\/jag.se\/assistans\/wp-json\/wp\/v2\/types\/page"}],"author":[{"embeddable":true,"href":"https:\/\/jag.se\/assistans\/wp-json\/wp\/v2\/users\/6"}],"replies":[{"embeddable":true,"href":"https:\/\/jag.se\/assistans\/wp-json\/wp\/v2\/comments?post=7463"}],"version-history":[{"count":42,"href":"https:\/\/jag.se\/assistans\/wp-json\/wp\/v2\/pages\/7463\/revisions"}],"predecessor-version":[{"id":7505,"href":"https:\/\/jag.se\/assistans\/wp-json\/wp\/v2\/pages\/7463\/revisions\/7505"}],"wp:attachment":[{"href":"https:\/\/jag.se\/assistans\/wp-json\/wp\/v2\/media?parent=7463"}],"curies":[{"name":"wp","href":"https:\/\/api.w.org\/{rel}","templated":true}]}}