{"id":8191,"date":"2024-01-24T14:12:19","date_gmt":"2024-01-24T14:12:19","guid":{"rendered":"https:\/\/jag.se\/assistans\/?page_id=8191"},"modified":"2025-09-08T11:59:33","modified_gmt":"2025-09-08T11:59:33","slug":"rollerna-i-assistansen","status":"publish","type":"page","link":"https:\/\/jag.se\/assistans\/rollerna-i-assistansen\/","title":{"rendered":"Rollerna i assistansen"},"content":{"rendered":"<div class=\"wp-block-image\">\n<figure class=\"aligncenter size-full\"><img loading=\"lazy\" decoding=\"async\" width=\"400\" height=\"425\" src=\"https:\/\/jag.se\/assistans\/wp-content\/uploads\/sites\/2\/2024\/01\/Rollerna-i-assistansen-small2.webp\" alt=\"\" class=\"wp-image-8432\" srcset=\"https:\/\/jag.se\/assistans\/wp-content\/uploads\/sites\/2\/2024\/01\/Rollerna-i-assistansen-small2.webp 400w, https:\/\/jag.se\/assistans\/wp-content\/uploads\/sites\/2\/2024\/01\/Rollerna-i-assistansen-small2-282x300.webp 282w, https:\/\/jag.se\/assistans\/wp-content\/uploads\/sites\/2\/2024\/01\/Rollerna-i-assistansen-small2-94x100.webp 94w, https:\/\/jag.se\/assistans\/wp-content\/uploads\/sites\/2\/2024\/01\/Rollerna-i-assistansen-small2-120x128.webp 120w, https:\/\/jag.se\/assistans\/wp-content\/uploads\/sites\/2\/2024\/01\/Rollerna-i-assistansen-small2-141x150.webp 141w, https:\/\/jag.se\/assistans\/wp-content\/uploads\/sites\/2\/2024\/01\/Rollerna-i-assistansen-small2-293x311.webp 293w, https:\/\/jag.se\/assistans\/wp-content\/uploads\/sites\/2\/2024\/01\/Rollerna-i-assistansen-small2-347x369.webp 347w, https:\/\/jag.se\/assistans\/wp-content\/uploads\/sites\/2\/2024\/01\/Rollerna-i-assistansen-small2-352x374.webp 352w, https:\/\/jag.se\/assistans\/wp-content\/uploads\/sites\/2\/2024\/01\/Rollerna-i-assistansen-small2-47x50.webp 47w\" sizes=\"auto, (max-width: 400px) 100vw, 400px\" \/><\/figure>\n<\/div>\n\n\n<h1 class=\"wp-block-heading\">Vad finns det f\u00f6r roller i assistansen?<\/h1>\n\n\n<section class=\"text-block vvb-rose  \">\n    <div class=\"block-icon\"><\/div>\n\t<div class=\"inner\">\n\t\t<div class=\"text-block-content\">\n\t\t\t\t\t<h2 class=\"\">Uppdragsgivare<\/h2>\n\t\t\t\t\t<p>Som medlem i Brukarkooperativet JAG ger du oss i uppdrag att ordna din assistans. Du blir v\u00e5r <strong>uppdragsgivare,<\/strong>\u00a0en av flera roller i assistansen. Assistansen utformas efter dina \u00f6nskem\u00e5l och behov med utg\u00e5ngspunkt fr\u00e5n ditt beslut.<\/p>\n<h3>Med st\u00f6d av eventuell legal f\u00f6retr\u00e4dare\u00a0<\/h3>\n<ul>\n<li><strong>uppfyller du dina \u00e5taganden enligt assistansavtalet<\/strong>, till exempel att betala f\u00f6r assistansen med din assistansers\u00e4ttning och skriva under assistansr\u00e4kningen varje m\u00e5nad<\/li>\n<li>\u00a0<strong>redovisar du anv\u00e4nd assistans<\/strong> p\u00e5 \u00f6verenskommet s\u00e4tt<\/li>\n<li><strong>meddelar du v\u00e4sentligt \u00e4ndrade f\u00f6rh\u00e5llanden<\/strong> som p\u00e5verkar din r\u00e4tt till assistansers\u00e4ttning<\/li>\n<li><strong>f\u00f6resl\u00e5r\/godk\u00e4nner och samarbetar du<\/strong> med personlig arbetsledare och assistenter<\/li>\n<li><strong>\u00e4r du delaktig och samarbetar i assistansmilj\u00f6arbetet<\/strong><\/li>\n<\/ul>\n\t\t<\/div>\n<\/section>\n\n\n<section class=\"text-block white  \">\n    <div class=\"block-icon\"><\/div>\n\t<div class=\"inner\">\n\t\t<div class=\"text-block-content\">\n\t\t\t\t\t<h2 class=\"\">Din legala f\u00f6retr\u00e4dare ger dig st\u00f6d i att vara sj\u00e4lvbest\u00e4mmande<\/h2>\n\t\t\t\t\t<p><strong>Legal f\u00f6retr\u00e4dare<\/strong> har en av de viktigaste rollerna i assistansen, bland annat genom sitt tolkningsf\u00f6retr\u00e4de. Legal f\u00f6retr\u00e4dare ger dig st\u00f6d att vara sj\u00e4lvbest\u00e4mmande och fungerar som beslutst\u00f6d i viktiga fr\u00e5gor.<\/p>\n<h3>Legal f\u00f6retr\u00e4dare (i samarbete med dig)<\/h3>\n<ul>\n<li><strong>bevakar dina intressen, r\u00e4ttigheter och skyldigheter<\/strong> enligt g\u00e4llande assistansregler<\/li>\n<li><strong>f\u00f6resl\u00e5r\/godk\u00e4nner och samarbetar med personlig arbetsledare\/koordinator<\/strong> (eller tar sj\u00e4lv uppdraget som personlig arbetsledare)<\/li>\n<li><strong>bevakar att du f\u00e5r personlig assistans av god kvalitet<\/strong> och att JAG uppfyller sina \u00e5taganden\u00a0mot dig<\/li>\n<\/ul>\n\t\t<\/div>\n<\/section>\n\n\n<section class=\"text-block ocean  \">\n    <div class=\"block-icon\"><\/div>\n\t<div class=\"inner\">\n\t\t<div class=\"text-block-content\">\n\t\t\t\t\t<h2 class=\"\">Personlig arbetsledare\/koordinator arbetsleder dina assistenter<\/h2>\n\t\t\t\t\t<p>Kan du inte sj\u00e4lv arbetsleda dina assistenter beh\u00f6ver du st\u00f6d med det av n\u00e5gon du litar p\u00e5. <strong>Arbetsledningen l\u00e4ggs till som ett ut\u00f6kat uppdrag i anst\u00e4llningen som personlig assistent.<\/strong> Du kan \u00e4ven v\u00e4lja att f\u00e5 st\u00f6d fr\u00e5n en assistanskoordinator, som \u00e4r anst\u00e4lld p\u00e5 JAGs kansli.<\/p>\n<h3>Personlig arbetsledare\/koordinator<\/h3>\n<ul>\n<li>\u00a0<strong>arbetsleder <\/strong>assistenterna och <strong>samordnar<\/strong> assistansen utifr\u00e5n dina behov och \u00f6nskem\u00e5l<\/li>\n<li>\u00a0ser till <strong>att assistansen utf\u00f6rs tryggt och s\u00e4kert och p\u00e5 det s\u00e4tt du vill<\/strong><\/li>\n<li>\u00a0<strong>s\u00e4kerst\u00e4ller att det alltid finns n\u00e5gon som kan arbeta<\/strong> n\u00e4r du har schemalagt assistans<\/li>\n<li>\u00a0<strong>tidredovisar<\/strong> varje m\u00e5nad<\/li>\n<li>\u00a0<strong>schemal\u00e4gger <\/strong>assistenterna enligt deras arbetstidsm\u00e5tt och anv\u00e4nder inte fler timmar \u00e4n beslutet medger<\/li>\n<li><strong>f\u00f6ljer arbetstidsregler och kollektivavtal<\/strong> och l\u00e4mnar uppgifter till JAG s\u00e5 att arbetsgivaransvaret kan fullg\u00f6ras<\/li>\n<li><strong>f\u00f6ljer arbetsmilj\u00f6reglerna och arbetar f\u00f6r en s\u00e4ker assistansmilj\u00f6<\/strong> f\u00f6r b\u00e5de dig och assistenterna<\/li>\n<li><strong>rekryterar och l\u00e4ra upp<\/strong> nya assistenter<\/li>\n<\/ul>\n<h3>Du beh\u00f6ver ocks\u00e5 minst tv\u00e5 bemanningsansvariga som<\/h3>\n<ul>\n<li><strong>tar emot fr\u00e5nvaroanm\u00e4lningar<\/strong><\/li>\n<li><strong>kallar in vikarie<\/strong> eller rycker in sj\u00e4lv som assistent vid behov<\/li>\n<\/ul>\n<p><strong>Bemanning \u00e4r ocks\u00e5 ett s\u00e4rskilt ut\u00f6kat uppdrag i anst\u00e4llningen som personlig assistent.<\/strong><\/p>\n\t\t<\/div>\n<\/section>\n\n\n<section class=\"text-block white  \">\n    <div class=\"block-icon\"><\/div>\n\t<div class=\"inner\">\n\t\t<div class=\"text-block-content\">\n\t\t\t\t\t<h2 class=\"\">Personlig assistent <\/h2>\n\t\t\t\t\t<p><strong>rDin personliga assistent<\/strong> f\u00f6ljer dig under sin arbetstid och assisterar med det som du beh\u00f6ver och vill. Assistenten \u00e4r knuten till dig och inte en verksamhet, till exempel din skola eller dagliga verksamhet.<\/p>\n<p>Om du har en intellektuell funktionsneds\u00e4ttning \u00e4r det vanligt att assistentens ge st\u00f6d i att ta initiativ, g\u00f6ra enklare val i vardagen och f\u00f6rklarar s\u00e5nt som \u00e4r kr\u00e5ngligt.<\/p>\n<p>M\u00e5nga av JAGs uppdragsgivare beh\u00f6ver assistans med kommunikation. Det kan vara att tolka din kommunikation och f\u00f6rmedla den till den du pratar med. Du kanske ocks\u00e5 vill att assistenten ska ge information till n\u00e4sta assistent eller skriva in viktiga saker i din kalender.<\/p>\n<h3>Den personliga assistenten<\/h3>\n<ul>\n<li><strong>arbetar enligt givna instruktioner och LSS m\u00e5ls\u00e4ttning<\/strong> med respekt f\u00f6r tystnadsplikt, ditt sj\u00e4lvbest\u00e4mmande och integritet<\/li>\n<li><strong>bidrar till en trygg och positiv assistansmilj\u00f6<\/strong><\/li>\n<li><strong>uppfyller sina \u00e5taganden<\/strong> enligt anst\u00e4llningsavtal, kollektivavtal och arbetsr\u00e4ttsliga lagar<\/li>\n<li><strong>kontrollerar och godk\u00e4nner<\/strong>\u00a0sin arbetade tid senast den 3:e i m\u00e5naden klockan 13.<\/li>\n<\/ul>\n\t\t<\/div>\n<\/section>\n\n\n<section class=\"text-block vvb-rose  \">\n    <div class=\"block-icon\"><\/div>\n\t<div class=\"inner\">\n\t\t<div class=\"text-block-content\">\n\t\t\t\t\t<h2 class=\"\">Din assistansanordnare <\/h2>\n\t\t\t\t\t<p>Som privat assistansanordnare har vi tillst\u00e5nd fr\u00e5n <a href=\"https:\/\/www.ivo.se\/\" target=\"_blank\" rel=\"noopener\">Inspektionen f\u00f6r v\u00e5rd och omsorg (IVO).<\/a><\/p>\n<h3>JAG Personlig assistans\u00a0<\/h3>\n<ul>\n<li><strong>uppfyller sina \u00e5taganden i assistansavtalet<\/strong><\/li>\n<li><strong>utf\u00f6r personlig assistans<\/strong> i enlighet med reglerna i LSS och Socialf\u00f6rs\u00e4kringsbalken<\/li>\n<li><strong>fakturerar\/skickar r\u00e4kning f\u00f6r utf\u00f6rd assistans<\/strong> till kommun, region och\/eller F\u00f6rs\u00e4kringskassan<\/li>\n<li><strong>avtalar om personlig arbetsledning\/koordinator samt bemanningsansvar<\/strong> i assistansen<\/li>\n<li>som arbetsgivare <strong>f\u00f6ljer regler kring arbetstid och kollektivavtal<\/strong> och ser till att de anst\u00e4llda k\u00e4nner till de regler som g\u00e4ller och sina egna r\u00e4ttigheter och skyldigheter<\/li>\n<li><strong>erbjuder st\u00f6d och utbildning<\/strong> till uppdragsgivare, personliga arbetsledare och assistenter.<\/li>\n<\/ul>\n\t\t<\/div>\n<\/section>\n\n\n<section class=\"text-block white  \">\n    <div class=\"block-icon\"><\/div>\n\t<div class=\"inner\">\n\t\t<div class=\"text-block-content\">\n\t\t\t\t\t<h2 class=\"\">F\u00f6rs\u00e4kringskassa, kommun och region<\/h2>\n\t\t\t\t\t<p><strong>F\u00f6rs\u00e4kringskassan, kommunen och regionen kan man ocks\u00e5 s\u00e4ga har roller i \u00a0assistansen. <\/strong><\/p>\n<p><strong>F\u00f6rs\u00e4kringskassan <\/strong>handl\u00e4gger ans\u00f6kan om du beh\u00f6ver minst 20 timmar assistans med grundl\u00e4ggande behov.<\/p>\n<p>F\u00f6r \u00f6vriga \u00e4r det <strong>kommunen<\/strong> som fattar beslut om personlig assistans. <\/p>\n<p>Egenv\u00e5rd ing\u00e5r i personlig assistans, men inte sjukv\u00e5rd. Vad som \u00e4r vad avg\u00f6rs av behandlande l\u00e4kare. <strong>Regionen<\/strong> kan bevilja timmar som utf\u00f6rs inom assistansen f\u00f6r arbetsuppgifter som bed\u00f6ms som sjukv\u00e5rd.<\/p>\n\t\t<\/div>\n<\/section>\n\n\n<section class=\"links-list white-bg\">\n\t<div class=\"inner\">\n\t\t\t\t<ul >\n\t\t\t\t\t\t\t<li><a href=\"https:\/\/jag.se\/assistans\/juridisk-radgivning\/\">Kontakta oss f\u00f6r juridisk r\u00e5dgivning<\/a><\/li>\n\t\t\t\t\t\t\t\t<li><a href=\"https:\/\/jag.se\/assistans\/vart-erbjudande\/\">Att ha sin assistans hos oss<\/a><\/li>\n\t\t\t\t\t\t\t\t<li><a href=\"https:\/\/jag.se\/assistans\/yrket-personlig-assistent\/\">Vad g\u00f6r en personlig assistent?<\/a><\/li>\n\t\t\t\t\t\t<\/ul>\n\t\t\t\t<\/div>\n<\/section>\n","protected":false},"excerpt":{"rendered":"<p>Vad finns det f\u00f6r roller i assistansen?<\/p>\n","protected":false},"author":6,"featured_media":8192,"parent":0,"menu_order":9,"comment_status":"closed","ping_status":"closed","template":"","meta":{"footnotes":""},"class_list":["post-8191","page","type-page","status-publish","has-post-thumbnail","hentry"],"acf":[],"_links":{"self":[{"href":"https:\/\/jag.se\/assistans\/wp-json\/wp\/v2\/pages\/8191","targetHints":{"allow":["GET"]}}],"collection":[{"href":"https:\/\/jag.se\/assistans\/wp-json\/wp\/v2\/pages"}],"about":[{"href":"https:\/\/jag.se\/assistans\/wp-json\/wp\/v2\/types\/page"}],"author":[{"embeddable":true,"href":"https:\/\/jag.se\/assistans\/wp-json\/wp\/v2\/users\/6"}],"replies":[{"embeddable":true,"href":"https:\/\/jag.se\/assistans\/wp-json\/wp\/v2\/comments?post=8191"}],"version-history":[{"count":154,"href":"https:\/\/jag.se\/assistans\/wp-json\/wp\/v2\/pages\/8191\/revisions"}],"predecessor-version":[{"id":14807,"href":"https:\/\/jag.se\/assistans\/wp-json\/wp\/v2\/pages\/8191\/revisions\/14807"}],"wp:featuredmedia":[{"embeddable":true,"href":"https:\/\/jag.se\/assistans\/wp-json\/wp\/v2\/media\/8192"}],"wp:attachment":[{"href":"https:\/\/jag.se\/assistans\/wp-json\/wp\/v2\/media?parent=8191"}],"curies":[{"name":"wp","href":"https:\/\/api.w.org\/{rel}","templated":true}]}}