{"id":824,"date":"2022-02-24T12:01:29","date_gmt":"2022-02-24T12:01:29","guid":{"rendered":"https:\/\/jag.se\/assistans\/?page_id=824"},"modified":"2026-04-14T13:35:24","modified_gmt":"2026-04-14T13:35:24","slug":"juridisk-radgivning","status":"publish","type":"page","link":"https:\/\/jag.se\/assistans\/juridisk-radgivning\/","title":{"rendered":"Juridisk r\u00e5dgivning"},"content":{"rendered":"<div class=\"yoast-breadcrumbs\">\t<div class=\"inner\">\n\t\t<span><span><a href=\"https:\/\/jag.se\">JAG start<\/a><\/span> &gt; <span><a href=\"https:\/\/jag.se\/assistans\/\">JAG Personlig assistans<\/a><\/span> &gt; <span class=\"breadcrumb_last\" aria-current=\"page\">Juridisk r\u00e5dgivning<\/span><\/span>\t<\/div>\n<\/div>\n\n<section class=\"banner\">\n\t<img loading=\"lazy\" decoding=\"async\" width=\"1366\" height=\"399\" src=\"https:\/\/jag.se\/assistans\/wp-content\/uploads\/sites\/2\/2022\/04\/s3-kenny-191119_fotolinneabengtsson-bred-webb-1366x399.jpg\" class=\"bg-desktop\" alt=\"Juridisk r\u00e5dgivning inom assistans\" srcset=\"https:\/\/jag.se\/assistans\/wp-content\/uploads\/sites\/2\/2022\/04\/s3-kenny-191119_fotolinneabengtsson-bred-webb-1366x399.jpg 1366w, https:\/\/jag.se\/assistans\/wp-content\/uploads\/sites\/2\/2022\/04\/s3-kenny-191119_fotolinneabengtsson-bred-webb-300x88.jpg 300w, https:\/\/jag.se\/assistans\/wp-content\/uploads\/sites\/2\/2022\/04\/s3-kenny-191119_fotolinneabengtsson-bred-webb-1024x299.jpg 1024w, https:\/\/jag.se\/assistans\/wp-content\/uploads\/sites\/2\/2022\/04\/s3-kenny-191119_fotolinneabengtsson-bred-webb-768x224.jpg 768w, https:\/\/jag.se\/assistans\/wp-content\/uploads\/sites\/2\/2022\/04\/s3-kenny-191119_fotolinneabengtsson-bred-webb-1536x449.jpg 1536w, https:\/\/jag.se\/assistans\/wp-content\/uploads\/sites\/2\/2022\/04\/s3-kenny-191119_fotolinneabengtsson-bred-webb-2048x598.jpg 2048w, https:\/\/jag.se\/assistans\/wp-content\/uploads\/sites\/2\/2022\/04\/s3-kenny-191119_fotolinneabengtsson-bred-webb-1920x561.jpg 1920w, https:\/\/jag.se\/assistans\/wp-content\/uploads\/sites\/2\/2022\/04\/s3-kenny-191119_fotolinneabengtsson-bred-webb-320x93.jpg 320w, https:\/\/jag.se\/assistans\/wp-content\/uploads\/sites\/2\/2022\/04\/s3-kenny-191119_fotolinneabengtsson-bred-webb-120x35.jpg 120w, https:\/\/jag.se\/assistans\/wp-content\/uploads\/sites\/2\/2022\/04\/s3-kenny-191119_fotolinneabengtsson-bred-webb-540x158.jpg 540w, https:\/\/jag.se\/assistans\/wp-content\/uploads\/sites\/2\/2022\/04\/s3-kenny-191119_fotolinneabengtsson-bred-webb-601x176.jpg 601w, https:\/\/jag.se\/assistans\/wp-content\/uploads\/sites\/2\/2022\/04\/s3-kenny-191119_fotolinneabengtsson-bred-webb-150x44.jpg 150w, https:\/\/jag.se\/assistans\/wp-content\/uploads\/sites\/2\/2022\/04\/s3-kenny-191119_fotolinneabengtsson-bred-webb-311x91.jpg 311w, https:\/\/jag.se\/assistans\/wp-content\/uploads\/sites\/2\/2022\/04\/s3-kenny-191119_fotolinneabengtsson-bred-webb-374x109.jpg 374w, https:\/\/jag.se\/assistans\/wp-content\/uploads\/sites\/2\/2022\/04\/s3-kenny-191119_fotolinneabengtsson-bred-webb-171x50.jpg 171w\" sizes=\"auto, (max-width: 1366px) 100vw, 1366px\" \/><img loading=\"lazy\" decoding=\"async\" width=\"540\" height=\"540\" src=\"https:\/\/jag.se\/assistans\/wp-content\/uploads\/sites\/2\/2022\/04\/s3-kenny-191119_fotolinneabengtsson-640x640-1-540x540.jpg\" class=\"bg-mobile\" alt=\"Juridisk r\u00e5dgivning inom assistans\" srcset=\"https:\/\/jag.se\/assistans\/wp-content\/uploads\/sites\/2\/2022\/04\/s3-kenny-191119_fotolinneabengtsson-640x640-1-540x540.jpg 540w, https:\/\/jag.se\/assistans\/wp-content\/uploads\/sites\/2\/2022\/04\/s3-kenny-191119_fotolinneabengtsson-640x640-1-300x300.jpg 300w, https:\/\/jag.se\/assistans\/wp-content\/uploads\/sites\/2\/2022\/04\/s3-kenny-191119_fotolinneabengtsson-640x640-1-150x150.jpg 150w, https:\/\/jag.se\/assistans\/wp-content\/uploads\/sites\/2\/2022\/04\/s3-kenny-191119_fotolinneabengtsson-640x640-1-100x100.jpg 100w, https:\/\/jag.se\/assistans\/wp-content\/uploads\/sites\/2\/2022\/04\/s3-kenny-191119_fotolinneabengtsson-640x640-1-120x120.jpg 120w, https:\/\/jag.se\/assistans\/wp-content\/uploads\/sites\/2\/2022\/04\/s3-kenny-191119_fotolinneabengtsson-640x640-1-601x601.jpg 601w, https:\/\/jag.se\/assistans\/wp-content\/uploads\/sites\/2\/2022\/04\/s3-kenny-191119_fotolinneabengtsson-640x640-1-38x38.jpg 38w, https:\/\/jag.se\/assistans\/wp-content\/uploads\/sites\/2\/2022\/04\/s3-kenny-191119_fotolinneabengtsson-640x640-1-311x311.jpg 311w, https:\/\/jag.se\/assistans\/wp-content\/uploads\/sites\/2\/2022\/04\/s3-kenny-191119_fotolinneabengtsson-640x640-1-374x374.jpg 374w, https:\/\/jag.se\/assistans\/wp-content\/uploads\/sites\/2\/2022\/04\/s3-kenny-191119_fotolinneabengtsson-640x640-1-50x50.jpg 50w, https:\/\/jag.se\/assistans\/wp-content\/uploads\/sites\/2\/2022\/04\/s3-kenny-191119_fotolinneabengtsson-640x640-1.jpg 640w\" sizes=\"auto, (max-width: 540px) 100vw, 540px\" \/>\t<div class=\"inner\">\n\t\t\t\t\t<div class=\"text-block align-center \">\n\t\t\t\t\t\t\t\t\t<h3>Beh\u00f6ver du juridisk r\u00e5dgiving?<\/h3>\n\t\t\t\t\t\t\t\t\t<p>Det \u00e4r sv\u00e5rt att p\u00e5 egen hand s\u00e4tta sig in i lagar, regler och ans\u00f6kningsprocesser, hos oss f\u00e5r du st\u00f6d av v\u00e5ra juridiska r\u00e5dgivare.\u00a0<\/p>\n\t\t\t\t<a href=\"https:\/\/outlook.office365.com\/owa\/calendar\/Medlemsrekrytering@jag.se\/bookings\/\" target=\"_blank\" class=\"button inverted\">Boka samtal om assistans<\/a> \t\t\t<\/div>\n\t\t\t\t<\/div>\n<\/section>\n\n\n\n<h1 class=\"wp-block-heading\" id=\"juridisk-radgivning\">Juridisk r\u00e5dgivning<\/h1>\n\n\n<section class=\"text-block white  \">\n    <div class=\"block-icon\"><\/div>\n\t<div class=\"inner\">\n\t\t<div class=\"text-block-content\">\n\t\t\t\t\t<h2 class=\"\">Beh\u00f6ver du juridisk r\u00e5dgivning inom personlig assistans?<\/h2>\n\t\t\t\t\t<p>Det \u00e4r sv\u00e5rt att p\u00e5 egen hand s\u00e4tta sig in i lagar, regler och ans\u00f6kningsprocesser. N\u00e4r du tecknat avtal med oss f\u00e5r du kostnadsfri juridisk r\u00e5dgivning med:<\/p>\n<ul>\n<li>Ans\u00f6kningar<\/li>\n<li>Ompr\u00f6vningar<\/li>\n<li>\u00d6verklaganden<\/li>\n<li>Kontakt med kommun, F\u00f6rs\u00e4kringskassa, region och domstol<\/li>\n<li>Att tolka regelverk, beslut och domar<\/li>\n<\/ul>\n\t\t<\/div>\n<\/section>\n\n\n<section class=\"text-block white  \">\n    <div class=\"block-icon\"><\/div>\n\t<div class=\"inner\">\n\t\t<div class=\"text-block-content\">\n\t\t\t\t\t<h2 class=\"\">V\u00e5ra juridiska r\u00e5dgivare inom personlig assistans<\/h2>\n\t\t\t\t\t<blockquote>\n<p>Kontakta <a href=\"mailto:kontakt@jag.se\">Cecilia Wiest\u00e5l<\/a>, <a href=\"tel:+46765453071\">076-545 30 71<\/a> om du vill ans\u00f6ka om assistans eller precis har f\u00e5tt personlig assistans.<\/p>\n<p><strong>Filippa Bergstr\u00f6m<\/strong>\u00a0<a href=\"tel:0765453041\">076-545 30 41<\/a><\/p>\n<p><strong>Hanna Stamberg<\/strong>\u00a0<a href=\"tel:0765453041\">076-545 30 35<\/a><\/p>\n<p><strong>Erika Holmberg<\/strong> <a href=\"tel:+46765453067\">076-545 30 67<\/a><\/p>\n<p><b>Valdine Lervik\u00a0<\/b><a href=\"tel:+46765453073\">076-545 30 73<\/a><\/p>\n<\/blockquote>\n\t\t<\/div>\n<\/section>\n\n\n<section class=\"links-list white-bg\">\n\t<div class=\"inner\">\n\t\t\t\t<ul >\n\t\t\t\t\t\t\t<li><a href=\"https:\/\/outlook.office365.com\/owa\/calendar\/Medlemsrekrytering@jag.se\/bookings\/\">Boka individuell r\u00e5dgivning om personlig assistans<\/a><\/li>\n\t\t\t\t\t\t\t\t<li><a href=\"https:\/\/jag.se\/assistans\/juridisk-radgivning\/starkt-assistans\/\">Om lag\u00e4ndringen St\u00e4rkt assistans<\/a><\/li>\n\t\t\t\t\t\t\t\t<li><a href=\"https:\/\/jag.se\/assistans\/flytta-fran-gruppbostad\/\">Att flytta fr\u00e5n gruppbostad till eget boende med assistans<\/a><\/li>\n\t\t\t\t\t\t<\/ul>\n\t\t\t\t<\/div>\n<\/section>\n\n\n<section class=\"text-block pink  \">\n    <div class=\"block-icon\"><\/div>\n\t<div class=\"inner\">\n\t\t<div class=\"text-block-content\">\n\t\t\t\t\t<h2 class=\"\">Assistans \u00e4r ett skyddsn\u00e4t f\u00f6r alla<\/h2>\n\t\t\t\t\t<p>Personlig assistans \u00e4r en del av det svenska socialf\u00f6rs\u00e4kringssystemet. Vem som helst kan drabbas av en skada eller sjukdom eller f\u00e5 ett barn med funktionsneds\u00e4ttning som inneb\u00e4r att de beh\u00f6ver st\u00f6d i vardagen och d\u00e5 har de r\u00e4tt att f\u00e5 det.<\/p>\n\t\t<\/div>\n<\/section>\n\n\n<section class=\"text-block white  \">\n    <div class=\"block-icon\"><\/div>\n\t<div class=\"inner\">\n\t\t<div class=\"text-block-content\">\n\t\t\t\t\t<h2 class=\"\">Vem kan f\u00e5 assistans?<\/h2>\n\t\t\t\t\t<p>Du kan f\u00e5 personlig assistans om du \u00e4r under 67 \u00e5r och har en stor och varaktig funktionsneds\u00e4ttning som inneb\u00e4r att du beh\u00f6ver hj\u00e4lp f\u00f6r att klara vardagen. Det kan till exempel inneb\u00e4ra att du beh\u00f6ver hj\u00e4lp med andningsst\u00f6d, tv\u00e4tta dig, kl\u00e4 p\u00e5 dig, prata med andra, \u00e4ta eller g\u00e5 p\u00e5 toaletten.<\/p>\n<p>Personlig assistans \u00e4r en insats f\u00f6r dem med stora och komplexa behov. Alla har inte r\u00e4tt till den insatsen. \u00c4r du os\u00e4ker p\u00e5 om du har r\u00e4tt till personlig assistans, g\u00f6r alltid v\u00e5ra jurister g\u00f6ra en f\u00f6rsta bed\u00f6mning innan vi skriver avtal och g\u00f6r en ans\u00f6kan. Du \u00e4r v\u00e4lkommen att boka tid med oss f\u00f6r ett s\u00e5dant samtal.<\/p>\n\t\t<\/div>\n<\/section>\n\n\n<section class=\"text-block white  \">\n    <div class=\"block-icon\"><\/div>\n\t<div class=\"inner\">\n\t\t<div class=\"text-block-content\">\n\t\t\t\t\t<h2 class=\"\">Hur ans\u00f6ker du om assistans?<\/h2>\n\t\t\t\t\t<p>Du ans\u00f6ker hos kommunen och\/eller F\u00f6rs\u00e4kringskassan. Efter utredningen beslutar myndigheten om du f\u00e5r personlig assistans och hur m\u00e5nga timmar du beviljas. Har du de st\u00f6rsta behoven kan du f\u00e5 statlig assistansers\u00e4ttning via F\u00f6rs\u00e4kringskassan. F\u00f6r att f\u00e5 den m\u00e5ste du ha grundl\u00e4ggande assistansbehov p\u00e5 minst 20 timmar per vecka.<\/p>\n<p>Att ans\u00f6ka om personlig assistans \u00e4r en omfattande process. Du beh\u00f6ver f\u00f6rbereda dig noggrant innan du skickar in ans\u00f6kan, till exempel genom att beskriva dina behov och styrka dem med intyg. Vi hj\u00e4lper dig g\u00e4rna med f\u00f6rarbetet innan du skickar in ans\u00f6kan.<\/p>\n<p>Om du beh\u00f6ver juridisk r\u00e5dgivning f\u00f6r att ans\u00f6ka om personlig assistans, tolka beslut eller regelverk f\u00e5r du det hos oss n\u00e4r du tecknat assistansavtal.\u00a0Den juridiska r\u00e5dgivningen \u00e4r kostnadsfri.<\/p>\n<p>Kontakta <a href=\"mailto:kontakt@jag.se\">Cecilia Wiest\u00e5l<\/a>\u00a0f\u00f6r juridisk r\u00e5dgivning,<\/p>\n\t\t<\/div>\n<\/section>\n\n\n<section class=\"text-block white  \">\n    <div class=\"block-icon\"><\/div>\n\t<div class=\"inner\">\n\t\t<div class=\"text-block-content\">\n\t\t\t\t\t<h2 class=\"\">Assistansbeslutet l\u00e4gger grunden f\u00f6r din assistans<\/h2>\n\t\t\t\t\t<p>I ditt assistansbeslut st\u00e5r hur m\u00e5nga timmar assistans du f\u00e5r anv\u00e4nda per vecka. Har du ett beslut fr\u00e5n F\u00f6rs\u00e4kringskassan framg\u00e5r det hur m\u00e5nga timmar du kan anv\u00e4nda per halv\u00e5r (avr\u00e4kningsperiod). Om du inte har anv\u00e4nt alla beviljade assistanstimmar under perioden f\u00f6rfaller de oanv\u00e4nda timmarna. Har du ett beslut fr\u00e5n kommunen m\u00e5ste du oftast anv\u00e4nda timmarna m\u00e5nadsvis.\u00a0<\/p>\n<p>Det \u00e4r assistansbeslutet som styr vilka m\u00f6jligheter du har att forma din assistans. Det kan till exempel inneb\u00e4ra vilka tider du f\u00f6rl\u00e4gger din assistans eller hur m\u00e5nga assistenter du har m\u00f6jlighet att anst\u00e4lla. Assistansbeslutet l\u00e4gger ocks\u00e5 grunden f\u00f6r de ekonomiska m\u00f6jligheterna i din assistans.<\/p>\n\t\t<\/div>\n<\/section>\n\n\n<section class=\"text-block white  \">\n    <div class=\"block-icon\"><\/div>\n\t<div class=\"inner\">\n\t\t<div class=\"text-block-content\">\n\t\t\t\t\t<h2 class=\"\">Personlig assistans inneb\u00e4r sj\u00e4lvbest\u00e4mmande<\/h2>\n\t\t\t\t\t<p>N\u00e4r du har personlig assistans best\u00e4mmer du sj\u00e4lv var du ska bo och vad du ska g\u00f6ra. Din assistent f\u00f6ljer med och ger assistans oavsett om du \u00e4r i sommarstugan, p\u00e5 bes\u00f6k hos sl\u00e4kt och v\u00e4nner eller n\u00e5gon annanstans. Det finns dock ett undantag. F\u00f6r assistans i skola, daglig verksamhet eller p\u00e5 sjukhus kr\u00e4vs s\u00e4rskilda sk\u00e4l.<\/p>\n\t\t<\/div>\n<\/section>\n\n\n\t<section class=\"job-bubbles\">\n\t\t<div class=\"inner\">\n\t\t\t<div class=\"bubbles-wrap\">\n\t\t\t\t\t\t\t<div class=\"bubble bubble-1\">\n\t\t\t\t\tAssistans ska ges med respekt f\u00f6r sj\u00e4lvbest\u00e4mmande och integritet.\t\t\t\t<\/div>\n\t\t\t\t\t\t\t\t<div class=\"bubble bubble-2\">\n\t\t\t\t\tAssistans \u00e4r ett verktyg f\u00f6r att kunna leva som andra.\t\t\t\t<\/div>\n\t\t\t\t\t\t\t<\/div>\n\t\t<\/div>\n\t<\/section>\n\t\n\n<section class=\"text-block white  \">\n    <div class=\"block-icon\"><\/div>\n\t<div class=\"inner\">\n\t\t<div class=\"text-block-content\">\n\t\t\t\t\t<h2 class=\"\">Kostar det att f\u00e5 juridisk r\u00e5dgivning hos er?<\/h2>\n\t\t\t\t\t<p>Nej, men du beh\u00f6ver skriva assistansavtal med JAG Personlig assistans med intentionen att p\u00e5b\u00f6rja assistansen i v\u00e5r regi n\u00e4r du f\u00e5tt beslut.<\/p>\n\t\t<\/div>\n<\/section>\n\n\n<section class=\"text-block white  \">\n    <div class=\"block-icon\"><\/div>\n\t<div class=\"inner\">\n\t\t<div class=\"text-block-content\">\n\t\t\t\t\t<h2 class=\"\">Vad best\u00e5r det juridiska st\u00f6det av vid ans\u00f6kan om personlig assistans?<\/h2>\n\t\t\t\t\t<p>Vi bist\u00e5r med hj\u00e4lp under hela ans\u00f6kningsprocessen. Det inneb\u00e4r<\/p>\n<ul>\n<li>att vi hj\u00e4lper dig att beskriva dina behov<\/li>\n<li>att vi g\u00e5r igenom vilka underlag som kr\u00e4vs<\/li>\n<li>att vi kan delta som st\u00f6d vid m\u00f6ten med kommun\/F\u00f6rs\u00e4kringskassa\u00a0<\/li>\n<li>att vi hj\u00e4lper till att svara p\u00e5 kommuniceringar fr\u00e5n myndigheten<\/li>\n<li>att vi vid ett negativt beslut hj\u00e4lper vi till med ompr\u00f6vning hos F\u00f6rs\u00e4kringskassan och \u00f6verklagande till domstol.<\/li>\n<\/ul>\n<p>Vi finns vid din sida under hela processen f\u00f6r att f\u00f6rklara och svara p\u00e5 fr\u00e5gor.\u00a0<\/p>\n\t\t<\/div>\n<\/section>\n\n\n<section class=\"text-block white  \">\n    <div class=\"block-icon\"><\/div>\n\t<div class=\"inner\">\n\t\t<div class=\"text-block-content\">\n\t\t\t\t\t<h2 class=\"\">Vad h\u00e4nder om jag inte f\u00e5r n\u00e5got beslut?<\/h2>\n\t\t\t\t\t<p>Om du inte f\u00e5r ett positivt beslut nu kan framtida f\u00f6r\u00e4ndringar ge dig nya m\u00f6jligheter. Dina behov kan till exempel \u00f6ka eller \u00e4ndras med tiden. Lagstiftningen och assistansreglerna kan ocks\u00e5 f\u00f6r\u00e4ndras. Ett negativt beslut nu inneb\u00e4r d\u00e4rf\u00f6r inte att du aldrig kan f\u00e5 personlig assistans i framtiden. F\u00f6r barn kan ett minskande f\u00f6r\u00e4ldraavdrag spela en avg\u00f6rande roll n\u00e4r barnet blir \u00e4ldre.<\/p>\n\t\t<\/div>\n<\/section>\n\n\n<section class=\"text-block white  \">\n    <div class=\"block-icon\"><\/div>\n\t<div class=\"inner\">\n\t\t<div class=\"text-block-content\">\n\t\t\t\t\t<h2 class=\"\">Om jag inte f\u00e5r beviljad assistans kan jag bli \u00e5terbetalningsskyldig f\u00f6r det juridiska st\u00f6d jag f\u00e5r fr\u00e5n er?<\/h2>\n\t\t\t\t\t<p>Nej.\u00a0<\/p>\n\t\t<\/div>\n<\/section>\n\n\n<section class=\"text-block white  \">\n    <div class=\"block-icon\"><\/div>\n\t<div class=\"inner\">\n\t\t<div class=\"text-block-content\">\n\t\t\t\t\t<h2 class=\"\">Vad kr\u00e4vs av mig som enskild? Vad beh\u00f6ver jag g\u00f6ra?<\/h2>\n\t\t\t\t\t<p>Att ans\u00f6ka om assistans \u00e4r en komplex process som st\u00e4ller h\u00f6gre krav p\u00e5 detaljerade beskrivningar och intyg \u00e4n andra insatser enligt LSS. Du beh\u00f6ver d\u00e4rf\u00f6r vara aktiv i att beskriva dina behov och beg\u00e4ra in de intyg som kr\u00e4vs. V\u00e5ra jurister hj\u00e4lper till att f\u00f6rklara och ger dig st\u00f6d i den processen. Du kan f\u00e5 hj\u00e4lp med all skriftlig dokumentation om du vill. B\u00e4st resultat blir det av ett gott samarbete, d\u00e4r vi hj\u00e4lps \u00e5t genom hela processen.<\/p>\n\t\t<\/div>\n<\/section>\n\n\n<section class=\"text-block white  \">\n    <div class=\"block-icon\"><\/div>\n\t<div class=\"inner\">\n\t\t<div class=\"text-block-content\">\n\t\t\t\t\t<h2 class=\"\">Vilka intyg brukar kr\u00e4vas? <\/h2>\n\t\t\t\t\t<p>Intyg som kr\u00e4vs \u00e4r exempelvis<\/p>\n<ul>\n<li>F\u00f6rs\u00e4kringskassans l\u00e4karutl\u00e5tande f\u00f6r assistansers\u00e4ttning<\/li>\n<li>intyg fr\u00e5n habiliteringens olika professioner<\/li>\n<li>ADL-bed\u00f6mningar (aktiviteter i dagliga livet)<\/li>\n<li>psykologutredningar och andra beskrivningar<\/li>\n<\/ul>\n<p>En rekommendation \u00e4r att alltid ha en v\u00e4l underbyggd ans\u00f6kan. Det juridiska st\u00f6det syftar till att g\u00f6ra ans\u00f6kan s\u00e5 komplett som m\u00f6jligt. Det sparar tid i l\u00e4ngden.<\/p>\n\t\t<\/div>\n<\/section>\n\n\n<section class=\"text-block white  \">\n    <div class=\"block-icon\"><\/div>\n\t<div class=\"inner\">\n\t\t<div class=\"text-block-content\">\n\t\t\t\t\t<h2 class=\"\">Om jag vill s\u00f6ka ut\u00f6kning av assistansen eller tror att jag har r\u00e4tt till f\u00f6rh\u00f6jt timbelopp?<\/h2>\n\t\t\t\t\t<p>Om du redan har ett assistansbeslut men beh\u00f6ver s\u00f6ka ut\u00f6kning av assistansen eller f\u00f6rh\u00f6jt timbelopp s\u00e5 ger v\u00e5ra jurister r\u00e5d och hj\u00e4lper till \u00e4ven med detta.\u00a0 <a href=\"https:\/\/jag.se\/assistans\/forhojt-timbelopp\/\">Vill du vet mer om f\u00f6rh\u00f6jt belopp kan du l\u00e4sa det h\u00e4r.<\/a><\/p>\n<p>&nbsp;<\/p>\n\t\t<\/div>\n<\/section>\n\n\n<section class=\"text-block white  \">\n    <div class=\"block-icon\"><\/div>\n\t<div class=\"inner\">\n\t\t<div class=\"text-block-content\">\n\t\t\t\t\t<h2 class=\"\">Tillf\u00e4lligt ut\u00f6kat behov av assistans<\/h2>\n\t\t\t\t\t<p>Om du tillf\u00e4lligt beh\u00f6ver mer assistans \u00e4n vad som ryms inom F\u00f6rs\u00e4kringskassans beslut kan du ans\u00f6ka om fler timmar hos kommunen. Det kan exempelvis intr\u00e4ffa vid resor, om du tillf\u00e4lligt f\u00e5r ut\u00f6kat behov eller om du blir sjuk n\u00e4r du skulle varit p\u00e5 skola eller daglig verksamhet. M\u00e5nga kommuner kr\u00e4ver att du l\u00e4mnar in ans\u00f6kan i f\u00f6rv\u00e4g eller direkt n\u00e4r behovet uppst\u00e5r. V\u00e5ra jurister kan \u00e4ven hj\u00e4lpa till med de h\u00e4r ans\u00f6kningarna.\u00a0<\/p>\n\t\t<\/div>\n<\/section>\n\n\n<section class=\"text-block white  \">\n    <div class=\"block-icon\"><\/div>\n\t<div class=\"inner\">\n\t\t<div class=\"text-block-content\">\n\t\t\t\t\t<h2 class=\"\">Hur g\u00e5r administrationen till?<\/h2>\n\t\t\t\t\t<p>\u00a0Efter varje m\u00e5nad rapporterar vi dina assistenters arbetade tid till F\u00f6rs\u00e4kringskassan eller kommunen. Varje assistent m\u00e5ste signera sin tidrapport med Bank-ID. Du r\u00e4knar ihop det totala antalet timmar under m\u00e5naden och redovisar dem. Du eller din legala f\u00f6retr\u00e4dare skriver under r\u00e4kningen till F\u00f6rs\u00e4kringskassan.<\/p>\n<div>\u00a0<\/div>\n<p>Har du ett kommunbeslut fakturerar vi kommunen och bifogar tidrapporter.<\/p>\n\t\t<\/div>\n<\/section>\n\n\n<section class=\"links-list white-bg\">\n\t<div class=\"inner\">\n\t\t\t\t<ul >\n\t\t\t\t\t\t\t<li><a href=\"https:\/\/jag.se\/assistans\/forhojt-timbelopp\/\">Har du r\u00e4tt till f\u00f6rh\u00f6jt belopp?<\/a><\/li>\n\t\t\t\t\t\t<\/ul>\n\t\t\t\t<\/div>\n<\/section>\n\n\n<section class=\"text-block white  \">\n    <div class=\"block-icon\"><\/div>\n\t<div class=\"inner\">\n\t\t<div class=\"text-block-content\">\n\t\t\t\t\t<h2 class=\"\">Assistans vid sjukhusvistelse<\/h2>\n\t\t\t\t\t<p>\u00a0Statlig assistansers\u00e4ttning vid sjukhusvistelse utg\u00e5r endast om du har \u201ds\u00e4rskilda sk\u00e4l\u201d, t ex stora kommunikationssv\u00e5righeter. Du har d\u00e5 r\u00e4tt att f\u00e5 assistansers\u00e4ttning i samma omfattning som annars \u00e4ven p\u00e5 sjukhus i upp till fyra veckor. F\u00f6rs\u00e4kringskassans bed\u00f6mning av \u201ds\u00e4rskilda sk\u00e4l\u201d f\u00f6r sjukhusvistelse anges ofta i ditt assistansbeslut.<\/p>\n<h3>\u00c4r det oklart om du har s\u00e4rskilda sk\u00e4l?<\/h3>\n<p>Om du beh\u00f6ver sjukhusv\u00e5rd och det \u00e4r oklart om du har \u201ds\u00e4rskilda sk\u00e4l\u201d, ska du snarast kontakta F\u00f6rs\u00e4kringskassan f\u00f6r att f\u00f6rs\u00e4kra dig om att du f\u00e5r beh\u00e5lla din assistansers\u00e4ttning under sjukhusvistelsen. Om sjukfallet intr\u00e4ffar akut och du inte hinner ans\u00f6ka i f\u00f6rv\u00e4g kan du l\u00e4mna in ans\u00f6kan i efterhand.<\/p>\n<p>Har du kommunal assistansers\u00e4ttning kontaktar du kommunen om du beh\u00f6ver beh\u00e5lla din assistans vid sjukhusvistelse.<\/p>\n<h3>Sjukhusvistelse l\u00e4ngre \u00e4n fyra veckor<\/h3>\n<p>Blir sjukhusvistelsen l\u00e4ngre \u00e4n fyra veckor upph\u00f6r den statliga assistansers\u00e4ttningen. Det \u00e4r d\u00e5 kommunen som ska ta st\u00e4llning till r\u00e4tten till fortsatt assistans enligt LSS.<\/p>\n\t\t<\/div>\n<\/section>\n\n\n<section class=\"text-block pink  \">\n    <div class=\"block-icon\"><\/div>\n\t<div class=\"inner\">\n\t\t<div class=\"text-block-content\">\n\t\t\t\t\t<h2 class=\"\">Vem har r\u00e4tt till god man?<\/h2>\n\t\t\t\t\t<p>Du som \u00e4r vuxen men beh\u00f6ver st\u00f6d f\u00f6r att f\u00f6ra din talan och f\u00f6r att fatta beslut i livet har r\u00e4tt till en legal f\u00f6retr\u00e4dare, en god man. En god man st\u00f6ttar dig som huvudman i att sk\u00f6ta dina personliga angel\u00e4genheter, din privatekonomi och i att bevaka din r\u00e4tt och dina intressen.\u00a0God man har en r\u00e5dgivande funktion och ska inte fatta beslut mot din vilja. Flera personer kan dela p\u00e5 uppdraget som god man.<\/p>\n\t\t<\/div>\n<\/section>\n\n\n<section class=\"text-block white  \">\n    <div class=\"block-icon\"><\/div>\n\t<div class=\"inner\">\n\t\t<div class=\"text-block-content\">\n\t\t\t\t\t<h2 class=\"\">Vem f\u00e5r bli god man?<\/h2>\n\t\t\t\t\t<p>Du har r\u00e4tt att f\u00e5 den gode man som \u00e4r l\u00e4mpligast och b\u00e4st p\u00e5 att ge beslutst\u00f6d just till dig. Det finns inga hinder mot att en god man \u00e4r en sl\u00e4kting eller din personliga assistent.<\/p>\n\t\t<\/div>\n<\/section>\n\n\n<section class=\"text-block white  \">\n    <div class=\"block-icon\"><\/div>\n\t<div class=\"inner\">\n\t\t<div class=\"text-block-content\">\n\t\t\t\t\t<h2 class=\"\">Hur utses god man?<\/h2>\n\t\t\t\t\t<p>F\u00f6r\u00e4ldrabalken reglerar vem som ska vara legal f\u00f6retr\u00e4dare. Om den enskilde f\u00f6resl\u00e5r en god man eller f\u00f6rvaltare och personen uppfyller l\u00e4mplighetskraven samt vill ta uppdraget, utser man den personen. Innan n\u00e5gon f\u00e5r uppdraget kontrollerar man personens l\u00e4mplighet. \u00d6verf\u00f6rmyndaren ansvarar f\u00f6r att gode m\u00e4n f\u00e5r den utbildning som beh\u00f6vs. L\u00e4mplighetspr\u00f6vning inneb\u00e4r bland annat att man tittar p\u00e5 om den tillt\u00e4nkta personen redan har m\u00e5nga uppdrag och det d\u00e4rf\u00f6r finns risk att hen f\u00e5r sv\u00e5rt att sk\u00f6ta ytterligare ett uppdrag.<\/p>\n\t\t<\/div>\n<\/section>\n\n\n<section class=\"text-block white  \">\n    <div class=\"block-icon\"><\/div>\n\t<div class=\"inner\">\n\t\t<div class=\"text-block-content\">\n\t\t\t\t\t<h2 class=\"\">Din gode man ska f\u00f6rst\u00e5 din kommunikation<\/h2>\n\t\t\t\t\t<p>Har du kommunikationssv\u00e5righeter \u00e4r det extra viktigt att din gode man kan f\u00f6rst\u00e5 och tolka din kommunikation och vilja. Ju sv\u00e5rare du har att kommunicera med personer som inte k\u00e4nner dig, desto viktigare \u00e4r det att du har en god man som du k\u00e4nner v\u00e4l.<\/p>\n<h3>N\u00e4r mycket av kommunikationen sker i situationen<\/h3>\n<p>Intellektuella funktioneds\u00e4ttningar medf\u00f6r ofta att det \u00e4r sv\u00e5rt att f\u00f6rest\u00e4lla sig s\u00e5dant som redan har h\u00e4nt. Eller s\u00e5dant som ska h\u00e4nda. Mycket av kommunikationen sker d\u00e5 i situationen. Du kanske kan visa gillande eller ogillande n\u00e4r n\u00e5got h\u00e4nder. \u201dDet h\u00e4r tycker jag om.\u201d Eller \u201ddet h\u00e4r tycker jag verkligen inte om\u201d. Det \u00e4r viktig kommunikation. Men den g\u00e5r inte att ta del av i f\u00f6rv\u00e4g. Inte heller ett par dagar efter\u00e5t. D\u00e5 blir det v\u00e4ldigt viktigt att din gode man finns i ditt dagliga liv, delar dina upplevelser och s\u00e5 ofta som m\u00f6jligt kan tolka din vilja direkt i situationen.<\/p>\n\t\t<\/div>\n<\/section>\n\n\n<section class=\"text-block white  \">\n    <div class=\"block-icon\"><\/div>\n\t<div class=\"inner\">\n\t\t<div class=\"text-block-content\">\n\t\t\t\t\t<h2 class=\"\">Vad hj\u00e4lper god man till med?<\/h2>\n\t\t\t\t\t<p>Om du har personlig assistans hj\u00e4lper god man till med att:<\/p>\n<ul>\n<li>Ans\u00f6ka om personlig assistans<\/li>\n<li>Ing\u00e5 avtal med assistansanordnare<\/li>\n<li>Uppfylla \u00e5tagande i assistansavtalet, t ex att skicka in assistansr\u00e4kningen i tid och kontrollera att anv\u00e4nt antal timmar st\u00e4mmer med beviljat antal timmar<\/li>\n<li>Bevaka att din\u00a0 assistans \u00e4r av god kvalitet och alla i assistansen tar sitt ansvar<\/li>\n<\/ul>\n\t\t<\/div>\n<\/section>\n","protected":false},"excerpt":{"rendered":"<p>Juridisk r\u00e5dgivning<\/p>\n","protected":false},"author":6,"featured_media":0,"parent":0,"menu_order":15,"comment_status":"closed","ping_status":"closed","template":"","meta":{"footnotes":""},"class_list":["post-824","page","type-page","status-publish","hentry"],"acf":[],"_links":{"self":[{"href":"https:\/\/jag.se\/assistans\/wp-json\/wp\/v2\/pages\/824","targetHints":{"allow":["GET"]}}],"collection":[{"href":"https:\/\/jag.se\/assistans\/wp-json\/wp\/v2\/pages"}],"about":[{"href":"https:\/\/jag.se\/assistans\/wp-json\/wp\/v2\/types\/page"}],"author":[{"embeddable":true,"href":"https:\/\/jag.se\/assistans\/wp-json\/wp\/v2\/users\/6"}],"replies":[{"embeddable":true,"href":"https:\/\/jag.se\/assistans\/wp-json\/wp\/v2\/comments?post=824"}],"version-history":[{"count":390,"href":"https:\/\/jag.se\/assistans\/wp-json\/wp\/v2\/pages\/824\/revisions"}],"predecessor-version":[{"id":15537,"href":"https:\/\/jag.se\/assistans\/wp-json\/wp\/v2\/pages\/824\/revisions\/15537"}],"wp:attachment":[{"href":"https:\/\/jag.se\/assistans\/wp-json\/wp\/v2\/media?parent=824"}],"curies":[{"name":"wp","href":"https:\/\/api.w.org\/{rel}","templated":true}]}}