{"id":8284,"date":"2024-01-24T13:51:45","date_gmt":"2024-01-24T13:51:45","guid":{"rendered":"https:\/\/jag.se\/assistans\/vart-erbjudande-3\/"},"modified":"2026-01-09T15:23:04","modified_gmt":"2026-01-09T15:23:04","slug":"ny-assistent","status":"publish","type":"page","link":"https:\/\/jag.se\/assistans\/ny-assistent\/","title":{"rendered":"Ny assistent hos JAG"},"content":{"rendered":"<div class=\"yoast-breadcrumbs\">\t<div class=\"inner\">\n\t\t<span><span><a href=\"https:\/\/jag.se\">JAG start<\/a><\/span> &gt; <span><a href=\"https:\/\/jag.se\/assistans\/\">JAG Personlig assistans<\/a><\/span> &gt; <span class=\"breadcrumb_last\" aria-current=\"page\">Ny assistent hos JAG<\/span><\/span>\t<\/div>\n<\/div>\n\n<section class=\"banner t3\">\n\t<img loading=\"lazy\" decoding=\"async\" width=\"2150\" height=\"628\" src=\"https:\/\/jag.se\/assistans\/wp-content\/uploads\/sites\/2\/2024\/01\/josefin-webb.png\" class=\"bg-desktop\" alt=\"\" srcset=\"https:\/\/jag.se\/assistans\/wp-content\/uploads\/sites\/2\/2024\/01\/josefin-webb.png 2150w, https:\/\/jag.se\/assistans\/wp-content\/uploads\/sites\/2\/2024\/01\/josefin-webb-300x88.png 300w, https:\/\/jag.se\/assistans\/wp-content\/uploads\/sites\/2\/2024\/01\/josefin-webb-1024x299.png 1024w, https:\/\/jag.se\/assistans\/wp-content\/uploads\/sites\/2\/2024\/01\/josefin-webb-768x224.png 768w, https:\/\/jag.se\/assistans\/wp-content\/uploads\/sites\/2\/2024\/01\/josefin-webb-1536x449.png 1536w, https:\/\/jag.se\/assistans\/wp-content\/uploads\/sites\/2\/2024\/01\/josefin-webb-2048x598.png 2048w, https:\/\/jag.se\/assistans\/wp-content\/uploads\/sites\/2\/2024\/01\/josefin-webb-1920x561.png 1920w, https:\/\/jag.se\/assistans\/wp-content\/uploads\/sites\/2\/2024\/01\/josefin-webb-320x93.png 320w, https:\/\/jag.se\/assistans\/wp-content\/uploads\/sites\/2\/2024\/01\/josefin-webb-120x35.png 120w, https:\/\/jag.se\/assistans\/wp-content\/uploads\/sites\/2\/2024\/01\/josefin-webb-540x158.png 540w, https:\/\/jag.se\/assistans\/wp-content\/uploads\/sites\/2\/2024\/01\/josefin-webb-601x176.png 601w, https:\/\/jag.se\/assistans\/wp-content\/uploads\/sites\/2\/2024\/01\/josefin-webb-150x44.png 150w, https:\/\/jag.se\/assistans\/wp-content\/uploads\/sites\/2\/2024\/01\/josefin-webb-311x91.png 311w, https:\/\/jag.se\/assistans\/wp-content\/uploads\/sites\/2\/2024\/01\/josefin-webb-369x108.png 369w, https:\/\/jag.se\/assistans\/wp-content\/uploads\/sites\/2\/2024\/01\/josefin-webb-374x109.png 374w, https:\/\/jag.se\/assistans\/wp-content\/uploads\/sites\/2\/2024\/01\/josefin-webb-171x50.png 171w, https:\/\/jag.se\/assistans\/wp-content\/uploads\/sites\/2\/2024\/01\/josefin-webb-1917x560.png 1917w\" sizes=\"auto, (max-width: 2150px) 100vw, 2150px\" \/><img loading=\"lazy\" decoding=\"async\" width=\"540\" height=\"540\" src=\"https:\/\/jag.se\/assistans\/wp-content\/uploads\/sites\/2\/2024\/01\/josefin-webb-2-540x540.png\" class=\"bg-mobile\" alt=\"\" srcset=\"https:\/\/jag.se\/assistans\/wp-content\/uploads\/sites\/2\/2024\/01\/josefin-webb-2-540x540.png 540w, https:\/\/jag.se\/assistans\/wp-content\/uploads\/sites\/2\/2024\/01\/josefin-webb-2-300x300.png 300w, https:\/\/jag.se\/assistans\/wp-content\/uploads\/sites\/2\/2024\/01\/josefin-webb-2-150x150.png 150w, https:\/\/jag.se\/assistans\/wp-content\/uploads\/sites\/2\/2024\/01\/josefin-webb-2-100x100.png 100w, https:\/\/jag.se\/assistans\/wp-content\/uploads\/sites\/2\/2024\/01\/josefin-webb-2-120x120.png 120w, https:\/\/jag.se\/assistans\/wp-content\/uploads\/sites\/2\/2024\/01\/josefin-webb-2-601x601.png 601w, https:\/\/jag.se\/assistans\/wp-content\/uploads\/sites\/2\/2024\/01\/josefin-webb-2-38x38.png 38w, https:\/\/jag.se\/assistans\/wp-content\/uploads\/sites\/2\/2024\/01\/josefin-webb-2-311x311.png 311w, https:\/\/jag.se\/assistans\/wp-content\/uploads\/sites\/2\/2024\/01\/josefin-webb-2-369x369.png 369w, https:\/\/jag.se\/assistans\/wp-content\/uploads\/sites\/2\/2024\/01\/josefin-webb-2-374x374.png 374w, https:\/\/jag.se\/assistans\/wp-content\/uploads\/sites\/2\/2024\/01\/josefin-webb-2-50x50.png 50w, https:\/\/jag.se\/assistans\/wp-content\/uploads\/sites\/2\/2024\/01\/josefin-webb-2-560x560.png 560w, https:\/\/jag.se\/assistans\/wp-content\/uploads\/sites\/2\/2024\/01\/josefin-webb-2.png 640w\" sizes=\"auto, (max-width: 540px) 100vw, 540px\" \/>\t<div class=\"inner\">\n\t\t\t<\/div>\n<\/section>\n\n\n\n<h1 class=\"wp-block-heading\">Personlig assistent hos JAG<\/h1>\n\n\n<section class=\"text-block white  \">\n    <div class=\"block-icon\"><\/div>\n\t<div class=\"inner\">\n\t\t<div class=\"text-block-content\">\n\t\t\t\t<p>Har du jobbat som personlig assistent f\u00f6rut vet du att det \u00e4r ett kvalificerat och ibland utmanande yrke. Din uppgift \u00e4r ju att assistera med allt det som personen skulle ha gjort sj\u00e4lv utan sin funktionsneds\u00e4ttning \u2013 p\u00e5 det s\u00e4tt som hen \u00f6nskar men kanske inte kan s\u00e4ga eller visa p\u00e5 ett tydligt s\u00e4tt.<\/p>\n<p>Som assistent i JAG kommer du arbeta i m\u00e5nga olika milj\u00f6er och st\u00e4llas inf\u00f6r nya situationer som kr\u00e4ver flexibilitet och l\u00f6sningsfokus. Du kommer l\u00e4ra dig mycket och f\u00e5 erfarenheter som du har nytta av resten av ditt liv<\/p>\n\t\t<\/div>\n<\/section>\n\n\n\t<section class=\"job-bubbles\">\n\t\t<div class=\"inner\">\n\t\t\t<div class=\"bubbles-wrap\">\n\t\t\t\t\t\t\t<div class=\"bubble bubble-1\">\n\t\t\t\t\t&#8221;N\u00e4r jag kommer  till jobbet blir jag  glad.&#8221;\t\t\t\t<\/div>\n\t\t\t\t\t\t\t\t<div class=\"bubble bubble-2\">\n\t\t\t\t\t\u201cMan f\u00e5r vara lite av varje: kock, b\u00e4sta v\u00e4n, och elektriker.&#8221;\t\t\t\t<\/div>\n\t\t\t\t\t\t\t<\/div>\n\t\t<\/div>\n\t<\/section>\n\t\n\n<section class=\"accordion_heading\">\n\t<div class=\"inner\">\n\t\t\t\t\t<div class=\"list\">\n\t\t\t\t\t\t\t\t\t<div class=\"item\">\n\t\t\t\t\t\t<div class=\"item-title\">F\u00f6rsta tiden<\/div>\n\t\t\t\t\t\t<div class=\"item-content\"><p>Arbetsledaren planerar din introduktion. Den f\u00f6rsta tiden g\u00e5r du bredvid en erfaren assistent.<\/p>\n<\/div>\n\t\t\t\t\t<\/div>\n\t\t\t\t\t\t\t\t\t\t<div class=\"item\">\n\t\t\t\t\t\t<div class=\"item-title\">Anst\u00e4llningsvillkor<\/div>\n\t\t\t\t\t\t<div class=\"item-content\"><p>Vi har kollektivavtal. \u00c4r du anh\u00f6rig har du samma anst\u00e4llningsvillkor som andra assistenter.<\/p>\n<\/div>\n\t\t\t\t\t<\/div>\n\t\t\t\t\t\t\t\t\t\t<div class=\"item\">\n\t\t\t\t\t\t<div class=\"item-title\">Det finns tre olika anst\u00e4llningsformer<\/div>\n\t\t\t\t\t\t<div class=\"item-content\"><p>Schemaanst\u00e4llning, d\u00e5 du f\u00e5r ett schema utifr\u00e5n ditt arbetsm\u00e5tt<\/p>\n<p>Vikariat, som schemaanst\u00e4llning, fast du \u00e4r vikarie f\u00f6r n\u00e5gon annan<\/p>\n<p>Till sist kommer timanst\u00e4llning, som endast g\u00e4ller om du arbetar mindre \u00e4n 17 timmar i veckan<\/p>\n<\/div>\n\t\t\t\t\t<\/div>\n\t\t\t\t\t\t\t\t\t\t<div class=\"item\">\n\t\t\t\t\t\t<div class=\"item-title\">Arbetstid<\/div>\n\t\t\t\t\t\t<div class=\"item-content\"><p>Heltid \u00e4r i genomsnitt 40 timmar per vecka under sex m\u00e5nader. Du arbetar p\u00e5 helgdagar som infaller n\u00e4r du \u00e4r schemalagd. N\u00e5gra av v\u00e5ra uppdragsgivare har jour p\u00e5 natten. Det \u00e4r F\u00f6rs\u00e4kringskassan som avg\u00f6r om ers\u00e4ttning ges f\u00f6r jour eller vaken natt. En jourtimme ers\u00e4tts med 25 procent av ordinarie l\u00f6n.<\/p>\n<\/div>\n\t\t\t\t\t<\/div>\n\t\t\t\t\t\t\t\t\t\t<div class=\"item\">\n\t\t\t\t\t\t<div class=\"item-title\">L\u00f6n utbetalas den 25:e<\/div>\n\t\t\t\t\t\t<div class=\"item-content\"><p>L\u00f6n utbetalas den 25:e, m\u00e5naden efter den m\u00e5nad du arbetat. B\u00f6rjar du jobba i september f\u00e5r du f\u00f6rsta l\u00f6nen den 25 oktober. Registrera ditt bankkonto p\u00e5 swedbank.se\/kontoregister.<\/p>\n<\/div>\n\t\t\t\t\t<\/div>\n\t\t\t\t\t\t\t\t\t\t<div class=\"item\">\n\t\t\t\t\t\t<div class=\"item-title\">Semesterers\u00e4ttning<\/div>\n\t\t\t\t\t\t<div class=\"item-content\"><p>F\u00f6r tim- och schemaanst\u00e4llda ing\u00e5r semesterers\u00e4ttning i timl\u00f6nen och utbetalas vid varje l\u00f6neutbetalning. Du kan v\u00e4lja att spara semesterers\u00e4ttning f\u00f6r senare utbetalning (\u201dnettospar\u201d).<\/p>\n<\/div>\n\t\t\t\t\t<\/div>\n\t\t\t\t\t\t\t\t\t\t<div class=\"item\">\n\t\t\t\t\t\t<div class=\"item-title\">Ett tryggt jobb<\/div>\n\t\t\t\t\t\t<div class=\"item-content\"><p>Du anst\u00e4lls som personlig assistent till en av v\u00e5ra assistansanv\u00e4ndare. Avslutas uppdraget upph\u00f6r din anst\u00e4llning. Skulle det h\u00e4nda g\u00f6r vi allt vi kan f\u00f6r att hj\u00e4lpa dig hitta en ny anst\u00e4llning.<\/p>\n<\/div>\n\t\t\t\t\t<\/div>\n\t\t\t\t\t\t\t\t\t\t<div class=\"item\">\n\t\t\t\t\t\t<div class=\"item-title\">F\u00f6rs\u00e4kringar<\/div>\n\t\t\t\t\t\t<div class=\"item-content\"><p>Du f\u00e5r f\u00f6rs\u00e4kring genom KPA Pension &amp; F\u00f6rs\u00e4kring. Alla anst\u00e4llda omfattas av en tj\u00e4nsteresef\u00f6rs\u00e4kring i Folksam. G\u00e5r n\u00e5got s\u00f6nder n\u00e4r du jobbar som assistent har vi en f\u00f6rs\u00e4kring som ger uppdragsgivaren ers\u00e4ttning f\u00f6r sj\u00e4lvrisken.<\/p>\n<\/div>\n\t\t\t\t\t<\/div>\n\t\t\t\t\t\t\t\t\t\t<div class=\"item\">\n\t\t\t\t\t\t<div class=\"item-title\">Hj\u00e4lp &amp; st\u00f6d<\/div>\n\t\t\t\t\t\t<div class=\"item-content\"><p>Du kan v\u00e4nda dig till arbets ledaren med olika fr\u00e5gor eller funderingar. Vardagar kl 8:30\u201317:00 n\u00e5r du v\u00e5ra r\u00e5dgivare och l\u00f6neavdelningen p\u00e5 telefon, chatt eller mejl. Vid en akut n\u00f6dsituation kv\u00e4ll, natt eller helg kan du ringa v\u00e5r n\u00f6dtelefon p\u00e5 08-789 30 89.<\/p>\n<\/div>\n\t\t\t\t\t<\/div>\n\t\t\t\t\t\t\t\t\t\t<div class=\"item\">\n\t\t\t\t\t\t<div class=\"item-title\">Utbildning<\/div>\n\t\t\t\t\t\t<div class=\"item-content\"><p>Vi \u00e4r k\u00e4nda f\u00f6r v\u00e5ra kompetensh\u00f6jande fortbildningskurser f\u00f6r v\u00e5ra anst\u00e4llda. De ger bland annat kunskap om LSS m\u00e5l och olika funktionsneds\u00e4ttningar.<\/p>\n<\/div>\n\t\t\t\t\t<\/div>\n\t\t\t\t\t\t\t\t\t\t<div class=\"item\">\n\t\t\t\t\t\t<div class=\"item-title\">F\u00f6rm\u00e5ner<\/div>\n\t\t\t\t\t\t<div class=\"item-content\"><p>Du kan anv\u00e4nda 200 kr till friskv\u00e5rd varje m\u00e5nad. Det kan till exempel vara tr\u00e4ning p\u00e5 gym, bad eller massage. Ut\u00f6ver friskv\u00e5rdsbidrag f\u00e5r du \u00e4ven f\u00f6rm\u00e5ner i form av bland annat rabatt p\u00e5 utvalda hotellkedjor samt Synoptik och Arlanda Express. <\/p>\n<\/div>\n\t\t\t\t\t<\/div>\n\t\t\t\t\t\t\t\t<\/div>\n\t\t\t\t\t\t<\/div>\n<\/section>\n\n\n<section class=\"text-block pink  \">\n    <div class=\"block-icon\"><\/div>\n\t<div class=\"inner\">\n\t\t<div class=\"text-block-content\">\n\t\t\t\t\t<h2 class=\"\">OB-ers\u00e4ttning 2026<\/h2>\n\t\t\t\t\t<p>Vardagar kl 19\u201322: 25,68 kr<br \/>Vardagar kl 22\u201306: 51,79 kr<br \/>Fredag &amp; dag f\u00f6re helgdag kl. 19\u201324: 63,91 kr<br \/>L\u00f6rdag, s\u00f6ndag &amp; helgdag kl. 00\u201324: 63,91 kr<br \/>M\u00e5ndag &amp; dag efter helgdag kl. 00\u201307: 63,91 kr<\/p>\n<p><strong>OB-ers\u00e4ttning vid jour\/v\u00e4ntetid<\/strong><\/p>\n<p>Jour-OB vardag: 12,95 kr<br \/>Jour-OB helg &amp; storhelg: 17,43 kr<\/p>\n<p><strong>Speciella helgdagar<\/strong><\/p>\n<p>Vardag n\u00e4rmast f\u00f6re trettondag jul, 1 maj, Kristi himmelsf\u00e4rdsdag, 6 juni och Alla helgons dag kl 18\u201324: 63,91 kr<\/p>\n<p>Fr\u00e5n kl. 18 dag f\u00f6re l\u00e5ngfredag till kl. 07 dagen efter annandag p\u00e5sk: 128,02 kr<\/p>\n<p>Fr\u00e5n kl. 18 dag f\u00f6re pingstafton, midsommarafton, julafton eller ny\u00e5rsafton till kl. 07.00 p\u00e5 vardag utom l\u00f6rdag n\u00e4rmast efter helgdagsaftonen: 128,02 kr<\/p>\n\t\t<\/div>\n<\/section>\n\n\n<section class=\"links-list white-bg\">\n\t<div class=\"inner\">\n\t\t\t\t<ul >\n\t\t\t\t\t\t\t<li><a href=\"https:\/\/jag.se\/assistans\/formaner\/\">F\u00f6rm\u00e5ner f\u00f6r personliga assistenter<\/a><\/li>\n\t\t\t\t\t\t\t\t<li><a href=\"https:\/\/jag.se\/assistans\/yrket-personlig-assistent\/\">Vad g\u00f6r en personlig assistent?<\/a><\/li>\n\t\t\t\t\t\t<\/ul>\n\t\t\t\t<\/div>\n<\/section>\n\n\n<section class=\"text-block white  \">\n    <div class=\"block-icon\"><\/div>\n\t<div class=\"inner\">\n\t\t<div class=\"text-block-content\">\n\t\t\t\t\t<h2 class=\"\">Kolla in!<\/h2>\n\t\t\t\t\t<p>F\u00f6lj v\u00e5r YouTube-serie <a href=\"https:\/\/jag.se\/assistans\/kara-assistent\/\">K\u00e4ra assistent<\/a> f\u00f6r att se hur en vanlig dag som personlig assistent kan se ut.\u00a0<\/p>\t\t<\/div>\n<\/section>\n\n\n<section class=\"text-block white  \">\n    <div class=\"block-icon\"><\/div>\n\t<div class=\"inner\">\n\t\t<div class=\"text-block-content\">\n\t\t\t\t\t\t<\/div>\n<\/section>\n\n\n","protected":false},"excerpt":{"rendered":"<p>Personlig assistent hos JAG<\/p>\n","protected":false},"author":12,"featured_media":0,"parent":0,"menu_order":39,"comment_status":"closed","ping_status":"closed","template":"","meta":{"footnotes":""},"class_list":["post-8284","page","type-page","status-publish","hentry"],"acf":[],"_links":{"self":[{"href":"https:\/\/jag.se\/assistans\/wp-json\/wp\/v2\/pages\/8284","targetHints":{"allow":["GET"]}}],"collection":[{"href":"https:\/\/jag.se\/assistans\/wp-json\/wp\/v2\/pages"}],"about":[{"href":"https:\/\/jag.se\/assistans\/wp-json\/wp\/v2\/types\/page"}],"author":[{"embeddable":true,"href":"https:\/\/jag.se\/assistans\/wp-json\/wp\/v2\/users\/12"}],"replies":[{"embeddable":true,"href":"https:\/\/jag.se\/assistans\/wp-json\/wp\/v2\/comments?post=8284"}],"version-history":[{"count":151,"href":"https:\/\/jag.se\/assistans\/wp-json\/wp\/v2\/pages\/8284\/revisions"}],"predecessor-version":[{"id":15137,"href":"https:\/\/jag.se\/assistans\/wp-json\/wp\/v2\/pages\/8284\/revisions\/15137"}],"wp:attachment":[{"href":"https:\/\/jag.se\/assistans\/wp-json\/wp\/v2\/media?parent=8284"}],"curies":[{"name":"wp","href":"https:\/\/api.w.org\/{rel}","templated":true}]}}