{"id":8474,"date":"2024-01-25T09:19:38","date_gmt":"2024-01-25T09:19:38","guid":{"rendered":"https:\/\/jag.se\/assistans\/ny-assistent-2\/"},"modified":"2025-03-14T09:07:06","modified_gmt":"2025-03-14T09:07:06","slug":"arbetsledare","status":"publish","type":"page","link":"https:\/\/jag.se\/assistans\/arbetsledare\/","title":{"rendered":"Rollen som arbetsledare"},"content":{"rendered":"<div class=\"yoast-breadcrumbs\">\t<div class=\"inner\">\n\t\t<span><span><a href=\"https:\/\/jag.se\">JAG start<\/a><\/span> &gt; <span><a href=\"https:\/\/jag.se\/assistans\/\">JAG Personlig assistans<\/a><\/span> &gt; <span class=\"breadcrumb_last\" aria-current=\"page\">Rollen som arbetsledare<\/span><\/span>\t<\/div>\n<\/div>\n\n<section class=\"banner t3\">\n\t<img loading=\"lazy\" decoding=\"async\" width=\"2150\" height=\"628\" src=\"https:\/\/jag.se\/assistans\/wp-content\/uploads\/sites\/2\/2024\/02\/ernst-webb-stor.png\" class=\"bg-desktop\" alt=\"\" srcset=\"https:\/\/jag.se\/assistans\/wp-content\/uploads\/sites\/2\/2024\/02\/ernst-webb-stor.png 2150w, https:\/\/jag.se\/assistans\/wp-content\/uploads\/sites\/2\/2024\/02\/ernst-webb-stor-300x88.png 300w, https:\/\/jag.se\/assistans\/wp-content\/uploads\/sites\/2\/2024\/02\/ernst-webb-stor-1024x299.png 1024w, https:\/\/jag.se\/assistans\/wp-content\/uploads\/sites\/2\/2024\/02\/ernst-webb-stor-768x224.png 768w, https:\/\/jag.se\/assistans\/wp-content\/uploads\/sites\/2\/2024\/02\/ernst-webb-stor-1536x449.png 1536w, https:\/\/jag.se\/assistans\/wp-content\/uploads\/sites\/2\/2024\/02\/ernst-webb-stor-2048x598.png 2048w, https:\/\/jag.se\/assistans\/wp-content\/uploads\/sites\/2\/2024\/02\/ernst-webb-stor-1920x561.png 1920w, https:\/\/jag.se\/assistans\/wp-content\/uploads\/sites\/2\/2024\/02\/ernst-webb-stor-320x93.png 320w, https:\/\/jag.se\/assistans\/wp-content\/uploads\/sites\/2\/2024\/02\/ernst-webb-stor-120x35.png 120w, https:\/\/jag.se\/assistans\/wp-content\/uploads\/sites\/2\/2024\/02\/ernst-webb-stor-540x158.png 540w, https:\/\/jag.se\/assistans\/wp-content\/uploads\/sites\/2\/2024\/02\/ernst-webb-stor-601x176.png 601w, https:\/\/jag.se\/assistans\/wp-content\/uploads\/sites\/2\/2024\/02\/ernst-webb-stor-150x44.png 150w, https:\/\/jag.se\/assistans\/wp-content\/uploads\/sites\/2\/2024\/02\/ernst-webb-stor-311x91.png 311w, https:\/\/jag.se\/assistans\/wp-content\/uploads\/sites\/2\/2024\/02\/ernst-webb-stor-369x108.png 369w, https:\/\/jag.se\/assistans\/wp-content\/uploads\/sites\/2\/2024\/02\/ernst-webb-stor-374x109.png 374w, https:\/\/jag.se\/assistans\/wp-content\/uploads\/sites\/2\/2024\/02\/ernst-webb-stor-171x50.png 171w, https:\/\/jag.se\/assistans\/wp-content\/uploads\/sites\/2\/2024\/02\/ernst-webb-stor-1917x560.png 1917w\" sizes=\"auto, (max-width: 2150px) 100vw, 2150px\" \/><img loading=\"lazy\" decoding=\"async\" width=\"540\" height=\"540\" src=\"https:\/\/jag.se\/assistans\/wp-content\/uploads\/sites\/2\/2024\/02\/ernst-webb-liten-540x540.png\" class=\"bg-mobile\" alt=\"\" srcset=\"https:\/\/jag.se\/assistans\/wp-content\/uploads\/sites\/2\/2024\/02\/ernst-webb-liten-540x540.png 540w, https:\/\/jag.se\/assistans\/wp-content\/uploads\/sites\/2\/2024\/02\/ernst-webb-liten-300x300.png 300w, https:\/\/jag.se\/assistans\/wp-content\/uploads\/sites\/2\/2024\/02\/ernst-webb-liten-150x150.png 150w, https:\/\/jag.se\/assistans\/wp-content\/uploads\/sites\/2\/2024\/02\/ernst-webb-liten-100x100.png 100w, https:\/\/jag.se\/assistans\/wp-content\/uploads\/sites\/2\/2024\/02\/ernst-webb-liten-120x120.png 120w, https:\/\/jag.se\/assistans\/wp-content\/uploads\/sites\/2\/2024\/02\/ernst-webb-liten-601x601.png 601w, https:\/\/jag.se\/assistans\/wp-content\/uploads\/sites\/2\/2024\/02\/ernst-webb-liten-38x38.png 38w, https:\/\/jag.se\/assistans\/wp-content\/uploads\/sites\/2\/2024\/02\/ernst-webb-liten-311x311.png 311w, https:\/\/jag.se\/assistans\/wp-content\/uploads\/sites\/2\/2024\/02\/ernst-webb-liten-369x369.png 369w, https:\/\/jag.se\/assistans\/wp-content\/uploads\/sites\/2\/2024\/02\/ernst-webb-liten-374x374.png 374w, https:\/\/jag.se\/assistans\/wp-content\/uploads\/sites\/2\/2024\/02\/ernst-webb-liten-50x50.png 50w, https:\/\/jag.se\/assistans\/wp-content\/uploads\/sites\/2\/2024\/02\/ernst-webb-liten-560x560.png 560w, https:\/\/jag.se\/assistans\/wp-content\/uploads\/sites\/2\/2024\/02\/ernst-webb-liten.png 640w\" sizes=\"auto, (max-width: 540px) 100vw, 540px\" \/>\t<div class=\"inner\">\n\t\t\t<\/div>\n<\/section>\n\n\n\n<h1 class=\"wp-block-heading\">Rollen som arbetsledare<\/h1>\n\n\n<section class=\"text-block white  \">\n    <div class=\"block-icon\"><\/div>\n\t<div class=\"inner\">\n\t\t<div class=\"text-block-content\">\n\t\t\t\t<p>Du som personlig arbetsledare \u00e4r en <strong>nyckelperson f\u00f6r assistansanv\u00e4ndaren.<\/strong> Du ser till att assistansen ges p\u00e5 det s\u00e4tt som assistansanv\u00e4ndaren \u00f6nskar, att varje pass \u00e4r bemannat med en uppl\u00e4rd assistent och att assistansen ges p\u00e5 ett <strong>respektfullt och ansvarsfullt s\u00e4tt.<\/strong> Det \u00e4r av assistansanv\u00e4ndaren du f\u00e5r veta vad hen beh\u00f6ver assistans med och hur assistansen ska genomf\u00f6ras.\u00a0<\/p>\n\t\t<\/div>\n<\/section>\n\n\n\t<section class=\"job-bubbles\">\n\t\t<div class=\"inner\">\n\t\t\t<div class=\"bubbles-wrap\">\n\t\t\t\t\t\t\t<div class=\"bubble bubble-1\">\n\t\t\t\t\tArbetsledare samordnar assistansen och tryggar kvalitet och kontinuitet.\t\t\t\t<\/div>\n\t\t\t\t\t\t\t\t<div class=\"bubble bubble-2\">\n\t\t\t\t\tDu  \u00e4r guld v\u00e4rd!\t\t\t\t<\/div>\n\t\t\t\t\t\t\t<\/div>\n\t\t<\/div>\n\t<\/section>\n\t\n\n<section class=\"text-block vvb-rose  \">\n    <div class=\"block-icon\"><\/div>\n\t<div class=\"inner\">\n\t\t<div class=\"text-block-content\">\n\t\t\t\t\t<h2 class=\"\">Din roll i assistansen<\/h2>\n\t\t\t\t\t<p>Som personlig arbetsledare kan du ha flera roller, du \u00e4r till exempel \u00e4ven personlig assistent. Du kan ocks\u00e5 vara <strong>legal f\u00f6retr\u00e4dare eller god man, eller anh\u00f6rig.<\/strong> Det \u00e4r viktigt att b\u00e5de du och omgivningen har klart f\u00f6r sig i vilken roll du fattar olika beslut och ansvaret av respektive roll. Om en annan person \u00e4r f\u00f6retr\u00e4dare beh\u00f6ver ni kunna samarbeta v\u00e4l.\u00a0<\/p>\n\t\t<\/div>\n<\/section>\n\n\n<section class=\"text-block pink  \">\n    <div class=\"block-icon\"><\/div>\n\t<div class=\"inner\">\n\t\t<div class=\"text-block-content\">\n\t\t\t\t\t<h2 class=\"\">F\u00f6retr\u00e4darskap<\/h2>\n\t\t\t\t\t<p>Legal f\u00f6retr\u00e4dare f\u00f6r barn \u00e4r en<strong> f\u00f6rmyndare\/v\u00e5rdnadshavare till barnet,<\/strong> vanligen f\u00f6r\u00e4ldrarna. Legal f\u00f6retr\u00e4dare f\u00f6r vuxna \u00e4r oftast en <strong>god man.<\/strong> En anh\u00f6rig till assistansanv\u00e4ndaren kan vara god man, men det kan \u00e4ven vara n\u00e5gon utomst\u00e5ende<strong>. F\u00f6retr\u00e4darskapet inneb\u00e4r ett tolkningsf\u00f6retr\u00e4de,<\/strong> och om det finns olika tolkningar av assistansanv\u00e4ndarens vilja eller behov s\u00e5 \u00e4r det den legale f\u00f6retr\u00e4darens tolkning som g\u00e4ller.<\/p>\n\t\t<\/div>\n<\/section>\n\n\n<section class=\"text-block white  \">\n    <div class=\"block-icon\"><\/div>\n\t<div class=\"inner\">\n\t\t<div class=\"text-block-content\">\n\t\t\t\t\t<h2 class=\"\">Du f\u00e5r st\u00f6d<\/h2>\n\t\t\t\t\t<p>Att vara arbetsledare inneb\u00e4r ett stort ansvar.<strong> Kom ih\u00e5g du inte \u00e4r ensam och att det finns st\u00f6d.<\/strong> Du kan vara trygg i att serviceorganisationen finns d\u00e4r f\u00f6r dig. Du har \u00e4ven tillg\u00e5ng till verktyg som underl\u00e4ttar arbetet.<\/p>\n<p>Hos JAG finns en hel avdelning vars syfte \u00e4r att st\u00f6tta dig som arbetsledare i fr\u00e5gor kring bland annat<strong> arbetstidsregler, schemal\u00e4ggning och bemanning.<\/strong> Det finns \u00e4ven digitala <strong>guider, mallar och verkty<\/strong>g f\u00f6r bland annat rekrytering och tidrapportering. Du erbjuds ocks\u00e5 b\u00e5de<strong> fysiska och digitala utbildningar<\/strong> d\u00e4r du f\u00e5r l\u00e4ra dig om hur du kan utf\u00f6ra arbetet p\u00e5 b\u00e4sta s\u00e4tt och tr\u00e4ffa andra arbetsledare.<\/p>\n\t\t<\/div>\n<\/section>\n\n\n<section class=\"text-block ocean  \">\n    <div class=\"block-icon\"><\/div>\n\t<div class=\"inner\">\n\t\t<div class=\"text-block-content\">\n\t\t\t\t\t<h2 class=\"\">I dina arbetsuppgifter ing\u00e5r att:<\/h2>\n\t\t\t\t\t<ul>\n<li>Arbetsleda de personliga assistenterna<\/li>\n<li>L\u00e4gga schema och tidsredovisa<\/li>\n<li>Bemanna enligt schemat<\/li>\n<li>Rekrytera och introducera nya assistenter vid behov<\/li>\n<li>Ansvara f\u00f6r att assistansmilj\u00f6n \u00e4r trygg och positiv <br \/>f\u00f6r b\u00e5de assistansanv\u00e4ndare och assistenter<\/li>\n<\/ul>\n\t\t<\/div>\n<\/section>\n\n\n<section class=\"text-block white  \">\n    <div class=\"block-icon\"><\/div>\n\t<div class=\"inner\">\n\t\t<div class=\"text-block-content\">\n\t\t\t\t\t<h2 class=\"\">Har du n\u00e5gra fr\u00e5gor?<\/h2>\n\t\t\t\t\t<p>Ring till <strong>Svar Direkt<\/strong> p\u00e5 <a href=\"tel:+46087893000\">08-789 30 00<\/a> (knappval 2) eller boka in ett <a href=\"https:\/\/outlook.office365.com\/owa\/calendar\/JAGPersonligAssistans6@jag.se\/bookings\/\">m\u00f6te med arbetsledarst\u00f6d.<\/a><\/p>\n\t\t<\/div>\n<\/section>\n\n\n","protected":false},"excerpt":{"rendered":"<p>Rollen som arbetsledare<\/p>\n","protected":false},"author":12,"featured_media":0,"parent":0,"menu_order":40,"comment_status":"closed","ping_status":"closed","template":"","meta":{"footnotes":""},"class_list":["post-8474","page","type-page","status-publish","hentry"],"acf":[],"_links":{"self":[{"href":"https:\/\/jag.se\/assistans\/wp-json\/wp\/v2\/pages\/8474","targetHints":{"allow":["GET"]}}],"collection":[{"href":"https:\/\/jag.se\/assistans\/wp-json\/wp\/v2\/pages"}],"about":[{"href":"https:\/\/jag.se\/assistans\/wp-json\/wp\/v2\/types\/page"}],"author":[{"embeddable":true,"href":"https:\/\/jag.se\/assistans\/wp-json\/wp\/v2\/users\/12"}],"replies":[{"embeddable":true,"href":"https:\/\/jag.se\/assistans\/wp-json\/wp\/v2\/comments?post=8474"}],"version-history":[{"count":58,"href":"https:\/\/jag.se\/assistans\/wp-json\/wp\/v2\/pages\/8474\/revisions"}],"predecessor-version":[{"id":13097,"href":"https:\/\/jag.se\/assistans\/wp-json\/wp\/v2\/pages\/8474\/revisions\/13097"}],"wp:attachment":[{"href":"https:\/\/jag.se\/assistans\/wp-json\/wp\/v2\/media?parent=8474"}],"curies":[{"name":"wp","href":"https:\/\/api.w.org\/{rel}","templated":true}]}}