{"id":9109,"date":"2025-04-29T11:44:00","date_gmt":"2025-04-29T11:44:00","guid":{"rendered":"https:\/\/jag.se\/assistans\/formaner-2\/"},"modified":"2026-03-16T15:33:56","modified_gmt":"2026-03-16T15:33:56","slug":"kontaktvagar","status":"publish","type":"page","link":"https:\/\/jag.se\/assistans\/kontaktvagar\/","title":{"rendered":"Kontaktv\u00e4gar"},"content":{"rendered":"<div class=\"yoast-breadcrumbs\">\t<div class=\"inner\">\n\t\t<span><span><a href=\"https:\/\/jag.se\">JAG start<\/a><\/span> &gt; <span><a href=\"https:\/\/jag.se\/assistans\/\">JAG Personlig assistans<\/a><\/span> &gt; <span class=\"breadcrumb_last\" aria-current=\"page\">Kontaktv\u00e4gar<\/span><\/span>\t<\/div>\n<\/div>\n\n\n<h1 class=\"wp-block-heading\" id=\"personlig-assistans-till-barn\">Kontakta oss!<\/h1>\n\n\n<section class=\"text-block vvb-rose  \">\n    <div class=\"block-icon\"><\/div>\n\t<div class=\"inner\">\n\t\t<div class=\"text-block-content\">\n\t\t\t\t<ul>\n<li>F\u00f6r alla slags fr\u00e5gor, ring Svar direkt, tel 08-789 30 00<\/li>\n<li>Du kan ocks\u00e5 boka video- eller telefonsamtal med n\u00e5gon av v\u00e5ra r\u00e5dgivare (se <a href=\"https:\/\/service.jag.se\/hc\/sv\/articles\/9805434952732-Boka-m%C3%B6te-med-r%C3%A5dgivare\">steg-f\u00f6r-steg<\/a> hur du bokar)\u00a0<\/li>\n<li>Vill du <strong>mejla<\/strong> h\u00e4nvisar vi till avdelningens <strong>gemensamma mejladress<\/strong>\u00a0eller <strong><a class=\"fui-Link ___1rxvrpe f2hkw1w f3rmtva f1ewtqcl fyind8e f1k6fduh f1w7gpdv fk6fouc fjoy568 figsok6 f1hu3pq6 f11qmguv f19f4twv f1tyq0we f1g0x7ka fhxju0i f1qch9an f1cnd47f fqv5qza f1vmzxwi f1o700av f13mvf36 f1cmlufx f9n3di6 f1ids18y f1tx3yz7 f1deo86v f1eh06m1 f1iescvh fhgqx19 f1olyrje f1p93eir f1nev41a f1h8hb77 f1lqvz6u f10aw75t fsle3fq f17ae5zn\" title=\"mailto:svardirekt@jag.se\" href=\"mailto:svardirekt@jag.se\" target=\"_blank\" rel=\"noreferrer noopener\" aria-label=\"L\u00e4nk svardirekt@jag.se\">svardirekt@jag.se<\/a>\u00a0<\/strong><\/li>\n<\/ul>\n\t\t<\/div>\n<\/section>\n\n\n<section class=\"text-block white  \">\n    <div class=\"block-icon\"><\/div>\n\t<div class=\"inner\">\n\t\t<div class=\"text-block-content\">\n\t\t\t\t\t<h2 class=\"\">I Svar direkt f\u00e5r du snabbt svar p\u00e5 allm\u00e4nna fr\u00e5gor eller hj\u00e4lp vidare<\/h2>\n\t\t\t\t\t<p>Ring<strong> 08-789 30 00, knappval 2 <\/strong>eller mejla till <a href=\"mailto:svardirekt@jag.se\">svardirekt@jag.se<\/a><\/p>\n<p>\u00d6ppet vardagar kl 8:30\u201317:00.<\/p>\n<p>Vid akuta situationer i assistansen kv\u00e4llar, n\u00e4tter och helger, ring JAGs n\u00f6dtelefon <strong>08-789 30 89.<\/strong><\/p>\n<p><strong>Vid akut fara, ring 112.<\/strong><\/p>\n<p><\/p>\n<figure class=\"wp-block-image size-large\"><img loading=\"lazy\" decoding=\"async\" class=\"alignnone wp-image-14958 size-medium\" src=\"https:\/\/jag.se\/assistans\/wp-content\/uploads\/sites\/2\/2025\/11\/Svar-direkt_2509-1-300x216.jpg\" alt=\"Gruppbild med fyra glada personer\" width=\"300\" height=\"216\" srcset=\"https:\/\/jag.se\/assistans\/wp-content\/uploads\/sites\/2\/2025\/11\/Svar-direkt_2509-1-150x108@2x.jpg 300w, https:\/\/jag.se\/assistans\/wp-content\/uploads\/sites\/2\/2025\/11\/Svar-direkt_2509-1-1024x738.jpg 1024w, https:\/\/jag.se\/assistans\/wp-content\/uploads\/sites\/2\/2025\/11\/Svar-direkt_2509-1-768x553.jpg 768w, https:\/\/jag.se\/assistans\/wp-content\/uploads\/sites\/2\/2025\/11\/Svar-direkt_2509-1-139x100.jpg 139w, https:\/\/jag.se\/assistans\/wp-content\/uploads\/sites\/2\/2025\/11\/Svar-direkt_2509-1-120x86.jpg 120w, https:\/\/jag.se\/assistans\/wp-content\/uploads\/sites\/2\/2025\/11\/Svar-direkt_2509-1-540x389.jpg 540w, https:\/\/jag.se\/assistans\/wp-content\/uploads\/sites\/2\/2025\/11\/Svar-direkt_2509-1-601x433.jpg 601w, https:\/\/jag.se\/assistans\/wp-content\/uploads\/sites\/2\/2025\/11\/Svar-direkt_2509-1-150x108.jpg 150w, https:\/\/jag.se\/assistans\/wp-content\/uploads\/sites\/2\/2025\/11\/Svar-direkt_2509-1-311x224.jpg 311w, https:\/\/jag.se\/assistans\/wp-content\/uploads\/sites\/2\/2025\/11\/Svar-direkt_2509-1-369x266.jpg 369w, https:\/\/jag.se\/assistans\/wp-content\/uploads\/sites\/2\/2025\/11\/Svar-direkt_2509-1-374x270.jpg 374w, https:\/\/jag.se\/assistans\/wp-content\/uploads\/sites\/2\/2025\/11\/Svar-direkt_2509-1-69x50.jpg 69w, https:\/\/jag.se\/assistans\/wp-content\/uploads\/sites\/2\/2025\/11\/Svar-direkt_2509-1-777x560.jpg 777w, https:\/\/jag.se\/assistans\/wp-content\/uploads\/sites\/2\/2025\/11\/Svar-direkt_2509-1.jpg 1500w, https:\/\/jag.se\/assistans\/wp-content\/uploads\/sites\/2\/2025\/11\/Svar-direkt_2509-1-300x216@2x.jpg 600w, https:\/\/jag.se\/assistans\/wp-content\/uploads\/sites\/2\/2025\/11\/Svar-direkt_2509-1-139x100@2x.jpg 278w, https:\/\/jag.se\/assistans\/wp-content\/uploads\/sites\/2\/2025\/11\/Svar-direkt_2509-1-120x86@2x.jpg 240w, https:\/\/jag.se\/assistans\/wp-content\/uploads\/sites\/2\/2025\/11\/Svar-direkt_2509-1-540x389@2x.jpg 1080w, https:\/\/jag.se\/assistans\/wp-content\/uploads\/sites\/2\/2025\/11\/Svar-direkt_2509-1-311x224@2x.jpg 622w, https:\/\/jag.se\/assistans\/wp-content\/uploads\/sites\/2\/2025\/11\/Svar-direkt_2509-1-374x270@2x.jpg 748w, https:\/\/jag.se\/assistans\/wp-content\/uploads\/sites\/2\/2025\/11\/Svar-direkt_2509-1-69x50@2x.jpg 138w\" sizes=\"auto, (max-width: 300px) 100vw, 300px\" \/><\/figure>\n<p style=\"text-align: left\"><em>I Svar direkt jobbar Ellen Claeson,\u00a0 Maria Arkest\u00e5l, Dennis Trankell och Paola D\u00e1varo.<\/em><\/p>\n<p><\/p>\n\t\t<\/div>\n<\/section>\n\n\n<section class=\"text-block ocean  \">\n    <div class=\"block-icon\"><\/div>\n\t<div class=\"inner\">\n\t\t<div class=\"text-block-content\">\n\t\t\t\t\t<h2 class=\"\">Har du fr\u00e5gor om din tidrapport eller l\u00f6nespecifikation?<\/h2>\n\t\t\t\t\t<p><strong>L\u00f6neavdelningen<\/strong> hj\u00e4lper \u00e4ven till med arbetsgivarintyg, inkomstuppgifter, sjukanm\u00e4lan till F\u00f6rs\u00e4kringskassan dag 15, friskv\u00e5rdsbidrag och handkassa.\u00a0<\/p>\n<p>Fr\u00e5n den 21:a i m\u00e5naden till den 4:e kan du ringa v\u00e5ra l\u00f6neadministrat\u00f6rer p\u00e5 tel <strong>08-789 30 00, knappval 1.<\/strong><\/p>\n<p>\u00d6vrig tid h\u00e4nvisar vi till Svar direkt, tel 08-789 30 00 eller <a href=\"mailto:lon@jag.se\">lon@jag.se<\/a>. Om du inte vill skriva din fr\u00e5ga, mejla namn och telnr s\u00e5 ringer vi upp dig. Du kan ocks\u00e5 boka tid f\u00f6r samtal via l\u00e4nken nedan.<\/p>\n<p><a href=\"https:\/\/outlook.office365.com\/book\/BokaLon@jag.se\/\">Boka samtal (10 min eller 25 min)<\/a><\/p>\n<p><a href=\"https:\/\/jag.se\/assistans\/direktnummer#lon\">Kontaktuppgifter medarbetare<\/a><\/p>\n\t\t<\/div>\n<\/section>\n\n\n<section class=\"text-block white  \">\n    <div class=\"block-icon\"><\/div>\n\t<div class=\"inner\">\n\t\t<div class=\"text-block-content\">\n\t\t\t\t\t<h2 class=\"\">Hitta de b\u00e4sta personliga assistenterna!<\/h2>\n\t\t\t\t\t<p><strong>Rekryteringsavdelningen<\/strong> hj\u00e4lper till att hitta kandidater till lediga tj\u00e4nster som personlig assistent och arbetsledare. Platsannonsering, bakgrundskontroll och nyanst\u00e4llning. Mejla till <a href=\"mailto:rekrytering@jag.se\">rekrytering@jag.se<\/a><\/p>\n<p><a href=\"https:\/\/outlook.office365.com\/owa\/calendar\/BokaRekrytering@jag.se\/bookings\/\">Boka samtal<\/a><\/p>\n<p><a href=\"https:\/\/jag.se\/assistans\/direktnummer#rekrytering\">Kontaktuppgifter medarbetare<\/a><\/p>\n\t\t<\/div>\n<\/section>\n\n\n<section class=\"text-block pink  \">\n    <div class=\"block-icon\"><\/div>\n\t<div class=\"inner\">\n\t\t<div class=\"text-block-content\">\n\t\t\t\t\t<h2 class=\"\">\u00c4r du ny assistansanv\u00e4ndare i JAG?<\/h2>\n\t\t\t\t\t<p><strong>Medlemsrekryterarna<\/strong> finns f\u00f6r dig som \u00e4r ny uppdragsgivare i JAG. De st\u00f6ttar dig och din legala f\u00f6retr\u00e4dare under den f\u00f6rsta tiden. De erbjuder \u00e4ven juridisk r\u00e5dgivning vid ans\u00f6kan om personlig assistans. Vill du veta hur du kan organisera din personliga assistans i JAG, ring 08-789 30 03 eller mejla till <a href=\"mailto:kontakt@jag.se\">kontakt@jag.se<\/a><\/p>\n<p><a href=\"https:\/\/outlook.office365.com\/book\/Medlemsrekrytering@jag.se\/\">Boka samtal\u00a0<\/a><\/p>\n<p><a href=\"https:\/\/jag.se\/assistans\/direktnummer\/#medlemsrekrytering\">Kontaktuppgifter medarbetare<\/a><\/p>\n<p><\/p>\n<figure class=\"wp-block-image size-large\"><img decoding=\"async\" class=\"wp-image-9463 aligncenter\" src=\"https:\/\/jag.se\/assistans\/wp-content\/uploads\/sites\/2\/2025\/04\/medlemsrek_2025-kopiera.webp\" alt=\"\" \/><\/figure>\n<p style=\"text-align: center\"><em>Fr\u00e5n v\u00e4nster Carina Ingren, Solveig Tillander, Cecilia Wiest\u00e5l och Hansine Hjellum.\u00a0<\/em><\/p>\n\t\t<\/div>\n<\/section>\n\n\n<section class=\"text-block white  \">\n    <div class=\"block-icon\"><\/div>\n\t<div class=\"inner\">\n\t\t<div class=\"text-block-content\">\n\t\t\t\t\t<h2 class=\"\">Vi vill att v\u00e5ra assistenter ska trivas p\u00e5 jobbet och stanna l\u00e4nge<\/h2>\n\t\t\t\t\t<p><span class=\"TextRun SCXW82458519 BCX9\" lang=\"SV-SE\" xml:lang=\"SV-SE\" data-contrast=\"auto\"><span class=\"NormalTextRun SCXW82458519 BCX9\"><strong>HR-avdelningen<\/strong> hj\u00e4lper till med fr\u00e5gor om anst\u00e4llning, tj\u00e4nstg\u00f6ringsintyg, assistansmilj\u00f6 och arbetsr\u00e4ttsliga fr\u00e5gor. Hit v\u00e4nder du dig om du undrar \u00f6ver kollektivavtal, l\u00f6nerevision, personalv\u00e5rd, natth\u00e4lsokontroll, ans\u00f6kan om ledighet och avslut av anst\u00e4llning. Mejla till <\/span><\/span><a href=\"mailto:hr@jag.se\">hr@jag.se<\/a> \u00a0 \u00a0 \u00a0 \u00a0 \u00a0 \u00a0\u00a0<\/p>\n<p><a href=\"https:\/\/outlook.office365.com\/owa\/calendar\/BokaHR@jag.se\/bookings\/\">Boka samtal\u00a0<\/a><\/p>\n<p><a href=\"https:\/\/jag.se\/assistans\/direktnummer\/#hr\">Kontaktuppgifter medarbetare<\/a><\/p>\n\t\t<\/div>\n<\/section>\n\n\n<section class=\"text-block vvb-rose  \">\n    <div class=\"block-icon\"><\/div>\n\t<div class=\"inner\">\n\t\t<div class=\"text-block-content\">\n\t\t\t\t\t<h2 class=\"\">Kompetent st\u00f6d till dig som \u00e4r personlig arbetsledare <\/h2>\n\t\t\t\t\t<p><span class=\"NormalTextRun SCXW47221915 BCX9\"><strong>Arbetsledarst\u00f6d<\/strong> finns till hands f\u00f6r dina personlig arbetsledare och ger r\u00e5d och st\u00f6d kring grundschema, arbetstidsregler, bemanning, assistansmilj\u00f6, handledning och samtalsst\u00f6d. Mejla till <\/span><a href=\"mailto:arbetsledarstod@jag.se\">arbetsledarstod@jag.se<\/a><\/p>\n<p><span data-teams=\"true\">Vill du f\u00e5 information om hur man kan f\u00e5 st\u00f6d med arbetsledningen av en koordinator i Trygghet eller Trygghetsr\u00e5dgivare, mejla till <a href=\"mailto:annika.blomberg@jag.se\">annika.blomberg@jag.se<\/a><\/span><\/p>\n<p><a href=\"https:\/\/outlook.office365.com\/owa\/calendar\/BokaArbetsledarstod@jag.se\/bookings\/\">Boka samtal\u00a0<\/a><\/p>\n<p><a href=\"https:\/\/jag.se\/assistans\/direktnummer\/#arbetsledarstod\">Kontaktuppgifter medarbetare<\/a><\/p>\n\t\t<\/div>\n<\/section>\n\n\n<section class=\"text-block white  \">\n    <div class=\"block-icon\"><\/div>\n\t<div class=\"inner\">\n\t\t<div class=\"text-block-content\">\n\t\t\t\t\t<h2 class=\"\">B\u00e4sta m\u00f6jliga personliga assistans f\u00f6r pengarna!<\/h2>\n\t\t\t\t\t<p><strong>Asssistansekonomi <\/strong>st\u00f6ttar med avr\u00e4kning till kommun och F\u00f6rs\u00e4kringskassan, ekonomisk planering och budget. Mejla till <a href=\"mailto:assistansekonomi@jag.se\">assistansekonomi@jag.se<\/a><\/p>\n<p><a href=\"https:\/\/outlook.office365.com\/owa\/calendar\/BokaAssistansekonomi@jag.se\/bookings\/\">Boka samtal <\/a><\/p>\n<p><a href=\"https:\/\/jag.se\/assistans\/direktnummer\/#assistansekonomi\">Kontaktuppgifter medarbetare<\/a><\/p>\n\t\t<\/div>\n<\/section>\n\n\n<section class=\"text-block ocean  \">\n    <div class=\"block-icon\"><\/div>\n\t<div class=\"inner\">\n\t\t<div class=\"text-block-content\">\n\t\t\t\t\t<h2 class=\"\">Din JAG-st\u00f6djare finns till f\u00f6r dig!<\/h2>\n\t\t\t\t\t<p><span class=\"ui-provider ed bjh bji bjj bjk bjl bjm bjn bjo bjp bjq bjr bjs bjt bju bjv bjw bjx bjy bjz bka bkb bkc bkd bke bkf bkg bkh bki bkj bkk bkl bkm bkn bko\" dir=\"ltr\"><strong>JAG-st\u00f6djarna<\/strong> har juridisk kompetens och hj\u00e4lper till med ans\u00f6kningar och \u00f6verklaganden. Assistansplanering, \u00e5rlig uppf\u00f6ljning och krisberedskap ing\u00e5r ocks\u00e5 i JAG-st\u00f6djarnas uppgifter. Om n\u00e5got inte fungerar i din assistans, kontakta din JAG-st\u00f6djare! Mejla till <\/span><a href=\"mailto:jagstodjare@jag.se\">jagstodjare@jag.se<\/a><\/p>\n<p><a href=\"https:\/\/outlook.office365.com\/book\/BokaJAGstodjare@jag.se\/\">Reservera tid f\u00f6r samtal <\/a><\/p>\n<p><a href=\"https:\/\/jag.se\/assistans\/direktnummer\/#jag-stodjare\">Kontaktuppgifter JAG-st\u00f6djare<\/a><\/p>\n\t\t<\/div>\n<\/section>\n\n\n<section class=\"text-block white  \">\n    <div class=\"block-icon\"><\/div>\n\t<div class=\"inner\">\n\t\t<div class=\"text-block-content\">\n\t\t\t\t\t<h2 class=\"\">JAGs kansli i Stockholm \u00e4r \u00f6ppet vardagar kl 8.30\u201317<\/h2>\n\t\t\t\t\t<p><strong>Receptionen<\/strong> hj\u00e4lper dig med ledsagarintyg, bokning av resor och hotell till JAGs kurser, anm\u00e4lningar till arrangemang, bokning av JAGs tr\u00e4ffpunkter och mycket mer. Mejla till <a href=\"mailto:kansli@jag.se\">kansli@jag.se<\/a>\u00a0<\/p>\n<p><a href=\"https:\/\/jag.se\/assistans\/direktnummer\/#reception\">Medarbetare<\/a><\/p>\n\t\t<\/div>\n<\/section>\n\n\n<section class=\"text-block pink  \">\n    <div class=\"block-icon\"><\/div>\n\t<div class=\"inner\">\n\t\t<div class=\"text-block-content\">\n\t\t\t\t\t<h2 class=\"\">Trygghet med en assistanskoordinator<\/h2>\n\t\t\t\t\t<p>V\u00e5ra <strong>assistanskoordinatorer<\/strong> finns i Norrbotten, Stockholm, V\u00e4stra G\u00f6taland, Gotland och Sk\u00e5ne. Vid efterfr\u00e5gan kan vi starta trygghetsgrupper p\u00e5 flera orter.<\/p>\n<p><strong>Bemanningstelefon:<\/strong> 010-512 25 15 <span data-teams=\"true\">\u00a0alla dagar kl 05.30-21<\/span><\/p>\n<p><a href=\"https:\/\/jag.se\/assistans\/direktnummer\/#koordinator\">Kontaktuppgifter assistanskoordinatorer<\/a><\/p>\n<p>&nbsp;<\/p>\n\t\t<\/div>\n<\/section>\n\n\n<section class=\"text-block white  \">\n    <div class=\"block-icon\"><\/div>\n\t<div class=\"inner\">\n\t\t<div class=\"text-block-content\">\n\t\t\t\t\t<h2 class=\"\">Assistansanordnare utan vinstintresse<\/h2>\n\t\t\t\t\t<p><strong>Brukarkooperativet JAG<\/strong> \u00e4r en ideell f\u00f6rening och en av de st\u00f6rsta akt\u00f6rerna i svensk v\u00e4lf\u00e4rd som drivs utan vinstintresse. Verksamhetsansvarig \u00e4r <a href=\"mailto:cecilia.blanck@jag.se\">Cecilia Blanck,<\/a>\u00a0tel 070-662 35 40.<\/p>\n<p><strong>JAG Personlig Assistans<\/strong> \u00e4r ett av Brukarkooperativet JAGs svenska dotterbolag.<\/p>\n<p><a href=\"mailto:linda.forzelius@jag.se\">Linda Forzelius<\/a> \u00e4r vd,\u00a0 tel 070-890 08 40<\/p>\n<p><a href=\"mailto:hanna.nordeman@jag.se\">Hanna Nordeman<\/a> \u00e4r vice vd, tel 073-813 13 04.<\/p>\n\t\t<\/div>\n<\/section>\n\n\n<section class=\"text-block vvb-rose  \">\n    <div class=\"block-icon\"><\/div>\n\t<div class=\"inner\">\n\t\t<div class=\"text-block-content\">\n\t\t\t\t\t<h2 class=\"\">JAG-Center <\/h2>\n\t\t\t\t\t<p><strong>JAG-center<\/strong> \u00e4r en daglig verksamhet som drivs av Brukarkooperativet JAG med kommunalt st\u00f6d enligt LSS. JAG-center delar lokaler med JAGs kansli i centrala Stockholm. Mejla till\u00a0<a href=\"mailto:jag-center@jag.se\">jag-center@jag.se<\/a><\/p>\n<p><a href=\"https:\/\/jag.se\/assistans\/daglig-verksamhet\/\">L\u00e4s mer om JAG-Center<\/a><\/p>\n<p><a href=\"https:\/\/jag.se\/assistans\/direktnummer\/#jag-center\">Kontakta handledarna p\u00e5 JAG-center<\/a><\/p>\n\t\t<\/div>\n<\/section>\n\n\n<section class=\"text-block white  \">\n    <div class=\"block-icon\"><\/div>\n\t<div class=\"inner\">\n\t\t<div class=\"text-block-content\">\n\t\t\t\t\t<h2 class=\"\">Kommunikation och p\u00e5verkan<\/h2>\n\t\t\t\t\t<p>JAGs medlemmar har hj\u00e4lpt politikerna att fatta kloka beslut sedan 1992. V\u00e5r viktigaste uppgift \u00e4r att f\u00f6rsvara r\u00e4tten till assistans f\u00f6r m\u00e4nniskor med intellektuella funktionsneds\u00e4ttningar.\u00a0Med v\u00e5rt <strong>intressepolitiska arbete<\/strong> vill vi att fler ska f\u00e5 tillg\u00e5ng till independent living.<\/p>\n<p>Presskontakt: <a href=\"mailto:asa.emtelin@jag.se\">\u00c5sa Emtelin<\/a>, tel\u00a0 076-545 30 77<\/p>\n<p><a href=\"https:\/\/jag.se\/assistans\/direktnummer\/#kommunikation\">Kontaktuppgifter medarbetare<\/a><\/p>\n\t\t<\/div>\n<\/section>\n\n\n<section class=\"text-block vvb-rose  \">\n    <div class=\"block-icon\"><\/div>\n\t<div class=\"inner\">\n\t\t<div class=\"text-block-content\">\n\t\t\t\t\t<h2 class=\"\">Assistansakademin (YH-utbildningar)<\/h2>\n\t\t\t\t\t<p><strong>Assistansakademins<\/strong> yrkesh\u00f6gskoleutbildningar riktar sig till dig som idag arbetar som personlig assistent och vill f\u00f6rdjupa och bredda din kompetens.<\/p>\n<p><a href=\"mailto:info@assistansakademin.se\" target=\"_blank\" rel=\"noopener\">Mejla till Assistansakademin<\/a><\/p>\n<p><a href=\"https:\/\/assistansakademin.se\">L\u00e4s mer om Assistansakademin<\/a><\/p>\n<p><a href=\"https:\/\/jag.se\/assistans\/direktnummer\/#YH\">Medarbetare<\/a><\/p>\n\t\t<\/div>\n<\/section>\n\n\n<section class=\"text-block ocean  \">\n    <div class=\"block-icon\"><\/div>\n\t<div class=\"inner\">\n\t\t<div class=\"text-block-content\">\n\t\t\t\t\t<h2 class=\"\">IQual <\/h2>\n\t\t\t\t\t<p><strong>IQual<\/strong> \u00e4r JAGs <span data-teams=\"true\"><span class=\"ui-provider a b c d e f g h i j k l m n o p q r s t u v w x y z ab ac ae af ag ah ai aj ak\" dir=\"ltr\">kunskapsnod som arbetar mot IQ-diskriminering och f\u00f6r m\u00e4nskliga r\u00e4ttigheter f\u00f6r alla, \u00e4ven den som har behov av tolkningsst\u00f6d av legal f\u00f6retr\u00e4dare.\u00a0<\/span><\/span><\/p>\n<p><a href=\"https:\/\/jag.se\/opinion\/iqual\/\">L\u00e4s mer om IQual<\/a><\/p>\n<p>Kontakt: <br \/>Agneta Scherman, verksamhetsansvarig<br \/><a href=\"mailto:agneta.scherman@iqual.se\">agneta.scherman@iqual.se<\/a>\u00a0<br \/>076-545 30 38<\/p>\n<p>Jennie B\u00e4ckman, utredare<br \/><a href=\"mailto:jennie.backman@iqual.se\">jennie.backman@iqual.se\u00a0<\/a><br \/>076-545 30 47<\/p>\n<p><\/p>\n<p>&nbsp;<\/p>\n\t\t<\/div>\n<\/section>\n\n\n<section class=\"text-block white  \">\n    <div class=\"block-icon\"><\/div>\n\t<div class=\"inner\">\n\t\t<div class=\"text-block-content\">\n\t\t\t\t\t<h2 class=\"\">Vi vill bidra<\/h2>\n\t\t\t\t\t<p><strong>Vi vill bidra<\/strong> \u00e4r en samverkansmodell mellan kommun, arbetsgivare och deltagare med personlig assistans f\u00f6r \u00f6kad m\u00e5ngfald i arbetslivet.\u00a0<\/p>\n<p><a href=\"https:\/\/vivillbidra.se\/\">L\u00e4s mer om Vi vill bidra<\/a><\/p>\n<p><a href=\"https:\/\/jag.se\/assistans\/direktnummer#vi-vill-bidra\">Medarbetare<\/a><\/p>\n<p>&nbsp;<\/p>\n\t\t<\/div>\n<\/section>\n\n\n<section class=\"text-block pink  \">\n    <div class=\"block-icon\"><\/div>\n\t<div class=\"inner\">\n\t\t<div class=\"text-block-content\">\n\t\t\t\t\t<h2 class=\"\">IT-st\u00f6d och utveckling<\/h2>\n\t\t\t\t\t<p>V\u00e5ra digitala verktyg och funktioner som du n\u00e5r via <a href=\"https:\/\/mitt.jag.se\/\">Mitt JAG<\/a> har du tillg\u00e5ng till dygnet runt, \u00e5rets alla dagar. \u00c4r det n\u00e5got som inte fungerar kan felanm\u00e4lan g\u00f6ras till <a href=\"mailto:it@jag.se\">it@jag.se<\/a>\u00a0<\/p>\n<p><a href=\"https:\/\/jag.se\/assistans\/direktnummer#it\">Medarbetare<\/a><\/p>\n\t\t<\/div>\n<\/section>\n\n\n<section class=\"text-block white  \">\n    <div class=\"block-icon\"><\/div>\n\t<div class=\"inner\">\n\t\t<div class=\"text-block-content\">\n\t\t\t\t\t<h2 class=\"\">Verksamhetsjuridik och l\u00e4nsf\u00f6reningssamordning<\/h2>\n\t\t\t\t\t<p>St\u00f6d till Riksf\u00f6reningen JAGs l\u00e4nsf\u00f6reningar och <strong>verksamhetsjuridik<\/strong>. Mejla till\u00a0<a href=\"mailto:vj@jag.se\">vj@jag.se<\/a><\/p>\n<p><a href=\"https:\/\/jag.se\/assistans\/direktnummer#vj\">Medarbetare<\/a><\/p>\n<p>&nbsp;<\/p>\n\t\t<\/div>\n<\/section>\n\n\n<section class=\"text-block ocean  \">\n    <div class=\"block-icon\"><\/div>\n\t<div class=\"inner\">\n\t\t<div class=\"text-block-content\">\n\t\t\t\t\t<h2 class=\"\">Redovisning, bokf\u00f6ring och leverant\u00f6rsfakturor<\/h2>\n\t\t\t\t\t<p><strong>Redovisningsavdelningen<\/strong> ser till att vi har en balanserad ekonomi. Mejla till <a href=\"mailto:ekonomi@jag.se\">ekonomi@jag.se<\/a><\/p>\n<p><a href=\"https:\/\/jag.se\/assistans\/direktnummer#ekonomi\">Medarbetare<\/a><\/p>\n\t\t<\/div>\n<\/section>\n","protected":false},"excerpt":{"rendered":"<p>Kontakta oss!<\/p>\n","protected":false},"author":12,"featured_media":0,"parent":0,"menu_order":26,"comment_status":"closed","ping_status":"closed","template":"","meta":{"footnotes":""},"class_list":["post-9109","page","type-page","status-publish","hentry"],"acf":[],"_links":{"self":[{"href":"https:\/\/jag.se\/assistans\/wp-json\/wp\/v2\/pages\/9109","targetHints":{"allow":["GET"]}}],"collection":[{"href":"https:\/\/jag.se\/assistans\/wp-json\/wp\/v2\/pages"}],"about":[{"href":"https:\/\/jag.se\/assistans\/wp-json\/wp\/v2\/types\/page"}],"author":[{"embeddable":true,"href":"https:\/\/jag.se\/assistans\/wp-json\/wp\/v2\/users\/12"}],"replies":[{"embeddable":true,"href":"https:\/\/jag.se\/assistans\/wp-json\/wp\/v2\/comments?post=9109"}],"version-history":[{"count":792,"href":"https:\/\/jag.se\/assistans\/wp-json\/wp\/v2\/pages\/9109\/revisions"}],"predecessor-version":[{"id":15453,"href":"https:\/\/jag.se\/assistans\/wp-json\/wp\/v2\/pages\/9109\/revisions\/15453"}],"wp:attachment":[{"href":"https:\/\/jag.se\/assistans\/wp-json\/wp\/v2\/media?parent=9109"}],"curies":[{"name":"wp","href":"https:\/\/api.w.org\/{rel}","templated":true}]}}