{"id":9714,"date":"2024-03-01T10:26:07","date_gmt":"2024-03-01T10:26:07","guid":{"rendered":"https:\/\/jag.se\/assistans\/formaner-2\/"},"modified":"2026-03-08T10:35:12","modified_gmt":"2026-03-08T10:35:12","slug":"direktnummer","status":"publish","type":"page","link":"https:\/\/jag.se\/assistans\/direktnummer\/","title":{"rendered":"Direktnummer"},"content":{"rendered":"<div class=\"yoast-breadcrumbs\">\t<div class=\"inner\">\n\t\t<span><span><a href=\"https:\/\/jag.se\">JAG start<\/a><\/span> &gt; <span><a href=\"https:\/\/jag.se\/assistans\/\">JAG Personlig assistans<\/a><\/span> &gt; <span class=\"breadcrumb_last\" aria-current=\"page\">Direktnummer<\/span><\/span>\t<\/div>\n<\/div>\n\n\n<h1 class=\"wp-block-heading\" id=\"personlig-assistans-till-barn\">Direktnummer<\/h1>\n\n\n\n<h3 class=\"wp-block-heading has-text-align-center\" id=\"lon\"><\/h3>\n\n\n<section class=\"text-block ocean  \">\n    <div class=\"block-icon\"><\/div>\n\t<div class=\"inner\">\n\t\t<div class=\"text-block-content\">\n\t\t\t\t\t<h2 class=\"\">L\u00f6n<\/h2>\n\t\t\t\t\t<p><strong>Zena Hariri <\/strong>076-545 30 74<\/p>\n<p><strong>Violeta Arsenova <\/strong>072-464 02 02<\/p>\n<p><strong>Omid Abovei<\/strong> 076-545 30 81<\/p>\n<p><strong>Hanna Mab\u00e4ck<\/strong> 076-545 30 26<\/p>\n<p>&nbsp;<\/p>\n<p>&nbsp;<\/p>\n\t\t<\/div>\n<\/section>\n\n\n\n<h3 class=\"wp-block-heading has-text-align-center\" id=\"rekrytering\" style=\"text-transform:capitalize\"><\/h3>\n\n\n<section class=\"text-block white  \">\n    <div class=\"block-icon\"><\/div>\n\t<div class=\"inner\">\n\t\t<div class=\"text-block-content\">\n\t\t\t\t\t<h2 class=\"\">Rekrytering<\/h2>\n\t\t\t\t\t<p><strong>Jenny Faltin<\/strong> 076-545 30 84<\/p>\n<p style=\"text-align: left\"><strong>Leonidas Palatvratzis<\/strong> 076-545 30 76<\/p>\n<p style=\"text-align: left\"><strong>Linn Wiessner<\/strong> 076-545 30 01<\/p>\n<p style=\"text-align: left\"><strong>Oskar Skantz<\/strong> 076-545 30 31<\/p>\n<p><strong>Emma Nikkanen<\/strong> 076-545 30 40<\/p>\n<p>&nbsp;<\/p>\n<p>&nbsp;<\/p>\n\t\t<\/div>\n<\/section>\n\n\n\n<h3 class=\"wp-block-heading has-text-align-center\" id=\"medlemsrekrytering\"><\/h3>\n\n\n<section class=\"text-block pink  \">\n    <div class=\"block-icon\"><\/div>\n\t<div class=\"inner\">\n\t\t<div class=\"text-block-content\">\n\t\t\t\t\t<h2 class=\"\">Nya assistansanv\u00e4ndare<\/h2>\n\t\t\t\t\t<p><strong>Anordnarbyte<\/strong><\/p>\n<p><strong>Carina Ingren<\/strong> 076-545 30 30<\/p>\n<p><strong>Solveig Tillander<\/strong> 076-545 30 42<\/p>\n<p><strong>Hansine Hjellum<\/strong> 076-545 30 72<\/p>\n<p>&nbsp;<\/p>\n<p><strong>Juridiskt st\u00f6d<\/strong><\/p>\n<p><strong>Cecilia Wiest\u00e5l<\/strong> 076-545 30 71<\/p>\n\t\t<\/div>\n<\/section>\n\n\n\n<h3 class=\"wp-block-heading has-text-align-center\" id=\"hr\"><\/h3>\n\n\n<section class=\"text-block white  \">\n    <div class=\"block-icon\"><\/div>\n\t<div class=\"inner\">\n\t\t<div class=\"text-block-content\">\n\t\t\t\t\t<h2 class=\"\">HR<p><p><p><\/h2>\n\t\t\t\t\t<p style=\"text-align: left\"><strong>Josefine Roxell<\/strong> 076-545 30 16<\/p>\n<p style=\"text-align: left\"><strong>Julia Fundingsrud<\/strong> 076-545 30 66<\/p>\n<p style=\"text-align: left\"><strong>Martina Kraff<\/strong> 076-545 30 49<\/p>\n<p style=\"text-align: left\"><strong>Olivia Claesson<\/strong> 076-545 30 50<\/p>\n\t\t<\/div>\n<\/section>\n\n\n\n<h3 class=\"wp-block-heading has-text-align-center\" id=\"arbetsledarstod\"><\/h3>\n\n\n<section class=\"text-block vvb-rose  \">\n    <div class=\"block-icon\"><\/div>\n\t<div class=\"inner\">\n\t\t<div class=\"text-block-content\">\n\t\t\t\t\t<h2 class=\"\">Arbetsledarst\u00f6d<\/h2>\n\t\t\t\t\t<p><strong>Emma Medborg<\/strong>\u00a0076-545 30 99<\/p>\n<p><strong>Elin Lindberg<\/strong>\u00a0076-545 30 98<\/p>\n<p><strong>Klara Gillispie<\/strong> 076-545 30 18\u00a0<\/p>\n<p><strong>Hanna M\u00e5rtensson<\/strong> 076-545 30 68\u00a0<\/p>\n<p><strong>Alexandra Drakeng\u00e5rd<\/strong> 076-545 30 27<\/p>\n<p>&nbsp;<\/p>\n\t\t<\/div>\n<\/section>\n\n\n\n<h3 class=\"wp-block-heading has-text-align-center\" id=\"assistansekonomi\"><\/h3>\n\n\n<section class=\"text-block white  \">\n    <div class=\"block-icon\"><\/div>\n\t<div class=\"inner\">\n\t\t<div class=\"text-block-content\">\n\t\t\t\t\t<h2 class=\"\">Assistansekonomi<\/h2>\n\t\t\t\t\t<p><strong>Jenny Mannstr\u00f6m<\/strong> 076-545 30 48<\/p>\n<p><strong>Anette \u00c4rlerud<\/strong> 076-545 30 56<\/p>\n<p><strong>Karin Sandberg<\/strong> 076-545 30 64\u00a0<\/p>\n\t\t<\/div>\n<\/section>\n\n\n\n<h3 class=\"wp-block-heading has-text-align-center\" id=\"jag-stodjare\"><\/h3>\n\n\n<section class=\"text-block ocean  \">\n    <div class=\"block-icon\"><\/div>\n\t<div class=\"inner\">\n\t\t<div class=\"text-block-content\">\n\t\t\t\t\t<h2 class=\"\">JAG-st\u00f6djare<\/h2>\n\t\t\t\t\t<p><strong>Filippa Bergstr\u00f6m<\/strong> 076-545 30 41<\/p>\n<p><strong>Hanna Stamberg<\/strong> 076-545 30 35<\/p>\n<p><strong>Erika Holmberg<\/strong> 076-545 30 67<\/p>\n<p><b>Valdine Lervik <\/b>076-545 30 73<\/p>\n<p><b>Feben Yemane <\/b>076-545 30 08<\/p>\n<p>&nbsp;<\/p>\n<p><b>Andrea Hildahl <\/b>(administrat\u00f6r) 076-545 30 62<\/p>\n\t\t<\/div>\n<\/section>\n\n\n\n<h3 class=\"wp-block-heading has-text-align-center\" id=\"reception\"><\/h3>\n\n\n<section class=\"text-block white  \">\n    <div class=\"block-icon\"><\/div>\n\t<div class=\"inner\">\n\t\t<div class=\"text-block-content\">\n\t\t\t\t\t<h2 class=\"\">Reception<\/h2>\n\t\t\t\t\t<p><strong>Lotta Karlsfelt<\/strong> 076-545 30 36<\/p>\n<p><strong>Maria Hammerin<\/strong> 076-545 30 37<\/p>\n\t\t<\/div>\n<\/section>\n\n\n\n<h3 class=\"wp-block-heading has-text-align-center\" id=\"koordinator\"><\/h3>\n\n\n<section class=\"text-block vvb-rose  \">\n    <div class=\"block-icon\"><\/div>\n\t<div class=\"inner\">\n\t\t<div class=\"text-block-content\">\n\t\t\t\t\t<h2 class=\"\">Assistanskoordinatorer (Trygghet)<\/h2>\n\t\t\t\t\t<p><strong>Annika Blomberg\u00a0<\/strong>076-545 30 52 (chef Trygghet)<\/p>\n<p><strong>Roxanne Mardini<\/strong> 076-545 30 70<\/p>\n<p><strong>Nina Altring<\/strong> 076-545 30 51<\/p>\n<p><strong>Malin Berglund<\/strong> 076-545 30 43<\/p>\n<p><strong>Emelie Enback<\/strong> 076-545 30 79<\/p>\n<p><strong>Fanny Foogerbrant<\/strong> 076-545 30 78<\/p>\n<p><span class=\"ui-provider a b c d e f g h i j k l m n o p q r s t u v w x y z ab ac ae af ag ah ai aj ak\" dir=\"ltr\"><strong>Matilda Segelstrand<\/strong> <span data-teams=\"true\">076-133 20 92<\/span><\/span><\/p>\n<p><span class=\"ui-provider a b c d e f g h i j k l m n o p q r s t u v w x y z ab ac ae af ag ah ai aj ak\" dir=\"ltr\"><strong>Kristin Wahlgren<\/strong> 076-545 30 96<br \/><\/span><\/p>\n<p><span class=\"ui-provider a b c d e f g h i j k l m n o p q r s t u v w x y z ab ac ae af ag ah ai aj ak\" dir=\"ltr\"><strong>Therese Tilander<\/strong> 076-545 30 39<\/span><\/p>\n<p>Trygghets bemanningstelefon n\u00e5s p\u00e5 tel 010-512 25 15 (f\u00f6r uppdragsgivare i Trygghetsgrupp)<\/p>\n<p>Bemanningskoordinatorer:<br \/><strong>Betty Jones<\/strong> 076-545 30 15<\/p>\n<p><span data-teams=\"true\"><strong>Dina Stenqvist<\/strong> 076-545 30 63<\/span><\/p>\n\t\t<\/div>\n<\/section>\n\n\n\n<h3 class=\"wp-block-heading has-text-align-center\" id=\"jag-center\"><\/h3>\n\n\n<section class=\"text-block white  \">\n    <div class=\"block-icon\"><\/div>\n\t<div class=\"inner\">\n\t\t<div class=\"text-block-content\">\n\t\t\t\t\t<h2 class=\"\">Arbetsledare JAG-Center<\/h2>\n\t\t\t\t\t<p><strong>Ann Nilsson<\/strong> 076-545 30 06\u00a0 \u00a0 \u00a0 \u00a0 \u00a0 \u00a0 \u00a0 \u00a0 \u00a0 \u00a0 \u00a0\u00a0 \u00a0 \u00a0 \u00a0 \u00a0 \u00a0 \u00a0 \u00a0 \u00a0 \u00a0 \u00a0 \u00a0 \u00a0 \u00a0 \u00a0 \u00a0 \u00a0 \u00a0 \u00a0<\/p>\n<p><strong>Mats Lindberg<\/strong> 076-545 30 11\u00a0 \u00a0 \u00a0 \u00a0 \u00a0 \u00a0 \u00a0\u00a0<\/p>\n<p><strong>Jan W\u00e4tterb\u00e4ck<\/strong> 076-545 30 61<\/p>\n<p><strong>Johanna Norman D\u00f6mstedt <\/strong>076-545 30 22<\/p>\n<p><strong>Klaudia Rychlik <\/strong>076-545 30 00<\/p>\n<p>&nbsp;<\/p>\n<p><strong>JAG har talang<\/strong><\/p>\n<p><strong>Tony Samil<\/strong> 076-545 30 34<\/p>\n\t\t<\/div>\n<\/section>\n\n\n\n<h3 class=\"wp-block-heading has-text-align-center\" id=\"kommunikation\"><\/h3>\n\n\n<section class=\"text-block pink  \">\n    <div class=\"block-icon\"><\/div>\n\t<div class=\"inner\">\n\t\t<div class=\"text-block-content\">\n\t\t\t\t\t<h2 class=\"\">Kommunikation och p\u00e5verkan<\/h2>\n\t\t\t\t\t<p><strong>Allan Sundberg<\/strong> 076-545 30 69 \u00a0 \u00a0 \u00a0<\/p>\n<p><strong>Jessica Linder Jansson<\/strong> 076-545 30 32\u00a0 \u00a0 \u00a0 \u00a0\u00a0<\/p>\n<p><strong>Kerstin Sellin<\/strong> 076-545 30 17\u00a0 \u00a0 \u00a0\u00a0<\/p>\n<p><strong>Natalie Andersson<\/strong> 076-545 30 02<\/p>\n<p><strong>\u00c5sa Emtelin<\/strong> 076-545 30 77<\/p>\n<p>&nbsp;<\/p>\n<p><strong>Kursansvarig: <\/strong><\/p>\n<p><strong>Marie Arvidsson<\/strong> 076-545 30 55 \u00a0 \u00a0<\/p>\n<p>Mejla till <a href=\"mailto:kurser@jag.se\">kurser@jag.se<\/a><\/p>\n\t\t<\/div>\n<\/section>\n\n\n\n<h3 class=\"wp-block-heading has-text-align-center\" id=\"YH\"><\/h3>\n\n\n<section class=\"text-block white  \">\n    <div class=\"block-icon\"><\/div>\n\t<div class=\"inner\">\n\t\t<div class=\"text-block-content\">\n\t\t\t\t\t<h2 class=\"\">Assistansakademin <\/h2>\n\t\t\t\t\t<p><strong>Rebecca Lindman Dahl <\/strong>070-794 60 18<\/p>\n<p><span class=\"ui-provider a b c d e f g h i j k l m n o p q r s t u v w x y z ab ac ae af ag ah ai aj ak\" dir=\"ltr\"><strong>Louise Larsen<\/strong> 076-775 55 65<\/span><\/p>\n<p><strong>Sofie Johansson<\/strong> 076-545 30 57<\/p>\n\t\t<\/div>\n<\/section>\n\n\n\n<h3 class=\"wp-block-heading has-text-align-center\" id=\"vi-vill-bidra\"><\/h3>\n\n\n<section class=\"text-block ocean  \">\n    <div class=\"block-icon\"><\/div>\n\t<div class=\"inner\">\n\t\t<div class=\"text-block-content\">\n\t\t\t\t\t<h2 class=\"\">Vi vill bidra<\/h2>\n\t\t\t\t\t<p><strong>Anna Karlsson<\/strong> 076-545 30 75<\/p>\n<p><strong>Jonas Thomsson<\/strong> 076-501 10 11 \u00a0 \u00a0 \u00a0 \u00a0 \u00a0 \u00a0 \u00a0 \u00a0 \u00a0 \u00a0 \u00a0 \u00a0<\/p>\n<p><strong>Rebecca Lindman Dahl<\/strong> 070-794 60 18 (tj\u00e4nstledig)<\/p>\n<p><strong>Maria Lindskog Klas\u00e9n<\/strong> 073-502 90 49<\/p>\n<p><strong>Isabel Lindstr\u00f6m<\/strong> 076-545 30 33<\/p>\n\t\t<\/div>\n<\/section>\n\n\n\n<h3 class=\"wp-block-heading has-text-align-center\" id=\"it\"><\/h3>\n\n\n<section class=\"text-block white  \">\n    <div class=\"block-icon\"><\/div>\n\t<div class=\"inner\">\n\t\t<div class=\"text-block-content\">\n\t\t\t\t\t<h2 class=\"\">Digital utveckling<\/h2>\n\t\t\t\t\t<p><strong>Karolin Bur\u00e5ker<\/strong> 076-545 30 05\u00a0<\/p>\n<p><strong>Sofie Johansson<\/strong> 076-545 30 57<\/p>\n<p><strong>Ulf Ekstr\u00f6m<\/strong> 076-545 30 65 \u00a0 \u00a0 \u00a0 \u00a0<\/p>\n<p><strong>Fabian Nordenskj\u00f6ld<\/strong> 076-545 30 14<\/p>\n<p><strong>Peter Andersson<\/strong> 076-545 30 13<\/p>\n<p><strong>Lautaro Aranda<\/strong> 076-545 30 90\u00a0 \u00a0 \u00a0 \u00a0<\/p>\n<p><strong>Jens Ericsson<\/strong> 076-545 30 46<\/p>\n<p>&nbsp;<\/p>\n\t\t<\/div>\n<\/section>\n\n\n\n<h3 class=\"wp-block-heading has-text-align-center\" id=\"vj\"><\/h3>\n\n\n<section class=\"text-block vvb-rose  \">\n    <div class=\"block-icon\"><\/div>\n\t<div class=\"inner\">\n\t\t<div class=\"text-block-content\">\n\t\t\t\t\t<h2 class=\"\">Verksamhetsjuridik och l\u00e4nsf\u00f6reningssamordning<\/h2>\n\t\t\t\t\t<p><strong>Brukarkooperativet JAG:<\/strong>\u00a0Anna Strimbold 076-545 30 45\u00a0 \u00a0 \u00a0\u00a0<\/p>\n<p><strong>JAG Personlig assistans:<\/strong> Isabell Bolander 076-545 30 10<\/p>\n<p><strong>Riksf\u00f6reningen JAG och l\u00e4nsf\u00f6reningarna:<\/strong>\u00a0 vakant<\/p>\n\t\t<\/div>\n<\/section>\n\n\n\n<h3 class=\"wp-block-heading has-text-align-center\" id=\"ekonomi\"><\/h3>\n\n\n<section class=\"text-block white  \">\n    <div class=\"block-icon\"><\/div>\n\t<div class=\"inner\">\n\t\t<div class=\"text-block-content\">\n\t\t\t\t\t<h2 class=\"\">Leverant\u00f6rsfakturor, ekonomi och redovisning<\/h2>\n\t\t\t\t\t<p><strong>Katarina Holm<\/strong> 076-545 30 58<\/p>\n<p><strong>Violetta Chatzitheodoridi<\/strong> 076-545 30 09 \u00a0 \u00a0 \u00a0 \u00a0 \u00a0<\/p>\n\t\t<\/div>\n<\/section>\n","protected":false},"excerpt":{"rendered":"<p>Direktnummer<\/p>\n","protected":false},"author":12,"featured_media":0,"parent":0,"menu_order":25,"comment_status":"closed","ping_status":"closed","template":"","meta":{"footnotes":""},"class_list":["post-9714","page","type-page","status-publish","hentry"],"acf":[],"_links":{"self":[{"href":"https:\/\/jag.se\/assistans\/wp-json\/wp\/v2\/pages\/9714","targetHints":{"allow":["GET"]}}],"collection":[{"href":"https:\/\/jag.se\/assistans\/wp-json\/wp\/v2\/pages"}],"about":[{"href":"https:\/\/jag.se\/assistans\/wp-json\/wp\/v2\/types\/page"}],"author":[{"embeddable":true,"href":"https:\/\/jag.se\/assistans\/wp-json\/wp\/v2\/users\/12"}],"replies":[{"embeddable":true,"href":"https:\/\/jag.se\/assistans\/wp-json\/wp\/v2\/comments?post=9714"}],"version-history":[{"count":316,"href":"https:\/\/jag.se\/assistans\/wp-json\/wp\/v2\/pages\/9714\/revisions"}],"predecessor-version":[{"id":15374,"href":"https:\/\/jag.se\/assistans\/wp-json\/wp\/v2\/pages\/9714\/revisions\/15374"}],"wp:attachment":[{"href":"https:\/\/jag.se\/assistans\/wp-json\/wp\/v2\/media?parent=9714"}],"curies":[{"name":"wp","href":"https:\/\/api.w.org\/{rel}","templated":true}]}}