{"id":153,"date":"2021-11-25T13:42:33","date_gmt":"2021-11-25T13:42:33","guid":{"rendered":"https:\/\/jag.se\/opinion\/?page_id=153"},"modified":"2025-06-18T10:54:51","modified_gmt":"2025-06-18T10:54:51","slug":"bli-medlem","status":"publish","type":"page","link":"https:\/\/jag.se\/opinion\/bli-medlem\/","title":{"rendered":"Bli medlem"},"content":{"rendered":"<div class=\"yoast-breadcrumbs\">\t<div class=\"inner\">\n\t\t<span><span><a href=\"https:\/\/jag.se\">JAG start<\/a><\/span> &gt; <span><a href=\"https:\/\/jag.se\/opinion\/\">Riksf\u00f6reningen JAG<\/a><\/span> &gt; <span class=\"breadcrumb_last\" aria-current=\"page\">Bli medlem<\/span><\/span>\t<\/div>\n<\/div>\n\n\n<h1 class=\"wp-block-heading\">Bli medlem<\/h1>\n\n\n\n<div id=\"fs-signup-member-widget\"><\/div>\n\n\n<section class=\"social-links\">\n\t<div class=\"inner\">\n\t\t\t<div class=\"social-links__text\">\n\t\t\tF\u00f6lj oss p\u00e5 sociala medier f\u00f6r senaste uppdateringar och andra roliga aktiviteter\t\t<\/div>\n\t\t\t\t\t<div class=\"social\">\n\t\t\t\t\t<a href=\"https:\/\/www.instagram.com\/jagforeningen\" class=\"inst-purple\">Instagram<\/a>\n\t\t\t\t\t\t<a href=\"https:\/\/www.facebook.com\/JAGforeningen\" class=\"fb-purple\">LinkedIn<\/a>\n\t\t\t\t\t\t<a href=\"https:\/\/twitter.com\/jagforeningen\" class=\"tw-purple\">LinkedIn<\/a>\n\t\t\t\t\t<\/div>\n\t\t\t<\/div>\n<\/section>\n\n\n\n<p><\/p>\n","protected":false},"excerpt":{"rendered":"<p>Bli medlem<\/p>\n","protected":false},"author":1,"featured_media":0,"parent":0,"menu_order":23,"comment_status":"closed","ping_status":"closed","template":"","meta":{"footnotes":""},"class_list":["post-153","page","type-page","status-publish","hentry"],"acf":[],"yoast_head":"<!-- This site is optimized with the Yoast SEO plugin v21.3 - https:\/\/yoast.com\/wordpress\/plugins\/seo\/ -->\n<title>Bli medlem - JAG Opinion<\/title>\n<meta name=\"robots\" content=\"index, follow, max-snippet:-1, max-image-preview:large, max-video-preview:-1\" \/>\n<link rel=\"canonical\" href=\"https:\/\/jag.se\/opinion\/bli-medlem\/\" \/>\n<meta property=\"og:locale\" content=\"sv_SE\" \/>\n<meta property=\"og:type\" content=\"article\" \/>\n<meta property=\"og:title\" content=\"Bli medlem - JAG Opinion\" \/>\n<meta property=\"og:description\" content=\"Bli medlem\" \/>\n<meta property=\"og:url\" content=\"https:\/\/jag.se\/opinion\/bli-medlem\/\" \/>\n<meta property=\"og:site_name\" content=\"JAG Opinion\" \/>\n<meta property=\"article:modified_time\" content=\"2025-06-18T10:54:51+00:00\" \/>\n<meta name=\"twitter:card\" content=\"summary_large_image\" \/>\n<meta name=\"twitter:label1\" content=\"Ber\u00e4knad l\u00e4stid\" \/>\n\t<meta name=\"twitter:data1\" content=\"1 minut\" \/>\n<script type=\"application\/ld+json\" class=\"yoast-schema-graph\">{\"@context\":\"https:\/\/schema.org\",\"@graph\":[{\"@type\":\"WebPage\",\"@id\":\"https:\/\/jag.se\/opinion\/bli-medlem\/\",\"url\":\"https:\/\/jag.se\/opinion\/bli-medlem\/\",\"name\":\"Bli medlem - JAG Opinion\",\"isPartOf\":{\"@id\":\"https:\/\/jag.se\/opinion\/#website\"},\"datePublished\":\"2021-11-25T13:42:33+00:00\",\"dateModified\":\"2025-06-18T10:54:51+00:00\",\"breadcrumb\":{\"@id\":\"https:\/\/jag.se\/opinion\/bli-medlem\/#breadcrumb\"},\"inLanguage\":\"sv-SE\",\"potentialAction\":[{\"@type\":\"ReadAction\",\"target\":[\"https:\/\/jag.se\/opinion\/bli-medlem\/\"]}]},{\"@type\":\"BreadcrumbList\",\"@id\":\"https:\/\/jag.se\/opinion\/bli-medlem\/#breadcrumb\",\"itemListElement\":[{\"@type\":\"ListItem\",\"position\":1,\"name\":\"JAG start\",\"item\":\"https:\/\/jag.se\"},{\"@type\":\"ListItem\",\"position\":2,\"name\":\"Riksf\u00f6reningen JAG\",\"item\":\"https:\/\/jag.se\/opinion\/\"},{\"@type\":\"ListItem\",\"position\":3,\"name\":\"Bli medlem\"}]},{\"@type\":\"WebSite\",\"@id\":\"https:\/\/jag.se\/opinion\/#website\",\"url\":\"https:\/\/jag.se\/opinion\/\",\"name\":\"JAG Opinion\",\"description\":\"\",\"potentialAction\":[{\"@type\":\"SearchAction\",\"target\":{\"@type\":\"EntryPoint\",\"urlTemplate\":\"https:\/\/jag.se\/opinion\/?s={search_term_string}\"},\"query-input\":\"required name=search_term_string\"}],\"inLanguage\":\"sv-SE\"}]}<\/script>\n<!-- \/ Yoast SEO plugin. -->","yoast_head_json":{"title":"Bli medlem - JAG Opinion","robots":{"index":"index","follow":"follow","max-snippet":"max-snippet:-1","max-image-preview":"max-image-preview:large","max-video-preview":"max-video-preview:-1"},"canonical":"https:\/\/jag.se\/opinion\/bli-medlem\/","og_locale":"sv_SE","og_type":"article","og_title":"Bli medlem - JAG Opinion","og_description":"Bli medlem","og_url":"https:\/\/jag.se\/opinion\/bli-medlem\/","og_site_name":"JAG Opinion","article_modified_time":"2025-06-18T10:54:51+00:00","twitter_card":"summary_large_image","twitter_misc":{"Ber\u00e4knad l\u00e4stid":"1 minut"},"schema":{"@context":"https:\/\/schema.org","@graph":[{"@type":"WebPage","@id":"https:\/\/jag.se\/opinion\/bli-medlem\/","url":"https:\/\/jag.se\/opinion\/bli-medlem\/","name":"Bli medlem - JAG Opinion","isPartOf":{"@id":"https:\/\/jag.se\/opinion\/#website"},"datePublished":"2021-11-25T13:42:33+00:00","dateModified":"2025-06-18T10:54:51+00:00","breadcrumb":{"@id":"https:\/\/jag.se\/opinion\/bli-medlem\/#breadcrumb"},"inLanguage":"sv-SE","potentialAction":[{"@type":"ReadAction","target":["https:\/\/jag.se\/opinion\/bli-medlem\/"]}]},{"@type":"BreadcrumbList","@id":"https:\/\/jag.se\/opinion\/bli-medlem\/#breadcrumb","itemListElement":[{"@type":"ListItem","position":1,"name":"JAG start","item":"https:\/\/jag.se"},{"@type":"ListItem","position":2,"name":"Riksf\u00f6reningen JAG","item":"https:\/\/jag.se\/opinion\/"},{"@type":"ListItem","position":3,"name":"Bli medlem"}]},{"@type":"WebSite","@id":"https:\/\/jag.se\/opinion\/#website","url":"https:\/\/jag.se\/opinion\/","name":"JAG Opinion","description":"","potentialAction":[{"@type":"SearchAction","target":{"@type":"EntryPoint","urlTemplate":"https:\/\/jag.se\/opinion\/?s={search_term_string}"},"query-input":"required name=search_term_string"}],"inLanguage":"sv-SE"}]}},"_links":{"self":[{"href":"https:\/\/jag.se\/opinion\/wp-json\/wp\/v2\/pages\/153","targetHints":{"allow":["GET"]}}],"collection":[{"href":"https:\/\/jag.se\/opinion\/wp-json\/wp\/v2\/pages"}],"about":[{"href":"https:\/\/jag.se\/opinion\/wp-json\/wp\/v2\/types\/page"}],"author":[{"embeddable":true,"href":"https:\/\/jag.se\/opinion\/wp-json\/wp\/v2\/users\/1"}],"replies":[{"embeddable":true,"href":"https:\/\/jag.se\/opinion\/wp-json\/wp\/v2\/comments?post=153"}],"version-history":[{"count":80,"href":"https:\/\/jag.se\/opinion\/wp-json\/wp\/v2\/pages\/153\/revisions"}],"predecessor-version":[{"id":27294,"href":"https:\/\/jag.se\/opinion\/wp-json\/wp\/v2\/pages\/153\/revisions\/27294"}],"wp:attachment":[{"href":"https:\/\/jag.se\/opinion\/wp-json\/wp\/v2\/media?parent=153"}],"curies":[{"name":"wp","href":"https:\/\/api.w.org\/{rel}","templated":true}]}}