{"id":21673,"date":"2023-04-13T10:04:47","date_gmt":"2023-04-13T10:04:47","guid":{"rendered":"https:\/\/jag.se\/opinion\/?page_id=21673"},"modified":"2023-05-15T07:08:07","modified_gmt":"2023-05-15T07:08:07","slug":"jagarsomdu","status":"publish","type":"page","link":"https:\/\/jag.se\/opinion\/jagarsomdu\/","title":{"rendered":"Jag \u00e4r som du &#8211; Artikel 19"},"content":{"rendered":"<section class=\"banner\">\n\t<img loading=\"lazy\" decoding=\"async\" width=\"2150\" height=\"628\" src=\"https:\/\/jag.se\/opinion\/wp-content\/uploads\/sites\/3\/2023\/04\/Jag-ar-som-du-web-banner.png\" class=\"bg-desktop\" alt=\"\" srcset=\"https:\/\/jag.se\/opinion\/wp-content\/uploads\/sites\/3\/2023\/04\/Jag-ar-som-du-web-banner.png 2150w, https:\/\/jag.se\/opinion\/wp-content\/uploads\/sites\/3\/2023\/04\/Jag-ar-som-du-web-banner-300x88.png 300w, https:\/\/jag.se\/opinion\/wp-content\/uploads\/sites\/3\/2023\/04\/Jag-ar-som-du-web-banner-1024x299.png 1024w, https:\/\/jag.se\/opinion\/wp-content\/uploads\/sites\/3\/2023\/04\/Jag-ar-som-du-web-banner-768x224.png 768w, https:\/\/jag.se\/opinion\/wp-content\/uploads\/sites\/3\/2023\/04\/Jag-ar-som-du-web-banner-1536x449.png 1536w, https:\/\/jag.se\/opinion\/wp-content\/uploads\/sites\/3\/2023\/04\/Jag-ar-som-du-web-banner-2048x598.png 2048w, https:\/\/jag.se\/opinion\/wp-content\/uploads\/sites\/3\/2023\/04\/Jag-ar-som-du-web-banner-1920x561.png 1920w, https:\/\/jag.se\/opinion\/wp-content\/uploads\/sites\/3\/2023\/04\/Jag-ar-som-du-web-banner-320x93.png 320w, https:\/\/jag.se\/opinion\/wp-content\/uploads\/sites\/3\/2023\/04\/Jag-ar-som-du-web-banner-120x35.png 120w, https:\/\/jag.se\/opinion\/wp-content\/uploads\/sites\/3\/2023\/04\/Jag-ar-som-du-web-banner-540x158.png 540w, https:\/\/jag.se\/opinion\/wp-content\/uploads\/sites\/3\/2023\/04\/Jag-ar-som-du-web-banner-601x176.png 601w, https:\/\/jag.se\/opinion\/wp-content\/uploads\/sites\/3\/2023\/04\/Jag-ar-som-du-web-banner-150x44.png 150w, https:\/\/jag.se\/opinion\/wp-content\/uploads\/sites\/3\/2023\/04\/Jag-ar-som-du-web-banner-311x91.png 311w, https:\/\/jag.se\/opinion\/wp-content\/uploads\/sites\/3\/2023\/04\/Jag-ar-som-du-web-banner-369x108.png 369w, https:\/\/jag.se\/opinion\/wp-content\/uploads\/sites\/3\/2023\/04\/Jag-ar-som-du-web-banner-374x109.png 374w, https:\/\/jag.se\/opinion\/wp-content\/uploads\/sites\/3\/2023\/04\/Jag-ar-som-du-web-banner-171x50.png 171w, https:\/\/jag.se\/opinion\/wp-content\/uploads\/sites\/3\/2023\/04\/Jag-ar-som-du-web-banner-1917x560.png 1917w\" sizes=\"auto, (max-width: 2150px) 100vw, 2150px\" \/><img loading=\"lazy\" decoding=\"async\" width=\"540\" height=\"540\" src=\"https:\/\/jag.se\/opinion\/wp-content\/uploads\/sites\/3\/2023\/04\/Jag-ar-som-du-web-banner-fyrkant.png\" class=\"bg-mobile\" alt=\"\" srcset=\"https:\/\/jag.se\/opinion\/wp-content\/uploads\/sites\/3\/2023\/04\/Jag-ar-som-du-web-banner-fyrkant.png 540w, https:\/\/jag.se\/opinion\/wp-content\/uploads\/sites\/3\/2023\/04\/Jag-ar-som-du-web-banner-fyrkant-300x300.png 300w, https:\/\/jag.se\/opinion\/wp-content\/uploads\/sites\/3\/2023\/04\/Jag-ar-som-du-web-banner-fyrkant-150x150.png 150w, https:\/\/jag.se\/opinion\/wp-content\/uploads\/sites\/3\/2023\/04\/Jag-ar-som-du-web-banner-fyrkant-100x100.png 100w, https:\/\/jag.se\/opinion\/wp-content\/uploads\/sites\/3\/2023\/04\/Jag-ar-som-du-web-banner-fyrkant-120x120.png 120w, https:\/\/jag.se\/opinion\/wp-content\/uploads\/sites\/3\/2023\/04\/Jag-ar-som-du-web-banner-fyrkant-38x38.png 38w, https:\/\/jag.se\/opinion\/wp-content\/uploads\/sites\/3\/2023\/04\/Jag-ar-som-du-web-banner-fyrkant-311x311.png 311w, https:\/\/jag.se\/opinion\/wp-content\/uploads\/sites\/3\/2023\/04\/Jag-ar-som-du-web-banner-fyrkant-369x369.png 369w, https:\/\/jag.se\/opinion\/wp-content\/uploads\/sites\/3\/2023\/04\/Jag-ar-som-du-web-banner-fyrkant-374x374.png 374w, https:\/\/jag.se\/opinion\/wp-content\/uploads\/sites\/3\/2023\/04\/Jag-ar-som-du-web-banner-fyrkant-50x50.png 50w\" sizes=\"auto, (max-width: 540px) 100vw, 540px\" \/>\t<div class=\"inner\">\n\t\t\t\t\t<div class=\"text-block  \">\n\t\t\t\t\t\t\t\t\t<h3>Jag \u00e4r som du<\/h3>\n\t\t\t\t\t\t\t\t\t<p>H\u00e4r kan du lyssna p\u00e5 l\u00e5ten &#8221;Jag \u00e4r som du&#8221; och kolla p\u00e5 musikvideon. Bli g\u00e4rna st\u00f6dmedlem i Riksf\u00f6reningen JAG, s\u00e5 st\u00f6ttar du arbetet med att bek\u00e4mpa IQ-diskrimineringen i samh\u00e4llet.<\/p>\n\t\t\t\t<a href=\"https:\/\/jag.se\/opinion\/bli-medlem\/\" class=\"button inverted\">Bli st\u00f6dmedlem<\/a> \t\t\t<\/div>\n\t\t\t\t<\/div>\n<\/section>\n\n\n<section class=\"text-block white  \">\n    <div class=\"block-icon\"><\/div>\n\t<div class=\"inner\">\n\t\t<div class=\"text-block-content\">\n\t\t\t\t\t<h2 class=\"\">Jag \u00e4r som du  &#8211; en l\u00e5t om allas lika v\u00e4rde<\/h2>\n\t\t\t\t\t\t\t<\/div>\n<\/section>\n\n\n\t<section class=\"custom-iframe\">\n\t\t<div class=\"inner\">\n\t\t\t<iframe loading=\"lazy\" class=\"youtube\" width=\"640\" height=\"360\" src=\"https:\/\/www.youtube.com\/embed\/5Iqe458h_RY\" title=\"YouTube video player\" frameborder=\"0\" allow=\"accelerometer; autoplay; clipboard-write; encrypted-media; gyroscope; picture-in-picture\" allowfullscreen><\/iframe>\n\t\t<\/div>\n\t<\/section>\n\t\n\n<section class=\"text-block white  \">\n    <div class=\"block-icon\"><\/div>\n\t<div class=\"inner\">\n\t\t<div class=\"text-block-content\">\n\t\t\t\t<p><iframe loading=\"lazy\" style=\"border-radius: 12px;\" src=\"https:\/\/open.spotify.com\/embed\/track\/1dxo7uyWpliK0LlBmQSUhm?utm_source=generator&amp;theme=0\" width=\"100%\" height=\"352\" frameborder=\"0\" allowfullscreen=\"allowfullscreen\"><\/iframe><\/p>\n<p><!-- \/wp:post-content --><\/p>\n<p><!-- wp:paragraph --><\/p>\n<p><!-- \/wp:paragraph --><!-- \/wp:acf\/acf-classic-blocks-wrapper --><\/p>\n\t\t<\/div>\n<\/section>\n\n\n<section class=\"text-block ocean  \">\n    <div class=\"block-icon\"><\/div>\n\t<div class=\"inner\">\n\t\t<div class=\"text-block-content\">\n\t\t\t\t<blockquote>\n<p>\u2013 Att jag lyckats f\u00e5 med alla dom h\u00e4r musikerna i projektet k\u00e4nns som en bekr\u00e4ftelse p\u00e5 att den h\u00e4r fr\u00e5gan ber\u00f6r. Nu g\u00e4ller det att f\u00e5 resten av befolkningen att bli lika ber\u00f6rda och f\u00f6r\u00e4ndra v\u00e4rlden p\u00e5 riktigt, s\u00e4ger Allan Sundberg.\u00a0\u00a0<\/p>\n<\/blockquote>\n\t\t<\/div>\n<\/section>\n\n\n<section class=\"text-block white  \">\n    <div class=\"block-icon\"><\/div>\n\t<div class=\"inner\">\n\t\t<div class=\"text-block-content\">\n\t\t\t\t<p><em>Jag \u00e4r som du<\/em> sl\u00e4pps till f\u00f6rm\u00e5n f\u00f6r den ideella Riksf\u00f6reningen JAG som arbetar mot IQ-diskriminering. IQ-diskriminering betyder att m\u00e4nniskor med intellektuell funktionsneds\u00e4ttning behandlas d\u00e5ligt p\u00e5 grund av sin funktionsneds\u00e4ttning.<\/p>\n<p><!-- \/wp:paragraph --><\/p>\n<p><!-- wp:paragraph --><\/p>\n<p>Budskapet i l\u00e5ten \u00e4r att oavsett vem du \u00e4r eller vilka funktionsneds\u00e4ttningar du har, s\u00e5 har du samma v\u00e4rde som andra, samma r\u00e4tt att ha dr\u00f6mmar och samma r\u00e4tt att leva i frihet och vara huvudperson i ditt eget liv.<\/p>\n<p><!-- \/wp:paragraph --><\/p>\n<p><!-- wp:paragraph --><\/p>\n<p>L\u00e5ten har skrivits och producerats av Allan Sundberg som till vardags spelar gitarr med KSMB, Stormen och Peo Thyr\u00e9n. Producenten och musikern Chris Laney (grammisbel\u00f6nad f\u00f6r \u00e5rets h\u00e5rdrock som \u00e5rets dansband) har mixat l\u00e5ten.<\/p>\n<p><!-- \/wp:paragraph --><\/p>\n<p><!-- wp:paragraph --><\/p>\n<p>Inspirationen till l\u00e5ten har Allan bland annat f\u00e5tt fr\u00e5n sin son Tim Sundberg som lever med personlig assistans dygnet runt. Tim \u00e4r aktiv i Riksf\u00f6reningen JAGs intressepolitiska arbete med st\u00f6d av Allan och \u00e4r \u00e4ven 2:e vice ordf\u00f6rande i f\u00f6reningen.<\/p>\n\t\t<\/div>\n<\/section>\n\n\n<section class=\"text-block ocean  \">\n    <div class=\"block-icon\"><\/div>\n\t<div class=\"inner\">\n\t\t<div class=\"text-block-content\">\n\t\t\t\t\t<h2 class=\"\">Medverkande<\/h2>\n\t\t\t\t\t<p><strong>Peo Thyr\u00e9n<\/strong> (Noice) \u2013 leads\u00e5ng och bas<br \/><strong>Stephan Guiance<\/strong> (KSMB) \u2013 leads\u00e5ng<br \/><strong>Michael Alonzo<\/strong> (KSMB) \u2013 leads\u00e5ng<br \/><strong>Jan Johansen<\/strong> \u2013 leads\u00e5ng<br \/><strong>Linnea Vikstr\u00f6m Egg<\/strong> (Thundermother, Therion) \u2013 lead-, och k\u00f6rs\u00e5ng<br \/><strong>Filippa N\u00e4ssil<\/strong> (Thundermother) \u2013 gitarr och k\u00f6rs\u00e5ng<br \/><strong>Pontus Norgren<\/strong> (Hammerfall) \u2013 gitarr<br \/><strong>Chris Laney<\/strong> (Pretty Maids) \u2013 gitarr, keyboards och k\u00f6rs\u00e5ng<br \/><strong>Georg H\u00e4rnsten Egg<\/strong> (Dynasty) &#8211; trummor<br \/><strong>Roland Liljesk\u00e4r<\/strong> \u2013 k\u00f6rs\u00e5ng<br \/><strong>Stefan Nilsson<\/strong> \u2013 keyboards<br \/><strong>Tim Sundberg<\/strong> \u2013 gitarr<br \/><strong>Allan Sundberg<\/strong> (KSMB, Stormen) \u2013 bas, gitarr, keyboards och k\u00f6rs\u00e5ng<\/p>\n\t\t<\/div>\n<\/section>\n\n\n<div class=\"wp-block-image\">\n<figure class=\"aligncenter size-large is-resized\"><img loading=\"lazy\" decoding=\"async\" src=\"https:\/\/jag.se\/opinion\/wp-content\/uploads\/sites\/3\/2023\/05\/10-Presenterar-Bandet-1024x704.png\" alt=\"\" class=\"wp-image-22622\" width=\"768\" height=\"528\" srcset=\"https:\/\/jag.se\/opinion\/wp-content\/uploads\/sites\/3\/2023\/05\/10-Presenterar-Bandet-1024x704.png 1024w, https:\/\/jag.se\/opinion\/wp-content\/uploads\/sites\/3\/2023\/05\/10-Presenterar-Bandet-300x206.png 300w, https:\/\/jag.se\/opinion\/wp-content\/uploads\/sites\/3\/2023\/05\/10-Presenterar-Bandet-768x528.png 768w, https:\/\/jag.se\/opinion\/wp-content\/uploads\/sites\/3\/2023\/05\/10-Presenterar-Bandet-146x100.png 146w, https:\/\/jag.se\/opinion\/wp-content\/uploads\/sites\/3\/2023\/05\/10-Presenterar-Bandet-120x82.png 120w, https:\/\/jag.se\/opinion\/wp-content\/uploads\/sites\/3\/2023\/05\/10-Presenterar-Bandet-540x371.png 540w, https:\/\/jag.se\/opinion\/wp-content\/uploads\/sites\/3\/2023\/05\/10-Presenterar-Bandet-601x413.png 601w, https:\/\/jag.se\/opinion\/wp-content\/uploads\/sites\/3\/2023\/05\/10-Presenterar-Bandet-150x103.png 150w, https:\/\/jag.se\/opinion\/wp-content\/uploads\/sites\/3\/2023\/05\/10-Presenterar-Bandet-311x214.png 311w, https:\/\/jag.se\/opinion\/wp-content\/uploads\/sites\/3\/2023\/05\/10-Presenterar-Bandet-369x254.png 369w, https:\/\/jag.se\/opinion\/wp-content\/uploads\/sites\/3\/2023\/05\/10-Presenterar-Bandet-374x257.png 374w, https:\/\/jag.se\/opinion\/wp-content\/uploads\/sites\/3\/2023\/05\/10-Presenterar-Bandet-73x50.png 73w, https:\/\/jag.se\/opinion\/wp-content\/uploads\/sites\/3\/2023\/05\/10-Presenterar-Bandet-815x560.png 815w, https:\/\/jag.se\/opinion\/wp-content\/uploads\/sites\/3\/2023\/05\/10-Presenterar-Bandet.png 1291w\" sizes=\"auto, (max-width: 768px) 100vw, 768px\" \/><\/figure>\n<\/div>\n\n<section class=\"text-block ocean  \">\n    <div class=\"block-icon\"><\/div>\n\t<div class=\"inner\">\n\t\t<div class=\"text-block-content\">\n\t\t\t\t\t<h2 class=\"\">&#8221;F\u00f6r mig var det en sj\u00e4lvklarhet att st\u00e4lla upp&#8221;<\/h2>\n\t\t\t\t\t<p>\u2013 F\u00f6r mig var det en sj\u00e4lvklarhet att st\u00e4lla upp. Jag har upptr\u00e4tt flera g\u00e5nger vid manifestationer f\u00f6r r\u00e4tten till personlig assistans, s\u00e4ger Jan Johansen.<\/p>\n<p>\u2013 Det handlar om medm\u00e4nsklighet att inte diskriminera n\u00e5gon p\u00e5 grund av en funktionsneds\u00e4ttning. Vi st\u00e4ller oss sj\u00e4lvklart bakom alla m\u00e4nniskors r\u00e4tt att leva sitt liv p\u00e5 sina villkor, s\u00e4ger Stephan Guiance och Michael Alonzo fr\u00e5n KSMB.<\/p>\n<p><!-- \/wp:paragraph --><\/p>\n<p><!-- wp:paragraph --><\/p>\n<p>\u2013\u00a0 F\u00f6r mig handlar det om m\u00e4nniskov\u00e4rde och jag tvekade inte en sekund att st\u00e4lla upp n\u00e4r jag fick fr\u00e5gan, s\u00e4ger Peo Thyr\u00e9n fr\u00e5n Noice.<\/p>\n<p><!-- \/wp:paragraph --><\/p>\n<p><!-- wp:paragraph --><\/p>\n<p>\u2013 Jag beh\u00f6vde inte ens fundera innan jag tackade ja till det h\u00e4r. R\u00e4ttigheter f\u00f6r m\u00e4nniskor med funktionsneds\u00e4ttning ligger mig varmt om hj\u00e4rtat, s\u00e4ger Filippa N\u00e4ssil fr\u00e5n Thundermother.<\/p>\n<p>\u2013\u00a0Det h\u00e4r \u00e4r s\u00e5 pass viktigt att jag lade alla andra musikprojekt \u00e5t sidan. Rockstj\u00e4rnorna f\u00e5r v\u00e4nta, s\u00e4ger Chris Laney som till vardags \u00e4r en miljons\u00e4ljande, grammisvinnande musikproducent.<\/p>\n<p><!-- \/wp:paragraph --><\/p>\n<p><!-- wp:paragraph --><\/p>\n<p>\u2013 \u201dKan inte de bara bo p\u00e5 n\u00e5t hem?\u201d \u00e4r en alltf\u00f6r vanlig missuppfattning om m\u00e4nniskor med stora funktionsneds\u00e4ttningar. Det enkla svaret \u00e4r: Nej, du \u00f6verlever inte p\u00e5 en institution om du har flera stora funktionsneds\u00e4ttningar och \u00e4ven beh\u00f6ver hj\u00e4lp att kommunicera av n\u00e5gon som k\u00e4nner dig v\u00e4l. R\u00e4tten till personlig assistans \u00e4r livsviktig f\u00f6r min son Tim Sundberg, men ocks\u00e5 r\u00e4tten att f\u00e5 vara en del av samh\u00e4llet och inte bli diskriminerad p\u00e5 grund av sina funktionsneds\u00e4ttningar, s\u00e4ger Allan Sundberg.<\/p>\n<p>\u2013 Jag tycker att <a href=\"https:\/\/guide.funktionsrattskonventionen.se\/dina-rattigheter\/funktionsrattskonventionen-artikel-artikel\/artikel-19-ratt-att-leva-sjalvstandigt-och-att-delta-i-samhallet\/\" target=\"_blank\" rel=\"noreferrer noopener\">Artikel 19<\/a> \u00e4r ett passande, punkigt och rebelliskt namn p\u00e5 projektet. Det \u00e4r dessutom den del av <a href=\"https:\/\/sv.wikipedia.org\/wiki\/Konventionen_om_r%C3%A4ttigheter_f%C3%B6r_personer_med_funktionsneds%C3%A4ttning\" target=\"_blank\" rel=\"noreferrer noopener\">Funktionsr\u00e4ttskonventionen<\/a> som omfattar r\u00e4tten att leva sj\u00e4lvst\u00e4ndigt och ing\u00e5 i samh\u00e4llet, forts\u00e4tter Allan.<\/p>\n<p><!-- \/wp:paragraph --><\/p>\n<p><!-- wp:paragraph --><\/p>\n<p><a href=\"https:\/\/sv.wikipedia.org\/wiki\/F%C3%B6reningen_JAG\" target=\"_blank\" rel=\"noreferrer noopener\">Riksf\u00f6reningen JAG<\/a> \u00e4r Sveriges intresseorganisation f\u00f6r assistansanv\u00e4ndare med intellektuell funktionsneds\u00e4ttning. Magnus And\u00e9n, ordf\u00f6rande i Riksf\u00f6reningen JAG, uttrycker med hj\u00e4lp av sin gode man Cecilia Blanck:<\/p>\n<p>\u2013 F\u00f6r oss \u00e4r det viktigt att visa att livet \u00e4r v\u00e4rt att leva ocks\u00e5 med omfattande funktionsneds\u00e4ttningar. F\u00f6r n\u00e4r som helst kan vem som helst bli en av oss.<\/p>\n<p><!-- \/wp:paragraph --><\/p>\n<p><!-- wp:paragraph --><\/p>\n<p><em>Musikvideon \u00e4r regisserad av Marcus von Boisman och inspelad tillsammans med medlemmar ur Riksf\u00f6reningen JAG under en manifestation framf\u00f6r Stockholms central samt p\u00e5 Rockklubben Melodybox.\u00a0<\/em><\/p>\n\t\t<\/div>\n<\/section>\n\n\n<section class=\"text-block white  \">\n    <div class=\"block-icon\"><\/div>\n\t<div class=\"inner\">\n\t\t<div class=\"text-block-content\">\n\t\t\t\t\t<h2 class=\"\">Lyrics<\/h2>\n\t\t\t\t\t<p><em>Du, Vet du vem jag \u00e4r? <\/em><br \/><em>Jag \u00e4r precis som du.<\/em><br \/><em>Fast jag inget s\u00e4ger, <\/em><br \/><em>har jag n\u00e5got att s\u00e4ga.<\/em><br \/><em>Jag \u00e4r som du, Du \u00e4r som jag<\/em><br \/><em>Vi har v\u00e5ra dr\u00f6mmar och lever v\u00e5rt liv och vi v\u00e4ljer sj\u00e4lv.<\/em><\/p>\n<p><em>Jag \u00e4r som du, Du \u00e4r som jag<\/em><br \/><em>Vi \u00e4r som varandra, Som alla andra, <\/em><br \/><em>Jag \u00e4r som du<\/em><\/p>\n<p><em>Barn, beh\u00f6ver liv, barn beh\u00f6ver luft<\/em><br \/><em>dom m\u00e5ste f\u00e5 k\u00e4rlek, m\u00e5ste f\u00e5 n\u00e4rhet precis som du.<\/em><\/p>\n<p><em>Jag \u00e4r som du, Du \u00e4r som jag<\/em><br \/><em>Vi \u00e4r som varandra, Som alla andra, <\/em><br \/><em>Jag \u00e4r som du<\/em><br \/><em>Jag \u00e4r som du, Du \u00e4r som jag<\/em><br \/><em>Vi \u00e4r som varandra, som alla andra, <\/em><br \/><em>Jag \u00e4r som du.<\/em><\/p>\n<p><em>Alla f\u00f6ds lika nakna men n\u00e5gra f\u00e5r k\u00e4mpa<\/em><br \/><em>Vissa l\u00e4mnas bort.<\/em><br \/><em>Alla m\u00e5ste f\u00e5 chansen, att leva sitt liv<\/em><br \/><em>S\u00e5 lyssna nu!<\/em><\/p>\n<p><em>Jag \u00e4r som du, Du \u00e4r som jag<\/em><br \/><em>Vi \u00e4r som varandra, Som alla andra, <\/em><br \/><em>Jag \u00e4r som du<\/em><br \/><em>Jag \u00e4r som du, du \u00e4r som jag<\/em><br \/><em>Vi \u00e4r som varandra, som alla andra<\/em><br \/><em>Jag \u00e4r som du.<\/em><br \/><em>Jag \u00e4r som du<\/em><\/p>\n\t\t<\/div>\n<\/section>\n","protected":false},"excerpt":{"rendered":"","protected":false},"author":8,"featured_media":0,"parent":0,"menu_order":10,"comment_status":"closed","ping_status":"closed","template":"","meta":{"footnotes":""},"class_list":["post-21673","page","type-page","status-publish","hentry"],"acf":[],"yoast_head":"<!-- This site is optimized with the Yoast SEO plugin v21.3 - https:\/\/yoast.com\/wordpress\/plugins\/seo\/ -->\n<title>Jag \u00e4r som du - Artikel 19 - JAG Opinion<\/title>\n<meta name=\"description\" content=\"L\u00e5ten Jag \u00e4r som du sl\u00e4pps till f\u00f6rm\u00e5n f\u00f6r den ideella Riksf\u00f6reningen JAG som arbetar mot IQ-diskriminering. Lyssna h\u00e4r!\" \/>\n<meta name=\"robots\" content=\"index, follow, max-snippet:-1, max-image-preview:large, max-video-preview:-1\" \/>\n<link rel=\"canonical\" href=\"https:\/\/jag.se\/opinion\/jagarsomdu\/\" \/>\n<meta property=\"og:locale\" content=\"sv_SE\" \/>\n<meta property=\"og:type\" content=\"article\" \/>\n<meta property=\"og:title\" content=\"Jag \u00e4r som du - Artikel 19 - JAG Opinion\" \/>\n<meta property=\"og:description\" content=\"L\u00e5ten Jag \u00e4r som du sl\u00e4pps till f\u00f6rm\u00e5n f\u00f6r den ideella Riksf\u00f6reningen JAG som arbetar mot IQ-diskriminering. Lyssna h\u00e4r!\" \/>\n<meta property=\"og:url\" content=\"https:\/\/jag.se\/opinion\/jagarsomdu\/\" \/>\n<meta property=\"og:site_name\" content=\"JAG Opinion\" \/>\n<meta property=\"article:modified_time\" content=\"2023-05-15T07:08:07+00:00\" \/>\n<meta property=\"og:image\" content=\"https:\/\/jag.se\/opinion\/wp-content\/uploads\/sites\/3\/2023\/05\/10-Presenterar-Bandet-1024x704.png\" \/>\n<meta name=\"twitter:card\" content=\"summary_large_image\" \/>\n<meta name=\"twitter:label1\" content=\"Ber\u00e4knad l\u00e4stid\" \/>\n\t<meta name=\"twitter:data1\" content=\"1 minut\" \/>\n<script type=\"application\/ld+json\" class=\"yoast-schema-graph\">{\"@context\":\"https:\/\/schema.org\",\"@graph\":[{\"@type\":\"WebPage\",\"@id\":\"https:\/\/jag.se\/opinion\/jagarsomdu\/\",\"url\":\"https:\/\/jag.se\/opinion\/jagarsomdu\/\",\"name\":\"Jag \u00e4r som du - Artikel 19 - JAG Opinion\",\"isPartOf\":{\"@id\":\"https:\/\/jag.se\/opinion\/#website\"},\"datePublished\":\"2023-04-13T10:04:47+00:00\",\"dateModified\":\"2023-05-15T07:08:07+00:00\",\"description\":\"L\u00e5ten Jag \u00e4r som du sl\u00e4pps till f\u00f6rm\u00e5n f\u00f6r den ideella Riksf\u00f6reningen JAG som arbetar mot IQ-diskriminering. Lyssna h\u00e4r!\",\"breadcrumb\":{\"@id\":\"https:\/\/jag.se\/opinion\/jagarsomdu\/#breadcrumb\"},\"inLanguage\":\"sv-SE\",\"potentialAction\":[{\"@type\":\"ReadAction\",\"target\":[\"https:\/\/jag.se\/opinion\/jagarsomdu\/\"]}]},{\"@type\":\"BreadcrumbList\",\"@id\":\"https:\/\/jag.se\/opinion\/jagarsomdu\/#breadcrumb\",\"itemListElement\":[{\"@type\":\"ListItem\",\"position\":1,\"name\":\"JAG start\",\"item\":\"https:\/\/jag.se\"},{\"@type\":\"ListItem\",\"position\":2,\"name\":\"Riksf\u00f6reningen JAG\",\"item\":\"https:\/\/jag.se\/opinion\/\"},{\"@type\":\"ListItem\",\"position\":3,\"name\":\"Jag \u00e4r som du &#8211; Artikel 19\"}]},{\"@type\":\"WebSite\",\"@id\":\"https:\/\/jag.se\/opinion\/#website\",\"url\":\"https:\/\/jag.se\/opinion\/\",\"name\":\"JAG Opinion\",\"description\":\"\",\"potentialAction\":[{\"@type\":\"SearchAction\",\"target\":{\"@type\":\"EntryPoint\",\"urlTemplate\":\"https:\/\/jag.se\/opinion\/?s={search_term_string}\"},\"query-input\":\"required name=search_term_string\"}],\"inLanguage\":\"sv-SE\"}]}<\/script>\n<!-- \/ Yoast SEO plugin. -->","yoast_head_json":{"title":"Jag \u00e4r som du - Artikel 19 - JAG Opinion","description":"L\u00e5ten Jag \u00e4r som du sl\u00e4pps till f\u00f6rm\u00e5n f\u00f6r den ideella Riksf\u00f6reningen JAG som arbetar mot IQ-diskriminering. Lyssna h\u00e4r!","robots":{"index":"index","follow":"follow","max-snippet":"max-snippet:-1","max-image-preview":"max-image-preview:large","max-video-preview":"max-video-preview:-1"},"canonical":"https:\/\/jag.se\/opinion\/jagarsomdu\/","og_locale":"sv_SE","og_type":"article","og_title":"Jag \u00e4r som du - Artikel 19 - JAG Opinion","og_description":"L\u00e5ten Jag \u00e4r som du sl\u00e4pps till f\u00f6rm\u00e5n f\u00f6r den ideella Riksf\u00f6reningen JAG som arbetar mot IQ-diskriminering. Lyssna h\u00e4r!","og_url":"https:\/\/jag.se\/opinion\/jagarsomdu\/","og_site_name":"JAG Opinion","article_modified_time":"2023-05-15T07:08:07+00:00","og_image":[{"url":"https:\/\/jag.se\/opinion\/wp-content\/uploads\/sites\/3\/2023\/05\/10-Presenterar-Bandet-1024x704.png"}],"twitter_card":"summary_large_image","twitter_misc":{"Ber\u00e4knad l\u00e4stid":"1 minut"},"schema":{"@context":"https:\/\/schema.org","@graph":[{"@type":"WebPage","@id":"https:\/\/jag.se\/opinion\/jagarsomdu\/","url":"https:\/\/jag.se\/opinion\/jagarsomdu\/","name":"Jag \u00e4r som du - Artikel 19 - JAG Opinion","isPartOf":{"@id":"https:\/\/jag.se\/opinion\/#website"},"datePublished":"2023-04-13T10:04:47+00:00","dateModified":"2023-05-15T07:08:07+00:00","description":"L\u00e5ten Jag \u00e4r som du sl\u00e4pps till f\u00f6rm\u00e5n f\u00f6r den ideella Riksf\u00f6reningen JAG som arbetar mot IQ-diskriminering. Lyssna h\u00e4r!","breadcrumb":{"@id":"https:\/\/jag.se\/opinion\/jagarsomdu\/#breadcrumb"},"inLanguage":"sv-SE","potentialAction":[{"@type":"ReadAction","target":["https:\/\/jag.se\/opinion\/jagarsomdu\/"]}]},{"@type":"BreadcrumbList","@id":"https:\/\/jag.se\/opinion\/jagarsomdu\/#breadcrumb","itemListElement":[{"@type":"ListItem","position":1,"name":"JAG start","item":"https:\/\/jag.se"},{"@type":"ListItem","position":2,"name":"Riksf\u00f6reningen JAG","item":"https:\/\/jag.se\/opinion\/"},{"@type":"ListItem","position":3,"name":"Jag \u00e4r som du &#8211; Artikel 19"}]},{"@type":"WebSite","@id":"https:\/\/jag.se\/opinion\/#website","url":"https:\/\/jag.se\/opinion\/","name":"JAG Opinion","description":"","potentialAction":[{"@type":"SearchAction","target":{"@type":"EntryPoint","urlTemplate":"https:\/\/jag.se\/opinion\/?s={search_term_string}"},"query-input":"required name=search_term_string"}],"inLanguage":"sv-SE"}]}},"_links":{"self":[{"href":"https:\/\/jag.se\/opinion\/wp-json\/wp\/v2\/pages\/21673","targetHints":{"allow":["GET"]}}],"collection":[{"href":"https:\/\/jag.se\/opinion\/wp-json\/wp\/v2\/pages"}],"about":[{"href":"https:\/\/jag.se\/opinion\/wp-json\/wp\/v2\/types\/page"}],"author":[{"embeddable":true,"href":"https:\/\/jag.se\/opinion\/wp-json\/wp\/v2\/users\/8"}],"replies":[{"embeddable":true,"href":"https:\/\/jag.se\/opinion\/wp-json\/wp\/v2\/comments?post=21673"}],"version-history":[{"count":42,"href":"https:\/\/jag.se\/opinion\/wp-json\/wp\/v2\/pages\/21673\/revisions"}],"predecessor-version":[{"id":23198,"href":"https:\/\/jag.se\/opinion\/wp-json\/wp\/v2\/pages\/21673\/revisions\/23198"}],"wp:attachment":[{"href":"https:\/\/jag.se\/opinion\/wp-json\/wp\/v2\/media?parent=21673"}],"curies":[{"name":"wp","href":"https:\/\/api.w.org\/{rel}","templated":true}]}}