{"id":21719,"date":"2023-04-18T07:57:43","date_gmt":"2023-04-18T07:57:43","guid":{"rendered":"https:\/\/jag.se\/opinion\/?page_id=21719"},"modified":"2023-05-05T09:41:56","modified_gmt":"2023-05-05T09:41:56","slug":"dokument","status":"publish","type":"page","link":"https:\/\/jag.se\/opinion\/dokument\/","title":{"rendered":"dokument"},"content":{"rendered":"<section class=\"text-block white  \">\n    <div class=\"block-icon\"><\/div>\n\t<div class=\"inner\">\n\t\t<div class=\"text-block-content\">\n\t\t\t\t\t<h2 class=\"\">Mallar, policyer och rutiner<\/h2>\n\t\t\t\t\t<p><a href=\"https:\/\/jag.se\/opinion\/wp-content\/uploads\/sites\/3\/2023\/04\/MALL-Kostnadsredovisning-Lansforeningar-inom-JAG-Digital.docx\">MALL Kostnadsredovisning L\u00e4nsf\u00f6reningar inom JAG Digital<\/a><\/p>\n<p><a href=\"https:\/\/jag.se\/opinion\/wp-content\/uploads\/sites\/3\/2023\/04\/MALL-Protokoll-for-konstituerande-mote-i-JAGs-lansforeningar-230412.docx\">MALL Protokoll f\u00f6r konstituerande m\u00f6te i JAGs l\u00e4nsf\u00f6reningar 230412<\/a><\/p>\n<p><a href=\"https:\/\/jag.se\/opinion\/wp-content\/uploads\/sites\/3\/2023\/04\/MALL-Protokoll-for-konstituerande-mote-i-JAGs-lansforeningar-Egen-ekonomi-230412.docx\">MALL Protokoll f\u00f6r konstituerande m\u00f6te i JAGs l\u00e4nsf\u00f6reningar Egen ekonomi 230412<\/a><\/p>\n<p><a href=\"https:\/\/jag.se\/opinion\/wp-content\/uploads\/sites\/3\/2023\/04\/MALL-PROTOKOLL-Styrelsemote-JAGs-lansforeningar-230412.docx\">MALL PROTOKOLL Styrelsem\u00f6te JAGs l\u00e4nsf\u00f6reningar 230412<\/a><\/p>\n<p><a href=\"https:\/\/jag.se\/opinion\/wp-content\/uploads\/sites\/3\/2023\/04\/MALL-Verksamhetsberattelse-JAGs-lansforeningar-230412.docx\">MALL Verksamhetsber\u00e4ttelse JAGs l\u00e4nsf\u00f6reningar 230412<\/a><\/p>\n<p><a href=\"https:\/\/jag.se\/opinion\/wp-content\/uploads\/sites\/3\/2023\/04\/Ansvarsfordelning-Riksforeningen-JAG-och-JAGs-lansforeningar-230412.docx\">Ansvarsf\u00f6rdelning Riksf\u00f6reningen JAG och JAGs l\u00e4nsf\u00f6reningar 230412<\/a><\/p>\n<p><a href=\"https:\/\/jag.se\/opinion\/wp-content\/uploads\/sites\/3\/2023\/04\/Ansvarsfordelning-Traffpunkter-Riksforeningen-JAG-och-JAGs-lansforeningar-230412.docx\">Ansvarsf\u00f6rdelning Tr\u00e4ffpunkter Riksf\u00f6reningen JAG och JAGs l\u00e4nsf\u00f6reningar 230412<\/a><\/p>\n<p><a href=\"https:\/\/jag.se\/opinion\/wp-content\/uploads\/sites\/3\/2023\/04\/Checklista-Handlingar-till-JAGs-kansli-230412.docx\">Checklista Handlingar till JAGs kansli 230412<\/a><\/p>\n<p><a href=\"https:\/\/jag.se\/opinion\/wp-content\/uploads\/sites\/3\/2023\/04\/Fullmakt-LF-arsmoten-2023.docx\">Fullmakt LF-\u00e5rsm\u00f6ten 2023<\/a><\/p>\n<p><a href=\"https:\/\/jag.se\/opinion\/wp-content\/uploads\/sites\/3\/2023\/04\/Foreningspolicy-JAG-230412.docx\">F\u00f6reningspolicy JAG 230412<\/a><\/p>\n<p><a href=\"https:\/\/jag.se\/opinion\/wp-content\/uploads\/sites\/3\/2023\/04\/MALL-KALLELSE-Styrelsemote-JAGs-lansforeningar-230412.docx\">MALL KALLELSE Styrelsem\u00f6te JAGs l\u00e4nsf\u00f6reningar 230412<\/a><\/p>\n<p><a href=\"https:\/\/jag.se\/opinion\/wp-content\/uploads\/sites\/3\/2023\/04\/MALL-Kostnadsredovisning-JAGs-Traffpunkter-2022.docx\">MALL Kostnadsredovisning JAGs Tr\u00e4ffpunkter 2022<\/a><\/p>\n<p><a href=\"https:\/\/jag.se\/opinion\/wp-content\/uploads\/sites\/3\/2023\/04\/Mall-Kostnadsredovisning-Lansforeningar-inom-JAG-200207.docx\">Mall Kostnadsredovisning L\u00e4nsf\u00f6reningar inom JAG 200207<\/a><\/p>\n<p><a href=\"https:\/\/jag.se\/opinion\/wp-content\/uploads\/sites\/3\/2023\/04\/MALL-Arsmotesprotokoll-JAGs-lansforeningar-230412.docx\">MALL \u00c5rsm\u00f6tesprotokoll JAGs l\u00e4nsf\u00f6reningar 230412<\/a><\/p>\n<p><a href=\"https:\/\/jag.se\/opinion\/wp-content\/uploads\/sites\/3\/2023\/04\/Arshjul-JAGs-lansforeningar-Digitalt-230412.docx\">\u00c5rshjul JAGs l\u00e4nsf\u00f6reningar Digitalt 230412<\/a><\/p>\n<p><a href=\"https:\/\/jag.se\/opinion\/wp-content\/uploads\/sites\/3\/2023\/04\/Arshjul-JAGs-lansforeningar-Fysiskt-230412.docx\">\u00c5rshjul JAGs l\u00e4nsf\u00f6reningar Fysiskt 230412<\/a><\/p>\n\t\t<\/div>\n<\/section>\n","protected":false},"excerpt":{"rendered":"","protected":false},"author":8,"featured_media":0,"parent":0,"menu_order":9,"comment_status":"closed","ping_status":"closed","template":"","meta":{"footnotes":""},"class_list":["post-21719","page","type-page","status-publish","hentry"],"acf":[],"yoast_head":"<!-- This site is optimized with the Yoast SEO plugin v21.3 - https:\/\/yoast.com\/wordpress\/plugins\/seo\/ -->\n<title>dokument - JAG Opinion<\/title>\n<meta name=\"robots\" content=\"index, follow, max-snippet:-1, max-image-preview:large, max-video-preview:-1\" \/>\n<link rel=\"canonical\" href=\"https:\/\/jag.se\/opinion\/dokument\/\" \/>\n<meta property=\"og:locale\" content=\"sv_SE\" \/>\n<meta property=\"og:type\" content=\"article\" \/>\n<meta property=\"og:title\" content=\"dokument - JAG Opinion\" \/>\n<meta property=\"og:url\" content=\"https:\/\/jag.se\/opinion\/dokument\/\" \/>\n<meta property=\"og:site_name\" content=\"JAG Opinion\" \/>\n<meta property=\"article:modified_time\" content=\"2023-05-05T09:41:56+00:00\" \/>\n<meta name=\"twitter:card\" content=\"summary_large_image\" \/>\n<script type=\"application\/ld+json\" class=\"yoast-schema-graph\">{\"@context\":\"https:\/\/schema.org\",\"@graph\":[{\"@type\":\"WebPage\",\"@id\":\"https:\/\/jag.se\/opinion\/dokument\/\",\"url\":\"https:\/\/jag.se\/opinion\/dokument\/\",\"name\":\"dokument - JAG Opinion\",\"isPartOf\":{\"@id\":\"https:\/\/jag.se\/opinion\/#website\"},\"datePublished\":\"2023-04-18T07:57:43+00:00\",\"dateModified\":\"2023-05-05T09:41:56+00:00\",\"breadcrumb\":{\"@id\":\"https:\/\/jag.se\/opinion\/dokument\/#breadcrumb\"},\"inLanguage\":\"sv-SE\",\"potentialAction\":[{\"@type\":\"ReadAction\",\"target\":[\"https:\/\/jag.se\/opinion\/dokument\/\"]}]},{\"@type\":\"BreadcrumbList\",\"@id\":\"https:\/\/jag.se\/opinion\/dokument\/#breadcrumb\",\"itemListElement\":[{\"@type\":\"ListItem\",\"position\":1,\"name\":\"JAG start\",\"item\":\"https:\/\/jag.se\"},{\"@type\":\"ListItem\",\"position\":2,\"name\":\"Riksf\u00f6reningen JAG\",\"item\":\"https:\/\/jag.se\/opinion\/\"},{\"@type\":\"ListItem\",\"position\":3,\"name\":\"dokument\"}]},{\"@type\":\"WebSite\",\"@id\":\"https:\/\/jag.se\/opinion\/#website\",\"url\":\"https:\/\/jag.se\/opinion\/\",\"name\":\"JAG Opinion\",\"description\":\"\",\"potentialAction\":[{\"@type\":\"SearchAction\",\"target\":{\"@type\":\"EntryPoint\",\"urlTemplate\":\"https:\/\/jag.se\/opinion\/?s={search_term_string}\"},\"query-input\":\"required name=search_term_string\"}],\"inLanguage\":\"sv-SE\"}]}<\/script>\n<!-- \/ Yoast SEO plugin. -->","yoast_head_json":{"title":"dokument - JAG Opinion","robots":{"index":"index","follow":"follow","max-snippet":"max-snippet:-1","max-image-preview":"max-image-preview:large","max-video-preview":"max-video-preview:-1"},"canonical":"https:\/\/jag.se\/opinion\/dokument\/","og_locale":"sv_SE","og_type":"article","og_title":"dokument - JAG Opinion","og_url":"https:\/\/jag.se\/opinion\/dokument\/","og_site_name":"JAG Opinion","article_modified_time":"2023-05-05T09:41:56+00:00","twitter_card":"summary_large_image","schema":{"@context":"https:\/\/schema.org","@graph":[{"@type":"WebPage","@id":"https:\/\/jag.se\/opinion\/dokument\/","url":"https:\/\/jag.se\/opinion\/dokument\/","name":"dokument - JAG Opinion","isPartOf":{"@id":"https:\/\/jag.se\/opinion\/#website"},"datePublished":"2023-04-18T07:57:43+00:00","dateModified":"2023-05-05T09:41:56+00:00","breadcrumb":{"@id":"https:\/\/jag.se\/opinion\/dokument\/#breadcrumb"},"inLanguage":"sv-SE","potentialAction":[{"@type":"ReadAction","target":["https:\/\/jag.se\/opinion\/dokument\/"]}]},{"@type":"BreadcrumbList","@id":"https:\/\/jag.se\/opinion\/dokument\/#breadcrumb","itemListElement":[{"@type":"ListItem","position":1,"name":"JAG start","item":"https:\/\/jag.se"},{"@type":"ListItem","position":2,"name":"Riksf\u00f6reningen JAG","item":"https:\/\/jag.se\/opinion\/"},{"@type":"ListItem","position":3,"name":"dokument"}]},{"@type":"WebSite","@id":"https:\/\/jag.se\/opinion\/#website","url":"https:\/\/jag.se\/opinion\/","name":"JAG Opinion","description":"","potentialAction":[{"@type":"SearchAction","target":{"@type":"EntryPoint","urlTemplate":"https:\/\/jag.se\/opinion\/?s={search_term_string}"},"query-input":"required name=search_term_string"}],"inLanguage":"sv-SE"}]}},"_links":{"self":[{"href":"https:\/\/jag.se\/opinion\/wp-json\/wp\/v2\/pages\/21719","targetHints":{"allow":["GET"]}}],"collection":[{"href":"https:\/\/jag.se\/opinion\/wp-json\/wp\/v2\/pages"}],"about":[{"href":"https:\/\/jag.se\/opinion\/wp-json\/wp\/v2\/types\/page"}],"author":[{"embeddable":true,"href":"https:\/\/jag.se\/opinion\/wp-json\/wp\/v2\/users\/8"}],"replies":[{"embeddable":true,"href":"https:\/\/jag.se\/opinion\/wp-json\/wp\/v2\/comments?post=21719"}],"version-history":[{"count":4,"href":"https:\/\/jag.se\/opinion\/wp-json\/wp\/v2\/pages\/21719\/revisions"}],"predecessor-version":[{"id":21739,"href":"https:\/\/jag.se\/opinion\/wp-json\/wp\/v2\/pages\/21719\/revisions\/21739"}],"wp:attachment":[{"href":"https:\/\/jag.se\/opinion\/wp-json\/wp\/v2\/media?parent=21719"}],"curies":[{"name":"wp","href":"https:\/\/api.w.org\/{rel}","templated":true}]}}