{"id":23019,"date":"2023-12-13T12:33:40","date_gmt":"2023-12-13T12:33:40","guid":{"rendered":"https:\/\/jag.se\/opinion\/?page_id=23019"},"modified":"2026-03-10T14:52:10","modified_gmt":"2026-03-10T14:52:10","slug":"talang","status":"publish","type":"page","link":"https:\/\/jag.se\/opinion\/talang\/","title":{"rendered":"JAG har talang"},"content":{"rendered":"<section class=\"banner t3\">\n\t<img loading=\"lazy\" decoding=\"async\" width=\"2150\" height=\"628\" src=\"https:\/\/jag.se\/opinion\/wp-content\/uploads\/sites\/3\/2023\/11\/JAG-har-talang-web-banner-NEW.jpg\" class=\"bg-desktop\" alt=\"Stj\u00e4rna med rosa text &quot;Jag har talang&quot;\" srcset=\"https:\/\/jag.se\/opinion\/wp-content\/uploads\/sites\/3\/2023\/11\/JAG-har-talang-web-banner-NEW.jpg 2150w, https:\/\/jag.se\/opinion\/wp-content\/uploads\/sites\/3\/2023\/11\/JAG-har-talang-web-banner-NEW-300x88.jpg 300w, https:\/\/jag.se\/opinion\/wp-content\/uploads\/sites\/3\/2023\/11\/JAG-har-talang-web-banner-NEW-1024x299.jpg 1024w, https:\/\/jag.se\/opinion\/wp-content\/uploads\/sites\/3\/2023\/11\/JAG-har-talang-web-banner-NEW-768x224.jpg 768w, https:\/\/jag.se\/opinion\/wp-content\/uploads\/sites\/3\/2023\/11\/JAG-har-talang-web-banner-NEW-1536x449.jpg 1536w, https:\/\/jag.se\/opinion\/wp-content\/uploads\/sites\/3\/2023\/11\/JAG-har-talang-web-banner-NEW-2048x598.jpg 2048w, https:\/\/jag.se\/opinion\/wp-content\/uploads\/sites\/3\/2023\/11\/JAG-har-talang-web-banner-NEW-1920x561.jpg 1920w, https:\/\/jag.se\/opinion\/wp-content\/uploads\/sites\/3\/2023\/11\/JAG-har-talang-web-banner-NEW-320x93.jpg 320w, https:\/\/jag.se\/opinion\/wp-content\/uploads\/sites\/3\/2023\/11\/JAG-har-talang-web-banner-NEW-120x35.jpg 120w, https:\/\/jag.se\/opinion\/wp-content\/uploads\/sites\/3\/2023\/11\/JAG-har-talang-web-banner-NEW-540x158.jpg 540w, https:\/\/jag.se\/opinion\/wp-content\/uploads\/sites\/3\/2023\/11\/JAG-har-talang-web-banner-NEW-601x176.jpg 601w, https:\/\/jag.se\/opinion\/wp-content\/uploads\/sites\/3\/2023\/11\/JAG-har-talang-web-banner-NEW-150x44.jpg 150w, https:\/\/jag.se\/opinion\/wp-content\/uploads\/sites\/3\/2023\/11\/JAG-har-talang-web-banner-NEW-311x91.jpg 311w, https:\/\/jag.se\/opinion\/wp-content\/uploads\/sites\/3\/2023\/11\/JAG-har-talang-web-banner-NEW-369x108.jpg 369w, https:\/\/jag.se\/opinion\/wp-content\/uploads\/sites\/3\/2023\/11\/JAG-har-talang-web-banner-NEW-374x109.jpg 374w, https:\/\/jag.se\/opinion\/wp-content\/uploads\/sites\/3\/2023\/11\/JAG-har-talang-web-banner-NEW-171x50.jpg 171w, https:\/\/jag.se\/opinion\/wp-content\/uploads\/sites\/3\/2023\/11\/JAG-har-talang-web-banner-NEW-1917x560.jpg 1917w, https:\/\/jag.se\/opinion\/wp-content\/uploads\/sites\/3\/2023\/11\/JAG-har-talang-web-banner-NEW-300x88@2x.jpg 600w, https:\/\/jag.se\/opinion\/wp-content\/uploads\/sites\/3\/2023\/11\/JAG-har-talang-web-banner-NEW-320x93@2x.jpg 640w, https:\/\/jag.se\/opinion\/wp-content\/uploads\/sites\/3\/2023\/11\/JAG-har-talang-web-banner-NEW-120x35@2x.jpg 240w, https:\/\/jag.se\/opinion\/wp-content\/uploads\/sites\/3\/2023\/11\/JAG-har-talang-web-banner-NEW-540x158@2x.jpg 1080w, https:\/\/jag.se\/opinion\/wp-content\/uploads\/sites\/3\/2023\/11\/JAG-har-talang-web-banner-NEW-311x91@2x.jpg 622w, https:\/\/jag.se\/opinion\/wp-content\/uploads\/sites\/3\/2023\/11\/JAG-har-talang-web-banner-NEW-374x109@2x.jpg 748w, https:\/\/jag.se\/opinion\/wp-content\/uploads\/sites\/3\/2023\/11\/JAG-har-talang-web-banner-NEW-171x50@2x.jpg 342w\" sizes=\"auto, (max-width: 2150px) 100vw, 2150px\" \/><img loading=\"lazy\" decoding=\"async\" width=\"540\" height=\"540\" src=\"https:\/\/jag.se\/opinion\/wp-content\/uploads\/sites\/3\/2023\/09\/JAG-har-talang-web-fyrkant.jpg\" class=\"bg-mobile\" alt=\"Logotype i form av en stj\u00e4rna med rosa text som s\u00e4ger &quot;Jag har talang&quot;\" srcset=\"https:\/\/jag.se\/opinion\/wp-content\/uploads\/sites\/3\/2023\/09\/JAG-har-talang-web-fyrkant.jpg 540w, https:\/\/jag.se\/opinion\/wp-content\/uploads\/sites\/3\/2023\/09\/JAG-har-talang-web-fyrkant-300x300.jpg 300w, https:\/\/jag.se\/opinion\/wp-content\/uploads\/sites\/3\/2023\/09\/JAG-har-talang-web-fyrkant-150x150.jpg 150w, https:\/\/jag.se\/opinion\/wp-content\/uploads\/sites\/3\/2023\/09\/JAG-har-talang-web-fyrkant-100x100.jpg 100w, https:\/\/jag.se\/opinion\/wp-content\/uploads\/sites\/3\/2023\/09\/JAG-har-talang-web-fyrkant-120x120.jpg 120w, https:\/\/jag.se\/opinion\/wp-content\/uploads\/sites\/3\/2023\/09\/JAG-har-talang-web-fyrkant-38x38.jpg 38w, https:\/\/jag.se\/opinion\/wp-content\/uploads\/sites\/3\/2023\/09\/JAG-har-talang-web-fyrkant-311x311.jpg 311w, https:\/\/jag.se\/opinion\/wp-content\/uploads\/sites\/3\/2023\/09\/JAG-har-talang-web-fyrkant-369x369.jpg 369w, https:\/\/jag.se\/opinion\/wp-content\/uploads\/sites\/3\/2023\/09\/JAG-har-talang-web-fyrkant-374x374.jpg 374w, https:\/\/jag.se\/opinion\/wp-content\/uploads\/sites\/3\/2023\/09\/JAG-har-talang-web-fyrkant-50x50.jpg 50w\" sizes=\"auto, (max-width: 540px) 100vw, 540px\" \/>\t<div class=\"inner\">\n\t\t\t<\/div>\n<\/section>\n\n\n<section class=\"text-block white  \">\n    <div class=\"block-icon\"><\/div>\n\t<div class=\"inner\">\n\t\t<div class=\"text-block-content\">\n\t\t\t\t\t<h2 class=\"\">JAG har talang<\/h2>\n\t\t\t\t\t<p>Riksf\u00f6reningen JAG arrangerar festen och showen <strong>JAG har talang<\/strong> i samarbete med JAGs l\u00e4nsf\u00f6reningar. I JAG har talang \u00e4r det du som \u00e4r stj\u00e4rnan och tar plats p\u00e5 scenen.<\/p>\n<p><strong>Orter och datum v\u00e5ren 2026<\/strong><\/p>\n<ul>\n<li><span data-contrast=\"auto\">Uppsala 5\/2<\/span><\/li>\n<li><span data-contrast=\"auto\">Link\u00f6ping 5\/3\u00a0<\/span><\/li>\n<li><span data-contrast=\"auto\">Uddevalla 12\/3\u00a0<\/span><\/li>\n<li><span data-contrast=\"auto\">Stockholm 14\/3<\/span><\/li>\n<li><span data-contrast=\"auto\">Sundsvall 19\/3\u00a0<\/span><\/li>\n<li><span data-contrast=\"auto\">Kalmar 26\/3\u00a0<\/span><\/li>\n<li><span data-contrast=\"auto\">Malm\u00f6 9\/4\u00a0<\/span><\/li>\n<li><span data-contrast=\"auto\">Lule\u00e5 16\/4\u00a0<\/span><\/li>\n<li><span data-contrast=\"auto\">Karlstad 23\/4\u00a0<\/span><\/li>\n<li><span data-contrast=\"auto\">Stockholm 21\/5\u00a0<\/span><\/li>\n<li><span data-contrast=\"auto\">Mora 28\/5\u00a0<\/span><\/li>\n<li><span data-contrast=\"auto\">Visby 4\/6<\/span><\/li>\n<li><strong>Stockholm 13\/8 FINAL I KULTURHUSET \u2b50\u00a0<\/strong><\/li>\n<\/ul>\n<p><span data-contrast=\"auto\"><em>Med reservation f\u00f6r \u00e4ndringar<\/em><\/span><\/p>\n\t\t<\/div>\n<\/section>\n\n\n\n<figure class=\"wp-block-gallery has-nested-images columns-default is-cropped has-white-background-color has-background wp-block-gallery-1 is-layout-flex wp-block-gallery-is-layout-flex\">\n<figure class=\"wp-block-image size-large\"><img decoding=\"async\" src=\"https:\/\/jag.se\/opinion\/wp-content\/uploads\/sites\/3\/2023\/12\/karlstad4-768x547.jpg\" alt=\"\" \/><\/figure>\n\n\n\n<figure class=\"wp-block-image size-large\"><img decoding=\"async\" src=\"https:\/\/jag.se\/opinion\/wp-content\/uploads\/sites\/3\/2023\/12\/lulea10-scaled.jpg\" alt=\"\" \/><\/figure>\n\n\n\n<figure class=\"wp-block-image size-large\"><img loading=\"lazy\" decoding=\"async\" width=\"1024\" height=\"683\" data-id=\"24351\" src=\"https:\/\/jag.se\/opinion\/wp-content\/uploads\/sites\/3\/2024\/07\/stefan-1024x683.png\" alt=\"\" class=\"wp-image-24351\" srcset=\"https:\/\/jag.se\/opinion\/wp-content\/uploads\/sites\/3\/2024\/07\/stefan-1024x683.png 1024w, https:\/\/jag.se\/opinion\/wp-content\/uploads\/sites\/3\/2024\/07\/stefan-300x200.png 300w, https:\/\/jag.se\/opinion\/wp-content\/uploads\/sites\/3\/2024\/07\/stefan-768x512.png 768w, https:\/\/jag.se\/opinion\/wp-content\/uploads\/sites\/3\/2024\/07\/stefan-150x100.png 150w, https:\/\/jag.se\/opinion\/wp-content\/uploads\/sites\/3\/2024\/07\/stefan-120x80.png 120w, https:\/\/jag.se\/opinion\/wp-content\/uploads\/sites\/3\/2024\/07\/stefan-540x360.png 540w, https:\/\/jag.se\/opinion\/wp-content\/uploads\/sites\/3\/2024\/07\/stefan-601x401.png 601w, https:\/\/jag.se\/opinion\/wp-content\/uploads\/sites\/3\/2024\/07\/stefan-311x207.png 311w, https:\/\/jag.se\/opinion\/wp-content\/uploads\/sites\/3\/2024\/07\/stefan-369x246.png 369w, https:\/\/jag.se\/opinion\/wp-content\/uploads\/sites\/3\/2024\/07\/stefan-374x249.png 374w, https:\/\/jag.se\/opinion\/wp-content\/uploads\/sites\/3\/2024\/07\/stefan-419x280.png 419w, https:\/\/jag.se\/opinion\/wp-content\/uploads\/sites\/3\/2024\/07\/stefan-75x50.png 75w, https:\/\/jag.se\/opinion\/wp-content\/uploads\/sites\/3\/2024\/07\/stefan-840x560.png 840w, https:\/\/jag.se\/opinion\/wp-content\/uploads\/sites\/3\/2024\/07\/stefan.png 1080w\" sizes=\"auto, (max-width: 1024px) 100vw, 1024px\" \/><\/figure>\n<\/figure>\n\n\n\n<h2 class=\"wp-block-heading\"><\/h2>\n\n\n<div class=\"pink-block\">\n\t\n\n<h3 class=\"wp-block-heading has-text-align-center has-white-color has-text-color has-link-color wp-elements-f358605176bdad1c1c55ed8ba6fccdf5\">Finalen i Kulturhuset i Stockholm, augusti 2025 <\/h3>\n\n\n\n<figure class=\"wp-block-embed aligncenter is-type-wp-embed is-provider-dream-broker wp-block-embed-dream-broker\"><div class=\"wp-block-embed__wrapper\">\n<iframe loading=\"lazy\" class=\"wp-embedded-content\" sandbox=\"allow-scripts\" security=\"restricted\" title=\"Jag har sannerligen talang! Smakprov fr\u00e5n finalkv\u00e4llarna i Kulturhuset\" frameBorder=\"0\" width=\"500\" height=\"281\" src=\"https:\/\/dreambroker.com\/channel\/5b2cb2t6\/iframe\/yjd8emzf#?secret=K2x39CjxwS\" data-secret=\"K2x39CjxwS\"><\/iframe>\n<\/div><\/figure>\n\n\n\n<h3 class=\"wp-block-heading has-text-align-center has-white-color has-text-color has-link-color wp-elements-db70a68edb9f5761312fd1dbd819a3ba\">Link\u00f6ping, december 2024<\/h3>\n\n\n\n<figure class=\"wp-block-embed aligncenter is-type-wp-embed is-provider-dream-broker wp-block-embed-dream-broker\"><div class=\"wp-block-embed__wrapper\">\n<iframe loading=\"lazy\" class=\"wp-embedded-content\" sandbox=\"allow-scripts\" security=\"restricted\" title=\"Jag har talang - Link\u00f6ping december 2024\" frameBorder=\"0\" width=\"500\" height=\"281\" src=\"https:\/\/dreambroker.com\/channel\/5b2cb2t6\/iframe\/23zsh7ei#?secret=prN2siaI1f\" data-secret=\"prN2siaI1f\"><\/iframe>\n<\/div><\/figure>\n\n\n\n<h3 class=\"wp-block-heading has-text-align-center has-white-color has-text-color has-link-color wp-elements-9c6ce3ad55fb25af98cd40e65a9bd8aa\">Malm\u00f6, november 2024<\/h3>\n\n\n\n<figure class=\"wp-block-embed aligncenter is-type-wp-embed is-provider-dream-broker wp-block-embed-dream-broker\"><div class=\"wp-block-embed__wrapper\">\n<iframe loading=\"lazy\" class=\"wp-embedded-content\" sandbox=\"allow-scripts\" security=\"restricted\" title=\"Jag har talang - Malm\u00f6 november 2024\" frameBorder=\"0\" width=\"500\" height=\"281\" src=\"https:\/\/dreambroker.com\/channel\/5b2cb2t6\/iframe\/myokiyxh#?secret=NKczo1zs14\" data-secret=\"NKczo1zs14\"><\/iframe>\n<\/div><\/figure>\n\n\n\n<h3 class=\"wp-block-heading has-text-align-center has-white-color has-text-color has-link-color wp-elements-8a7cb6bdc591c59896a96578a96fd464\">Uppsala, november 2024<\/h3>\n\n\n\n<figure class=\"wp-block-embed aligncenter is-type-wp-embed is-provider-dream-broker wp-block-embed-dream-broker\"><div class=\"wp-block-embed__wrapper\">\n<iframe loading=\"lazy\" class=\"wp-embedded-content\" sandbox=\"allow-scripts\" security=\"restricted\" title=\"Jag har talang - Uppsala November 2024\" frameBorder=\"0\" width=\"500\" height=\"281\" src=\"https:\/\/dreambroker.com\/channel\/5b2cb2t6\/iframe\/3ifa1xkv#?secret=KZVge2fBO7\" data-secret=\"KZVge2fBO7\"><\/iframe>\n<\/div><\/figure>\n\n\n<\/div>\n\n\n<h2 class=\"wp-block-heading\"><\/h2>\n","protected":false},"excerpt":{"rendered":"","protected":false},"author":8,"featured_media":0,"parent":0,"menu_order":8,"comment_status":"closed","ping_status":"closed","template":"","meta":{"footnotes":""},"class_list":["post-23019","page","type-page","status-publish","hentry"],"acf":[],"yoast_head":"<!-- This site is optimized with the Yoast SEO plugin v21.3 - https:\/\/yoast.com\/wordpress\/plugins\/seo\/ -->\n<title>JAG har talang - JAG Opinion<\/title>\n<meta name=\"robots\" content=\"index, follow, max-snippet:-1, max-image-preview:large, max-video-preview:-1\" \/>\n<link rel=\"canonical\" href=\"https:\/\/jag.se\/opinion\/talang\/\" \/>\n<meta property=\"og:locale\" content=\"sv_SE\" \/>\n<meta property=\"og:type\" content=\"article\" \/>\n<meta property=\"og:title\" content=\"JAG har talang - JAG Opinion\" \/>\n<meta property=\"og:url\" content=\"https:\/\/jag.se\/opinion\/talang\/\" \/>\n<meta property=\"og:site_name\" content=\"JAG Opinion\" \/>\n<meta property=\"article:modified_time\" content=\"2026-03-10T14:52:10+00:00\" \/>\n<meta property=\"og:image\" content=\"https:\/\/jag.se\/opinion\/wp-content\/uploads\/sites\/3\/2023\/12\/karlstad4-768x547.jpg\" \/>\n<meta name=\"twitter:card\" content=\"summary_large_image\" \/>\n<meta name=\"twitter:label1\" content=\"Ber\u00e4knad l\u00e4stid\" \/>\n\t<meta name=\"twitter:data1\" content=\"1 minut\" \/>\n<script type=\"application\/ld+json\" class=\"yoast-schema-graph\">{\"@context\":\"https:\/\/schema.org\",\"@graph\":[{\"@type\":\"WebPage\",\"@id\":\"https:\/\/jag.se\/opinion\/talang\/\",\"url\":\"https:\/\/jag.se\/opinion\/talang\/\",\"name\":\"JAG har talang - JAG Opinion\",\"isPartOf\":{\"@id\":\"https:\/\/jag.se\/opinion\/#website\"},\"datePublished\":\"2023-12-13T12:33:40+00:00\",\"dateModified\":\"2026-03-10T14:52:10+00:00\",\"breadcrumb\":{\"@id\":\"https:\/\/jag.se\/opinion\/talang\/#breadcrumb\"},\"inLanguage\":\"sv-SE\",\"potentialAction\":[{\"@type\":\"ReadAction\",\"target\":[\"https:\/\/jag.se\/opinion\/talang\/\"]}]},{\"@type\":\"BreadcrumbList\",\"@id\":\"https:\/\/jag.se\/opinion\/talang\/#breadcrumb\",\"itemListElement\":[{\"@type\":\"ListItem\",\"position\":1,\"name\":\"JAG start\",\"item\":\"https:\/\/jag.se\"},{\"@type\":\"ListItem\",\"position\":2,\"name\":\"Riksf\u00f6reningen JAG\",\"item\":\"https:\/\/jag.se\/opinion\/\"},{\"@type\":\"ListItem\",\"position\":3,\"name\":\"JAG har talang\"}]},{\"@type\":\"WebSite\",\"@id\":\"https:\/\/jag.se\/opinion\/#website\",\"url\":\"https:\/\/jag.se\/opinion\/\",\"name\":\"JAG Opinion\",\"description\":\"\",\"potentialAction\":[{\"@type\":\"SearchAction\",\"target\":{\"@type\":\"EntryPoint\",\"urlTemplate\":\"https:\/\/jag.se\/opinion\/?s={search_term_string}\"},\"query-input\":\"required name=search_term_string\"}],\"inLanguage\":\"sv-SE\"}]}<\/script>\n<!-- \/ Yoast SEO plugin. -->","yoast_head_json":{"title":"JAG har talang - JAG Opinion","robots":{"index":"index","follow":"follow","max-snippet":"max-snippet:-1","max-image-preview":"max-image-preview:large","max-video-preview":"max-video-preview:-1"},"canonical":"https:\/\/jag.se\/opinion\/talang\/","og_locale":"sv_SE","og_type":"article","og_title":"JAG har talang - JAG Opinion","og_url":"https:\/\/jag.se\/opinion\/talang\/","og_site_name":"JAG Opinion","article_modified_time":"2026-03-10T14:52:10+00:00","og_image":[{"url":"https:\/\/jag.se\/opinion\/wp-content\/uploads\/sites\/3\/2023\/12\/karlstad4-768x547.jpg"}],"twitter_card":"summary_large_image","twitter_misc":{"Ber\u00e4knad l\u00e4stid":"1 minut"},"schema":{"@context":"https:\/\/schema.org","@graph":[{"@type":"WebPage","@id":"https:\/\/jag.se\/opinion\/talang\/","url":"https:\/\/jag.se\/opinion\/talang\/","name":"JAG har talang - JAG Opinion","isPartOf":{"@id":"https:\/\/jag.se\/opinion\/#website"},"datePublished":"2023-12-13T12:33:40+00:00","dateModified":"2026-03-10T14:52:10+00:00","breadcrumb":{"@id":"https:\/\/jag.se\/opinion\/talang\/#breadcrumb"},"inLanguage":"sv-SE","potentialAction":[{"@type":"ReadAction","target":["https:\/\/jag.se\/opinion\/talang\/"]}]},{"@type":"BreadcrumbList","@id":"https:\/\/jag.se\/opinion\/talang\/#breadcrumb","itemListElement":[{"@type":"ListItem","position":1,"name":"JAG start","item":"https:\/\/jag.se"},{"@type":"ListItem","position":2,"name":"Riksf\u00f6reningen JAG","item":"https:\/\/jag.se\/opinion\/"},{"@type":"ListItem","position":3,"name":"JAG har talang"}]},{"@type":"WebSite","@id":"https:\/\/jag.se\/opinion\/#website","url":"https:\/\/jag.se\/opinion\/","name":"JAG Opinion","description":"","potentialAction":[{"@type":"SearchAction","target":{"@type":"EntryPoint","urlTemplate":"https:\/\/jag.se\/opinion\/?s={search_term_string}"},"query-input":"required name=search_term_string"}],"inLanguage":"sv-SE"}]}},"_links":{"self":[{"href":"https:\/\/jag.se\/opinion\/wp-json\/wp\/v2\/pages\/23019","targetHints":{"allow":["GET"]}}],"collection":[{"href":"https:\/\/jag.se\/opinion\/wp-json\/wp\/v2\/pages"}],"about":[{"href":"https:\/\/jag.se\/opinion\/wp-json\/wp\/v2\/types\/page"}],"author":[{"embeddable":true,"href":"https:\/\/jag.se\/opinion\/wp-json\/wp\/v2\/users\/8"}],"replies":[{"embeddable":true,"href":"https:\/\/jag.se\/opinion\/wp-json\/wp\/v2\/comments?post=23019"}],"version-history":[{"count":205,"href":"https:\/\/jag.se\/opinion\/wp-json\/wp\/v2\/pages\/23019\/revisions"}],"predecessor-version":[{"id":27740,"href":"https:\/\/jag.se\/opinion\/wp-json\/wp\/v2\/pages\/23019\/revisions\/27740"}],"wp:attachment":[{"href":"https:\/\/jag.se\/opinion\/wp-json\/wp\/v2\/media?parent=23019"}],"curies":[{"name":"wp","href":"https:\/\/api.w.org\/{rel}","templated":true}]}}