{"id":23031,"date":"2024-03-22T11:01:13","date_gmt":"2024-03-22T11:01:13","guid":{"rendered":"https:\/\/jag.se\/opinion\/?page_id=23031"},"modified":"2024-12-12T15:35:46","modified_gmt":"2024-12-12T15:35:46","slug":"gava","status":"publish","type":"page","link":"https:\/\/jag.se\/opinion\/gava\/","title":{"rendered":"G\u00e5va"},"content":{"rendered":"\n<p><br><\/p>\n\n\n<section class=\"banner t3\">\n\t<img loading=\"lazy\" decoding=\"async\" width=\"2150\" height=\"628\" src=\"https:\/\/jag.se\/opinion\/wp-content\/uploads\/sites\/3\/2024\/03\/Manifestation-banner_2150x628px.jpg\" class=\"bg-desktop\" alt=\"\" srcset=\"https:\/\/jag.se\/opinion\/wp-content\/uploads\/sites\/3\/2024\/03\/Manifestation-banner_2150x628px.jpg 2150w, https:\/\/jag.se\/opinion\/wp-content\/uploads\/sites\/3\/2024\/03\/Manifestation-banner_2150x628px-300x88.jpg 300w, https:\/\/jag.se\/opinion\/wp-content\/uploads\/sites\/3\/2024\/03\/Manifestation-banner_2150x628px-1024x299.jpg 1024w, https:\/\/jag.se\/opinion\/wp-content\/uploads\/sites\/3\/2024\/03\/Manifestation-banner_2150x628px-768x224.jpg 768w, https:\/\/jag.se\/opinion\/wp-content\/uploads\/sites\/3\/2024\/03\/Manifestation-banner_2150x628px-1536x449.jpg 1536w, https:\/\/jag.se\/opinion\/wp-content\/uploads\/sites\/3\/2024\/03\/Manifestation-banner_2150x628px-2048x598.jpg 2048w, https:\/\/jag.se\/opinion\/wp-content\/uploads\/sites\/3\/2024\/03\/Manifestation-banner_2150x628px-1920x561.jpg 1920w, https:\/\/jag.se\/opinion\/wp-content\/uploads\/sites\/3\/2024\/03\/Manifestation-banner_2150x628px-320x93.jpg 320w, https:\/\/jag.se\/opinion\/wp-content\/uploads\/sites\/3\/2024\/03\/Manifestation-banner_2150x628px-120x35.jpg 120w, https:\/\/jag.se\/opinion\/wp-content\/uploads\/sites\/3\/2024\/03\/Manifestation-banner_2150x628px-540x158.jpg 540w, https:\/\/jag.se\/opinion\/wp-content\/uploads\/sites\/3\/2024\/03\/Manifestation-banner_2150x628px-601x176.jpg 601w, https:\/\/jag.se\/opinion\/wp-content\/uploads\/sites\/3\/2024\/03\/Manifestation-banner_2150x628px-150x44.jpg 150w, https:\/\/jag.se\/opinion\/wp-content\/uploads\/sites\/3\/2024\/03\/Manifestation-banner_2150x628px-311x91.jpg 311w, https:\/\/jag.se\/opinion\/wp-content\/uploads\/sites\/3\/2024\/03\/Manifestation-banner_2150x628px-369x108.jpg 369w, https:\/\/jag.se\/opinion\/wp-content\/uploads\/sites\/3\/2024\/03\/Manifestation-banner_2150x628px-374x109.jpg 374w, https:\/\/jag.se\/opinion\/wp-content\/uploads\/sites\/3\/2024\/03\/Manifestation-banner_2150x628px-171x50.jpg 171w, https:\/\/jag.se\/opinion\/wp-content\/uploads\/sites\/3\/2024\/03\/Manifestation-banner_2150x628px-1917x560.jpg 1917w\" sizes=\"auto, (max-width: 2150px) 100vw, 2150px\" \/><img loading=\"lazy\" decoding=\"async\" width=\"540\" height=\"540\" src=\"https:\/\/jag.se\/opinion\/wp-content\/uploads\/sites\/3\/2024\/03\/Manifestation-banner_540x540px.jpg\" class=\"bg-mobile\" alt=\"\" srcset=\"https:\/\/jag.se\/opinion\/wp-content\/uploads\/sites\/3\/2024\/03\/Manifestation-banner_540x540px.jpg 540w, https:\/\/jag.se\/opinion\/wp-content\/uploads\/sites\/3\/2024\/03\/Manifestation-banner_540x540px-300x300.jpg 300w, https:\/\/jag.se\/opinion\/wp-content\/uploads\/sites\/3\/2024\/03\/Manifestation-banner_540x540px-150x150.jpg 150w, https:\/\/jag.se\/opinion\/wp-content\/uploads\/sites\/3\/2024\/03\/Manifestation-banner_540x540px-100x100.jpg 100w, https:\/\/jag.se\/opinion\/wp-content\/uploads\/sites\/3\/2024\/03\/Manifestation-banner_540x540px-120x120.jpg 120w, https:\/\/jag.se\/opinion\/wp-content\/uploads\/sites\/3\/2024\/03\/Manifestation-banner_540x540px-38x38.jpg 38w, https:\/\/jag.se\/opinion\/wp-content\/uploads\/sites\/3\/2024\/03\/Manifestation-banner_540x540px-311x311.jpg 311w, https:\/\/jag.se\/opinion\/wp-content\/uploads\/sites\/3\/2024\/03\/Manifestation-banner_540x540px-369x369.jpg 369w, https:\/\/jag.se\/opinion\/wp-content\/uploads\/sites\/3\/2024\/03\/Manifestation-banner_540x540px-374x374.jpg 374w, https:\/\/jag.se\/opinion\/wp-content\/uploads\/sites\/3\/2024\/03\/Manifestation-banner_540x540px-50x50.jpg 50w\" sizes=\"auto, (max-width: 540px) 100vw, 540px\" \/>\t<div class=\"inner\">\n\t\t\t<\/div>\n<\/section>\n\n\n<section class=\"text-block white  \">\n    <div class=\"block-icon\"><\/div>\n\t<div class=\"inner\">\n\t\t<div class=\"text-block-content\">\n\t\t\t\t\t<h2 class=\"\">Ge bort ett medlemskap i Riksf\u00f6reningen JAG<\/h2>\n\t\t\t\t\t<p>Ladda ner Riksf\u00f6reningen JAGs g\u00e5vobrev och skriv ut eller skicka digitalt till den du vill ge medlemskapet.<\/p>\n<p>Den som f\u00e5r medlemskapet scannar koden p\u00e5 g\u00e5vobrevet som g\u00e5r till ett formul\u00e4r. D\u00e4r fyller den som f\u00e5r g\u00e5van i sina personuppgifter. N\u00e4r formul\u00e4ret \u00e4r inskickat registreras medlemskapet.<\/p>\n<p>Medlemskapet kostar 100-200 kr per \u00e5r, beroende p\u00e5 om du bara g\u00e5r med i Riksf\u00f6reningen eller om du ocks\u00e5 g\u00e5r med i en l\u00e4nsf\u00f6rening.<\/p>\n<p>Tack f\u00f6r att du \u00e4r med och st\u00f6ttar kampen f\u00f6r att framtidss\u00e4kra den personliga assistansen!<\/p>\n<p><strong><a href=\"https:\/\/jag.se\/wp-content\/uploads\/2024\/04\/Gavobrev-neutral.pdf\">Klicka h\u00e4r f\u00f6r att ladda ner g\u00e5vobrevet.<\/a><\/strong><\/p>\n\t\t<\/div>\n<\/section>\n\n\n\n<p><\/p>\n","protected":false},"excerpt":{"rendered":"","protected":false},"author":9,"featured_media":0,"parent":0,"menu_order":7,"comment_status":"closed","ping_status":"closed","template":"","meta":{"footnotes":""},"class_list":["post-23031","page","type-page","status-publish","hentry"],"acf":[],"yoast_head":"<!-- This site is optimized with the Yoast SEO plugin v21.3 - https:\/\/yoast.com\/wordpress\/plugins\/seo\/ -->\n<title>G\u00e5va - JAG Opinion<\/title>\n<meta name=\"robots\" content=\"index, follow, max-snippet:-1, max-image-preview:large, max-video-preview:-1\" \/>\n<link rel=\"canonical\" href=\"https:\/\/jag.se\/opinion\/gava\/\" \/>\n<meta property=\"og:locale\" content=\"sv_SE\" \/>\n<meta property=\"og:type\" content=\"article\" \/>\n<meta property=\"og:title\" content=\"G\u00e5va - JAG Opinion\" \/>\n<meta property=\"og:url\" content=\"https:\/\/jag.se\/opinion\/gava\/\" \/>\n<meta property=\"og:site_name\" content=\"JAG Opinion\" \/>\n<meta property=\"article:modified_time\" content=\"2024-12-12T15:35:46+00:00\" \/>\n<meta name=\"twitter:card\" content=\"summary_large_image\" \/>\n<script type=\"application\/ld+json\" class=\"yoast-schema-graph\">{\"@context\":\"https:\/\/schema.org\",\"@graph\":[{\"@type\":\"WebPage\",\"@id\":\"https:\/\/jag.se\/opinion\/gava\/\",\"url\":\"https:\/\/jag.se\/opinion\/gava\/\",\"name\":\"G\u00e5va - JAG Opinion\",\"isPartOf\":{\"@id\":\"https:\/\/jag.se\/opinion\/#website\"},\"datePublished\":\"2024-03-22T11:01:13+00:00\",\"dateModified\":\"2024-12-12T15:35:46+00:00\",\"breadcrumb\":{\"@id\":\"https:\/\/jag.se\/opinion\/gava\/#breadcrumb\"},\"inLanguage\":\"sv-SE\",\"potentialAction\":[{\"@type\":\"ReadAction\",\"target\":[\"https:\/\/jag.se\/opinion\/gava\/\"]}]},{\"@type\":\"BreadcrumbList\",\"@id\":\"https:\/\/jag.se\/opinion\/gava\/#breadcrumb\",\"itemListElement\":[{\"@type\":\"ListItem\",\"position\":1,\"name\":\"JAG start\",\"item\":\"https:\/\/jag.se\"},{\"@type\":\"ListItem\",\"position\":2,\"name\":\"Riksf\u00f6reningen JAG\",\"item\":\"https:\/\/jag.se\/opinion\/\"},{\"@type\":\"ListItem\",\"position\":3,\"name\":\"G\u00e5va\"}]},{\"@type\":\"WebSite\",\"@id\":\"https:\/\/jag.se\/opinion\/#website\",\"url\":\"https:\/\/jag.se\/opinion\/\",\"name\":\"JAG Opinion\",\"description\":\"\",\"potentialAction\":[{\"@type\":\"SearchAction\",\"target\":{\"@type\":\"EntryPoint\",\"urlTemplate\":\"https:\/\/jag.se\/opinion\/?s={search_term_string}\"},\"query-input\":\"required name=search_term_string\"}],\"inLanguage\":\"sv-SE\"}]}<\/script>\n<!-- \/ Yoast SEO plugin. -->","yoast_head_json":{"title":"G\u00e5va - JAG Opinion","robots":{"index":"index","follow":"follow","max-snippet":"max-snippet:-1","max-image-preview":"max-image-preview:large","max-video-preview":"max-video-preview:-1"},"canonical":"https:\/\/jag.se\/opinion\/gava\/","og_locale":"sv_SE","og_type":"article","og_title":"G\u00e5va - JAG Opinion","og_url":"https:\/\/jag.se\/opinion\/gava\/","og_site_name":"JAG Opinion","article_modified_time":"2024-12-12T15:35:46+00:00","twitter_card":"summary_large_image","schema":{"@context":"https:\/\/schema.org","@graph":[{"@type":"WebPage","@id":"https:\/\/jag.se\/opinion\/gava\/","url":"https:\/\/jag.se\/opinion\/gava\/","name":"G\u00e5va - JAG Opinion","isPartOf":{"@id":"https:\/\/jag.se\/opinion\/#website"},"datePublished":"2024-03-22T11:01:13+00:00","dateModified":"2024-12-12T15:35:46+00:00","breadcrumb":{"@id":"https:\/\/jag.se\/opinion\/gava\/#breadcrumb"},"inLanguage":"sv-SE","potentialAction":[{"@type":"ReadAction","target":["https:\/\/jag.se\/opinion\/gava\/"]}]},{"@type":"BreadcrumbList","@id":"https:\/\/jag.se\/opinion\/gava\/#breadcrumb","itemListElement":[{"@type":"ListItem","position":1,"name":"JAG start","item":"https:\/\/jag.se"},{"@type":"ListItem","position":2,"name":"Riksf\u00f6reningen JAG","item":"https:\/\/jag.se\/opinion\/"},{"@type":"ListItem","position":3,"name":"G\u00e5va"}]},{"@type":"WebSite","@id":"https:\/\/jag.se\/opinion\/#website","url":"https:\/\/jag.se\/opinion\/","name":"JAG Opinion","description":"","potentialAction":[{"@type":"SearchAction","target":{"@type":"EntryPoint","urlTemplate":"https:\/\/jag.se\/opinion\/?s={search_term_string}"},"query-input":"required name=search_term_string"}],"inLanguage":"sv-SE"}]}},"_links":{"self":[{"href":"https:\/\/jag.se\/opinion\/wp-json\/wp\/v2\/pages\/23031","targetHints":{"allow":["GET"]}}],"collection":[{"href":"https:\/\/jag.se\/opinion\/wp-json\/wp\/v2\/pages"}],"about":[{"href":"https:\/\/jag.se\/opinion\/wp-json\/wp\/v2\/types\/page"}],"author":[{"embeddable":true,"href":"https:\/\/jag.se\/opinion\/wp-json\/wp\/v2\/users\/9"}],"replies":[{"embeddable":true,"href":"https:\/\/jag.se\/opinion\/wp-json\/wp\/v2\/comments?post=23031"}],"version-history":[{"count":41,"href":"https:\/\/jag.se\/opinion\/wp-json\/wp\/v2\/pages\/23031\/revisions"}],"predecessor-version":[{"id":26257,"href":"https:\/\/jag.se\/opinion\/wp-json\/wp\/v2\/pages\/23031\/revisions\/26257"}],"wp:attachment":[{"href":"https:\/\/jag.se\/opinion\/wp-json\/wp\/v2\/media?parent=23031"}],"curies":[{"name":"wp","href":"https:\/\/api.w.org\/{rel}","templated":true}]}}