{"id":23708,"date":"2024-06-20T07:00:24","date_gmt":"2024-06-20T07:00:24","guid":{"rendered":"https:\/\/jag.se\/opinion\/?page_id=23708"},"modified":"2024-06-20T07:46:15","modified_gmt":"2024-06-20T07:46:15","slug":"vi-vill-bidra-info","status":"publish","type":"page","link":"https:\/\/jag.se\/opinion\/vi-vill-bidra-info\/","title":{"rendered":"Vi vill bidra-info"},"content":{"rendered":"<div class=\"wp-block-image\">\n<figure class=\"aligncenter size-large\"><img loading=\"lazy\" decoding=\"async\" width=\"1024\" height=\"576\" src=\"https:\/\/jag.se\/opinion\/wp-content\/uploads\/sites\/3\/2024\/06\/Collage-foreningens-VVB-sida-1024x576.png\" alt=\"\" class=\"wp-image-23716\" srcset=\"https:\/\/jag.se\/opinion\/wp-content\/uploads\/sites\/3\/2024\/06\/Collage-foreningens-VVB-sida-1024x576.png 1024w, https:\/\/jag.se\/opinion\/wp-content\/uploads\/sites\/3\/2024\/06\/Collage-foreningens-VVB-sida-300x169.png 300w, https:\/\/jag.se\/opinion\/wp-content\/uploads\/sites\/3\/2024\/06\/Collage-foreningens-VVB-sida-768x432.png 768w, https:\/\/jag.se\/opinion\/wp-content\/uploads\/sites\/3\/2024\/06\/Collage-foreningens-VVB-sida-1536x864.png 1536w, https:\/\/jag.se\/opinion\/wp-content\/uploads\/sites\/3\/2024\/06\/Collage-foreningens-VVB-sida-89x50@2x.png 178w, https:\/\/jag.se\/opinion\/wp-content\/uploads\/sites\/3\/2024\/06\/Collage-foreningens-VVB-sida-120x68.png 120w, https:\/\/jag.se\/opinion\/wp-content\/uploads\/sites\/3\/2024\/06\/Collage-foreningens-VVB-sida-540x304.png 540w, https:\/\/jag.se\/opinion\/wp-content\/uploads\/sites\/3\/2024\/06\/Collage-foreningens-VVB-sida-601x338.png 601w, https:\/\/jag.se\/opinion\/wp-content\/uploads\/sites\/3\/2024\/06\/Collage-foreningens-VVB-sida-150x84.png 150w, https:\/\/jag.se\/opinion\/wp-content\/uploads\/sites\/3\/2024\/06\/Collage-foreningens-VVB-sida-311x175.png 311w, https:\/\/jag.se\/opinion\/wp-content\/uploads\/sites\/3\/2024\/06\/Collage-foreningens-VVB-sida-369x208.png 369w, https:\/\/jag.se\/opinion\/wp-content\/uploads\/sites\/3\/2024\/06\/Collage-foreningens-VVB-sida-374x210.png 374w, https:\/\/jag.se\/opinion\/wp-content\/uploads\/sites\/3\/2024\/06\/Collage-foreningens-VVB-sida-89x50.png 89w, https:\/\/jag.se\/opinion\/wp-content\/uploads\/sites\/3\/2024\/06\/Collage-foreningens-VVB-sida-996x560.png 996w, https:\/\/jag.se\/opinion\/wp-content\/uploads\/sites\/3\/2024\/06\/Collage-foreningens-VVB-sida.png 1920w, https:\/\/jag.se\/opinion\/wp-content\/uploads\/sites\/3\/2024\/06\/Collage-foreningens-VVB-sida-300x169@2x.png 600w, https:\/\/jag.se\/opinion\/wp-content\/uploads\/sites\/3\/2024\/06\/Collage-foreningens-VVB-sida-178x100@2x.png 356w, https:\/\/jag.se\/opinion\/wp-content\/uploads\/sites\/3\/2024\/06\/Collage-foreningens-VVB-sida-120x68@2x.png 240w, https:\/\/jag.se\/opinion\/wp-content\/uploads\/sites\/3\/2024\/06\/Collage-foreningens-VVB-sida-540x304@2x.png 1080w, https:\/\/jag.se\/opinion\/wp-content\/uploads\/sites\/3\/2024\/06\/Collage-foreningens-VVB-sida-311x175@2x.png 622w, https:\/\/jag.se\/opinion\/wp-content\/uploads\/sites\/3\/2024\/06\/Collage-foreningens-VVB-sida-374x210@2x.png 748w\" sizes=\"auto, (max-width: 1024px) 100vw, 1024px\" \/><\/figure>\n<\/div>\n\n<section class=\"text-block white  \">\n    <div class=\"block-icon\"><\/div>\n\t<div class=\"inner\">\n\t\t<div class=\"text-block-content\">\n\t\t\t\t\t<h2 class=\"\">Vi vill bidra arbetar f\u00f6r m\u00e5ngfald och inkludering i n\u00e4ringslivet<\/h2>\n\t\t\t\t\t<p>I Vi vill bidra kan varje deltagare g\u00f6ra en insats i st\u00e4llet f\u00f6r att f\u00e5 en insats.<\/p>\n<p>V\u00e5ren 2024 fick Riksf\u00f6reningen JAG medel fr\u00e5n Allm\u00e4nna arvsfonden f\u00f6r Vi vill bidras arbete med att ge personer med stora funktionsneds\u00e4ttningar m\u00f6jlighet att arbeta p\u00e5 riktiga arbetsplatser, ist\u00e4llet f\u00f6r att vara f\u00f6rvisad till traditionell daglig verksamhet.<\/p>\n<p>Projektet str\u00e4cker sig \u00f6ver tre \u00e5r med m\u00e5let att bli en etablerad sj\u00e4lvb\u00e4rande verksamhet. Allm\u00e4nna arvsfonden motiverar beslutet med medel till verksamheten att det ses utvecklande f\u00f6r minst en av arvsfondens m\u00e5lgrupper och modellen bed\u00f6ms kunna leva vidare \u00e4ven efter att finansieringen fr\u00e5n fonden upph\u00f6rt.<\/p>\n<p>F\u00f6r de deltagande f\u00f6retagen inneb\u00e4r Vi vill bidra-samarbetet ytterligare ett verktyg f\u00f6r att n\u00e5 <a href=\"https:\/\/www.globalamalen.se\" target=\"_blank\" rel=\"noopener\">h\u00e5llbarhetsm\u00e5len i Agenda 2030<\/a> och kommunicera sitt arbete med inkludering och m\u00e4nskliga r\u00e4ttigheter.<\/p>\n<p>\u2013 Jag tror att projektet kan leda till att vi f\u00e5r fler f\u00f6retag att se f\u00f6rdelarna med att arbeta med m\u00e5ngfald och inkludering. Jag \u00e4r \u00f6vertygad om att projektet \u00e4ven skapar erbjudande som \u00e4r v\u00e4rdeskapande f\u00f6r bolag, s\u00e4ger Wendela Kallstenius, HR manager p\u00e5 Schindler Sverige och utvecklingsansvarig f\u00f6r m\u00e5ngfald och j\u00e4mlikhet i Schindler Norden som deltar i projektets referensgrupp.<\/p>\n<p>Vi vill bidra startades av Riksf\u00f6reningen 2015 med projektst\u00f6d fr\u00e5n Allm\u00e4nna arvsfonden. Genom Vi vill bidra f\u00e5r personer med flera omfattande funktionsneds\u00e4ttningar, varav en avser den intellektuell f\u00f6rm\u00e5gan, m\u00f6jlighet att arbeta p\u00e5 vanliga arbetsplatser med st\u00f6d av sin personliga assistent.<\/p>\n<p>Sedan 2018 \u00e4r Vi vill bidra en etablerad verksamhet via Id\u00e9buret Offentligt Partnerskap (IOP), i Karlstad, Storfors och Mora. Hittills har omkring 40 deltagare hittat en plats i arbetslivet i butik, caf\u00e9, bad, bibliotek, kulturhus, stall och biltv\u00e4tt.<\/p>\n<p>\u2013 Vi \u00e4r glada och stolta \u00f6ver m\u00f6jligheten att f\u00e5 utveckla den h\u00e4r viktiga verksamheten, s\u00e4ger Anna Karlsson, verksamhetsledare f\u00f6r Vi vill bidra.<\/p>\n\t\t<\/div>\n<\/section>\n\n\n<section class=\"links-list white-bg\">\n\t<div class=\"inner\">\n\t\t\t\t<ul >\n\t\t\t\t\t\t\t<li><a href=\"https:\/\/vivillbidra.se\/\">Du kan du l\u00e4sa mer p\u00e5 vivillbidra.se<\/a><\/li>\n\t\t\t\t\t\t<\/ul>\n\t\t\t\t<\/div>\n<\/section>\n","protected":false},"excerpt":{"rendered":"","protected":false},"author":8,"featured_media":0,"parent":0,"menu_order":6,"comment_status":"closed","ping_status":"closed","template":"","meta":{"footnotes":""},"class_list":["post-23708","page","type-page","status-publish","hentry"],"acf":[],"yoast_head":"<!-- This site is optimized with the Yoast SEO plugin v21.3 - https:\/\/yoast.com\/wordpress\/plugins\/seo\/ -->\n<title>Vi vill bidra-info - JAG Opinion<\/title>\n<meta name=\"robots\" content=\"index, follow, max-snippet:-1, max-image-preview:large, max-video-preview:-1\" \/>\n<link rel=\"canonical\" href=\"https:\/\/jag.se\/opinion\/vi-vill-bidra-info\/\" \/>\n<meta property=\"og:locale\" content=\"sv_SE\" \/>\n<meta property=\"og:type\" content=\"article\" \/>\n<meta property=\"og:title\" content=\"Vi vill bidra-info - JAG Opinion\" \/>\n<meta property=\"og:url\" content=\"https:\/\/jag.se\/opinion\/vi-vill-bidra-info\/\" \/>\n<meta property=\"og:site_name\" content=\"JAG Opinion\" \/>\n<meta property=\"article:modified_time\" content=\"2024-06-20T07:46:15+00:00\" \/>\n<meta property=\"og:image\" content=\"https:\/\/jag.se\/opinion\/wp-content\/uploads\/sites\/3\/2024\/06\/Collage-foreningens-VVB-sida-1024x576.png\" \/>\n<meta name=\"twitter:card\" content=\"summary_large_image\" \/>\n<meta name=\"twitter:label1\" content=\"Ber\u00e4knad l\u00e4stid\" \/>\n\t<meta name=\"twitter:data1\" content=\"1 minut\" \/>\n<script type=\"application\/ld+json\" class=\"yoast-schema-graph\">{\"@context\":\"https:\/\/schema.org\",\"@graph\":[{\"@type\":\"WebPage\",\"@id\":\"https:\/\/jag.se\/opinion\/vi-vill-bidra-info\/\",\"url\":\"https:\/\/jag.se\/opinion\/vi-vill-bidra-info\/\",\"name\":\"Vi vill bidra-info - JAG Opinion\",\"isPartOf\":{\"@id\":\"https:\/\/jag.se\/opinion\/#website\"},\"datePublished\":\"2024-06-20T07:00:24+00:00\",\"dateModified\":\"2024-06-20T07:46:15+00:00\",\"breadcrumb\":{\"@id\":\"https:\/\/jag.se\/opinion\/vi-vill-bidra-info\/#breadcrumb\"},\"inLanguage\":\"sv-SE\",\"potentialAction\":[{\"@type\":\"ReadAction\",\"target\":[\"https:\/\/jag.se\/opinion\/vi-vill-bidra-info\/\"]}]},{\"@type\":\"BreadcrumbList\",\"@id\":\"https:\/\/jag.se\/opinion\/vi-vill-bidra-info\/#breadcrumb\",\"itemListElement\":[{\"@type\":\"ListItem\",\"position\":1,\"name\":\"JAG start\",\"item\":\"https:\/\/jag.se\"},{\"@type\":\"ListItem\",\"position\":2,\"name\":\"Riksf\u00f6reningen JAG\",\"item\":\"https:\/\/jag.se\/opinion\/\"},{\"@type\":\"ListItem\",\"position\":3,\"name\":\"Vi vill bidra-info\"}]},{\"@type\":\"WebSite\",\"@id\":\"https:\/\/jag.se\/opinion\/#website\",\"url\":\"https:\/\/jag.se\/opinion\/\",\"name\":\"JAG Opinion\",\"description\":\"\",\"potentialAction\":[{\"@type\":\"SearchAction\",\"target\":{\"@type\":\"EntryPoint\",\"urlTemplate\":\"https:\/\/jag.se\/opinion\/?s={search_term_string}\"},\"query-input\":\"required name=search_term_string\"}],\"inLanguage\":\"sv-SE\"}]}<\/script>\n<!-- \/ Yoast SEO plugin. -->","yoast_head_json":{"title":"Vi vill bidra-info - JAG Opinion","robots":{"index":"index","follow":"follow","max-snippet":"max-snippet:-1","max-image-preview":"max-image-preview:large","max-video-preview":"max-video-preview:-1"},"canonical":"https:\/\/jag.se\/opinion\/vi-vill-bidra-info\/","og_locale":"sv_SE","og_type":"article","og_title":"Vi vill bidra-info - JAG Opinion","og_url":"https:\/\/jag.se\/opinion\/vi-vill-bidra-info\/","og_site_name":"JAG Opinion","article_modified_time":"2024-06-20T07:46:15+00:00","og_image":[{"url":"https:\/\/jag.se\/opinion\/wp-content\/uploads\/sites\/3\/2024\/06\/Collage-foreningens-VVB-sida-1024x576.png"}],"twitter_card":"summary_large_image","twitter_misc":{"Ber\u00e4knad l\u00e4stid":"1 minut"},"schema":{"@context":"https:\/\/schema.org","@graph":[{"@type":"WebPage","@id":"https:\/\/jag.se\/opinion\/vi-vill-bidra-info\/","url":"https:\/\/jag.se\/opinion\/vi-vill-bidra-info\/","name":"Vi vill bidra-info - JAG Opinion","isPartOf":{"@id":"https:\/\/jag.se\/opinion\/#website"},"datePublished":"2024-06-20T07:00:24+00:00","dateModified":"2024-06-20T07:46:15+00:00","breadcrumb":{"@id":"https:\/\/jag.se\/opinion\/vi-vill-bidra-info\/#breadcrumb"},"inLanguage":"sv-SE","potentialAction":[{"@type":"ReadAction","target":["https:\/\/jag.se\/opinion\/vi-vill-bidra-info\/"]}]},{"@type":"BreadcrumbList","@id":"https:\/\/jag.se\/opinion\/vi-vill-bidra-info\/#breadcrumb","itemListElement":[{"@type":"ListItem","position":1,"name":"JAG start","item":"https:\/\/jag.se"},{"@type":"ListItem","position":2,"name":"Riksf\u00f6reningen JAG","item":"https:\/\/jag.se\/opinion\/"},{"@type":"ListItem","position":3,"name":"Vi vill bidra-info"}]},{"@type":"WebSite","@id":"https:\/\/jag.se\/opinion\/#website","url":"https:\/\/jag.se\/opinion\/","name":"JAG Opinion","description":"","potentialAction":[{"@type":"SearchAction","target":{"@type":"EntryPoint","urlTemplate":"https:\/\/jag.se\/opinion\/?s={search_term_string}"},"query-input":"required name=search_term_string"}],"inLanguage":"sv-SE"}]}},"_links":{"self":[{"href":"https:\/\/jag.se\/opinion\/wp-json\/wp\/v2\/pages\/23708","targetHints":{"allow":["GET"]}}],"collection":[{"href":"https:\/\/jag.se\/opinion\/wp-json\/wp\/v2\/pages"}],"about":[{"href":"https:\/\/jag.se\/opinion\/wp-json\/wp\/v2\/types\/page"}],"author":[{"embeddable":true,"href":"https:\/\/jag.se\/opinion\/wp-json\/wp\/v2\/users\/8"}],"replies":[{"embeddable":true,"href":"https:\/\/jag.se\/opinion\/wp-json\/wp\/v2\/comments?post=23708"}],"version-history":[{"count":12,"href":"https:\/\/jag.se\/opinion\/wp-json\/wp\/v2\/pages\/23708\/revisions"}],"predecessor-version":[{"id":23729,"href":"https:\/\/jag.se\/opinion\/wp-json\/wp\/v2\/pages\/23708\/revisions\/23729"}],"wp:attachment":[{"href":"https:\/\/jag.se\/opinion\/wp-json\/wp\/v2\/media?parent=23708"}],"curies":[{"name":"wp","href":"https:\/\/api.w.org\/{rel}","templated":true}]}}