{"id":25708,"date":"2024-10-02T08:42:46","date_gmt":"2024-10-02T08:42:46","guid":{"rendered":"https:\/\/jag.se\/opinion\/?page_id=25708"},"modified":"2026-02-25T08:42:40","modified_gmt":"2026-02-25T08:42:40","slug":"iqual","status":"publish","type":"page","link":"https:\/\/jag.se\/opinion\/iqual\/","title":{"rendered":"IQUAL"},"content":{"rendered":"<div class=\"wp-block-image\">\n<figure class=\"aligncenter size-full is-resized\"><img loading=\"lazy\" decoding=\"async\" width=\"605\" height=\"217\" src=\"https:\/\/jag.se\/opinion\/wp-content\/uploads\/sites\/3\/2024\/11\/IQual-logotyp.png\" alt=\"\" class=\"wp-image-25851\" style=\"width:400px\" srcset=\"https:\/\/jag.se\/opinion\/wp-content\/uploads\/sites\/3\/2024\/11\/IQual-logotyp.png 605w, https:\/\/jag.se\/opinion\/wp-content\/uploads\/sites\/3\/2024\/11\/IQual-logotyp-300x108.png 300w, https:\/\/jag.se\/opinion\/wp-content\/uploads\/sites\/3\/2024\/11\/IQual-logotyp-279x100.png 279w, https:\/\/jag.se\/opinion\/wp-content\/uploads\/sites\/3\/2024\/11\/IQual-logotyp-120x43.png 120w, https:\/\/jag.se\/opinion\/wp-content\/uploads\/sites\/3\/2024\/11\/IQual-logotyp-540x194.png 540w, https:\/\/jag.se\/opinion\/wp-content\/uploads\/sites\/3\/2024\/11\/IQual-logotyp-601x216.png 601w, https:\/\/jag.se\/opinion\/wp-content\/uploads\/sites\/3\/2024\/11\/IQual-logotyp-150x54.png 150w, https:\/\/jag.se\/opinion\/wp-content\/uploads\/sites\/3\/2024\/11\/IQual-logotyp-311x112.png 311w, https:\/\/jag.se\/opinion\/wp-content\/uploads\/sites\/3\/2024\/11\/IQual-logotyp-369x132.png 369w, https:\/\/jag.se\/opinion\/wp-content\/uploads\/sites\/3\/2024\/11\/IQual-logotyp-374x134.png 374w, https:\/\/jag.se\/opinion\/wp-content\/uploads\/sites\/3\/2024\/11\/IQual-logotyp-139x50.png 139w\" sizes=\"auto, (max-width: 605px) 100vw, 605px\" \/><\/figure>\n<\/div>\n\n<div class=\"wp-block-image\">\n<figure class=\"aligncenter is-resized\"><img loading=\"lazy\" decoding=\"async\" width=\"1920\" height=\"736\" src=\"https:\/\/jag.se\/opinion\/wp-content\/uploads\/sites\/3\/2024\/10\/Omslag-iqual.png\" alt=\"\" class=\"wp-image-25719\" style=\"width:900px\" srcset=\"https:\/\/jag.se\/opinion\/wp-content\/uploads\/sites\/3\/2024\/10\/Omslag-iqual.png 1920w, https:\/\/jag.se\/opinion\/wp-content\/uploads\/sites\/3\/2024\/10\/Omslag-iqual-300x115.png 300w, https:\/\/jag.se\/opinion\/wp-content\/uploads\/sites\/3\/2024\/10\/Omslag-iqual-1024x393.png 1024w, https:\/\/jag.se\/opinion\/wp-content\/uploads\/sites\/3\/2024\/10\/Omslag-iqual-768x294.png 768w, https:\/\/jag.se\/opinion\/wp-content\/uploads\/sites\/3\/2024\/10\/Omslag-iqual-1536x589.png 1536w, https:\/\/jag.se\/opinion\/wp-content\/uploads\/sites\/3\/2024\/10\/Omslag-iqual-261x100.png 261w, https:\/\/jag.se\/opinion\/wp-content\/uploads\/sites\/3\/2024\/10\/Omslag-iqual-120x46.png 120w, https:\/\/jag.se\/opinion\/wp-content\/uploads\/sites\/3\/2024\/10\/Omslag-iqual-540x207.png 540w, https:\/\/jag.se\/opinion\/wp-content\/uploads\/sites\/3\/2024\/10\/Omslag-iqual-601x230.png 601w, https:\/\/jag.se\/opinion\/wp-content\/uploads\/sites\/3\/2024\/10\/Omslag-iqual-150x58.png 150w, https:\/\/jag.se\/opinion\/wp-content\/uploads\/sites\/3\/2024\/10\/Omslag-iqual-311x119.png 311w, https:\/\/jag.se\/opinion\/wp-content\/uploads\/sites\/3\/2024\/10\/Omslag-iqual-369x141.png 369w, https:\/\/jag.se\/opinion\/wp-content\/uploads\/sites\/3\/2024\/10\/Omslag-iqual-374x143.png 374w, https:\/\/jag.se\/opinion\/wp-content\/uploads\/sites\/3\/2024\/10\/Omslag-iqual-130x50.png 130w, https:\/\/jag.se\/opinion\/wp-content\/uploads\/sites\/3\/2024\/10\/Omslag-iqual-1461x560.png 1461w\" sizes=\"auto, (max-width: 1920px) 100vw, 1920px\" \/><\/figure>\n<\/div>\n\n<section class=\"links-list white-bg\">\n\t<div class=\"inner\">\n\t\t\t\t<ul class=\"two-col\">\n\t\t\t\t\t\t\t<li><a href=\"https:\/\/jag.se\/opinion\/iqual-jag-bestammer\/\">Arvsfondsprojektet Jag best\u00e4mmer<\/a><\/li>\n\t\t\t\t\t\t\t\t<li><a href=\"https:\/\/jag.se\/opinion\/iqual-rapporter\/\">IQuals rapporter<\/a><\/li>\n\t\t\t\t\t\t<\/ul>\n\t\t\t\t<\/div>\n<\/section>\n\n\n<section class=\"text-block vvb-blue  \">\n    <div class=\"block-icon\"><\/div>\n\t<div class=\"inner\">\n\t\t<div class=\"text-block-content\">\n\t\t\t\t<p><strong>IQual &#8211; en kunskapsnod om m\u00e4nskliga r\u00e4ttigheter f\u00f6r personer med omfattande funktionsneds\u00e4ttningar varav en \u00e4r en neds\u00e4ttning av den intellektuella f\u00f6rm\u00e5gan.<\/strong><\/p>\n<ul>\n<li>IQual ska samla och sprida kunskap om\u00a0sj\u00e4lvbest\u00e4mmande och delaktighet f\u00f6r m\u00e4nniskor med omfattande funktionsneds\u00e4ttningar.<\/li>\n<li>M\u00e4nskliga r\u00e4ttigheter \u00e4r v\u00e5r utg\u00e5ngspunkt.\u00a0V\u00e4lf\u00e4rd \u00e4r ett av flera medel att f\u00f6rverkliga internationella konventioner, nationella ambitioner och uppn\u00e5 j\u00e4mlikhet.<\/li>\n<li>Vi s\u00f6ker aktivt samarbete med andra akt\u00f6rer \u2013 som forskare, utredare, medier, funktionsr\u00e4ttsorganisationer. Vi vill vara en m\u00f6jligg\u00f6rare och en k\u00e4lla till kunskap om l\u00f6sningar och hinder f\u00f6r personer med omfattande funktionsneds\u00e4ttningar. <a href=\"https:\/\/jag.se\/opinion\/iqual\/#kontakt\">Kontakta oss<\/a><\/li>\n<li>Vi vill ha ett s\u00e4rskilt\u00a0fokus p\u00e5 omr\u00e5den och fr\u00e5gor d\u00e4r reell kunskap saknas och d\u00e4r utrymmet i debatten ist\u00e4llet pr\u00e4glas av f\u00f6r\u00e5ldrade syns\u00e4tt och f\u00f6rdomar. B\u00e4ttre underlag ger klokare beslut.<\/li>\n<\/ul>\n\t\t<\/div>\n<\/section>\n\n\n<section class=\"text-block ocean  \">\n    <div class=\"block-icon\"><\/div>\n\t<div class=\"inner\">\n\t\t<div class=\"text-block-content\">\n\t\t\t\t\t<h2 class=\"\">Vad menas med IQ-diskriminering?<\/h2>\n\t\t\t\t\t<p>Den som inte tydligt kan uttrycka sin vilja till vem som helst anses inte ha samma behov av sj\u00e4lvbest\u00e4mmande som andra. Har du nedsatt intellektuell f\u00f6rm\u00e5ga, och stora kommunikationssv\u00e5righeter, blir du ofta s\u00e4mre behandlad \u00e4n andra. I samh\u00e4llet i stort inneb\u00e4r det att personer med intellektuell funktionsneds\u00e4ttning blir behandlade som objekt och osynliggjorda.<\/p>\n<p>IQ-diskriminering inneb\u00e4r att personer missgynnas baserat p\u00e5 deras IQ. Detta kan ske p\u00e5 olika s\u00e4tt, till exempel genom att personer med intellektuella funktionsneds\u00e4ttningar inte f\u00e5r samma m\u00f6jligheter till utbildning, v\u00e5rd, sociala aktiviteter och gemenskap som andra.<\/p>\n<p>Diskriminering baserat p\u00e5 IQ kan vara b\u00e5de direkt och indirekt. Direkt diskriminering inneb\u00e4r att n\u00e5gon behandlas s\u00e4mre \u00e4n andra i en j\u00e4mf\u00f6rbar situation p\u00e5 grund av deras intellektuella funktionsneds\u00e4ttning. Indirekt diskriminering kan ske genom regler eller rutiner som verkar neutrala men som i praktiken missgynnar personer med intellektuella funktionsneds\u00e4ttningar.<\/p>\n<p>Om jag inte sj\u00e4lv kan uttrycka min vilja och inte har r\u00e4tt beslutsst\u00f6d som har f\u00f6rm\u00e5gan att hj\u00e4lpa mig att uttrycka min vilja s\u00e5 \u00e4r det en direkt IQ \u2013 diskriminering.<\/p>\n<p>&nbsp;<\/p>\n<p><strong>Exempel p\u00e5 IQ-diskriminering<\/strong><\/p>\n<ul>\n<li>M\u00e5nga som har intellektuell funktionsneds\u00e4ttning och behov av en god man har inte m\u00f6jlighet att ha ett bank-ID.<a href=\"https:\/\/hejaolika.se\/artikel\/diskriminering-att-vagras-bankid\/\" target=\"_blank\" rel=\"noopener\">Debattartikel &#8211; Heja olika<\/a><\/li>\n<li>Diskriminering inom sjukv\u00e5rd.<\/li>\n<li>Diagnoser st\u00e4lls utan tillr\u00e4ckliga utredningar.<\/li>\n<li>T\u00e4nder dras ut ist\u00e4llet f\u00f6r att lagas.<\/li>\n<li>Livsuppeh\u00e5llande \u00e5tg\u00e4rder s\u00e4tts inte in vid akutsjukv\u00e5rd.<\/li>\n<li>Blir nekad komma in p\u00e5 restaurang<\/li>\n<li>Att inte vara v\u00e4lkommen p\u00e5 fritidsaktiviteter s\u00e5 som l\u00e4ger.<\/li>\n<li>Segregerad skola<\/li>\n<li>Tvingas i m\u00e5nga fall till att bo p\u00e5 gruppbostad\/institution p\u00e5 grund av utebliven r\u00e4tt till assistans. (Institutioner m\u00f6jligg\u00f6r inte Independent living, och \u00e4r d\u00e4rmed ett hinder f\u00f6r m\u00e4nskliga r\u00e4ttigheter)<\/li>\n<li>Segregerade dagliga verksamheter<\/li>\n<li>Dehumaniserande spr\u00e5kbruk: \u201cHan blev en gr\u00f6nsak efter olyckan\u201d.<\/li>\n<\/ul>\n\t\t<\/div>\n<\/section>\n\n\n<section class=\"text-block white  \">\n    <div class=\"block-icon\"><\/div>\n\t<div class=\"inner\">\n\t\t<div class=\"text-block-content\">\n\t\t\t\t\t<h2 class=\"\">Vad menar vi n\u00e4r vi s\u00e4ger institution?<\/h2>\n\t\t\t\t\t<p><strong>Vad som k\u00e4nnetecknar en institution beskrivs i den allm\u00e4nna kommentaren No.5 till Artikel 19 &#8211; FNs funktionsr\u00e4ttkonvention:<\/strong><br \/>&#8221;\u00c4ven om institutionsmilj\u00f6er kan skilja sig \u00e5t i storlek, namn och uppl\u00e4gg, s\u00e5 finns det vissa definierande k\u00e4nnetecken f\u00f6r dem. Det kan till exempel vara att man \u00e4r tvungen att dela assistenter med andra och saknar eller har begr\u00e4nsat inflytande \u00f6ver vem man m\u00e5ste acceptera att f\u00e5 assistans av; isolering och segregering fr\u00e5n ett sj\u00e4lvst\u00e4ndigt liv i samh\u00e4llsgemenskapen; brist p\u00e5 kontroll \u00f6ver beslut i vardagen; brist p\u00e5 m\u00f6jlighet att v\u00e4lja vem man vill leva med; oflexibla rutiner som inte tar h\u00e4nsyn till personlig vilja och personliga preferenser; identiska aktiviteter p\u00e5 samma st\u00e4lle f\u00f6r en grupp personer som lyder under en viss auktoritet; ett paternalistiskt syns\u00e4tt i tillhandah\u00e5llandet av tj\u00e4nster; \u00f6vervakning \u00f6ver ens boendesituation; och vanligen ocks\u00e5 ett oproportionerligt stort antal personer med funktionsneds\u00e4ttning som bor p\u00e5 samma st\u00e4lle.&#8221;<\/p>\n<p><a href=\"https:\/\/www.ohchr.org\/en\/documents\/general-comments-and-recommendations\/general-comment-no5-article-19-right-live\"><em>Allm\u00e4n kommentar No 5 till FNs funktionshinderkonvention artikel 19<\/em><\/a><\/p>\n\t\t<\/div>\n<\/section>\n\n\n\n<figure class=\"wp-block-embed aligncenter is-type-video is-provider-youtube wp-block-embed-youtube wp-embed-aspect-16-9 wp-has-aspect-ratio\"><div class=\"wp-block-embed__wrapper\">\n<iframe loading=\"lazy\" title=\"Vittnesm\u00e5l om IQ-diskriminering\" width=\"500\" height=\"281\" src=\"https:\/\/www.youtube.com\/embed\/5QVH4ENNam8?feature=oembed\" frameborder=\"0\" allow=\"accelerometer; autoplay; clipboard-write; encrypted-media; gyroscope; picture-in-picture; web-share\" referrerpolicy=\"strict-origin-when-cross-origin\" allowfullscreen><\/iframe>\n<\/div><\/figure>\n\n\n<section class=\"text-block pink  \">\n    <div class=\"block-icon\"><\/div>\n\t<div class=\"inner\">\n\t\t<div class=\"text-block-content\">\n\t\t\t\t\t<h2 class=\"\">IQ-diskriminering \u00e4r olagligt<\/h2>\n\t\t\t\t\t<p><strong>FN:s deklarationer om<\/strong><strong> m\u00e4nskliga<\/strong> <strong>r\u00e4ttigheter <\/strong>sl\u00e5r fast i artikel 1 att<em> &#8221;Alla m\u00e4nniskor \u00e4r f\u00f6dda fria och lika i v\u00e4rde och r\u00e4ttigheter&#8221;. <\/em><br \/><a href=\"https:\/\/mrinstitutet.se\/fns-allmanna-forklaring-om-de-manskliga-rattigheterna\/\">FN:s allm\u00e4nna f\u00f6rklaring om de m\u00e4nskliga r\u00e4ttigheterna \u2013 Institutet f\u00f6r m\u00e4nskliga r\u00e4ttigheter<\/a><\/p>\n<p><strong>Regeringsformen (RF) i v\u00e5r grundlag i 2 <em>\u00a7 s\u00e4ger att &#8221;<\/em><\/strong><em>Den offentliga makten ska ut\u00f6vas med respekt f\u00f6r alla m\u00e4nniskors lika v\u00e4rde och f\u00f6r den enskilda m\u00e4nniskans frihet och v\u00e4rdighet.&#8221;\u00a0 <\/em>och <em>&#8221;Det allm\u00e4nna ska verka f\u00f6r att alla m\u00e4nniskor ska kunna uppn\u00e5 delaktighet och j\u00e4mlikhet i samh\u00e4llet och f\u00f6r att barns r\u00e4tt tas till vara. Det allm\u00e4nna ska motverka diskriminering av m\u00e4nniskor p\u00e5 grund av k\u00f6n, hudf\u00e4rg, nationellt eller etniskt ursprung, spr\u00e5klig eller religi\u00f6s tillh\u00f6righet, funktionshinder, sexuell l\u00e4ggning, \u00e5lder eller andra omst\u00e4ndigheter som g\u00e4ller den enskilde som person.&#8221;<\/em><\/p>\n<p><strong>Diskrimineringslagens 1 <em>\u00a7 &#8221;<\/em><\/strong><em>Denna lag har till \u00e4ndam\u00e5l att motverka diskriminering och p\u00e5 andra s\u00e4tt fr\u00e4mja lika r\u00e4ttigheter och m\u00f6jligheter oavsett k\u00f6n, k\u00f6ns\u00f6verskridande identitet eller uttryck, etnisk tillh\u00f6righet, religion eller annan trosuppfattning, funktionsneds\u00e4ttning, sexuell l\u00e4ggning eller \u00e5lder&#8221;<\/em><\/p>\n<p>Diskrimineringslagen behandlar b\u00e5de direkt och indirekt diskriminering i arbetslivet, i fr\u00e5ga om utbildning, arbetsmarknadspolitisk verksamhet, n\u00e4ringsverksamhet, medlemskap i organisation, tillhandah\u00e5llande av varor, tj\u00e4nster och bost\u00e4der, inom socialtj\u00e4nst, h\u00e4lso och sjukv\u00e5rd, socialf\u00f6rs\u00e4kringssystem mm.<\/p>\n<p><strong>S\u00e5 h\u00e4r formuleras att det \u00e4r f\u00f6rbjudet att diskriminera utifr\u00e5n funktionsneds\u00e4ttning &#8221;<\/strong>5 \u00a7 4. funktionsneds\u00e4ttning: varaktiga fysiska, psykiska eller beg\u00e5vningsm\u00e4ssiga begr\u00e4nsningar av en persons funktionsf\u00f6rm\u00e5ga som till f\u00f6ljd av en skada eller en sjukdom fanns vid f\u00f6delsen, har uppst\u00e5tt d\u00e4refter eller kan f\u00f6rv\u00e4ntas uppst\u00e5&#8221;<\/p>\n<p>Lag (2014:958). <a href=\"https:\/\/www.riksdagen.se\/sv\/dokument-och-lagar\/dokument\/svensk-forfattningssamling\/diskrimineringslag-2008567_sfs-2008-567\/#K1\">Diskrimineringslag (2008:567) | Sveriges riksdag<\/a><\/p>\n<p><strong>Funktionsr\u00e4ttskonventionen, CRPD<br \/><\/strong><em>Syftar till att fr\u00e4mja, skydda, s\u00e4kerst\u00e4lla det fulla och lika \u00e5tnjutandet av alla m\u00e4nskliga r\u00e4ttigheter och grundl\u00e4ggande friheter f\u00f6r alla personer med funktionsneds\u00e4ttning och att fr\u00e4mja respekten f\u00f6r deras inneboende v\u00e4rde.<\/em><\/p>\n<p><em>Den best\u00e5r av 50 artiklar samt allm\u00e4nna kommentarer som f\u00f6rklarar artiklarna. <\/em><em>En av alla konventioner om m\u00e4nskliga r\u00e4ttigheter som FN antagit f\u00f6r ytterligare reglera och skydda m\u00e4nskliga r\u00e4ttigheter f\u00f6r speciellt utsatta grupper.<\/em><\/p>\n<ul>\n<li><em>Artikel 12 \u2013 Likhet inf\u00f6r lagen &#8211; <\/em><em>Reglera att en skall f\u00e5 det st\u00f6d en beh\u00f6ver f\u00f6r att ut\u00f6va sin r\u00e4ttskapacitet. Insatsen skall utg\u00e5 fr\u00e5n individen och vara proportionerligt.<br \/><\/em><em>Analys fr\u00e5n FN:s bevakningskommitt\u00e9: <\/em><em>&#8221;om den enskilde p\u00e5 egen hand inte kan uttrycka sin egen vilja och preferenser, s\u00e5 m\u00e5ste det ers\u00e4ttas av \u201cden b\u00e4sta tolkningen av vilja och preferenser\u201d. <br \/><\/em><em>Allts\u00e5 inte n\u00e5gon objektiv bed\u00f6mning om det allm\u00e4nt b\u00e4sta f\u00f6r personer, utan tolkning utifr\u00e5n just den personen. (General Comment No 1, Article 12:2)<\/em><\/li>\n<li><em>Artikel 19<\/em> &#8211; <em>Konventionsstaterna erk\u00e4nner lika r\u00e4tt f\u00f6r alla personer med funktionsneds\u00e4ttning att leva i samh\u00e4llet med lika valm\u00f6jligheter som andra personer och ska vidta effektiva och \u00e4ndam\u00e5lsenliga \u00e5tg\u00e4rder f\u00f6r att underl\u00e4tta att personer med funktionsneds\u00e4ttning fullt \u00e5tnjuter denna r\u00e4tt och deras fulla inkludering och deltagande i samh\u00e4llet, bland annat genom att s\u00e4kerst\u00e4lla att&#8230;.. <br \/><\/em><em>-personer med funktionsneds\u00e4ttning har tillg\u00e5ng till olika former av samh\u00e4llsservice&#8230;<br \/>-inklusive personlig assistans&#8230;\u00a0<br \/><\/em><\/li>\n<\/ul>\n<p><a href=\"https:\/\/www.regeringen.se\/contentassets\/f6446d9266db46dea0e0e58cd6d53a97\/konvention-om-rattigheter-for-personer-med-funktionsnedsattning-och-fakultativt-protokoll-till-konventionen-om-rattigheter-for-personer-med-funktionsnedsattning.pdf\">Konvention om r\u00e4ttigheter f\u00f6r personer med funktionsneds\u00e4ttning och fakultativt protokoll till konventionen om r\u00e4ttigheter f\u00f6r personer med funktionsneds\u00e4ttning<\/a><\/p>\n<p>&nbsp;<\/p>\n<p><strong>F\u00f6r\u00e4ldrabalken 11 kap om Godman och f\u00f6rvaltare <\/p>\n<p><\/strong><em>4 \u00a7\u00a0 -&#8221;Om n\u00e5gon p\u00e5 grund av sjukdom, psykisk st\u00f6rning, f\u00f6rsvagat h\u00e4lsotillst\u00e5nd eller liknande f\u00f6rh\u00e5llande beh\u00f6ver hj\u00e4lp med att bevaka sin r\u00e4tt, f\u00f6rvalta sin egendom eller s\u00f6rja f\u00f6r sin person, skall r\u00e4tten, om det beh\u00f6vs, besluta att anordna godmanskap f\u00f6r honom eller henne. Ett s\u00e5dant beslut f\u00e5r inte meddelas utan samtycke av den f\u00f6r vilken godmanskap skall anordnas, om inte den enskildes tillst\u00e5nd hindrar att hans eller hennes mening inh\u00e4mtas.&#8221;<\/em><\/p>\n<p><em>7 \u00a7\u00a0\u00a0 Om n\u00e5gon som befinner sig i en s\u00e5dan situation som anges i 4 \u00a7 \u00e4r ur st\u00e5nd att v\u00e5rda sig eller sin egendom, f\u00e5r r\u00e4tten besluta att anordna f\u00f6rvaltarskap f\u00f6r honom eller henne. F\u00f6rvaltarskap f\u00e5r dock inte anordnas, om det \u00e4r tillr\u00e4ckligt att godmanskap anordnas eller att den enskilde p\u00e5 n\u00e5got annat, mindre ingripande s\u00e4tt f\u00e5r hj\u00e4lp.<\/em><\/p>\n\t\t<\/div>\n<\/section>\n\n\n\n<h6 class=\"wp-block-heading has-text-align-center\" id=\"kontakt\"><\/h6>\n\n\n\n<h2 class=\"wp-block-heading has-text-align-center\">Kontakt<\/h2>\n\n\n<div class=\"wp-block-image\">\n<figure class=\"aligncenter size-full is-resized\"><img loading=\"lazy\" decoding=\"async\" width=\"766\" height=\"949\" src=\"https:\/\/jag.se\/opinion\/wp-content\/uploads\/sites\/3\/2025\/04\/agneta.scherman-web.jpg\" alt=\"\" class=\"wp-image-26696\" style=\"width:200px\" srcset=\"https:\/\/jag.se\/opinion\/wp-content\/uploads\/sites\/3\/2025\/04\/agneta.scherman-web.jpg 766w, https:\/\/jag.se\/opinion\/wp-content\/uploads\/sites\/3\/2025\/04\/agneta.scherman-web-242x300.jpg 242w, https:\/\/jag.se\/opinion\/wp-content\/uploads\/sites\/3\/2025\/04\/agneta.scherman-web-81x100.jpg 81w, https:\/\/jag.se\/opinion\/wp-content\/uploads\/sites\/3\/2025\/04\/agneta.scherman-web-120x149.jpg 120w, https:\/\/jag.se\/opinion\/wp-content\/uploads\/sites\/3\/2025\/04\/agneta.scherman-web-540x669.jpg 540w, https:\/\/jag.se\/opinion\/wp-content\/uploads\/sites\/3\/2025\/04\/agneta.scherman-web-601x745.jpg 601w, https:\/\/jag.se\/opinion\/wp-content\/uploads\/sites\/3\/2025\/04\/agneta.scherman-web-121x150.jpg 121w, https:\/\/jag.se\/opinion\/wp-content\/uploads\/sites\/3\/2025\/04\/agneta.scherman-web-251x311.jpg 251w, https:\/\/jag.se\/opinion\/wp-content\/uploads\/sites\/3\/2025\/04\/agneta.scherman-web-298x369.jpg 298w, https:\/\/jag.se\/opinion\/wp-content\/uploads\/sites\/3\/2025\/04\/agneta.scherman-web-302x374.jpg 302w, https:\/\/jag.se\/opinion\/wp-content\/uploads\/sites\/3\/2025\/04\/agneta.scherman-web-40x50.jpg 40w, https:\/\/jag.se\/opinion\/wp-content\/uploads\/sites\/3\/2025\/04\/agneta.scherman-web-452x560.jpg 452w\" sizes=\"auto, (max-width: 766px) 100vw, 766px\" \/><\/figure>\n<\/div>\n\n\n<p class=\"has-text-align-center\">Agneta Scherman &#8211; verksamhetsansvarig IQual<br>Telefon 076-545 30 38<br>E-post\u200b <a href=\"mailto:agneta.scherman@iqual.se\">agneta.scherman@iqual.se<\/a><\/p>\n\n\n\n<p><\/p>\n","protected":false},"excerpt":{"rendered":"<p>Kontakt Agneta Scherman &#8211; verksamhetsansvarig IQualTelefon 076-545 30 38E-post\u200b agneta.scherman@iqual.se<\/p>\n","protected":false},"author":8,"featured_media":0,"parent":0,"menu_order":5,"comment_status":"closed","ping_status":"closed","template":"","meta":{"footnotes":""},"class_list":["post-25708","page","type-page","status-publish","hentry"],"acf":[],"yoast_head":"<!-- This site is optimized with the Yoast SEO plugin v21.3 - https:\/\/yoast.com\/wordpress\/plugins\/seo\/ -->\n<title>IQUAL - JAG Opinion<\/title>\n<meta name=\"robots\" content=\"index, follow, max-snippet:-1, max-image-preview:large, max-video-preview:-1\" \/>\n<link rel=\"canonical\" href=\"https:\/\/jag.se\/opinion\/iqual\/\" \/>\n<meta property=\"og:locale\" content=\"sv_SE\" \/>\n<meta property=\"og:type\" content=\"article\" \/>\n<meta property=\"og:title\" content=\"IQUAL - JAG Opinion\" \/>\n<meta property=\"og:description\" content=\"Kontakt Agneta Scherman &#8211; verksamhetsansvarig IQualTelefon 076-545 30 38E-post\u200b agneta.scherman@iqual.se\" \/>\n<meta property=\"og:url\" content=\"https:\/\/jag.se\/opinion\/iqual\/\" \/>\n<meta property=\"og:site_name\" content=\"JAG Opinion\" \/>\n<meta property=\"article:modified_time\" content=\"2026-02-25T08:42:40+00:00\" \/>\n<meta property=\"og:image\" content=\"https:\/\/jag.se\/opinion\/wp-content\/uploads\/sites\/3\/2024\/11\/IQual-logotyp.png\" \/>\n<meta name=\"twitter:card\" content=\"summary_large_image\" \/>\n<meta name=\"twitter:label1\" content=\"Ber\u00e4knad l\u00e4stid\" \/>\n\t<meta name=\"twitter:data1\" content=\"1 minut\" \/>\n<script type=\"application\/ld+json\" class=\"yoast-schema-graph\">{\"@context\":\"https:\/\/schema.org\",\"@graph\":[{\"@type\":\"WebPage\",\"@id\":\"https:\/\/jag.se\/opinion\/iqual\/\",\"url\":\"https:\/\/jag.se\/opinion\/iqual\/\",\"name\":\"IQUAL - JAG Opinion\",\"isPartOf\":{\"@id\":\"https:\/\/jag.se\/opinion\/#website\"},\"datePublished\":\"2024-10-02T08:42:46+00:00\",\"dateModified\":\"2026-02-25T08:42:40+00:00\",\"breadcrumb\":{\"@id\":\"https:\/\/jag.se\/opinion\/iqual\/#breadcrumb\"},\"inLanguage\":\"sv-SE\",\"potentialAction\":[{\"@type\":\"ReadAction\",\"target\":[\"https:\/\/jag.se\/opinion\/iqual\/\"]}]},{\"@type\":\"BreadcrumbList\",\"@id\":\"https:\/\/jag.se\/opinion\/iqual\/#breadcrumb\",\"itemListElement\":[{\"@type\":\"ListItem\",\"position\":1,\"name\":\"JAG start\",\"item\":\"https:\/\/jag.se\"},{\"@type\":\"ListItem\",\"position\":2,\"name\":\"Riksf\u00f6reningen JAG\",\"item\":\"https:\/\/jag.se\/opinion\/\"},{\"@type\":\"ListItem\",\"position\":3,\"name\":\"IQUAL\"}]},{\"@type\":\"WebSite\",\"@id\":\"https:\/\/jag.se\/opinion\/#website\",\"url\":\"https:\/\/jag.se\/opinion\/\",\"name\":\"JAG Opinion\",\"description\":\"\",\"potentialAction\":[{\"@type\":\"SearchAction\",\"target\":{\"@type\":\"EntryPoint\",\"urlTemplate\":\"https:\/\/jag.se\/opinion\/?s={search_term_string}\"},\"query-input\":\"required name=search_term_string\"}],\"inLanguage\":\"sv-SE\"}]}<\/script>\n<!-- \/ Yoast SEO plugin. -->","yoast_head_json":{"title":"IQUAL - JAG Opinion","robots":{"index":"index","follow":"follow","max-snippet":"max-snippet:-1","max-image-preview":"max-image-preview:large","max-video-preview":"max-video-preview:-1"},"canonical":"https:\/\/jag.se\/opinion\/iqual\/","og_locale":"sv_SE","og_type":"article","og_title":"IQUAL - JAG Opinion","og_description":"Kontakt Agneta Scherman &#8211; verksamhetsansvarig IQualTelefon 076-545 30 38E-post\u200b agneta.scherman@iqual.se","og_url":"https:\/\/jag.se\/opinion\/iqual\/","og_site_name":"JAG Opinion","article_modified_time":"2026-02-25T08:42:40+00:00","og_image":[{"url":"https:\/\/jag.se\/opinion\/wp-content\/uploads\/sites\/3\/2024\/11\/IQual-logotyp.png"}],"twitter_card":"summary_large_image","twitter_misc":{"Ber\u00e4knad l\u00e4stid":"1 minut"},"schema":{"@context":"https:\/\/schema.org","@graph":[{"@type":"WebPage","@id":"https:\/\/jag.se\/opinion\/iqual\/","url":"https:\/\/jag.se\/opinion\/iqual\/","name":"IQUAL - JAG Opinion","isPartOf":{"@id":"https:\/\/jag.se\/opinion\/#website"},"datePublished":"2024-10-02T08:42:46+00:00","dateModified":"2026-02-25T08:42:40+00:00","breadcrumb":{"@id":"https:\/\/jag.se\/opinion\/iqual\/#breadcrumb"},"inLanguage":"sv-SE","potentialAction":[{"@type":"ReadAction","target":["https:\/\/jag.se\/opinion\/iqual\/"]}]},{"@type":"BreadcrumbList","@id":"https:\/\/jag.se\/opinion\/iqual\/#breadcrumb","itemListElement":[{"@type":"ListItem","position":1,"name":"JAG start","item":"https:\/\/jag.se"},{"@type":"ListItem","position":2,"name":"Riksf\u00f6reningen JAG","item":"https:\/\/jag.se\/opinion\/"},{"@type":"ListItem","position":3,"name":"IQUAL"}]},{"@type":"WebSite","@id":"https:\/\/jag.se\/opinion\/#website","url":"https:\/\/jag.se\/opinion\/","name":"JAG Opinion","description":"","potentialAction":[{"@type":"SearchAction","target":{"@type":"EntryPoint","urlTemplate":"https:\/\/jag.se\/opinion\/?s={search_term_string}"},"query-input":"required name=search_term_string"}],"inLanguage":"sv-SE"}]}},"_links":{"self":[{"href":"https:\/\/jag.se\/opinion\/wp-json\/wp\/v2\/pages\/25708","targetHints":{"allow":["GET"]}}],"collection":[{"href":"https:\/\/jag.se\/opinion\/wp-json\/wp\/v2\/pages"}],"about":[{"href":"https:\/\/jag.se\/opinion\/wp-json\/wp\/v2\/types\/page"}],"author":[{"embeddable":true,"href":"https:\/\/jag.se\/opinion\/wp-json\/wp\/v2\/users\/8"}],"replies":[{"embeddable":true,"href":"https:\/\/jag.se\/opinion\/wp-json\/wp\/v2\/comments?post=25708"}],"version-history":[{"count":127,"href":"https:\/\/jag.se\/opinion\/wp-json\/wp\/v2\/pages\/25708\/revisions"}],"predecessor-version":[{"id":27622,"href":"https:\/\/jag.se\/opinion\/wp-json\/wp\/v2\/pages\/25708\/revisions\/27622"}],"wp:attachment":[{"href":"https:\/\/jag.se\/opinion\/wp-json\/wp\/v2\/media?parent=25708"}],"curies":[{"name":"wp","href":"https:\/\/api.w.org\/{rel}","templated":true}]}}