{"id":27599,"date":"2026-02-25T08:05:30","date_gmt":"2026-02-25T08:05:30","guid":{"rendered":"https:\/\/jag.se\/opinion\/iqual-2\/"},"modified":"2026-02-27T09:31:39","modified_gmt":"2026-02-27T09:31:39","slug":"iqual-rapporter","status":"publish","type":"page","link":"https:\/\/jag.se\/opinion\/iqual-rapporter\/","title":{"rendered":"IQUAL-RAPPORTER"},"content":{"rendered":"\n<figure class=\"wp-block-image size-medium is-resized\"><a href=\"https:\/\/jag.se\/opinion\/iqual\/\"><img loading=\"lazy\" decoding=\"async\" width=\"300\" height=\"108\" src=\"https:\/\/jag.se\/opinion\/wp-content\/uploads\/sites\/3\/2025\/05\/IQual-logotyp-1-300x108.png\" alt=\"\" class=\"wp-image-26748\" style=\"width:125px\" srcset=\"https:\/\/jag.se\/opinion\/wp-content\/uploads\/sites\/3\/2025\/05\/IQual-logotyp-1-300x108.png 300w, https:\/\/jag.se\/opinion\/wp-content\/uploads\/sites\/3\/2025\/05\/IQual-logotyp-1-279x100.png 279w, https:\/\/jag.se\/opinion\/wp-content\/uploads\/sites\/3\/2025\/05\/IQual-logotyp-1-120x43.png 120w, https:\/\/jag.se\/opinion\/wp-content\/uploads\/sites\/3\/2025\/05\/IQual-logotyp-1-540x194.png 540w, https:\/\/jag.se\/opinion\/wp-content\/uploads\/sites\/3\/2025\/05\/IQual-logotyp-1-601x216.png 601w, https:\/\/jag.se\/opinion\/wp-content\/uploads\/sites\/3\/2025\/05\/IQual-logotyp-1-150x54.png 150w, https:\/\/jag.se\/opinion\/wp-content\/uploads\/sites\/3\/2025\/05\/IQual-logotyp-1-311x112.png 311w, https:\/\/jag.se\/opinion\/wp-content\/uploads\/sites\/3\/2025\/05\/IQual-logotyp-1-369x132.png 369w, https:\/\/jag.se\/opinion\/wp-content\/uploads\/sites\/3\/2025\/05\/IQual-logotyp-1-374x134.png 374w, https:\/\/jag.se\/opinion\/wp-content\/uploads\/sites\/3\/2025\/05\/IQual-logotyp-1-139x50.png 139w, https:\/\/jag.se\/opinion\/wp-content\/uploads\/sites\/3\/2025\/05\/IQual-logotyp-1.png 605w\" sizes=\"auto, (max-width: 300px) 100vw, 300px\" \/><\/a><\/figure>\n\n\n<section class=\"text-block white  \">\n    <div class=\"block-icon\"><\/div>\n\t<div class=\"inner\">\n\t\t<div class=\"text-block-content\">\n\t\t\t\t\t<h2 class=\"\">IQuals rapporter<\/h2>\n\t\t\t\t\t\t\t<\/div>\n<\/section>\n\n\n<div class=\"wp-block-image\">\n<figure class=\"aligncenter size-large is-resized\"><a href=\"https:\/\/jag.se\/opinion\/wp-content\/uploads\/sites\/3\/2026\/01\/Anhoriga-som-stallforetradare-och-personliga-assistenter.pdf\"><img loading=\"lazy\" decoding=\"async\" width=\"724\" height=\"1024\" src=\"https:\/\/jag.se\/opinion\/wp-content\/uploads\/sites\/3\/2026\/01\/Anhoriga-som-stallforetradare-och-personliga-assistenter_Sida_01-724x1024.jpg\" alt=\"\" class=\"wp-image-27480\" style=\"width:300px\" srcset=\"https:\/\/jag.se\/opinion\/wp-content\/uploads\/sites\/3\/2026\/01\/Anhoriga-som-stallforetradare-och-personliga-assistenter_Sida_01-724x1024.jpg 724w, https:\/\/jag.se\/opinion\/wp-content\/uploads\/sites\/3\/2026\/01\/Anhoriga-som-stallforetradare-och-personliga-assistenter_Sida_01-212x300.jpg 212w, https:\/\/jag.se\/opinion\/wp-content\/uploads\/sites\/3\/2026\/01\/Anhoriga-som-stallforetradare-och-personliga-assistenter_Sida_01-768x1086.jpg 768w, https:\/\/jag.se\/opinion\/wp-content\/uploads\/sites\/3\/2026\/01\/Anhoriga-som-stallforetradare-och-personliga-assistenter_Sida_01-1086x1536.jpg 1086w, https:\/\/jag.se\/opinion\/wp-content\/uploads\/sites\/3\/2026\/01\/Anhoriga-som-stallforetradare-och-personliga-assistenter_Sida_01-1448x2048.jpg 1448w, https:\/\/jag.se\/opinion\/wp-content\/uploads\/sites\/3\/2026\/01\/Anhoriga-som-stallforetradare-och-personliga-assistenter_Sida_01-71x100.jpg 71w, https:\/\/jag.se\/opinion\/wp-content\/uploads\/sites\/3\/2026\/01\/Anhoriga-som-stallforetradare-och-personliga-assistenter_Sida_01-120x170.jpg 120w, https:\/\/jag.se\/opinion\/wp-content\/uploads\/sites\/3\/2026\/01\/Anhoriga-som-stallforetradare-och-personliga-assistenter_Sida_01-540x764.jpg 540w, https:\/\/jag.se\/opinion\/wp-content\/uploads\/sites\/3\/2026\/01\/Anhoriga-som-stallforetradare-och-personliga-assistenter_Sida_01-601x850.jpg 601w, https:\/\/jag.se\/opinion\/wp-content\/uploads\/sites\/3\/2026\/01\/Anhoriga-som-stallforetradare-och-personliga-assistenter_Sida_01-1024x1448.jpg 1024w, https:\/\/jag.se\/opinion\/wp-content\/uploads\/sites\/3\/2026\/01\/Anhoriga-som-stallforetradare-och-personliga-assistenter_Sida_01-106x150.jpg 106w, https:\/\/jag.se\/opinion\/wp-content\/uploads\/sites\/3\/2026\/01\/Anhoriga-som-stallforetradare-och-personliga-assistenter_Sida_01-220x311.jpg 220w, https:\/\/jag.se\/opinion\/wp-content\/uploads\/sites\/3\/2026\/01\/Anhoriga-som-stallforetradare-och-personliga-assistenter_Sida_01-261x369.jpg 261w, https:\/\/jag.se\/opinion\/wp-content\/uploads\/sites\/3\/2026\/01\/Anhoriga-som-stallforetradare-och-personliga-assistenter_Sida_01-264x374.jpg 264w, https:\/\/jag.se\/opinion\/wp-content\/uploads\/sites\/3\/2026\/01\/Anhoriga-som-stallforetradare-och-personliga-assistenter_Sida_01-35x50.jpg 35w, https:\/\/jag.se\/opinion\/wp-content\/uploads\/sites\/3\/2026\/01\/Anhoriga-som-stallforetradare-och-personliga-assistenter_Sida_01-396x560.jpg 396w, https:\/\/jag.se\/opinion\/wp-content\/uploads\/sites\/3\/2026\/01\/Anhoriga-som-stallforetradare-och-personliga-assistenter_Sida_01.jpg 1654w, https:\/\/jag.se\/opinion\/wp-content\/uploads\/sites\/3\/2026\/01\/Anhoriga-som-stallforetradare-och-personliga-assistenter_Sida_01-212x300@2x.jpg 424w, https:\/\/jag.se\/opinion\/wp-content\/uploads\/sites\/3\/2026\/01\/Anhoriga-som-stallforetradare-och-personliga-assistenter_Sida_01-768x1086@2x.jpg 1536w, https:\/\/jag.se\/opinion\/wp-content\/uploads\/sites\/3\/2026\/01\/Anhoriga-som-stallforetradare-och-personliga-assistenter_Sida_01-71x100@2x.jpg 142w, https:\/\/jag.se\/opinion\/wp-content\/uploads\/sites\/3\/2026\/01\/Anhoriga-som-stallforetradare-och-personliga-assistenter_Sida_01-120x170@2x.jpg 240w, https:\/\/jag.se\/opinion\/wp-content\/uploads\/sites\/3\/2026\/01\/Anhoriga-som-stallforetradare-och-personliga-assistenter_Sida_01-540x764@2x.jpg 1080w, https:\/\/jag.se\/opinion\/wp-content\/uploads\/sites\/3\/2026\/01\/Anhoriga-som-stallforetradare-och-personliga-assistenter_Sida_01-220x311@2x.jpg 440w, https:\/\/jag.se\/opinion\/wp-content\/uploads\/sites\/3\/2026\/01\/Anhoriga-som-stallforetradare-och-personliga-assistenter_Sida_01-264x374@2x.jpg 528w, https:\/\/jag.se\/opinion\/wp-content\/uploads\/sites\/3\/2026\/01\/Anhoriga-som-stallforetradare-och-personliga-assistenter_Sida_01-35x50@2x.jpg 70w\" sizes=\"auto, (max-width: 724px) 100vw, 724px\" \/><\/a><\/figure>\n<\/div>\n\n<section class=\"text-block white  \">\n    <div class=\"block-icon\"><\/div>\n\t<div class=\"inner\">\n\t\t<div class=\"text-block-content\">\n\t\t\t\t\t<h2 class=\"\">Ny rapport: Anh\u00f6riga som st\u00e4llf\u00f6retr\u00e4dare och personliga assistenter<\/h2>\n\t\t\t\t\t<p>En kunskapsrapport om attityder, r\u00e4ttsl\u00e4ge och levd erfarenhet<\/p>\n<p>IQual har sammanst\u00e4llt kunskap fr\u00e5n fyra unders\u00f6kningar (2013\u20132025) om anh\u00f6rigas dubbla roller som b\u00e5de st\u00e4llf\u00f6retr\u00e4dare och personliga assistenter f\u00f6r personer med omfattande funktionsneds\u00e4ttningar och intellektuell neds\u00e4ttning. Fr\u00e5gan \u00e4r central f\u00f6r medlemmarna i Riksf\u00f6reningen JAG, som l\u00e4nge har k\u00e4mpat f\u00f6r r\u00e4tten att kunna ha en anh\u00f6rig som god man \u2013 ofta den enda person som verkligen kan tolka deras vilja och behov. I m\u00e5nga fall \u00e4r samma person ocks\u00e5 viktig i assistansen, ibland som personlig assistent och ibland \u00e4ven med ett samordnande uppdrag.<\/p>\n<div>\n<p>Tre av unders\u00f6kningarna visar att m\u00e5nga \u00f6verf\u00f6rmyndare \u00e4r skeptiska till att anh\u00f6riga har dubbla roller och att anledningen till denna skepsis varit sv\u00e5r att bel\u00e4gga. Skepsisen bygger ofta p\u00e5 f\u00f6rest\u00e4llningar om \u00f6kad risk f\u00f6r beroende eller utnyttjande, snarare \u00e4n p\u00e5 r\u00e4ttspraxis. Det \u00e4r oklart om motst\u00e5ndet handlar om att personen \u00e4r anh\u00f6rig eller om det g\u00e4ller kombinationen av roller.<\/p>\n<p>Den fj\u00e4rde unders\u00f6kningen lyfter i st\u00e4llet de ber\u00f6rdas egna erfarenheter. Intervjuer med medlemmar i JAG och deras anh\u00f6riga visar att n\u00e4ra och l\u00e5ngvarig k\u00e4nnedom \u00e4r avg\u00f6rande f\u00f6r sj\u00e4lvbest\u00e4mmande och delaktighet.<\/p>\n<p>Rapporten avslutar med att konstatera att \u00e4ven om inte alla kan f\u00e5 st\u00f6d av n\u00e5gon de k\u00e4nner v\u00e4l, \u00e4r erfarenheterna fr\u00e5n dem som har det viktiga att sprida. De visar hur sj\u00e4lvbest\u00e4mmande kan fungera i praktiken och kan vara v\u00e4rdefull kunskap \u00e4ven f\u00f6r st\u00e4llf\u00f6retr\u00e4dare som inte \u00e4r anh\u00f6riga eller har k\u00e4nt sin huvudman l\u00e4nge.<\/p>\n<p>Ladda ner rapporten h\u00e4r!<br \/><a href=\"https:\/\/jag.se\/opinion\/wp-content\/uploads\/sites\/3\/2026\/01\/Anhoriga-som-stallforetradare-och-personliga-assistenter.pdf\">Anh\u00f6riga som st\u00e4llf\u00f6retr\u00e4dare och personliga assistenter<\/a><\/p>\n<p>Stockholm, november 2025<\/p>\n<\/div>\n\t\t<\/div>\n<\/section>\n\n\n<div class=\"wp-block-image\">\n<figure class=\"aligncenter size-large is-resized\"><a href=\"https:\/\/jag.se\/opinion\/wp-content\/uploads\/sites\/3\/2025\/05\/Om-IQ-diskriminering-En-studie-i-normaliserad-orattvisa-2025-1.pdf\"><img loading=\"lazy\" decoding=\"async\" width=\"724\" height=\"1024\" src=\"https:\/\/jag.se\/opinion\/wp-content\/uploads\/sites\/3\/2026\/02\/Rapport-IQual-2025-SWE_Sida_01-724x1024.png\" alt=\"\" class=\"wp-image-27602\" style=\"width:300px\" srcset=\"https:\/\/jag.se\/opinion\/wp-content\/uploads\/sites\/3\/2026\/02\/Rapport-IQual-2025-SWE_Sida_01-724x1024.png 724w, https:\/\/jag.se\/opinion\/wp-content\/uploads\/sites\/3\/2026\/02\/Rapport-IQual-2025-SWE_Sida_01-212x300.png 212w, https:\/\/jag.se\/opinion\/wp-content\/uploads\/sites\/3\/2026\/02\/Rapport-IQual-2025-SWE_Sida_01-768x1086.png 768w, https:\/\/jag.se\/opinion\/wp-content\/uploads\/sites\/3\/2026\/02\/Rapport-IQual-2025-SWE_Sida_01-1086x1536.png 1086w, https:\/\/jag.se\/opinion\/wp-content\/uploads\/sites\/3\/2026\/02\/Rapport-IQual-2025-SWE_Sida_01.png 1621w\" sizes=\"auto, (max-width: 724px) 100vw, 724px\" \/><\/a><\/figure>\n<\/div>\n\n<section class=\"text-block white  \">\n    <div class=\"block-icon\"><\/div>\n\t<div class=\"inner\">\n\t\t<div class=\"text-block-content\">\n\t\t\t\t\t<h2 class=\"\">Rapport: Om IQ-diskriminering \u2013 En studie i normaliserad or\u00e4ttvisa<\/h2>\n\t\t\t\t\t<p>Vi har fr\u00e5gat medlemmarna i Riksf\u00f6reningen JAG om de upplever IQ-diskriminering i samh\u00e4llet. Denna rapport baseras p\u00e5 resultatet och hur det relaterar till Sveriges implementering av FN:s konvention om r\u00e4ttigheter f\u00f6r personer med funktionsneds\u00e4ttningar. Vi menar som m\u00e5nga andra att Sverige inte har implementerat konventionen fullt ut, vilket \u00e4ven lett till kritik fr\u00e5n FN-kommitt\u00e9n. Personer med intellektuella funktionsneds\u00e4ttningar diskrimineras i flera olika sammanhang och deras r\u00e4ttigheter enligt artikel 12 i konventionen respekteras inte.<\/p>\n<p>Ladda ner rapporten h\u00e4r!<br \/><a href=\"https:\/\/jag.se\/opinion\/wp-content\/uploads\/sites\/3\/2025\/05\/Om-IQ-diskriminering-En-studie-i-normaliserad-orattvisa-2025-1.pdf\" target=\"_blank\" rel=\"noopener\">Om IQ-diskriminering \u2013 En studie i normaliserad or\u00e4ttvisa 2025<\/a><\/p>\n<p><a href=\"https:\/\/jag.se\/opinion\/wp-content\/uploads\/sites\/3\/2025\/05\/On-IQ-discrimination-A-study-in-normalized-injustice-2025-1.pdf\" target=\"_blank\" rel=\"noopener\">On IQ-discrimination \u2013 A study in normalized injustice 2025<\/a><\/p>\n<p><a href=\"https:\/\/jag.se\/opinion\/iqual-eng\/\">Read about IQual in english<\/a><\/p>\n<p>Stockholm, maj 2025<\/p>\n\t\t<\/div>\n<\/section>\n\n\n<div class=\"wp-block-image\">\n<figure class=\"aligncenter size-large is-resized\"><a href=\"https:\/\/dreambroker.com\/channel\/3u2j169v\/p21bn0yk\"><img loading=\"lazy\" decoding=\"async\" width=\"1024\" height=\"576\" src=\"https:\/\/jag.se\/opinion\/wp-content\/uploads\/sites\/3\/2025\/06\/Om-IQ-diskriminering-En-studie-i-normaliserad-orattvisa-20250526_084519-Meeting-Recording.00_00_00_05.Still002-1024x576.jpg\" alt=\"\" class=\"wp-image-27307\" style=\"width:500px\" srcset=\"https:\/\/jag.se\/opinion\/wp-content\/uploads\/sites\/3\/2025\/06\/Om-IQ-diskriminering-En-studie-i-normaliserad-orattvisa-20250526_084519-Meeting-Recording.00_00_00_05.Still002-1024x576.jpg 1024w, https:\/\/jag.se\/opinion\/wp-content\/uploads\/sites\/3\/2025\/06\/Om-IQ-diskriminering-En-studie-i-normaliserad-orattvisa-20250526_084519-Meeting-Recording.00_00_00_05.Still002-300x169.jpg 300w, https:\/\/jag.se\/opinion\/wp-content\/uploads\/sites\/3\/2025\/06\/Om-IQ-diskriminering-En-studie-i-normaliserad-orattvisa-20250526_084519-Meeting-Recording.00_00_00_05.Still002-768x432.jpg 768w, https:\/\/jag.se\/opinion\/wp-content\/uploads\/sites\/3\/2025\/06\/Om-IQ-diskriminering-En-studie-i-normaliserad-orattvisa-20250526_084519-Meeting-Recording.00_00_00_05.Still002-1536x864.jpg 1536w, https:\/\/jag.se\/opinion\/wp-content\/uploads\/sites\/3\/2025\/06\/Om-IQ-diskriminering-En-studie-i-normaliserad-orattvisa-20250526_084519-Meeting-Recording.00_00_00_05.Still002-89x50@2x.jpg 178w, https:\/\/jag.se\/opinion\/wp-content\/uploads\/sites\/3\/2025\/06\/Om-IQ-diskriminering-En-studie-i-normaliserad-orattvisa-20250526_084519-Meeting-Recording.00_00_00_05.Still002-120x68.jpg 120w, https:\/\/jag.se\/opinion\/wp-content\/uploads\/sites\/3\/2025\/06\/Om-IQ-diskriminering-En-studie-i-normaliserad-orattvisa-20250526_084519-Meeting-Recording.00_00_00_05.Still002-540x304.jpg 540w, https:\/\/jag.se\/opinion\/wp-content\/uploads\/sites\/3\/2025\/06\/Om-IQ-diskriminering-En-studie-i-normaliserad-orattvisa-20250526_084519-Meeting-Recording.00_00_00_05.Still002-601x338.jpg 601w, https:\/\/jag.se\/opinion\/wp-content\/uploads\/sites\/3\/2025\/06\/Om-IQ-diskriminering-En-studie-i-normaliserad-orattvisa-20250526_084519-Meeting-Recording.00_00_00_05.Still002-150x84.jpg 150w, https:\/\/jag.se\/opinion\/wp-content\/uploads\/sites\/3\/2025\/06\/Om-IQ-diskriminering-En-studie-i-normaliserad-orattvisa-20250526_084519-Meeting-Recording.00_00_00_05.Still002-311x175.jpg 311w, https:\/\/jag.se\/opinion\/wp-content\/uploads\/sites\/3\/2025\/06\/Om-IQ-diskriminering-En-studie-i-normaliserad-orattvisa-20250526_084519-Meeting-Recording.00_00_00_05.Still002-369x208.jpg 369w, https:\/\/jag.se\/opinion\/wp-content\/uploads\/sites\/3\/2025\/06\/Om-IQ-diskriminering-En-studie-i-normaliserad-orattvisa-20250526_084519-Meeting-Recording.00_00_00_05.Still002-374x210.jpg 374w, https:\/\/jag.se\/opinion\/wp-content\/uploads\/sites\/3\/2025\/06\/Om-IQ-diskriminering-En-studie-i-normaliserad-orattvisa-20250526_084519-Meeting-Recording.00_00_00_05.Still002-89x50.jpg 89w, https:\/\/jag.se\/opinion\/wp-content\/uploads\/sites\/3\/2025\/06\/Om-IQ-diskriminering-En-studie-i-normaliserad-orattvisa-20250526_084519-Meeting-Recording.00_00_00_05.Still002-996x560.jpg 996w, https:\/\/jag.se\/opinion\/wp-content\/uploads\/sites\/3\/2025\/06\/Om-IQ-diskriminering-En-studie-i-normaliserad-orattvisa-20250526_084519-Meeting-Recording.00_00_00_05.Still002.jpg 1920w, https:\/\/jag.se\/opinion\/wp-content\/uploads\/sites\/3\/2025\/06\/Om-IQ-diskriminering-En-studie-i-normaliserad-orattvisa-20250526_084519-Meeting-Recording.00_00_00_05.Still002-300x169@2x.jpg 600w, https:\/\/jag.se\/opinion\/wp-content\/uploads\/sites\/3\/2025\/06\/Om-IQ-diskriminering-En-studie-i-normaliserad-orattvisa-20250526_084519-Meeting-Recording.00_00_00_05.Still002-178x100@2x.jpg 356w, https:\/\/jag.se\/opinion\/wp-content\/uploads\/sites\/3\/2025\/06\/Om-IQ-diskriminering-En-studie-i-normaliserad-orattvisa-20250526_084519-Meeting-Recording.00_00_00_05.Still002-120x68@2x.jpg 240w, https:\/\/jag.se\/opinion\/wp-content\/uploads\/sites\/3\/2025\/06\/Om-IQ-diskriminering-En-studie-i-normaliserad-orattvisa-20250526_084519-Meeting-Recording.00_00_00_05.Still002-540x304@2x.jpg 1080w, https:\/\/jag.se\/opinion\/wp-content\/uploads\/sites\/3\/2025\/06\/Om-IQ-diskriminering-En-studie-i-normaliserad-orattvisa-20250526_084519-Meeting-Recording.00_00_00_05.Still002-311x175@2x.jpg 622w, https:\/\/jag.se\/opinion\/wp-content\/uploads\/sites\/3\/2025\/06\/Om-IQ-diskriminering-En-studie-i-normaliserad-orattvisa-20250526_084519-Meeting-Recording.00_00_00_05.Still002-374x210@2x.jpg 748w\" sizes=\"auto, (max-width: 1024px) 100vw, 1024px\" \/><\/a><figcaption class=\"wp-element-caption\">Den 26 maj, n\u00e4r rapporten presenterades h\u00f6lls ett webinarium som du kan se h\u00e4r.<\/figcaption><\/figure>\n<\/div>\n\n\n<h6 class=\"wp-block-heading has-text-align-center\" id=\"kontakt\"><\/h6>\n\n\n\n<h2 class=\"wp-block-heading has-text-align-center\">Kontakt<\/h2>\n\n\n<div class=\"wp-block-image\">\n<figure class=\"aligncenter size-full is-resized\"><img loading=\"lazy\" decoding=\"async\" width=\"766\" height=\"949\" src=\"https:\/\/jag.se\/opinion\/wp-content\/uploads\/sites\/3\/2025\/04\/agneta.scherman-web.jpg\" alt=\"\" class=\"wp-image-26696\" style=\"width:200px\" srcset=\"https:\/\/jag.se\/opinion\/wp-content\/uploads\/sites\/3\/2025\/04\/agneta.scherman-web.jpg 766w, https:\/\/jag.se\/opinion\/wp-content\/uploads\/sites\/3\/2025\/04\/agneta.scherman-web-242x300.jpg 242w, https:\/\/jag.se\/opinion\/wp-content\/uploads\/sites\/3\/2025\/04\/agneta.scherman-web-81x100.jpg 81w, https:\/\/jag.se\/opinion\/wp-content\/uploads\/sites\/3\/2025\/04\/agneta.scherman-web-120x149.jpg 120w, https:\/\/jag.se\/opinion\/wp-content\/uploads\/sites\/3\/2025\/04\/agneta.scherman-web-540x669.jpg 540w, https:\/\/jag.se\/opinion\/wp-content\/uploads\/sites\/3\/2025\/04\/agneta.scherman-web-601x745.jpg 601w, https:\/\/jag.se\/opinion\/wp-content\/uploads\/sites\/3\/2025\/04\/agneta.scherman-web-121x150.jpg 121w, https:\/\/jag.se\/opinion\/wp-content\/uploads\/sites\/3\/2025\/04\/agneta.scherman-web-251x311.jpg 251w, https:\/\/jag.se\/opinion\/wp-content\/uploads\/sites\/3\/2025\/04\/agneta.scherman-web-298x369.jpg 298w, https:\/\/jag.se\/opinion\/wp-content\/uploads\/sites\/3\/2025\/04\/agneta.scherman-web-302x374.jpg 302w, https:\/\/jag.se\/opinion\/wp-content\/uploads\/sites\/3\/2025\/04\/agneta.scherman-web-40x50.jpg 40w, https:\/\/jag.se\/opinion\/wp-content\/uploads\/sites\/3\/2025\/04\/agneta.scherman-web-452x560.jpg 452w\" sizes=\"auto, (max-width: 766px) 100vw, 766px\" \/><\/figure>\n<\/div>\n\n\n<p class=\"has-text-align-center\">Agneta Scherman &#8211; verksamhetsansvarig IQual<br>Telefon 076-545 30 38<br>E-post\u200b <a href=\"mailto:agneta.scherman@iqual.se\">agneta.scherman@iqual.se<\/a><\/p>\n\n\n\n<p><\/p>\n","protected":false},"excerpt":{"rendered":"<p>Kontakt Agneta Scherman &#8211; verksamhetsansvarig IQualTelefon 076-545 30 38E-post\u200b agneta.scherman@iqual.se<\/p>\n","protected":false},"author":8,"featured_media":0,"parent":0,"menu_order":2,"comment_status":"closed","ping_status":"closed","template":"","meta":{"footnotes":""},"class_list":["post-27599","page","type-page","status-publish","hentry"],"acf":[],"yoast_head":"<!-- This site is optimized with the Yoast SEO plugin v21.3 - https:\/\/yoast.com\/wordpress\/plugins\/seo\/ -->\n<title>IQUAL-RAPPORTER - JAG Opinion<\/title>\n<meta name=\"robots\" content=\"index, follow, max-snippet:-1, max-image-preview:large, max-video-preview:-1\" \/>\n<link rel=\"canonical\" href=\"https:\/\/jag.se\/opinion\/iqual-rapporter\/\" \/>\n<meta property=\"og:locale\" content=\"sv_SE\" \/>\n<meta property=\"og:type\" content=\"article\" \/>\n<meta property=\"og:title\" content=\"IQUAL-RAPPORTER - JAG Opinion\" \/>\n<meta property=\"og:description\" content=\"Kontakt Agneta Scherman &#8211; verksamhetsansvarig IQualTelefon 076-545 30 38E-post\u200b agneta.scherman@iqual.se\" \/>\n<meta property=\"og:url\" content=\"https:\/\/jag.se\/opinion\/iqual-rapporter\/\" \/>\n<meta property=\"og:site_name\" content=\"JAG Opinion\" \/>\n<meta property=\"article:modified_time\" content=\"2026-02-27T09:31:39+00:00\" \/>\n<meta property=\"og:image\" content=\"https:\/\/jag.se\/opinion\/wp-content\/uploads\/sites\/3\/2025\/05\/IQual-logotyp-1-300x108.png\" \/>\n<meta name=\"twitter:card\" content=\"summary_large_image\" \/>\n<meta name=\"twitter:label1\" content=\"Ber\u00e4knad l\u00e4stid\" \/>\n\t<meta name=\"twitter:data1\" content=\"2 minuter\" \/>\n<script type=\"application\/ld+json\" class=\"yoast-schema-graph\">{\"@context\":\"https:\/\/schema.org\",\"@graph\":[{\"@type\":\"WebPage\",\"@id\":\"https:\/\/jag.se\/opinion\/iqual-rapporter\/\",\"url\":\"https:\/\/jag.se\/opinion\/iqual-rapporter\/\",\"name\":\"IQUAL-RAPPORTER - JAG Opinion\",\"isPartOf\":{\"@id\":\"https:\/\/jag.se\/opinion\/#website\"},\"datePublished\":\"2026-02-25T08:05:30+00:00\",\"dateModified\":\"2026-02-27T09:31:39+00:00\",\"breadcrumb\":{\"@id\":\"https:\/\/jag.se\/opinion\/iqual-rapporter\/#breadcrumb\"},\"inLanguage\":\"sv-SE\",\"potentialAction\":[{\"@type\":\"ReadAction\",\"target\":[\"https:\/\/jag.se\/opinion\/iqual-rapporter\/\"]}]},{\"@type\":\"BreadcrumbList\",\"@id\":\"https:\/\/jag.se\/opinion\/iqual-rapporter\/#breadcrumb\",\"itemListElement\":[{\"@type\":\"ListItem\",\"position\":1,\"name\":\"JAG start\",\"item\":\"https:\/\/jag.se\"},{\"@type\":\"ListItem\",\"position\":2,\"name\":\"Riksf\u00f6reningen JAG\",\"item\":\"https:\/\/jag.se\/opinion\/\"},{\"@type\":\"ListItem\",\"position\":3,\"name\":\"IQUAL-RAPPORTER\"}]},{\"@type\":\"WebSite\",\"@id\":\"https:\/\/jag.se\/opinion\/#website\",\"url\":\"https:\/\/jag.se\/opinion\/\",\"name\":\"JAG Opinion\",\"description\":\"\",\"potentialAction\":[{\"@type\":\"SearchAction\",\"target\":{\"@type\":\"EntryPoint\",\"urlTemplate\":\"https:\/\/jag.se\/opinion\/?s={search_term_string}\"},\"query-input\":\"required name=search_term_string\"}],\"inLanguage\":\"sv-SE\"}]}<\/script>\n<!-- \/ Yoast SEO plugin. -->","yoast_head_json":{"title":"IQUAL-RAPPORTER - JAG Opinion","robots":{"index":"index","follow":"follow","max-snippet":"max-snippet:-1","max-image-preview":"max-image-preview:large","max-video-preview":"max-video-preview:-1"},"canonical":"https:\/\/jag.se\/opinion\/iqual-rapporter\/","og_locale":"sv_SE","og_type":"article","og_title":"IQUAL-RAPPORTER - JAG Opinion","og_description":"Kontakt Agneta Scherman &#8211; verksamhetsansvarig IQualTelefon 076-545 30 38E-post\u200b agneta.scherman@iqual.se","og_url":"https:\/\/jag.se\/opinion\/iqual-rapporter\/","og_site_name":"JAG Opinion","article_modified_time":"2026-02-27T09:31:39+00:00","og_image":[{"url":"https:\/\/jag.se\/opinion\/wp-content\/uploads\/sites\/3\/2025\/05\/IQual-logotyp-1-300x108.png"}],"twitter_card":"summary_large_image","twitter_misc":{"Ber\u00e4knad l\u00e4stid":"2 minuter"},"schema":{"@context":"https:\/\/schema.org","@graph":[{"@type":"WebPage","@id":"https:\/\/jag.se\/opinion\/iqual-rapporter\/","url":"https:\/\/jag.se\/opinion\/iqual-rapporter\/","name":"IQUAL-RAPPORTER - JAG Opinion","isPartOf":{"@id":"https:\/\/jag.se\/opinion\/#website"},"datePublished":"2026-02-25T08:05:30+00:00","dateModified":"2026-02-27T09:31:39+00:00","breadcrumb":{"@id":"https:\/\/jag.se\/opinion\/iqual-rapporter\/#breadcrumb"},"inLanguage":"sv-SE","potentialAction":[{"@type":"ReadAction","target":["https:\/\/jag.se\/opinion\/iqual-rapporter\/"]}]},{"@type":"BreadcrumbList","@id":"https:\/\/jag.se\/opinion\/iqual-rapporter\/#breadcrumb","itemListElement":[{"@type":"ListItem","position":1,"name":"JAG start","item":"https:\/\/jag.se"},{"@type":"ListItem","position":2,"name":"Riksf\u00f6reningen JAG","item":"https:\/\/jag.se\/opinion\/"},{"@type":"ListItem","position":3,"name":"IQUAL-RAPPORTER"}]},{"@type":"WebSite","@id":"https:\/\/jag.se\/opinion\/#website","url":"https:\/\/jag.se\/opinion\/","name":"JAG Opinion","description":"","potentialAction":[{"@type":"SearchAction","target":{"@type":"EntryPoint","urlTemplate":"https:\/\/jag.se\/opinion\/?s={search_term_string}"},"query-input":"required name=search_term_string"}],"inLanguage":"sv-SE"}]}},"_links":{"self":[{"href":"https:\/\/jag.se\/opinion\/wp-json\/wp\/v2\/pages\/27599","targetHints":{"allow":["GET"]}}],"collection":[{"href":"https:\/\/jag.se\/opinion\/wp-json\/wp\/v2\/pages"}],"about":[{"href":"https:\/\/jag.se\/opinion\/wp-json\/wp\/v2\/types\/page"}],"author":[{"embeddable":true,"href":"https:\/\/jag.se\/opinion\/wp-json\/wp\/v2\/users\/8"}],"replies":[{"embeddable":true,"href":"https:\/\/jag.se\/opinion\/wp-json\/wp\/v2\/comments?post=27599"}],"version-history":[{"count":10,"href":"https:\/\/jag.se\/opinion\/wp-json\/wp\/v2\/pages\/27599\/revisions"}],"predecessor-version":[{"id":27661,"href":"https:\/\/jag.se\/opinion\/wp-json\/wp\/v2\/pages\/27599\/revisions\/27661"}],"wp:attachment":[{"href":"https:\/\/jag.se\/opinion\/wp-json\/wp\/v2\/media?parent=27599"}],"curies":[{"name":"wp","href":"https:\/\/api.w.org\/{rel}","templated":true}]}}