{"id":442,"date":"2022-02-08T07:52:38","date_gmt":"2022-02-08T07:52:38","guid":{"rendered":"https:\/\/jag.se\/opinion\/?page_id=442"},"modified":"2025-01-02T07:40:50","modified_gmt":"2025-01-02T07:40:50","slug":"karnfragor","status":"publish","type":"page","link":"https:\/\/jag.se\/opinion\/karnfragor\/","title":{"rendered":"K\u00e4rnfr\u00e5gor"},"content":{"rendered":"<div class=\"yoast-breadcrumbs\">\t<div class=\"inner\">\n\t\t<span><span><a href=\"https:\/\/jag.se\">JAG start<\/a><\/span> &gt; <span><a href=\"https:\/\/jag.se\/opinion\/\">Riksf\u00f6reningen JAG<\/a><\/span> &gt; <span class=\"breadcrumb_last\" aria-current=\"page\">K\u00e4rnfr\u00e5gor<\/span><\/span>\t<\/div>\n<\/div>\n\n\n<h1 class=\"wp-block-heading\">V\u00e5ra k\u00e4rnfr\u00e5gor<\/h1>\n\n\n<section class=\"text-block white  \">\n    <div class=\"block-icon\"><\/div>\n\t<div class=\"inner\">\n\t\t<div class=\"text-block-content\">\n\t\t\t\t<p>Riksf\u00f6reningen JAG v\u00e4rnar r\u00e4tten till personlig assistans f\u00f6r dig med flerfunktions\u00adneds\u00e4ttning.\u00a0\u00a0<\/p>\n\t\t<\/div>\n<\/section>\n\n\n<section class=\"text-block white  \">\n    <div class=\"block-icon\"><\/div>\n\t<div class=\"inner\">\n\t\t<div class=\"text-block-content\">\n\t\t\t\t\t<h2 class=\"\">R\u00e4tt till en god man som jag kan kommunicera med<\/h2>\n\t\t\t\t\t<p>F\u00f6r att kunna best\u00e4mma sj\u00e4lv m\u00e5ste jag k\u00e4nna min gode man v\u00e4l och hen m\u00e5ste f\u00f6rst\u00e5 min kommunikation. Vi m\u00e5ste tr\u00e4ffas regelbundet s\u00e5 att hen ser hur jag har det, f\u00f6rst\u00e5r vem jag \u00e4r och hur jag vill leva mitt liv. Hur ska jag annars kunna f\u00e5 st\u00f6d att fatta viktiga beslut i mitt liv? Idag tvingas m\u00e5nga ha en god man som kommunen har valt, som m\u00f6jligen kommunicerar med assistenter och familjemedlemmar men aldrig med sin huvudman, och kanske har telefontid n\u00e5gon dag i veckan.<\/p>\n<ul>\n<li>Begr\u00e4nsa inte m\u00f6jligheten f\u00f6r n\u00e4rst\u00e5ende och\/eller assistenter att vara gode m\u00e4n. Ibland \u00e4r det bara de som st\u00e5r tillr\u00e4ckligt n\u00e4ra f\u00f6r att kunna kommunicera.<\/li>\n<li>Att vara god man ska vara ett frivilliguppdrag \u2013 inte ett jobb. Inf\u00f6r ett nationellt st\u00e4llf\u00f6retr\u00e4darregister och s\u00e4tt en gr\u00e4ns f\u00f6r antalet huvudm\u00e4n som en god man kan ha.<\/li>\n<\/ul>\n\t\t<\/div>\n<\/section>\n\n\n<section class=\"text-block pink  \">\n    <div class=\"block-icon\"><\/div>\n\t<div class=\"inner\">\n\t\t<div class=\"text-block-content\">\n\t\t\t\t\t<h2 class=\"\">R\u00e4tt att inte bli utsatt f\u00f6r IQ-diskriminering<\/h2>\n\t\t\t\t\t<p>Alla m\u00e4nniskor \u00e4r medborgare och alla har vi lika m\u00e4nniskov\u00e4rde. Oavsett f\u00e4rdigheter och styrkor. \u00c4nd\u00e5 behandlas vi med nedsatt intellektuell f\u00f6rm\u00e5ga och stora kommunikationssv\u00e5righeter uppenbart s\u00e4mre \u00e4n andra i m\u00e5nga sammanhang.<\/p>\n<ul>\n<li>Sluta m\u00e4t livskvalitet och m\u00e4nniskov\u00e4rde i intellektuell kapacitet. Vi njuter ocks\u00e5 av upplevelser och vill leva livet lika mycket som alla andra.<\/li>\n<li>Bek\u00e4mpa f\u00f6rdomarna inom v\u00e5rden och tandv\u00e5rden om att v\u00e5ra liv \u00e4r mindre v\u00e4rda.<\/li>\n<li>St\u00e4ll krav p\u00e5 system som v\u00e4nder sig till allm\u00e4nheten att de m\u00e5ste vara anpassade f\u00f6r personer som har st\u00e4llf\u00f6retr\u00e4dare. Det m\u00e5ste vara en s\u00e4ker l\u00f6sning, d\u00e4r det \u00e4r sp\u00e5rbart vem som hj\u00e4lper den enskilde att hantera exempelvis sitt digitala ID. Vi som inte f\u00e5r BankID utest\u00e4ngs fr\u00e5n allt fler digitala tj\u00e4nster, exempelvis 1177, apotek, n\u00e4thandel och samh\u00e4llsservice.<\/li>\n<li>G\u00f6r inte skillnad p\u00e5 folk utifr\u00e5n intellektuell f\u00f6rm\u00e5ga. Det finns ett system f\u00f6r att kompensera v\u00e5ra intellektuella funktionsneds\u00e4ttningar \u2013 st\u00e4llf\u00f6retr\u00e4darskap. Anv\u00e4nd det, och inf\u00f6r inte en massa s\u00e4rregler f\u00f6r att \u00f6vervaka oss eller ifr\u00e5gas\u00e4tta v\u00e5ra livsval och beslutsf\u00f6rm\u00e5ga.<\/li>\n<\/ul>\n\t\t<\/div>\n<\/section>\n\n\n\n<figure class=\"wp-block-embed aligncenter is-type-video is-provider-youtube wp-block-embed-youtube wp-embed-aspect-16-9 wp-has-aspect-ratio\"><div class=\"wp-block-embed__wrapper\">\n<iframe loading=\"lazy\" title=\"Varf\u00f6r nekas vi som har f\u00f6retr\u00e4dare BankID och st\u00e4ngs ute fr\u00e5n samh\u00e4llets digitala tj\u00e4nster?\" width=\"500\" height=\"281\" src=\"https:\/\/www.youtube.com\/embed\/n7sLWZoWhKo?feature=oembed\" frameborder=\"0\" allow=\"accelerometer; autoplay; clipboard-write; encrypted-media; gyroscope; picture-in-picture; web-share\" referrerpolicy=\"strict-origin-when-cross-origin\" allowfullscreen><\/iframe>\n<\/div><\/figure>\n\n\n<section class=\"text-block ocean  \">\n    <div class=\"block-icon\"><\/div>\n\t<div class=\"inner\">\n\t\t<div class=\"text-block-content\">\n\t\t\t\t\t<h2 class=\"\">R\u00e4tt till personlig assistans<\/h2>\n\t\t\t\t\t<p>Personlig assistans \u00e4r den viktigaste st\u00f6dinsatsen f\u00f6r oss. Utan assistans stannar livet. Men n\u00e5gra saker beh\u00f6ver g\u00f6ras f\u00f6r att den ska fungera som det \u00e4r t\u00e4nkt:<\/p>\n<ul>\n<li>Assistansers\u00e4ttningen m\u00e5ste r\u00e4knas upp med l\u00f6neindex. Pengen har de senaste tio \u00e5ren halkat efter alltmer och r\u00e4cker nu inte l\u00e4ngre till det allra n\u00f6dv\u00e4ndigaste. Situationen \u00e4r akut!<\/li>\n<li>Inf\u00f6r en individuell schabloners\u00e4ttning. Alla \u00e4r vi olika, men med dagens system f\u00e5r alla samma peng. Oavsett behov. F\u00f6r oss som har assistans p\u00e5 n\u00e4tter och helger, behov av uppl\u00e4rning av nya assistenter, arbetsledning och ofta ett s\u00e4rskilt kvalificerat st\u00f6d r\u00e4cker inte pengen l\u00e4ngre.<\/li>\n<li>Ompr\u00f6vningsstoppet som inf\u00f6rdes 2018 har r\u00e4ddat m\u00e5nga liv. Men F\u00f6rs\u00e4kringskassan har sedan dess gjort allt vidare tolkningar av undantaget; v\u00e4sentligt \u00e4ndrade f\u00f6rh\u00e5llanden. Nu v\u00e5gar n\u00e4stan ingen \u00e4ndra n\u00e5got i sitt liv, av r\u00e4dsla f\u00f6r att det inneb\u00e4r en ompr\u00f6vning. Det \u00e4r riskabelt att ans\u00f6ka om fler timmar. \u00c5ren g\u00e5r, det g\u00e5r inte att t ex flytta hemifr\u00e5n eller byta syssels\u00e4ttning. F\u00f6rtydliga f\u00f6r F\u00f6rs\u00e4kringskassan att det bara \u00e4r en ut\u00f6kning som ska bed\u00f6mas.<\/li>\n<li>F\u00f6rs\u00e4kringskassan kr\u00e4ver ibland tillbaka ers\u00e4ttning retroaktivt, fast den anv\u00e4nts r\u00e4tt, f\u00f6r att de sj\u00e4lva gjort en ny behovsd\u00f6mning. \u00c5terkrav borde bara f\u00e5 g\u00f6ras vid brottslighet. Vi andra m\u00e5ste kunna lita p\u00e5 kassans beslut.<\/li>\n<\/ul>\n<p><strong>Personlig assistans \u00e4r inte dyrare \u00e4n alternativen<\/strong> &#8211; <a href=\"https:\/\/www.vardforetagarna.se\/app\/uploads\/sites\/3\/2024\/04\/Assistansens-samhallskostnader-Rapport-2024-04-09-1.pdf\">l\u00e4s Grant Thorntons rapport om kostnaden f\u00f6r alternativa insatser<\/a> (l\u00e4nken g\u00e5r till pdf-fil p\u00e5 V\u00e5rdf\u00f6retagarnas hemsida)<\/p>\n<p><a href=\"https:\/\/jag.se\/opinion\/wp-content\/uploads\/sites\/3\/2024\/05\/Cost-of-alternative-to-personal-assistance_ENG.pdf\"><strong>Utdrag<\/strong> ur V\u00e5rdf\u00f6retagarnas\/Grant Thorntons rapport om alternativkostnader \u00f6versatt till engelska<\/a> (l\u00e4nk till pdf-fil)<\/p>\n\t\t<\/div>\n<\/section>\n\n\n<section class=\"text-block white  \">\n    <div class=\"block-icon\"><\/div>\n\t<div class=\"inner\">\n\t\t<div class=\"text-block-content\">\n\t\t\t\t\t<h2 class=\"\">R\u00e4tt till assistans i skola och daglig verksamhet<\/h2>\n\t\t\t\t\t<p>Ta bort f\u00f6rbudet mot att ha personlig assistans i skola och daglig verksamhet i socialf\u00f6rs\u00e4kringsbalkens 106 kapitel, \u00a724.<\/p>\n<ul>\n<li>Assistansanv\u00e4ndare med vanliga jobb har r\u00e4tt till personlig assistans p\u00e5 sitt arbete. Det beh\u00f6ver \u00e4ven vi som jobbar p\u00e5 daglig verksamhet. Beh\u00f6ver vi vara hemma fr\u00e5n jobbet f\u00e5r vi ingen assistans utan v\u00e5ra anh\u00f6riga tvingas hj\u00e4lpa oss utan l\u00f6n. Och p\u00e5 jobbet blir vi fast i lokalerna med personalen d\u00e4r, n\u00e4r andra f\u00e5r uppdrag i samh\u00e4llet.<\/li>\n<li>Ta bort kravet p\u00e5 s\u00e4rskilda sk\u00e4l f\u00f6r att ha personlig assistans i skolan. Barn som har stora funktionsneds\u00e4ttningar m\u00e5ste s\u00e5klart ges optimala f\u00f6ruts\u00e4ttningar att l\u00e4ra sig. B\u00e4sta m\u00f6jliga personliga assistans borde vara en sj\u00e4lvklarhet.<\/li>\n<\/ul>\n\t\t<\/div>\n<\/section>\n\n\n<section class=\"text-block white  \">\n    <div class=\"block-icon\"><\/div>\n\t<div class=\"inner\">\n\t\t<div class=\"text-block-content\">\n\t\t\t\t\t<h2 class=\"\">R\u00e4tt att v\u00e4xa upp och f\u00e5 leva i gemenskap med sin familj<\/h2>\n\t\t\t\t\t<ul>\n<li>Avskaffa LSS-insatsen s\u00e4rskilt boende f\u00f6r barn. Alla barn i Sverige har r\u00e4tt att v\u00e4xa upp i en familj \u2013 utom barn med funktionsneds\u00e4ttning som riskerar att hamna p\u00e5 institution. Detta strider b\u00e5de mot FN:s barnkonvention och FN:s funktionshinderkonvention och utg\u00f6r tydlig diskriminering. Samh\u00e4llets skyldighet ska vara att ge ett st\u00f6d som g\u00f6r det m\u00f6jligt f\u00f6r alla barn att v\u00e4xa upp i en familj.<\/li>\n<li>Uppv\u00e4rdera anh\u00f6riga. Det finns en enorm okunskap om livsvillkoren f\u00f6r familjer d\u00e4r n\u00e5gon har funktionsneds\u00e4ttningar. En av m\u00e5nga myter \u00e4r att anh\u00f6riga jobbar som assistenter fast det inte beh\u00f6vs. I sj\u00e4lva verket \u00e4r det oftast tv\u00e4rtom. Anh\u00f6riga assistenter st\u00e5r f\u00f6r kontinuitet, kvalitet och inte minst trygghet i assistansen.<\/li>\n<\/ul>\n\t\t<\/div>\n<\/section>\n\n\n\n<figure class=\"wp-block-embed is-type-video is-provider-youtube wp-block-embed-youtube wp-embed-aspect-16-9 wp-has-aspect-ratio\"><div class=\"wp-block-embed__wrapper\">\n<iframe loading=\"lazy\" title=\"Anna Strimbold, JAG, om barnkonventionen\" width=\"500\" height=\"281\" src=\"https:\/\/www.youtube.com\/embed\/txMfAxLoBOs?feature=oembed\" frameborder=\"0\" allow=\"accelerometer; autoplay; clipboard-write; encrypted-media; gyroscope; picture-in-picture; web-share\" referrerpolicy=\"strict-origin-when-cross-origin\" allowfullscreen><\/iframe>\n<\/div><figcaption class=\"wp-element-caption\">Barnkonventionen \u00e4r svensk lag. Vilken inverkan har den p\u00e5 myndigheters beslut<\/figcaption><\/figure>\n\n\n<section class=\"text-block pink  \">\n    <div class=\"block-icon\"><\/div>\n\t<div class=\"inner\">\n\t\t<div class=\"text-block-content\">\n\t\t\t\t\t<h2 class=\"\">R\u00e4tt till en meningsfull daglig syssels\u00e4ttning<\/h2>\n\t\t\t\t\t<p>Det beh\u00f6vs ett reformerat st\u00f6d f\u00f6r att vi ska f\u00e5 en meningsfull syssels\u00e4ttning. Vi har visat v\u00e4gen med v\u00e5rt eget projekt Vi vill bidra. Nu vill vi g\u00f6ra en insats \u2013 inte f\u00e5 en insats. Med personlig assistans \u00e4r det m\u00f6jligt.<\/p>\n<ul>\n<li>Inf\u00f6r r\u00e4tt till en peng f\u00f6r meningsfull syssels\u00e4ttning. Vi vill ha frihet att kunna v\u00e4lja praktikplats sj\u00e4lva och jobba inkluderat p\u00e5 vanliga arbetsplatser. Med v\u00e5r personliga assistans.<\/li>\n<li>Avskaffa fattigdomsf\u00e4llan och inf\u00f6r ett fribelopp f\u00f6r bostadstill\u00e4gget. Idag \u00e4r vi d\u00f6mda att leva p\u00e5 existensminimum. Vi kan inte ens ta emot ett styrelsearvode i v\u00e5r egen f\u00f6rening utan att v\u00e5rt bidrag s\u00e4nks med samma belopp.<\/li>\n<\/ul>\n\t\t<\/div>\n<\/section>\n\n\n<section class=\"text-block white  \">\n    <div class=\"block-icon\"><\/div>\n\t<div class=\"inner\">\n\t\t<div class=\"text-block-content\">\n\t\t\t\t\t<h2 class=\"\">R\u00e4tt till en bra f\u00f6rskola och skola<\/h2>\n\t\t\t\t\t<p>Tv\u00e5 tredjedelar av JAGs medlemmar uppger att de aldrig ens f\u00e5tt f\u00f6rs\u00f6ka l\u00e4ra sig l\u00e4sa eller r\u00e4kna i skolan. V\u00e5r del av den anpassade skolan (som f\u00f6rr hette tr\u00e4ningsskolan) fungerar inte. Och det \u00e4r inte tillr\u00e4ckligt att byta namn p\u00e5 skolformen.<\/p>\n<ul>\n<li>H\u00f6j skolans ambitionsniv\u00e5 f\u00f6r barn med omfattande funktionsneds\u00e4ttningar. Fokusera p\u00e5 kommunikation och kunskaper och l\u00e5t alla barn f\u00e5 tillg\u00e5ng till bra hj\u00e4lpmedel och modern teknik. Alla barn m\u00e5ste ha r\u00e4tt till optimala f\u00f6ruts\u00e4ttningar f\u00f6r att utvecklas.<\/li>\n<li>Sluta skilja p\u00e5 barn utifr\u00e5n intellektuell kapacitet. F\u00f6rverkliga Sveriges \u00e5tagande enligt Salamanca-deklarationen och FN-konventionen, avskaffa den s\u00e4rskilda skolformen \u201danpassad grundskola\u201d och skapa en gemensam skola anpassad f\u00f6r alla barn. Bara s\u00e5 kan vi skapa f\u00f6ruts\u00e4ttningar f\u00f6r allas delaktighet i samh\u00e4llet i framtiden.<\/li>\n<\/ul>\n\t\t<\/div>\n<\/section>\n\n\n<section class=\"text-block white  \">\n    <div class=\"block-icon\"><\/div>\n\t<div class=\"inner\">\n\t\t<div class=\"text-block-content\">\n\t\t\t\t\t<h2 class=\"\">R\u00e4tt att r\u00f6ra oss i samh\u00e4llet och vara delaktiga samh\u00e4llsmedborgare<\/h2>\n\t\t\t\t\t<p>Trots sk\u00e4rpt lagstiftning \u00e4r samh\u00e4llet inte tillg\u00e4ngligt f\u00f6r oss som har stora funktionsneds\u00e4ttningar.<\/p>\n<ul>\n<li>Sk\u00e4rp kravet p\u00e5 tillg\u00e4nglighet. Det \u00e4r fortfarande till\u00e5tet att erbjuda tj\u00e4nster, service och varor i lokaler d\u00e4r vi inte kommer in. Om vi vill g\u00e5 p\u00e5 konsert eller event tillsammans med personer utan funktionsneds\u00e4ttning f\u00e5r vi s\u00e4llan sitta tillsammans. Och vi m\u00e5ste sitta i en s\u00e4rskild telefonk\u00f6 f\u00f6r att boka biljetterna, alla andra kan boka p\u00e5 n\u00e4tet dygnet runt.<\/li>\n<li><span class=\"ui-provider gp b c d e f g h i j k l m n o p q r s t u v w x y z ab ac ae af ag ah ai aj ak\" dir=\"ltr\">St\u00e4rk r\u00e4tten till personliga hj\u00e4lpmedel. En f\u00f6ruts\u00e4ttning f\u00f6r den som har intellektuella funktionsneds\u00e4ttningar \u00e4r att f\u00e5 prova hj\u00e4lpmedel under l\u00e4ngre tid i en trygg milj\u00f6. Idag nekas vi t ex viktiga kommunikationshj\u00e4lpmedel f\u00f6r att vi inte genast kan f\u00f6rst\u00e5 och anv\u00e4nda dem redan p\u00e5 hj\u00e4lpmedelscentralen<\/span><\/li>\n<li>F\u00f6rtydliga att krav p\u00e5 tillg\u00e4nglighet g\u00e4ller \u00e4ven f\u00f6r oss som har god man. L\u00e5t inga system som riktar sig till allm\u00e4nheten utesluta oss.<\/li>\n<li>F\u00f6rverkliga st\u00e4llf\u00f6retr\u00e4darutredningens f\u00f6rslag om ett nationellt st\u00e4llf\u00f6retr\u00e4darregister. Se till att det kan anv\u00e4ndas f\u00f6r att \u00f6ka den digitala tillg\u00e4ngligheten f\u00f6r oss huvudm\u00e4n, t ex f\u00f6r e-legitimation och banktj\u00e4nster.<\/li>\n<\/ul>\n\t\t<\/div>\n<\/section>\n\n\n\n<div class=\"wp-block-buttons is-layout-flex wp-block-buttons-is-layout-flex\">\n<div class=\"wp-block-button aligncenter\"><a class=\"wp-block-button__link wp-element-button\" href=\"\/opinion\/bli-medlem\/\">Bli medlem<\/a><\/div>\n<\/div>\n","protected":false},"excerpt":{"rendered":"<p>V\u00e5ra k\u00e4rnfr\u00e5gor<\/p>\n","protected":false},"author":8,"featured_media":0,"parent":0,"menu_order":20,"comment_status":"closed","ping_status":"closed","template":"","meta":{"footnotes":""},"class_list":["post-442","page","type-page","status-publish","hentry"],"acf":[],"yoast_head":"<!-- This site is optimized with the Yoast SEO plugin v21.3 - https:\/\/yoast.com\/wordpress\/plugins\/seo\/ -->\n<title>K\u00e4rnfr\u00e5gor - JAG Opinion<\/title>\n<meta name=\"description\" content=\"Riksf\u00f6reningen JAG v\u00e4rnar r\u00e4tten till personlig assistans f\u00f6r dig med stora funktions\u00adneds\u00e4ttningar. H\u00e4r hittar du v\u00e5ra k\u00e4rnfr\u00e5gor.\" \/>\n<meta name=\"robots\" content=\"index, follow, max-snippet:-1, max-image-preview:large, max-video-preview:-1\" \/>\n<link rel=\"canonical\" href=\"https:\/\/jag.se\/opinion\/karnfragor\/\" \/>\n<meta property=\"og:locale\" content=\"sv_SE\" \/>\n<meta property=\"og:type\" content=\"article\" \/>\n<meta property=\"og:title\" content=\"K\u00e4rnfr\u00e5gor - JAG Opinion\" \/>\n<meta property=\"og:description\" content=\"Riksf\u00f6reningen JAG v\u00e4rnar r\u00e4tten till personlig assistans f\u00f6r dig med stora funktions\u00adneds\u00e4ttningar. H\u00e4r hittar du v\u00e5ra k\u00e4rnfr\u00e5gor.\" \/>\n<meta property=\"og:url\" content=\"https:\/\/jag.se\/opinion\/karnfragor\/\" \/>\n<meta property=\"og:site_name\" content=\"JAG Opinion\" \/>\n<meta property=\"article:modified_time\" content=\"2025-01-02T07:40:50+00:00\" \/>\n<meta name=\"twitter:card\" content=\"summary_large_image\" \/>\n<meta name=\"twitter:label1\" content=\"Ber\u00e4knad l\u00e4stid\" \/>\n\t<meta name=\"twitter:data1\" content=\"1 minut\" \/>\n<script type=\"application\/ld+json\" class=\"yoast-schema-graph\">{\"@context\":\"https:\/\/schema.org\",\"@graph\":[{\"@type\":\"WebPage\",\"@id\":\"https:\/\/jag.se\/opinion\/karnfragor\/\",\"url\":\"https:\/\/jag.se\/opinion\/karnfragor\/\",\"name\":\"K\u00e4rnfr\u00e5gor - JAG Opinion\",\"isPartOf\":{\"@id\":\"https:\/\/jag.se\/opinion\/#website\"},\"datePublished\":\"2022-02-08T07:52:38+00:00\",\"dateModified\":\"2025-01-02T07:40:50+00:00\",\"description\":\"Riksf\u00f6reningen JAG v\u00e4rnar r\u00e4tten till personlig assistans f\u00f6r dig med stora funktions\u00adneds\u00e4ttningar. H\u00e4r hittar du v\u00e5ra k\u00e4rnfr\u00e5gor.\",\"breadcrumb\":{\"@id\":\"https:\/\/jag.se\/opinion\/karnfragor\/#breadcrumb\"},\"inLanguage\":\"sv-SE\",\"potentialAction\":[{\"@type\":\"ReadAction\",\"target\":[\"https:\/\/jag.se\/opinion\/karnfragor\/\"]}]},{\"@type\":\"BreadcrumbList\",\"@id\":\"https:\/\/jag.se\/opinion\/karnfragor\/#breadcrumb\",\"itemListElement\":[{\"@type\":\"ListItem\",\"position\":1,\"name\":\"JAG start\",\"item\":\"https:\/\/jag.se\"},{\"@type\":\"ListItem\",\"position\":2,\"name\":\"Riksf\u00f6reningen JAG\",\"item\":\"https:\/\/jag.se\/opinion\/\"},{\"@type\":\"ListItem\",\"position\":3,\"name\":\"K\u00e4rnfr\u00e5gor\"}]},{\"@type\":\"WebSite\",\"@id\":\"https:\/\/jag.se\/opinion\/#website\",\"url\":\"https:\/\/jag.se\/opinion\/\",\"name\":\"JAG Opinion\",\"description\":\"\",\"potentialAction\":[{\"@type\":\"SearchAction\",\"target\":{\"@type\":\"EntryPoint\",\"urlTemplate\":\"https:\/\/jag.se\/opinion\/?s={search_term_string}\"},\"query-input\":\"required name=search_term_string\"}],\"inLanguage\":\"sv-SE\"}]}<\/script>\n<!-- \/ Yoast SEO plugin. -->","yoast_head_json":{"title":"K\u00e4rnfr\u00e5gor - JAG Opinion","description":"Riksf\u00f6reningen JAG v\u00e4rnar r\u00e4tten till personlig assistans f\u00f6r dig med stora funktions\u00adneds\u00e4ttningar. H\u00e4r hittar du v\u00e5ra k\u00e4rnfr\u00e5gor.","robots":{"index":"index","follow":"follow","max-snippet":"max-snippet:-1","max-image-preview":"max-image-preview:large","max-video-preview":"max-video-preview:-1"},"canonical":"https:\/\/jag.se\/opinion\/karnfragor\/","og_locale":"sv_SE","og_type":"article","og_title":"K\u00e4rnfr\u00e5gor - JAG Opinion","og_description":"Riksf\u00f6reningen JAG v\u00e4rnar r\u00e4tten till personlig assistans f\u00f6r dig med stora funktions\u00adneds\u00e4ttningar. H\u00e4r hittar du v\u00e5ra k\u00e4rnfr\u00e5gor.","og_url":"https:\/\/jag.se\/opinion\/karnfragor\/","og_site_name":"JAG Opinion","article_modified_time":"2025-01-02T07:40:50+00:00","twitter_card":"summary_large_image","twitter_misc":{"Ber\u00e4knad l\u00e4stid":"1 minut"},"schema":{"@context":"https:\/\/schema.org","@graph":[{"@type":"WebPage","@id":"https:\/\/jag.se\/opinion\/karnfragor\/","url":"https:\/\/jag.se\/opinion\/karnfragor\/","name":"K\u00e4rnfr\u00e5gor - JAG Opinion","isPartOf":{"@id":"https:\/\/jag.se\/opinion\/#website"},"datePublished":"2022-02-08T07:52:38+00:00","dateModified":"2025-01-02T07:40:50+00:00","description":"Riksf\u00f6reningen JAG v\u00e4rnar r\u00e4tten till personlig assistans f\u00f6r dig med stora funktions\u00adneds\u00e4ttningar. H\u00e4r hittar du v\u00e5ra k\u00e4rnfr\u00e5gor.","breadcrumb":{"@id":"https:\/\/jag.se\/opinion\/karnfragor\/#breadcrumb"},"inLanguage":"sv-SE","potentialAction":[{"@type":"ReadAction","target":["https:\/\/jag.se\/opinion\/karnfragor\/"]}]},{"@type":"BreadcrumbList","@id":"https:\/\/jag.se\/opinion\/karnfragor\/#breadcrumb","itemListElement":[{"@type":"ListItem","position":1,"name":"JAG start","item":"https:\/\/jag.se"},{"@type":"ListItem","position":2,"name":"Riksf\u00f6reningen JAG","item":"https:\/\/jag.se\/opinion\/"},{"@type":"ListItem","position":3,"name":"K\u00e4rnfr\u00e5gor"}]},{"@type":"WebSite","@id":"https:\/\/jag.se\/opinion\/#website","url":"https:\/\/jag.se\/opinion\/","name":"JAG Opinion","description":"","potentialAction":[{"@type":"SearchAction","target":{"@type":"EntryPoint","urlTemplate":"https:\/\/jag.se\/opinion\/?s={search_term_string}"},"query-input":"required name=search_term_string"}],"inLanguage":"sv-SE"}]}},"_links":{"self":[{"href":"https:\/\/jag.se\/opinion\/wp-json\/wp\/v2\/pages\/442","targetHints":{"allow":["GET"]}}],"collection":[{"href":"https:\/\/jag.se\/opinion\/wp-json\/wp\/v2\/pages"}],"about":[{"href":"https:\/\/jag.se\/opinion\/wp-json\/wp\/v2\/types\/page"}],"author":[{"embeddable":true,"href":"https:\/\/jag.se\/opinion\/wp-json\/wp\/v2\/users\/8"}],"replies":[{"embeddable":true,"href":"https:\/\/jag.se\/opinion\/wp-json\/wp\/v2\/comments?post=442"}],"version-history":[{"count":79,"href":"https:\/\/jag.se\/opinion\/wp-json\/wp\/v2\/pages\/442\/revisions"}],"predecessor-version":[{"id":26297,"href":"https:\/\/jag.se\/opinion\/wp-json\/wp\/v2\/pages\/442\/revisions\/26297"}],"wp:attachment":[{"href":"https:\/\/jag.se\/opinion\/wp-json\/wp\/v2\/media?parent=442"}],"curies":[{"name":"wp","href":"https:\/\/api.w.org\/{rel}","templated":true}]}}