{"id":451,"date":"2022-02-15T09:09:16","date_gmt":"2022-02-15T09:09:16","guid":{"rendered":"https:\/\/jag.se\/opinion\/?page_id=451"},"modified":"2022-04-28T15:05:35","modified_gmt":"2022-04-28T15:05:35","slug":"stadgar","status":"publish","type":"page","link":"https:\/\/jag.se\/opinion\/stadgar\/","title":{"rendered":"Stadgar"},"content":{"rendered":"<div class=\"yoast-breadcrumbs\">\t<div class=\"inner\">\n\t\t<span><span><a href=\"https:\/\/jag.se\">JAG start<\/a><\/span> &gt; <span><a href=\"https:\/\/jag.se\/opinion\/\">Riksf\u00f6reningen JAG<\/a><\/span> &gt; <span class=\"breadcrumb_last\" aria-current=\"page\">Stadgar<\/span><\/span>\t<\/div>\n<\/div>\n\n\n<h1 class=\"wp-block-heading\">Stadgar<\/h1>\n\n\n<section class=\"text-block white  \">\n    <div class=\"block-icon\"><\/div>\n\t<div class=\"inner\">\n\t\t<div class=\"text-block-content\">\n\t\t\t\t\t<h2 class=\"\">\u00c4ndam\u00e5l<\/h2>\n\t\t\t\t\t<p>Riksf\u00f6reningen JAG \u00e4r en ideell riksf\u00f6rening f\u00f6r personer med flera stora funktionsneds\u00e4ttningar, varav en avser den intellektuella f\u00f6rm\u00e5gan. Riksf\u00f6reningen JAG \u00e4r religi\u00f6st och partipolitiskt obunden.<\/p>\n<p>Riksf\u00f6reningen JAGs \u00e4ndam\u00e5l \u00e4r att arbeta f\u00f6r att medlemmarna ska ha m\u00f6jlighet till ett gott liv genom:<\/p>\n<ul>\n<li>J\u00e4mlikhet, Assistans och Gemenskap (JAG)<\/li>\n<li>B\u00e4sta m\u00f6jliga personligt anpassade assistans i livets alla situationer med respekt f\u00f6r m\u00e4nniskov\u00e4rde och integritet<\/li>\n<li>Att p\u00e5 sina villkor leva i gemenskap med sin familj och leva som andra i samh\u00e4llet och f\u00e5 stimulerande upplevelser och erfarenheter p\u00e5 ett tryggt s\u00e4tt<\/li>\n<li>Att den fysiska och psykiska h\u00e4lsan fr\u00e4mjas p\u00e5 alla s\u00e4tt och att \u00f6vriga intressen tillvaratas.<\/li>\n<\/ul>\n\t\t<\/div>\n<\/section>\n\n\n<section class=\"text-block white  \">\n    <div class=\"block-icon\"><\/div>\n\t<div class=\"inner\">\n\t\t<div class=\"text-block-content\">\n\t\t\t\t\t<h2 class=\"\">Verksamhet<\/h2>\n\t\t\t\t\t<p>Till f\u00f6rverkligande av \u00e4ndam\u00e5let ska Riksf\u00f6reningen JAG:<\/p>\n<ul>\n<li>Bedriva intressepolitisk verksamhet gentemot politiska beslutsfattare, myndigheter och andra akt\u00f6rer<\/li>\n<li>Sammanst\u00e4lla och sprida kunskaper och erfarenheter p\u00e5 omr\u00e5den som r\u00f6r \u00e4ndam\u00e5let<\/li>\n<li>Bedriva lokal verksamhet genom lokalf\u00f6reningar<\/li>\n<li>I samarbete med Brukarkooperativet JAG initiera och bedriva verksamhet i f\u00f6r medlemmarna angel\u00e4gna fr\u00e5gor<\/li>\n<\/ul>\n\t\t<\/div>\n<\/section>\n\n\n<section class=\"text-block white  \">\n    <div class=\"block-icon\"><\/div>\n\t<div class=\"inner\">\n\t\t<div class=\"text-block-content\">\n\t\t\t\t\t<h2 class=\"\">Medlemskap<\/h2>\n\t\t\t\t\t<p>Fullv\u00e4rdigt medlemskap i Riksf\u00f6reningen JAG kan endast beviljas personer med flera stora funktionsneds\u00e4ttningar, varav en avser den intellektuella f\u00f6rm\u00e5gan. I f\u00f6reningsarbetet kan medlem f\u00f6retr\u00e4das, tolkas, av f\u00f6rmyndare, god man eller f\u00f6rvaltare, eller av ombud med medlemmens eller f\u00f6retr\u00e4darens fullmakt. Samtliga m\u00e5ste vara beredda att arbeta f\u00f6r Riksf\u00f6reningen JAGs \u00e4ndam\u00e5l.<\/p>\n<p>St\u00f6dmedlem kan var och en bli som \u00e4r beredd att arbeta efter Riksf\u00f6reningen JAGs stadgar.<\/p>\n\t\t<\/div>\n<\/section>\n\n\n<section class=\"text-block white  \">\n    <div class=\"block-icon\"><\/div>\n\t<div class=\"inner\">\n\t\t<div class=\"text-block-content\">\n\t\t\t\t\t<h2 class=\"\">Lokalf\u00f6reningar<\/h2>\n\t\t\t\t\t<p>Lokalf\u00f6rening som antar JAGs standardstadgar f\u00f6r lokalf\u00f6reningar, och d\u00e4rmed f\u00f6rbinder sig att arbeta efter Riksf\u00f6reningen JAGs stadgar och f\u00f6reningspolicy, ansluts till Riksf\u00f6reningen JAG efter styrelsens godk\u00e4nnande.<\/p>\n<p>\u00c4ndring av lokalf\u00f6renings stadgar beslutas av Riksf\u00f6reningen JAGs styrelse efter f\u00f6rslag av lokalf\u00f6reningens \u00e5rsm\u00f6te.<\/p>\n\t\t<\/div>\n<\/section>\n\n\n<section class=\"text-block white  \">\n    <div class=\"block-icon\"><\/div>\n\t<div class=\"inner\">\n\t\t<div class=\"text-block-content\">\n\t\t\t\t\t<h2 class=\"\">Styrelse<\/h2>\n\t\t\t\t\t<p>I Riksf\u00f6reningen JAG ska finnas en styrelse best\u00e5ende av sju ordinarie ledam\u00f6ter och tv\u00e5 suppleanter. Till ledamot i styrelsen f\u00e5r endast v\u00e4ljas myndig fullv\u00e4rdig medlem i Riksf\u00f6reningen JAG enligt \u00a7 3 ovan. Styrelsen leder verksamheten och \u00e4r under tiden mellan \u00e5rsm\u00f6ten<br \/>Riksf\u00f6reningen JAGs beslutande instans. Styrelsen v\u00e4ljs av \u00e5rsm\u00f6tet i Riksf\u00f6reningen JAG f\u00f6r tiden fram till n\u00e4sta \u00e5rsm\u00f6te.<\/p>\n<p>Styrelsen \u00e4r beslutsm\u00e4ssig n\u00e4r minst fyra ledam\u00f6ter \u00e4r n\u00e4rvarande.<\/p>\n\t\t<\/div>\n<\/section>\n\n\n<section class=\"text-block white  \">\n    <div class=\"block-icon\"><\/div>\n\t<div class=\"inner\">\n\t\t<div class=\"text-block-content\">\n\t\t\t\t\t<h2 class=\"\">Valberedning<\/h2>\n\t\t\t\t\t<p>Valberedningen v\u00e4ljs av \u00e5rsm\u00f6tet och ska best\u00e5 av tre ledam\u00f6ter varav en utses att vara sammankallande. Till ledamot i valberedningen f\u00e5r endast v\u00e4ljas myndig fullv\u00e4rdig medlem i Riksf\u00f6reningen JAG. Valberedningen ska i enlighet med stadgarna till \u00e5rsm\u00f6tet f\u00f6resl\u00e5 ordf\u00f6rande, f\u00f6rste och andre vice ordf\u00f6rande, \u00f6vriga styrelseledam\u00f6ter, suppleanter och revisor. Valberedningen har ocks\u00e5 att till \u00e5rsm\u00f6tet f\u00f6resl\u00e5 styrelsens arvode.<\/p>\n<p>Valberedningen i Riksf\u00f6reningen JAG ska samr\u00e5da med valberedningen i Brukarkooperativet JAG.<\/p>\n\t\t<\/div>\n<\/section>\n\n\n<section class=\"text-block white  \">\n    <div class=\"block-icon\"><\/div>\n\t<div class=\"inner\">\n\t\t<div class=\"text-block-content\">\n\t\t\t\t\t<h2 class=\"\">\u00c5rsm\u00f6te<\/h2>\n\t\t\t\t\t<p>Riksf\u00f6reningen JAGs \u00e5rsm\u00f6te ska h\u00e5llas senast f\u00f6re maj m\u00e5nads utg\u00e5ng varje \u00e5r.<\/p>\n<p>Fullv\u00e4rdiga medlemmar kan st\u00e4lla f\u00f6rslag till Riksf\u00f6reningen JAGs \u00e5rsm\u00f6te. F\u00f6rslag ska vara styrelsen tillhanda senast den 15 januari f\u00f6r att kunna tas upp vid \u00e5rets \u00e5rsm\u00f6te.<\/p>\n<p>Kallelse till \u00e5rsm\u00f6tet ska s\u00e4ndas till samtliga medlemmar senast 30 dagar f\u00f6re m\u00f6tesdagen genom styrelsens f\u00f6rsorg. Till kallelsen ska f\u00f6ljande dokument bifogas:<\/p>\n<ul>\n<li>styrelsens f\u00f6rslag till \u00e5rsm\u00f6tet<\/li>\n<li>en sammanst\u00e4llning av inkomna f\u00f6rslag fr\u00e5n medlemmar j\u00e4mte styrelsens yttrande \u00f6ver dessa f\u00f6rslag.<\/li>\n<\/ul>\n<p>Styrelsen ska h\u00e5lla verksamhetsber\u00e4ttelse och ekonomisk redog\u00f6relse f\u00f6r det g\u00e5ngna verksamhets\u00e5ret tillg\u00e4ngliga f\u00f6r medlemmarna under minst tv\u00e5 veckor n\u00e4rmast f\u00f6re \u00e5rsm\u00f6tet. Kopior av handlingarna ska s\u00e4ndas per post till medlem som beg\u00e4r det. Handlingarna ska l\u00e4ggas fram p\u00e5 \u00e5rsm\u00f6tet.<\/p>\n<p>R\u00f6str\u00e4tt p\u00e5 \u00e5rsm\u00f6tet har endast fullv\u00e4rdiga medlemmar. Som \u00e5rsm\u00f6tets beslut ska g\u00e4lla den mening f\u00f6r vilken mer \u00e4n h\u00e4lften av r\u00f6sterna avgivits (med undantag f\u00f6r vad som stadgas i \u00a7\u00a7 9 och 10 nedan). Vid lika r\u00f6stetal har \u00e5rsm\u00f6tets ordf\u00f6rande utslagsr\u00f6st.<\/p>\n<p>Vid \u00e5rsm\u00f6tet ska f\u00f6ljande \u00e4renden behandlas:<br \/>1. Val av ordf\u00f6rande f\u00f6r \u00e5rsm\u00f6tet;<br \/>2. Val av sekreterare;<br \/>3. Uppr\u00e4ttande och godk\u00e4nnande av r\u00f6stl\u00e4ngd;<br \/>4. Val av tv\u00e5 protokolljusterare tillika r\u00f6str\u00e4knare;<br \/>5. Pr\u00f6vning av om \u00e5rsm\u00f6tet blivit beh\u00f6rigen sammankallat;<br \/>6. Framl\u00e4ggande av verksamhetsber\u00e4ttelse och ekonomisk redog\u00f6relse samt revisionsber\u00e4ttelse f\u00f6r det g\u00e5ngna verksamhets\u00e5ret;<br \/>7. Beslut om godk\u00e4nnande av styrelsens redovisning;<br \/>8. Beslut om dispositioner betr\u00e4ffande uppkommen vinst eller f\u00f6rlust f\u00f6r verksamhets\u00e5ret;<br \/>9. Beslut om ansvarsfrihet f\u00f6r styrelsen;<br \/>10. Val av styrelsens ordf\u00f6rande;<br \/>11. Val av sex ordinarie ledam\u00f6ter i styrelsen;<br \/>12. Val av f\u00f6rste vice ordf\u00f6rande, av de sex ordinarie ledam\u00f6terna;<br \/>13. Val av andre vice ordf\u00f6rande, av de sex ordinarie ledam\u00f6terna;<br \/>14. Val av tv\u00e5 suppleanter;<br \/>15. Fastst\u00e4llande av styrelsens arvode;<br \/>16. Val av revisor;<br \/>17. Val av valberedning;<br \/>18. Framl\u00e4ggande av verksamhetsplan med budget f\u00f6r kommande \u00e5r; 19. Fastst\u00e4llande av medlemsavgiftens storlek.<\/p>\n\t\t<\/div>\n<\/section>\n\n\n<section class=\"text-block white  \">\n    <div class=\"block-icon\"><\/div>\n\t<div class=\"inner\">\n\t\t<div class=\"text-block-content\">\n\t\t\t\t\t<h2 class=\"\">Extra \u00e5rsm\u00f6te<\/h2>\n\t\t\t\t\t<p>Extra \u00e5rsm\u00f6te ska h\u00e5llas n\u00e4r styrelsen eller minst h\u00e4lften av medlemmarna beg\u00e4r detta. Kallelse till extra \u00e5rsm\u00f6te ska s\u00e4ndas till medlemmarna senast 30 dagar f\u00f6re m\u00f6tesdagen genom<br \/>styrelsens f\u00f6rsorg. Till kallelsen ska bifogas styrelsens f\u00f6rslag till \u00e5rsm\u00f6tet samt en sammanst\u00e4llning av inkomna f\u00f6rslag fr\u00e5n medlemmar j\u00e4mte styrelsens yttrande \u00f6ver dessa f\u00f6rslag.<\/p>\n\t\t<\/div>\n<\/section>\n\n\n<section class=\"text-block white  \">\n    <div class=\"block-icon\"><\/div>\n\t<div class=\"inner\">\n\t\t<div class=\"text-block-content\">\n\t\t\t\t\t<h2 class=\"\">Verksamhets\u00e5r<\/h2>\n\t\t\t\t\t<p>Riksf\u00f6reningen JAGs verksamhets\u00e5r sammanfaller med kalender\u00e5r.<\/p>\n\t\t<\/div>\n<\/section>\n\n\n<section class=\"text-block white  \">\n    <div class=\"block-icon\"><\/div>\n\t<div class=\"inner\">\n\t\t<div class=\"text-block-content\">\n\t\t\t\t\t<h2 class=\"\">Stadge\u00e4ndring<\/h2>\n\t\t\t\t\t<p>\u00c4ndring av dessa stadgar beslutas av \u00e5rsm\u00f6tet. F\u00f6r stadge\u00e4ndring kr\u00e4vs att beslut d\u00e4rom tas vid tv\u00e5 p\u00e5 varandra f\u00f6ljande ordinarie \u00e5rsm\u00f6ten, varvid besluten bitr\u00e4tts av tv\u00e5 tredjedelar av de r\u00f6stande.<\/p>\n\t\t<\/div>\n<\/section>\n\n\n<section class=\"text-block white  \">\n    <div class=\"block-icon\"><\/div>\n\t<div class=\"inner\">\n\t\t<div class=\"text-block-content\">\n\t\t\t\t\t<h2 class=\"\">Uteslutning<\/h2>\n\t\t\t\t\t<p>Lokalf\u00f6rening som skadat Riksf\u00f6reningen JAGs verksamhet genom \u00e5sidos\u00e4ttande av Riksf\u00f6reningen JAGs stadgar, \u00e5rsm\u00f6tesbeslut eller f\u00f6reningspolicy, eller genom annat illojalt agerande, kan uteslutas ur organisationen. Beslut om uteslutning fattas av Riksf\u00f6reningen JAGs styrelse.<\/p>\n\t\t<\/div>\n<\/section>\n\n\n<section class=\"text-block white  \">\n    <div class=\"block-icon\"><\/div>\n\t<div class=\"inner\">\n\t\t<div class=\"text-block-content\">\n\t\t\t\t\t<h2 class=\"\">Uppl\u00f6sning<\/h2>\n\t\t\t\t\t<p>Beslut om uppl\u00f6sning av Riksf\u00f6reningen JAG fattas av \u00e5rsm\u00f6tet. F\u00f6r uppl\u00f6sning kr\u00e4vs att beslut d\u00e4rom tas vid tv\u00e5 p\u00e5 varandra f\u00f6ljande \u00e5rsm\u00f6ten, varav ett \u00e4r ordinarie, och varvid besluten bitr\u00e4tts av tv\u00e5 tredjedelar av de r\u00f6stande. Vid uppl\u00f6sning ska eventuella tillg\u00e5ngar, efter \u00e5terbetalning av skulder, tillfalla Stiftelsen JAG.<\/p>\n\t\t<\/div>\n<\/section>\n","protected":false},"excerpt":{"rendered":"<p>Stadgar<\/p>\n","protected":false},"author":8,"featured_media":0,"parent":0,"menu_order":19,"comment_status":"closed","ping_status":"closed","template":"","meta":{"footnotes":""},"class_list":["post-451","page","type-page","status-publish","hentry"],"acf":[],"yoast_head":"<!-- This site is optimized with the Yoast SEO plugin v21.3 - https:\/\/yoast.com\/wordpress\/plugins\/seo\/ -->\n<title>Stadgar - JAG Opinion<\/title>\n<meta name=\"robots\" content=\"index, follow, max-snippet:-1, max-image-preview:large, max-video-preview:-1\" \/>\n<link rel=\"canonical\" href=\"https:\/\/jag.se\/opinion\/stadgar\/\" \/>\n<meta property=\"og:locale\" content=\"sv_SE\" \/>\n<meta property=\"og:type\" content=\"article\" \/>\n<meta property=\"og:title\" content=\"Stadgar - JAG Opinion\" \/>\n<meta property=\"og:description\" content=\"Stadgar\" \/>\n<meta property=\"og:url\" content=\"https:\/\/jag.se\/opinion\/stadgar\/\" \/>\n<meta property=\"og:site_name\" content=\"JAG Opinion\" \/>\n<meta property=\"article:modified_time\" content=\"2022-04-28T15:05:35+00:00\" \/>\n<meta name=\"twitter:card\" content=\"summary_large_image\" \/>\n<meta name=\"twitter:label1\" content=\"Ber\u00e4knad l\u00e4stid\" \/>\n\t<meta name=\"twitter:data1\" content=\"1 minut\" \/>\n<script type=\"application\/ld+json\" class=\"yoast-schema-graph\">{\"@context\":\"https:\/\/schema.org\",\"@graph\":[{\"@type\":\"WebPage\",\"@id\":\"https:\/\/jag.se\/opinion\/stadgar\/\",\"url\":\"https:\/\/jag.se\/opinion\/stadgar\/\",\"name\":\"Stadgar - JAG Opinion\",\"isPartOf\":{\"@id\":\"https:\/\/jag.se\/opinion\/#website\"},\"datePublished\":\"2022-02-15T09:09:16+00:00\",\"dateModified\":\"2022-04-28T15:05:35+00:00\",\"breadcrumb\":{\"@id\":\"https:\/\/jag.se\/opinion\/stadgar\/#breadcrumb\"},\"inLanguage\":\"sv-SE\",\"potentialAction\":[{\"@type\":\"ReadAction\",\"target\":[\"https:\/\/jag.se\/opinion\/stadgar\/\"]}]},{\"@type\":\"BreadcrumbList\",\"@id\":\"https:\/\/jag.se\/opinion\/stadgar\/#breadcrumb\",\"itemListElement\":[{\"@type\":\"ListItem\",\"position\":1,\"name\":\"JAG start\",\"item\":\"https:\/\/jag.se\"},{\"@type\":\"ListItem\",\"position\":2,\"name\":\"Riksf\u00f6reningen JAG\",\"item\":\"https:\/\/jag.se\/opinion\/\"},{\"@type\":\"ListItem\",\"position\":3,\"name\":\"Stadgar\"}]},{\"@type\":\"WebSite\",\"@id\":\"https:\/\/jag.se\/opinion\/#website\",\"url\":\"https:\/\/jag.se\/opinion\/\",\"name\":\"JAG Opinion\",\"description\":\"\",\"potentialAction\":[{\"@type\":\"SearchAction\",\"target\":{\"@type\":\"EntryPoint\",\"urlTemplate\":\"https:\/\/jag.se\/opinion\/?s={search_term_string}\"},\"query-input\":\"required name=search_term_string\"}],\"inLanguage\":\"sv-SE\"}]}<\/script>\n<!-- \/ Yoast SEO plugin. -->","yoast_head_json":{"title":"Stadgar - JAG Opinion","robots":{"index":"index","follow":"follow","max-snippet":"max-snippet:-1","max-image-preview":"max-image-preview:large","max-video-preview":"max-video-preview:-1"},"canonical":"https:\/\/jag.se\/opinion\/stadgar\/","og_locale":"sv_SE","og_type":"article","og_title":"Stadgar - JAG Opinion","og_description":"Stadgar","og_url":"https:\/\/jag.se\/opinion\/stadgar\/","og_site_name":"JAG Opinion","article_modified_time":"2022-04-28T15:05:35+00:00","twitter_card":"summary_large_image","twitter_misc":{"Ber\u00e4knad l\u00e4stid":"1 minut"},"schema":{"@context":"https:\/\/schema.org","@graph":[{"@type":"WebPage","@id":"https:\/\/jag.se\/opinion\/stadgar\/","url":"https:\/\/jag.se\/opinion\/stadgar\/","name":"Stadgar - JAG Opinion","isPartOf":{"@id":"https:\/\/jag.se\/opinion\/#website"},"datePublished":"2022-02-15T09:09:16+00:00","dateModified":"2022-04-28T15:05:35+00:00","breadcrumb":{"@id":"https:\/\/jag.se\/opinion\/stadgar\/#breadcrumb"},"inLanguage":"sv-SE","potentialAction":[{"@type":"ReadAction","target":["https:\/\/jag.se\/opinion\/stadgar\/"]}]},{"@type":"BreadcrumbList","@id":"https:\/\/jag.se\/opinion\/stadgar\/#breadcrumb","itemListElement":[{"@type":"ListItem","position":1,"name":"JAG start","item":"https:\/\/jag.se"},{"@type":"ListItem","position":2,"name":"Riksf\u00f6reningen JAG","item":"https:\/\/jag.se\/opinion\/"},{"@type":"ListItem","position":3,"name":"Stadgar"}]},{"@type":"WebSite","@id":"https:\/\/jag.se\/opinion\/#website","url":"https:\/\/jag.se\/opinion\/","name":"JAG Opinion","description":"","potentialAction":[{"@type":"SearchAction","target":{"@type":"EntryPoint","urlTemplate":"https:\/\/jag.se\/opinion\/?s={search_term_string}"},"query-input":"required name=search_term_string"}],"inLanguage":"sv-SE"}]}},"_links":{"self":[{"href":"https:\/\/jag.se\/opinion\/wp-json\/wp\/v2\/pages\/451","targetHints":{"allow":["GET"]}}],"collection":[{"href":"https:\/\/jag.se\/opinion\/wp-json\/wp\/v2\/pages"}],"about":[{"href":"https:\/\/jag.se\/opinion\/wp-json\/wp\/v2\/types\/page"}],"author":[{"embeddable":true,"href":"https:\/\/jag.se\/opinion\/wp-json\/wp\/v2\/users\/8"}],"replies":[{"embeddable":true,"href":"https:\/\/jag.se\/opinion\/wp-json\/wp\/v2\/comments?post=451"}],"version-history":[{"count":23,"href":"https:\/\/jag.se\/opinion\/wp-json\/wp\/v2\/pages\/451\/revisions"}],"predecessor-version":[{"id":4729,"href":"https:\/\/jag.se\/opinion\/wp-json\/wp\/v2\/pages\/451\/revisions\/4729"}],"wp:attachment":[{"href":"https:\/\/jag.se\/opinion\/wp-json\/wp\/v2\/media?parent=451"}],"curies":[{"name":"wp","href":"https:\/\/api.w.org\/{rel}","templated":true}]}}