{"id":468,"date":"2022-02-15T09:43:56","date_gmt":"2022-02-15T09:43:56","guid":{"rendered":"https:\/\/jag.se\/opinion\/?page_id=468"},"modified":"2024-12-06T15:33:22","modified_gmt":"2024-12-06T15:33:22","slug":"om-oss","status":"publish","type":"page","link":"https:\/\/jag.se\/opinion\/om-oss\/","title":{"rendered":"Om oss"},"content":{"rendered":"<div class=\"yoast-breadcrumbs\">\t<div class=\"inner\">\n\t\t<span><span><a href=\"https:\/\/jag.se\">JAG start<\/a><\/span> &gt; <span><a href=\"https:\/\/jag.se\/opinion\/\">Riksf\u00f6reningen JAG<\/a><\/span> &gt; <span class=\"breadcrumb_last\" aria-current=\"page\">Om oss<\/span><\/span>\t<\/div>\n<\/div>\n\n\n<h1 class=\"wp-block-heading\">Om Riksf\u00f6reningen JAG<\/h1>\n\n\n<section class=\"text-block white  \">\n    <div class=\"block-icon\"><\/div>\n\t<div class=\"inner\">\n\t\t<div class=\"text-block-content\">\n\t\t\t\t<p style=\"text-align: left;\">V\u00e5r f\u00f6rening har valt namnet JAG. JAG st\u00e5r f\u00f6r att varje medlem har r\u00e4tt att vara huvudperson i sitt liv. Det st\u00e5r f\u00f6r en vilja att g\u00f6ra egna val i livet och ta plats i samh\u00e4llet p\u00e5 lika villkor som andra, fr\u00e5n dagis och skola till vuxenliv. Personer med intellektuella funktionsneds\u00e4ttningar \u00e4r inga \u201dgruppvarelser\u201d. Faktum \u00e4r att vi ofta har sv\u00e5rare att g\u00f6ra saker i grupp \u00e4n andra som inte har samma funktionsvariation.<\/p>\n<p>JAG \u00e4r ocks\u00e5 f\u00f6rsta bokstaven i J\u00e4mlikhet, Assistans och Gemenskap, som \u00e4r tre mycket betydelsefulla ord f\u00f6r JAG-medlemmarna.<\/p>\n<p style=\"text-align: left;\">En av initiativtagarna till f\u00f6reningen \u00e4r Magnus And\u00e9n. Med st\u00f6d av sin gode man Gerd And\u00e9n hade han i b\u00f6rjan av 1990-talet kontakt med n\u00e5gra personer i FUBs d\u00e5varande flerhandikappsgrupp. Tillsammans bildade de F\u00f6reningen JAG 1992. F\u00f6reningen JAG var med och drev p\u00e5 genomf\u00f6randet av assistansreformen i Sverige.<\/p>\n<p style=\"text-align: left;\">Reformen blev verklighet 1994 och innebar att personer med omfattande funktionsneds\u00e4ttningar fick r\u00e4tt till personlig assistans.<\/p>\n<p style=\"text-align: left;\">1994 startade Brukarkooperativet JAG f\u00f6r att anordna personlig assistans till de medlemmar i F\u00f6reningen JAG som \u00f6nskade det. Idag \u00e4r JAG Personlig assistans Sveriges st\u00f6rsta privata assistansanordnare som drivs utan vinstintresse.<\/p>\n<p style=\"text-align: left;\">F\u00f6reningen JAG har bytt namn till Riksf\u00f6reningen JAG men arbetar fortfarande f\u00f6r samma m\u00e5l \u2013 att medlemmarna i JAG ska kunna leva i gemenskap med sin familj och som andra i samh\u00e4llet, med b\u00e4sta m\u00f6jliga personligt anpassade assistans.<\/p>\n\t\t<\/div>\n<\/section>\n\n\n<section class=\"links-list \">\n\t<div class=\"inner\">\n\t\t\t\t<ul >\n\t\t\t\t\t\t\t<li><a href=\"https:\/\/jag.se\/opinion\/wp-content\/uploads\/sites\/3\/2022\/05\/Tio-ar-med-personlig-assistans.pdf\">Rapporten om JAG-medlemmarnas erfarenheter av 10 \u00e5r med personlig assistans<\/a><\/li>\n\t\t\t\t\t\t\t\t<li><a href=\"https:\/\/jag.se\/opinion\/wp-content\/uploads\/sites\/3\/2022\/05\/Priset-for-personlig-assistans.pdf\">Kostnadsj\u00e4mf\u00f6relse mellan LSS-insatserna gruppbostad och personlig assistans <\/a><\/li>\n\t\t\t\t\t\t<\/ul>\n\t\t\t\t<\/div>\n<\/section>\n\n\n<div class=\"wp-block-image\">\n<figure class=\"aligncenter size-large\"><img loading=\"lazy\" decoding=\"async\" width=\"1024\" height=\"817\" src=\"https:\/\/jag.se\/opinion\/wp-content\/uploads\/sites\/3\/2022\/03\/Forsta-styrelsen-1024x817.jpg\" alt=\"\" class=\"wp-image-800\" srcset=\"https:\/\/jag.se\/opinion\/wp-content\/uploads\/sites\/3\/2022\/03\/Forsta-styrelsen-1024x817.jpg 1024w, https:\/\/jag.se\/opinion\/wp-content\/uploads\/sites\/3\/2022\/03\/Forsta-styrelsen-768x613.jpg 768w, https:\/\/jag.se\/opinion\/wp-content\/uploads\/sites\/3\/2022\/03\/Forsta-styrelsen-1536x1226.jpg 1536w, https:\/\/jag.se\/opinion\/wp-content\/uploads\/sites\/3\/2022\/03\/Forsta-styrelsen-2048x1634.jpg 2048w, https:\/\/jag.se\/opinion\/wp-content\/uploads\/sites\/3\/2022\/03\/Forsta-styrelsen-1920x1532.jpg 1920w, https:\/\/jag.se\/opinion\/wp-content\/uploads\/sites\/3\/2022\/03\/Forsta-styrelsen-125x100.jpg 125w, https:\/\/jag.se\/opinion\/wp-content\/uploads\/sites\/3\/2022\/03\/Forsta-styrelsen-540x431.jpg 540w, https:\/\/jag.se\/opinion\/wp-content\/uploads\/sites\/3\/2022\/03\/Forsta-styrelsen-1366x1090.jpg 1366w, https:\/\/jag.se\/opinion\/wp-content\/uploads\/sites\/3\/2022\/03\/Forsta-styrelsen-150x120.jpg 150w, https:\/\/jag.se\/opinion\/wp-content\/uploads\/sites\/3\/2022\/03\/Forsta-styrelsen-311x248.jpg 311w, https:\/\/jag.se\/opinion\/wp-content\/uploads\/sites\/3\/2022\/03\/Forsta-styrelsen-374x298.jpg 374w, https:\/\/jag.se\/opinion\/wp-content\/uploads\/sites\/3\/2022\/03\/Forsta-styrelsen-300x239.jpg 300w, https:\/\/jag.se\/opinion\/wp-content\/uploads\/sites\/3\/2022\/03\/Forsta-styrelsen-120x96.jpg 120w, https:\/\/jag.se\/opinion\/wp-content\/uploads\/sites\/3\/2022\/03\/Forsta-styrelsen-601x480.jpg 601w, https:\/\/jag.se\/opinion\/wp-content\/uploads\/sites\/3\/2022\/03\/Forsta-styrelsen-63x50.jpg 63w, https:\/\/jag.se\/opinion\/wp-content\/uploads\/sites\/3\/2022\/03\/Forsta-styrelsen-125x100@2x.jpg 250w, https:\/\/jag.se\/opinion\/wp-content\/uploads\/sites\/3\/2022\/03\/Forsta-styrelsen-540x431@2x.jpg 1080w, https:\/\/jag.se\/opinion\/wp-content\/uploads\/sites\/3\/2022\/03\/Forsta-styrelsen-311x248@2x.jpg 622w, https:\/\/jag.se\/opinion\/wp-content\/uploads\/sites\/3\/2022\/03\/Forsta-styrelsen-374x298@2x.jpg 748w, https:\/\/jag.se\/opinion\/wp-content\/uploads\/sites\/3\/2022\/03\/Forsta-styrelsen-300x239@2x.jpg 600w, https:\/\/jag.se\/opinion\/wp-content\/uploads\/sites\/3\/2022\/03\/Forsta-styrelsen-120x96@2x.jpg 240w, https:\/\/jag.se\/opinion\/wp-content\/uploads\/sites\/3\/2022\/03\/Forsta-styrelsen-63x50@2x.jpg 126w\" sizes=\"auto, (max-width: 1024px) 100vw, 1024px\" \/><figcaption class=\"wp-element-caption\">Riksf\u00f6reningen JAGs f\u00f6rsta styrelse.<\/figcaption><\/figure>\n<\/div>","protected":false},"excerpt":{"rendered":"<p>Om Riksf\u00f6reningen JAG<\/p>\n","protected":false},"author":8,"featured_media":0,"parent":0,"menu_order":18,"comment_status":"closed","ping_status":"closed","template":"","meta":{"footnotes":""},"class_list":["post-468","page","type-page","status-publish","hentry"],"acf":[],"yoast_head":"<!-- This site is optimized with the Yoast SEO plugin v21.3 - https:\/\/yoast.com\/wordpress\/plugins\/seo\/ -->\n<title>Om oss - JAG Opinion<\/title>\n<meta name=\"robots\" content=\"index, follow, max-snippet:-1, max-image-preview:large, max-video-preview:-1\" \/>\n<link rel=\"canonical\" href=\"https:\/\/jag.se\/opinion\/om-oss\/\" \/>\n<meta property=\"og:locale\" content=\"sv_SE\" \/>\n<meta property=\"og:type\" content=\"article\" \/>\n<meta property=\"og:title\" content=\"Om oss - JAG Opinion\" \/>\n<meta property=\"og:description\" content=\"Om Riksf\u00f6reningen JAG\" \/>\n<meta property=\"og:url\" content=\"https:\/\/jag.se\/opinion\/om-oss\/\" \/>\n<meta property=\"og:site_name\" content=\"JAG Opinion\" \/>\n<meta property=\"article:modified_time\" content=\"2024-12-06T15:33:22+00:00\" \/>\n<meta property=\"og:image\" content=\"https:\/\/jag.se\/opinion\/wp-content\/uploads\/sites\/3\/2022\/03\/Forsta-styrelsen-1024x817.jpg\" \/>\n<meta name=\"twitter:card\" content=\"summary_large_image\" \/>\n<meta name=\"twitter:label1\" content=\"Ber\u00e4knad l\u00e4stid\" \/>\n\t<meta name=\"twitter:data1\" content=\"1 minut\" \/>\n<script type=\"application\/ld+json\" class=\"yoast-schema-graph\">{\"@context\":\"https:\/\/schema.org\",\"@graph\":[{\"@type\":\"WebPage\",\"@id\":\"https:\/\/jag.se\/opinion\/om-oss\/\",\"url\":\"https:\/\/jag.se\/opinion\/om-oss\/\",\"name\":\"Om oss - JAG Opinion\",\"isPartOf\":{\"@id\":\"https:\/\/jag.se\/opinion\/#website\"},\"datePublished\":\"2022-02-15T09:43:56+00:00\",\"dateModified\":\"2024-12-06T15:33:22+00:00\",\"breadcrumb\":{\"@id\":\"https:\/\/jag.se\/opinion\/om-oss\/#breadcrumb\"},\"inLanguage\":\"sv-SE\",\"potentialAction\":[{\"@type\":\"ReadAction\",\"target\":[\"https:\/\/jag.se\/opinion\/om-oss\/\"]}]},{\"@type\":\"BreadcrumbList\",\"@id\":\"https:\/\/jag.se\/opinion\/om-oss\/#breadcrumb\",\"itemListElement\":[{\"@type\":\"ListItem\",\"position\":1,\"name\":\"JAG start\",\"item\":\"https:\/\/jag.se\"},{\"@type\":\"ListItem\",\"position\":2,\"name\":\"Riksf\u00f6reningen JAG\",\"item\":\"https:\/\/jag.se\/opinion\/\"},{\"@type\":\"ListItem\",\"position\":3,\"name\":\"Om oss\"}]},{\"@type\":\"WebSite\",\"@id\":\"https:\/\/jag.se\/opinion\/#website\",\"url\":\"https:\/\/jag.se\/opinion\/\",\"name\":\"JAG Opinion\",\"description\":\"\",\"potentialAction\":[{\"@type\":\"SearchAction\",\"target\":{\"@type\":\"EntryPoint\",\"urlTemplate\":\"https:\/\/jag.se\/opinion\/?s={search_term_string}\"},\"query-input\":\"required name=search_term_string\"}],\"inLanguage\":\"sv-SE\"}]}<\/script>\n<!-- \/ Yoast SEO plugin. -->","yoast_head_json":{"title":"Om oss - JAG Opinion","robots":{"index":"index","follow":"follow","max-snippet":"max-snippet:-1","max-image-preview":"max-image-preview:large","max-video-preview":"max-video-preview:-1"},"canonical":"https:\/\/jag.se\/opinion\/om-oss\/","og_locale":"sv_SE","og_type":"article","og_title":"Om oss - JAG Opinion","og_description":"Om Riksf\u00f6reningen JAG","og_url":"https:\/\/jag.se\/opinion\/om-oss\/","og_site_name":"JAG Opinion","article_modified_time":"2024-12-06T15:33:22+00:00","og_image":[{"url":"https:\/\/jag.se\/opinion\/wp-content\/uploads\/sites\/3\/2022\/03\/Forsta-styrelsen-1024x817.jpg"}],"twitter_card":"summary_large_image","twitter_misc":{"Ber\u00e4knad l\u00e4stid":"1 minut"},"schema":{"@context":"https:\/\/schema.org","@graph":[{"@type":"WebPage","@id":"https:\/\/jag.se\/opinion\/om-oss\/","url":"https:\/\/jag.se\/opinion\/om-oss\/","name":"Om oss - JAG Opinion","isPartOf":{"@id":"https:\/\/jag.se\/opinion\/#website"},"datePublished":"2022-02-15T09:43:56+00:00","dateModified":"2024-12-06T15:33:22+00:00","breadcrumb":{"@id":"https:\/\/jag.se\/opinion\/om-oss\/#breadcrumb"},"inLanguage":"sv-SE","potentialAction":[{"@type":"ReadAction","target":["https:\/\/jag.se\/opinion\/om-oss\/"]}]},{"@type":"BreadcrumbList","@id":"https:\/\/jag.se\/opinion\/om-oss\/#breadcrumb","itemListElement":[{"@type":"ListItem","position":1,"name":"JAG start","item":"https:\/\/jag.se"},{"@type":"ListItem","position":2,"name":"Riksf\u00f6reningen JAG","item":"https:\/\/jag.se\/opinion\/"},{"@type":"ListItem","position":3,"name":"Om oss"}]},{"@type":"WebSite","@id":"https:\/\/jag.se\/opinion\/#website","url":"https:\/\/jag.se\/opinion\/","name":"JAG Opinion","description":"","potentialAction":[{"@type":"SearchAction","target":{"@type":"EntryPoint","urlTemplate":"https:\/\/jag.se\/opinion\/?s={search_term_string}"},"query-input":"required name=search_term_string"}],"inLanguage":"sv-SE"}]}},"_links":{"self":[{"href":"https:\/\/jag.se\/opinion\/wp-json\/wp\/v2\/pages\/468","targetHints":{"allow":["GET"]}}],"collection":[{"href":"https:\/\/jag.se\/opinion\/wp-json\/wp\/v2\/pages"}],"about":[{"href":"https:\/\/jag.se\/opinion\/wp-json\/wp\/v2\/types\/page"}],"author":[{"embeddable":true,"href":"https:\/\/jag.se\/opinion\/wp-json\/wp\/v2\/users\/8"}],"replies":[{"embeddable":true,"href":"https:\/\/jag.se\/opinion\/wp-json\/wp\/v2\/comments?post=468"}],"version-history":[{"count":17,"href":"https:\/\/jag.se\/opinion\/wp-json\/wp\/v2\/pages\/468\/revisions"}],"predecessor-version":[{"id":26246,"href":"https:\/\/jag.se\/opinion\/wp-json\/wp\/v2\/pages\/468\/revisions\/26246"}],"wp:attachment":[{"href":"https:\/\/jag.se\/opinion\/wp-json\/wp\/v2\/media?parent=468"}],"curies":[{"name":"wp","href":"https:\/\/api.w.org\/{rel}","templated":true}]}}