{"id":492,"date":"2022-02-15T13:18:07","date_gmt":"2022-02-15T13:18:07","guid":{"rendered":"https:\/\/jag.se\/opinion\/?page_id=492"},"modified":"2022-04-28T14:28:50","modified_gmt":"2022-04-28T14:28:50","slug":"vara-varderingar","status":"publish","type":"page","link":"https:\/\/jag.se\/opinion\/vara-varderingar\/","title":{"rendered":"V\u00e5ra v\u00e4rderingar"},"content":{"rendered":"<div class=\"yoast-breadcrumbs\">\t<div class=\"inner\">\n\t\t<span><span><a href=\"https:\/\/jag.se\">JAG start<\/a><\/span> &gt; <span><a href=\"https:\/\/jag.se\/opinion\/\">Riksf\u00f6reningen JAG<\/a><\/span> &gt; <span class=\"breadcrumb_last\" aria-current=\"page\">V\u00e5ra v\u00e4rderingar<\/span><\/span>\t<\/div>\n<\/div>\n\n\n<h1 class=\"has-text-align-center wp-block-heading\" id=\"vara-varderingar\">V\u00e5ra v\u00e4rderingar<\/h1>\n\n\n<section class=\"text-block white  \">\n    <div class=\"block-icon\"><\/div>\n\t<div class=\"inner\">\n\t\t<div class=\"text-block-content\">\n\t\t\t\t\t<h2 class=\"\">Alla m\u00e4nniskors lika v\u00e4rde<\/h2>\n\t\t\t\t\t<p style=\"text-align: left;\">Riksf\u00f6reningen JAG har en stark ideologisk f\u00f6rankring som bottnar i alla m\u00e4nniskors lika v\u00e4rde. Vi v\u00e4nder oss s\u00e4rskilt mot den diskriminering som drabbar personer med normbrytande intellektuell och kognitiv f\u00f6rm\u00e5ga, hj\u00e4rnskador och autismspektrumdiagnoser. M\u00e4nniskov\u00e4rde ska inte bero p\u00e5 en viss intellektuell kapacitet. Och vad som \u00e4r livskvalitet \u00e4r inte f\u00f6rutbest\u00e4mt eller samma f\u00f6r alla.<\/p>\n\t\t<\/div>\n<\/section>\n\n\n<section class=\"text-block ocean  \">\n    <div class=\"block-icon\"><\/div>\n\t<div class=\"inner\">\n\t\t<div class=\"text-block-content\">\n\t\t\t\t\t<h2 class=\"\">Alla kan vara sj\u00e4lvbest\u00e4mmande<\/h2>\n\t\t\t\t\t<p style=\"text-align: left;\">Vi \u00e4r \u00f6vertygade om att alla m\u00e4nniskor har en vilja och f\u00f6rm\u00e5ga att ut\u00f6va sj\u00e4lvbest\u00e4mmande, \u00e5tminstone i situationen, under f\u00f6ruts\u00e4ttning att man \u00e4r omgiven av m\u00e4nniskor som har f\u00f6ruts\u00e4ttningar att f\u00f6rst\u00e5 och respektera ens vilja.<\/p>\n\t\t<\/div>\n<\/section>\n\n\n<section class=\"text-block white  \">\n    <div class=\"block-icon\"><\/div>\n\t<div class=\"inner\">\n\t\t<div class=\"text-block-content\">\n\t\t\t\t\t<h2 class=\"\">Alla kan kommunicera<\/h2>\n\t\t\t\t\t<p style=\"text-align: left;\">I Riksf\u00f6reningen JAG vet vi att alla m\u00e4nniskor kan kommunicera sin vilja och sina behov. \u00c4ven n\u00e4r en m\u00e4nniska har mycket stora funktionsneds\u00e4ttningar finns det alltid n\u00e5got sinne kvar att anv\u00e4nda och n\u00e5got s\u00e4tt att kommunicera. Naturliga reaktioner som att g\u00e4spa, rodna, le mot ett k\u00e4nt ansikte eller att rycka till n\u00e4r en blir \u00f6verraskad \u00e4r den mest grundl\u00e4ggande m\u00e4nskliga kommunikationen. Ibland \u00e4r signalerna s\u00e5 svaga s\u00e5 att det kr\u00e4vs stor lyh\u00f6rdhet av omgivningen f\u00f6r att f\u00f6rst\u00e5. Ofta \u00e4r det en f\u00f6ruts\u00e4ttning att man umg\u00e5s n\u00e4ra i privata situationer.<\/p>\n\t\t<\/div>\n<\/section>\n","protected":false},"excerpt":{"rendered":"<p>V\u00e5ra v\u00e4rderingar<\/p>\n","protected":false},"author":8,"featured_media":0,"parent":0,"menu_order":16,"comment_status":"closed","ping_status":"closed","template":"","meta":{"footnotes":""},"class_list":["post-492","page","type-page","status-publish","hentry"],"acf":[],"yoast_head":"<!-- This site is optimized with the Yoast SEO plugin v21.3 - https:\/\/yoast.com\/wordpress\/plugins\/seo\/ -->\n<title>V\u00e5ra v\u00e4rderingar - JAG Opinion<\/title>\n<meta name=\"description\" content=\"Riksf\u00f6reningen JAG har en stark ideologisk f\u00f6rankring som bottnar i alla m\u00e4nniskors lika v\u00e4rde. V\u00e4rdet beror inte p\u00e5 intellektuell kapacitet.\" \/>\n<meta name=\"robots\" content=\"index, follow, max-snippet:-1, max-image-preview:large, max-video-preview:-1\" \/>\n<link rel=\"canonical\" href=\"https:\/\/jag.se\/opinion\/vara-varderingar\/\" \/>\n<meta property=\"og:locale\" content=\"sv_SE\" \/>\n<meta property=\"og:type\" content=\"article\" \/>\n<meta property=\"og:title\" content=\"V\u00e5ra v\u00e4rderingar - JAG Opinion\" \/>\n<meta property=\"og:description\" content=\"Riksf\u00f6reningen JAG har en stark ideologisk f\u00f6rankring som bottnar i alla m\u00e4nniskors lika v\u00e4rde. V\u00e4rdet beror inte p\u00e5 intellektuell kapacitet.\" \/>\n<meta property=\"og:url\" content=\"https:\/\/jag.se\/opinion\/vara-varderingar\/\" \/>\n<meta property=\"og:site_name\" content=\"JAG Opinion\" \/>\n<meta property=\"article:modified_time\" content=\"2022-04-28T14:28:50+00:00\" \/>\n<meta name=\"twitter:card\" content=\"summary_large_image\" \/>\n<meta name=\"twitter:label1\" content=\"Ber\u00e4knad l\u00e4stid\" \/>\n\t<meta name=\"twitter:data1\" content=\"1 minut\" \/>\n<script type=\"application\/ld+json\" class=\"yoast-schema-graph\">{\"@context\":\"https:\/\/schema.org\",\"@graph\":[{\"@type\":\"WebPage\",\"@id\":\"https:\/\/jag.se\/opinion\/vara-varderingar\/\",\"url\":\"https:\/\/jag.se\/opinion\/vara-varderingar\/\",\"name\":\"V\u00e5ra v\u00e4rderingar - JAG Opinion\",\"isPartOf\":{\"@id\":\"https:\/\/jag.se\/opinion\/#website\"},\"datePublished\":\"2022-02-15T13:18:07+00:00\",\"dateModified\":\"2022-04-28T14:28:50+00:00\",\"description\":\"Riksf\u00f6reningen JAG har en stark ideologisk f\u00f6rankring som bottnar i alla m\u00e4nniskors lika v\u00e4rde. V\u00e4rdet beror inte p\u00e5 intellektuell kapacitet.\",\"breadcrumb\":{\"@id\":\"https:\/\/jag.se\/opinion\/vara-varderingar\/#breadcrumb\"},\"inLanguage\":\"sv-SE\",\"potentialAction\":[{\"@type\":\"ReadAction\",\"target\":[\"https:\/\/jag.se\/opinion\/vara-varderingar\/\"]}]},{\"@type\":\"BreadcrumbList\",\"@id\":\"https:\/\/jag.se\/opinion\/vara-varderingar\/#breadcrumb\",\"itemListElement\":[{\"@type\":\"ListItem\",\"position\":1,\"name\":\"JAG start\",\"item\":\"https:\/\/jag.se\"},{\"@type\":\"ListItem\",\"position\":2,\"name\":\"Riksf\u00f6reningen JAG\",\"item\":\"https:\/\/jag.se\/opinion\/\"},{\"@type\":\"ListItem\",\"position\":3,\"name\":\"V\u00e5ra v\u00e4rderingar\"}]},{\"@type\":\"WebSite\",\"@id\":\"https:\/\/jag.se\/opinion\/#website\",\"url\":\"https:\/\/jag.se\/opinion\/\",\"name\":\"JAG Opinion\",\"description\":\"\",\"potentialAction\":[{\"@type\":\"SearchAction\",\"target\":{\"@type\":\"EntryPoint\",\"urlTemplate\":\"https:\/\/jag.se\/opinion\/?s={search_term_string}\"},\"query-input\":\"required name=search_term_string\"}],\"inLanguage\":\"sv-SE\"}]}<\/script>\n<!-- \/ Yoast SEO plugin. -->","yoast_head_json":{"title":"V\u00e5ra v\u00e4rderingar - JAG Opinion","description":"Riksf\u00f6reningen JAG har en stark ideologisk f\u00f6rankring som bottnar i alla m\u00e4nniskors lika v\u00e4rde. V\u00e4rdet beror inte p\u00e5 intellektuell kapacitet.","robots":{"index":"index","follow":"follow","max-snippet":"max-snippet:-1","max-image-preview":"max-image-preview:large","max-video-preview":"max-video-preview:-1"},"canonical":"https:\/\/jag.se\/opinion\/vara-varderingar\/","og_locale":"sv_SE","og_type":"article","og_title":"V\u00e5ra v\u00e4rderingar - JAG Opinion","og_description":"Riksf\u00f6reningen JAG har en stark ideologisk f\u00f6rankring som bottnar i alla m\u00e4nniskors lika v\u00e4rde. V\u00e4rdet beror inte p\u00e5 intellektuell kapacitet.","og_url":"https:\/\/jag.se\/opinion\/vara-varderingar\/","og_site_name":"JAG Opinion","article_modified_time":"2022-04-28T14:28:50+00:00","twitter_card":"summary_large_image","twitter_misc":{"Ber\u00e4knad l\u00e4stid":"1 minut"},"schema":{"@context":"https:\/\/schema.org","@graph":[{"@type":"WebPage","@id":"https:\/\/jag.se\/opinion\/vara-varderingar\/","url":"https:\/\/jag.se\/opinion\/vara-varderingar\/","name":"V\u00e5ra v\u00e4rderingar - JAG Opinion","isPartOf":{"@id":"https:\/\/jag.se\/opinion\/#website"},"datePublished":"2022-02-15T13:18:07+00:00","dateModified":"2022-04-28T14:28:50+00:00","description":"Riksf\u00f6reningen JAG har en stark ideologisk f\u00f6rankring som bottnar i alla m\u00e4nniskors lika v\u00e4rde. V\u00e4rdet beror inte p\u00e5 intellektuell kapacitet.","breadcrumb":{"@id":"https:\/\/jag.se\/opinion\/vara-varderingar\/#breadcrumb"},"inLanguage":"sv-SE","potentialAction":[{"@type":"ReadAction","target":["https:\/\/jag.se\/opinion\/vara-varderingar\/"]}]},{"@type":"BreadcrumbList","@id":"https:\/\/jag.se\/opinion\/vara-varderingar\/#breadcrumb","itemListElement":[{"@type":"ListItem","position":1,"name":"JAG start","item":"https:\/\/jag.se"},{"@type":"ListItem","position":2,"name":"Riksf\u00f6reningen JAG","item":"https:\/\/jag.se\/opinion\/"},{"@type":"ListItem","position":3,"name":"V\u00e5ra v\u00e4rderingar"}]},{"@type":"WebSite","@id":"https:\/\/jag.se\/opinion\/#website","url":"https:\/\/jag.se\/opinion\/","name":"JAG Opinion","description":"","potentialAction":[{"@type":"SearchAction","target":{"@type":"EntryPoint","urlTemplate":"https:\/\/jag.se\/opinion\/?s={search_term_string}"},"query-input":"required name=search_term_string"}],"inLanguage":"sv-SE"}]}},"_links":{"self":[{"href":"https:\/\/jag.se\/opinion\/wp-json\/wp\/v2\/pages\/492","targetHints":{"allow":["GET"]}}],"collection":[{"href":"https:\/\/jag.se\/opinion\/wp-json\/wp\/v2\/pages"}],"about":[{"href":"https:\/\/jag.se\/opinion\/wp-json\/wp\/v2\/types\/page"}],"author":[{"embeddable":true,"href":"https:\/\/jag.se\/opinion\/wp-json\/wp\/v2\/users\/8"}],"replies":[{"embeddable":true,"href":"https:\/\/jag.se\/opinion\/wp-json\/wp\/v2\/comments?post=492"}],"version-history":[{"count":23,"href":"https:\/\/jag.se\/opinion\/wp-json\/wp\/v2\/pages\/492\/revisions"}],"predecessor-version":[{"id":4699,"href":"https:\/\/jag.se\/opinion\/wp-json\/wp\/v2\/pages\/492\/revisions\/4699"}],"wp:attachment":[{"href":"https:\/\/jag.se\/opinion\/wp-json\/wp\/v2\/media?parent=492"}],"curies":[{"name":"wp","href":"https:\/\/api.w.org\/{rel}","templated":true}]}}