{"id":5634,"date":"2022-05-17T11:45:13","date_gmt":"2022-05-17T11:45:13","guid":{"rendered":"https:\/\/jag.se\/opinion\/?page_id=5634"},"modified":"2023-09-12T10:53:05","modified_gmt":"2023-09-12T10:53:05","slug":"personuppgifter","status":"publish","type":"page","link":"https:\/\/jag.se\/opinion\/personuppgifter\/","title":{"rendered":"Personuppgifter"},"content":{"rendered":"\n<h1 class=\"wp-block-heading\">Personuppgifter<\/h1>\n\n\n<section class=\"text-block white  \">\n    <div class=\"block-icon\"><\/div>\n\t<div class=\"inner\">\n\t\t<div class=\"text-block-content\">\n\t\t\t\t<p>Riksf\u00f6reningen JAG med l\u00e4nsf\u00f6reningar\/JAG Utbildning AB\/Vi vill bidra behandlar personuppgifter enligt svensk lag. Du har r\u00e4tt att veta vilka personuppgifter vi registrerar och hur vi behandlar dem.<\/p>\n\t\t<\/div>\n<\/section>\n\n\n<section class=\"text-block white  \">\n    <div class=\"block-icon\"><\/div>\n\t<div class=\"inner\">\n\t\t<div class=\"text-block-content\">\n\t\t\t\t\t<h2 class=\"\">Vilka personuppgifter behandlas?<\/h2>\n\t\t\t\t\t<p>\u2013 Namn, e-postadress, f\u00f6delsedatum, var du bor, typ av medlemskap (fullv\u00e4rdig medlem eller st\u00f6dmedlem) om du har egna funktionsneds\u00e4ttningar och om du \u00e4r n\u00e4rst\u00e5ende till en fullv\u00e4rdig medlem. I f\u00f6rekommande fall behandlar vi \u00e4ven bilder, filmer, artiklar med mera d\u00e4r du medverkat.<\/p>\n\t\t<\/div>\n<\/section>\n\n\n<section class=\"text-block white  \">\n    <div class=\"block-icon\"><\/div>\n\t<div class=\"inner\">\n\t\t<div class=\"text-block-content\">\n\t\t\t\t\t<h2 class=\"\">Hur samlar vi in dina personuppgifter?<\/h2>\n\t\t\t\t\t<p>\u2013 Dina personuppgifter samlas in fr\u00e5n dig och\/eller din legala f\u00f6retr\u00e4dare n\u00e4r du blir medlem, och d\u00e4refter i kontakt med dig vid samtal, post och e-post <span class=\"ui-provider ep bee bef beg beh bei bej bek bel bem ben beo bep beq ber bes bet beu bev bew bex bey bez bfa bfb bfc bfd bfe bff bfg bfh bfi bfj bfk bfl\" dir=\"ltr\">samt vid olika f\u00f6reningsevenemang d\u00e4r du deltar.<\/span><\/p>\n\t\t<\/div>\n<\/section>\n\n\n<section class=\"text-block ocean  \">\n    <div class=\"block-icon\"><\/div>\n\t<div class=\"inner\">\n\t\t<div class=\"text-block-content\">\n\t\t\t\t\t<h2 class=\"\">Varf\u00f6r behandlar vi dina personuppgifter?<\/h2>\n\t\t\t\t\t<p>\u2013 Vi behandlar dina personuppgifter f\u00f6r att sk\u00f6ta medlemsadministrationen och ge dig nyheter och information om JAGs verksamhet och ditt medlemskap samt aktiviteter som ordnas av JAG. Vi kan ocks\u00e5 komma att behandla dina personuppgifter f\u00f6r statistiska \u00e4ndam\u00e5l. Den personuppgiftsbehandling som utf\u00f6rs i samband med ditt medlemskap i JAG \u00e4r laglig f\u00f6r att den \u00e4r n\u00f6dv\u00e4ndig f\u00f6r fullg\u00f6randet av medlemsvillkoren och f\u00f6r att JAG har ett ber\u00e4ttigat intresse av att kunna behandla personuppgifterna f\u00f6r de h\u00e4r \u00e4ndam\u00e5len.<\/p>\n\t\t<\/div>\n<\/section>\n\n\n<section class=\"text-block white  \">\n    <div class=\"block-icon\"><\/div>\n\t<div class=\"inner\">\n\t\t<div class=\"text-block-content\">\n\t\t\t\t\t<h2 class=\"\">Hur samlar vi in dina personuppgifter?<\/h2>\n\t\t\t\t\t<p>Dina personuppgifter samlas in fr\u00e5n dig och\/eller din legala f\u00f6retr\u00e4dare n\u00e4r du blir medlem och\/eller betalar medlemsavgiften, och d\u00e4refter i kontakt med dig vid samtal, post och e-post.\u00a0\u00a0\u00a0\u00a0<\/p>\n\t\t<\/div>\n<\/section>\n\n\n<section class=\"text-block white  \">\n    <div class=\"block-icon\"><\/div>\n\t<div class=\"inner\">\n\t\t<div class=\"text-block-content\">\n\t\t\t\t\t<h2 class=\"\">Hur behandlar vi dina personuppgifter?<\/h2>\n\t\t\t\t\t<p>Vid all hantering av dina personuppgifter iakttar vi s\u00e4kerhet och sekretess.<\/p>\n\t\t<\/div>\n<\/section>\n\n\n<section class=\"text-block white  \">\n    <div class=\"block-icon\"><\/div>\n\t<div class=\"inner\">\n\t\t<div class=\"text-block-content\">\n\t\t\t\t\t<h2 class=\"\">Hur l\u00e4nge sparar vi dina personuppgifter?<\/h2>\n\t\t\t\t\t<p>\u2013 Vi behandlar dina personuppgifter s\u00e5 l\u00e4nge du \u00e4r medlem i f\u00f6reningen. Tv\u00e5 \u00e5r efter det att ditt medlemskap har upph\u00f6rt raderas dina personuppgifter. Vi kommer d\u00e5 endast att forts\u00e4tta lagra dem om det f\u00f6ljer n\u00e5gon s\u00e5dan skyldighet av lag. Bilder, filmer och artiklar kan d\u00e4remot komma att sparas l\u00e4ngre.\u00a0<\/p>\n\t\t<\/div>\n<\/section>\n\n\n<section class=\"text-block white  \">\n    <div class=\"block-icon\"><\/div>\n\t<div class=\"inner\">\n\t\t<div class=\"text-block-content\">\n\t\t\t\t\t<h2 class=\"\">Till vem l\u00e4mnar vi ut dina personuppgifter?<\/h2>\n\t\t\t\t\t<p>\u2013 Till utvalda f\u00f6retag och organisationer (personuppgiftsbitr\u00e4den) som JAG samarbetar med, till exempel f\u00f6retag som arbetar med att tillhandah\u00e5lla IT- och molntj\u00e4nster. Detta personuppgiftsbitr\u00e4de kommer d\u00e5 endast att behandla uppgifterna i enlighet med de \u00e4ndam\u00e5l som dina personuppgifter samlats in f\u00f6r vilka f\u00f6rklaras ovan. Vi kan komma att \u00f6verf\u00f6ra personuppgifter till ett land utanf\u00f6r EES, men vi kommer i s\u00e5dant fall att inh\u00e4mta ditt samtycke f\u00f6rst, eller s\u00e4kerst\u00e4lla att \u00f6verf\u00f6ringen \u00e4r laglig och s\u00e4ker genom att vidta andra \u00e5tg\u00e4rder.<\/p>\n\t\t<\/div>\n<\/section>\n\n\n<section class=\"text-block white  \">\n    <div class=\"block-icon\"><\/div>\n\t<div class=\"inner\">\n\t\t<div class=\"text-block-content\">\n\t\t\t\t\t<h2 class=\"\">Dina r\u00e4ttigheter<\/h2>\n\t\t\t\t\t<p>Du har r\u00e4tt till insyn i hur dina personuppgifter behandlas. Det betyder att du kan beg\u00e4ra att f\u00e5 tillg\u00e5ng till viss information om behandlingen. Du har \u00e4ven r\u00e4tt att beg\u00e4ra att f\u00e5 felaktiga personuppgifter \u00e4ndrade, \u00f6verfl\u00f6dig behandling begr\u00e4nsad, ogrundad behandling raderad och att f\u00e5 ut dina personuppgifter i maskinl\u00e4sbar form (till exempel i en excelfil), f\u00f6r att kunna l\u00e4mna dem till en annan akt\u00f6r (s\u00e5 kallad dataportabilitet).<\/p>\n<p>En beg\u00e4ran om n\u00e5got av det n\u00e4mnda kan skickas till\u00a0<a href=\"mailto:vj@jag.se\" target=\"_self\" rel=\"undefined\">vj@jag.se<\/a>. Du har i sista hand m\u00f6jlighet att v\u00e4nda dig till Datainspektionen\/Integritetsskyddsmyndigheten om du skulle vara missn\u00f6jd med hur vi behandlar dina personuppgifter.<\/p>\n\t\t<\/div>\n<\/section>\n\n\n<section class=\"text-block white  \">\n    <div class=\"block-icon\"><\/div>\n\t<div class=\"inner\">\n\t\t<div class=\"text-block-content\">\n\t\t\t\t\t<h2 class=\"\">R\u00e4tt till begr\u00e4nsning av behandling och r\u00e4tt att bli raderad<\/h2>\n\t\t\t\t\t<p>Du kan h\u00f6ra av dig till oss och beg\u00e4ra att behandlingen av dina personuppgifter begr\u00e4nsas. Du har \u00e4ven r\u00e4tt att beg\u00e4ra att dina personuppgifter raderas.<\/p>\n<p>I vissa fall kan vi inte tillm\u00f6tesg\u00e5 en beg\u00e4ran om radering till exempel om vi \u00e4r skyldig enligt lag att spara uppgifterna. Om radering sker kommer vi att underr\u00e4tta dem, till vilka vi har l\u00e4mnat ut dina uppgifter, att radering har skett. Vi kommer \u00e4ven att p\u00e5 din beg\u00e4ran informera dig om till vem\/vilka vi har l\u00e4mnat information om radering. Om du inte vill att vi ska behandla dina personuppgifter alls kan du inte vara medlem i Riksf\u00f6reningen JAG eller n\u00e5gon av JAGs l\u00e4nsf\u00f6reningar.<\/p>\n<p><\/p>\n\t\t<\/div>\n<\/section>\n\n\n<section class=\"text-block white  \">\n    <div class=\"block-icon\"><\/div>\n\t<div class=\"inner\">\n\t\t<div class=\"text-block-content\">\n\t\t\t\t\t<h2 class=\"\">Vill du veta mer?<\/h2>\n\t\t\t\t\t<p>Vill du veta mer kan du kontakta oss p\u00e5 tel 08-789 30 00 (s\u00e4g att du har en fr\u00e5ga om personuppgifter s\u00e5 kopplas du vidare till r\u00e4tt person) eller mejla till\u00a0<a href=\"mailto:vj@jag.se\" target=\"_self\" rel=\"undefined\">vj@jag.se<\/a><\/p>\n<p>JAGs dataskyddsombud heter Mattias Grundstr\u00f6m och n\u00e5s via e-post till\u00a0<a href=\"mailto:Mattias.grundstrom@externtdpo.se\">mattias.grundstrom@externtdpo.se<\/a><\/p>\n\t\t<\/div>\n<\/section>\n<!-- \/wp:post-content -->","protected":false},"excerpt":{"rendered":"<p>Personuppgifter<\/p>\n","protected":false},"author":6,"featured_media":0,"parent":0,"menu_order":13,"comment_status":"closed","ping_status":"closed","template":"","meta":{"footnotes":""},"class_list":["post-5634","page","type-page","status-publish","hentry"],"acf":[],"yoast_head":"<!-- This site is optimized with the Yoast SEO plugin v21.3 - https:\/\/yoast.com\/wordpress\/plugins\/seo\/ -->\n<title>Personuppgifter - JAG Opinion<\/title>\n<meta name=\"robots\" content=\"index, follow, max-snippet:-1, max-image-preview:large, max-video-preview:-1\" \/>\n<link rel=\"canonical\" href=\"https:\/\/jag.se\/opinion\/personuppgifter\/\" \/>\n<meta property=\"og:locale\" content=\"sv_SE\" \/>\n<meta property=\"og:type\" content=\"article\" \/>\n<meta property=\"og:title\" content=\"Personuppgifter - JAG Opinion\" \/>\n<meta property=\"og:description\" content=\"Personuppgifter\" \/>\n<meta property=\"og:url\" content=\"https:\/\/jag.se\/opinion\/personuppgifter\/\" \/>\n<meta property=\"og:site_name\" content=\"JAG Opinion\" \/>\n<meta property=\"article:modified_time\" content=\"2023-09-12T10:53:05+00:00\" \/>\n<meta name=\"twitter:card\" content=\"summary_large_image\" \/>\n<meta name=\"twitter:label1\" content=\"Ber\u00e4knad l\u00e4stid\" \/>\n\t<meta name=\"twitter:data1\" content=\"1 minut\" \/>\n<script type=\"application\/ld+json\" class=\"yoast-schema-graph\">{\"@context\":\"https:\/\/schema.org\",\"@graph\":[{\"@type\":\"WebPage\",\"@id\":\"https:\/\/jag.se\/opinion\/personuppgifter\/\",\"url\":\"https:\/\/jag.se\/opinion\/personuppgifter\/\",\"name\":\"Personuppgifter - JAG Opinion\",\"isPartOf\":{\"@id\":\"https:\/\/jag.se\/opinion\/#website\"},\"datePublished\":\"2022-05-17T11:45:13+00:00\",\"dateModified\":\"2023-09-12T10:53:05+00:00\",\"breadcrumb\":{\"@id\":\"https:\/\/jag.se\/opinion\/personuppgifter\/#breadcrumb\"},\"inLanguage\":\"sv-SE\",\"potentialAction\":[{\"@type\":\"ReadAction\",\"target\":[\"https:\/\/jag.se\/opinion\/personuppgifter\/\"]}]},{\"@type\":\"BreadcrumbList\",\"@id\":\"https:\/\/jag.se\/opinion\/personuppgifter\/#breadcrumb\",\"itemListElement\":[{\"@type\":\"ListItem\",\"position\":1,\"name\":\"JAG start\",\"item\":\"https:\/\/jag.se\"},{\"@type\":\"ListItem\",\"position\":2,\"name\":\"Riksf\u00f6reningen JAG\",\"item\":\"https:\/\/jag.se\/opinion\/\"},{\"@type\":\"ListItem\",\"position\":3,\"name\":\"Personuppgifter\"}]},{\"@type\":\"WebSite\",\"@id\":\"https:\/\/jag.se\/opinion\/#website\",\"url\":\"https:\/\/jag.se\/opinion\/\",\"name\":\"JAG Opinion\",\"description\":\"\",\"potentialAction\":[{\"@type\":\"SearchAction\",\"target\":{\"@type\":\"EntryPoint\",\"urlTemplate\":\"https:\/\/jag.se\/opinion\/?s={search_term_string}\"},\"query-input\":\"required name=search_term_string\"}],\"inLanguage\":\"sv-SE\"}]}<\/script>\n<!-- \/ Yoast SEO plugin. -->","yoast_head_json":{"title":"Personuppgifter - JAG Opinion","robots":{"index":"index","follow":"follow","max-snippet":"max-snippet:-1","max-image-preview":"max-image-preview:large","max-video-preview":"max-video-preview:-1"},"canonical":"https:\/\/jag.se\/opinion\/personuppgifter\/","og_locale":"sv_SE","og_type":"article","og_title":"Personuppgifter - JAG Opinion","og_description":"Personuppgifter","og_url":"https:\/\/jag.se\/opinion\/personuppgifter\/","og_site_name":"JAG Opinion","article_modified_time":"2023-09-12T10:53:05+00:00","twitter_card":"summary_large_image","twitter_misc":{"Ber\u00e4knad l\u00e4stid":"1 minut"},"schema":{"@context":"https:\/\/schema.org","@graph":[{"@type":"WebPage","@id":"https:\/\/jag.se\/opinion\/personuppgifter\/","url":"https:\/\/jag.se\/opinion\/personuppgifter\/","name":"Personuppgifter - JAG Opinion","isPartOf":{"@id":"https:\/\/jag.se\/opinion\/#website"},"datePublished":"2022-05-17T11:45:13+00:00","dateModified":"2023-09-12T10:53:05+00:00","breadcrumb":{"@id":"https:\/\/jag.se\/opinion\/personuppgifter\/#breadcrumb"},"inLanguage":"sv-SE","potentialAction":[{"@type":"ReadAction","target":["https:\/\/jag.se\/opinion\/personuppgifter\/"]}]},{"@type":"BreadcrumbList","@id":"https:\/\/jag.se\/opinion\/personuppgifter\/#breadcrumb","itemListElement":[{"@type":"ListItem","position":1,"name":"JAG start","item":"https:\/\/jag.se"},{"@type":"ListItem","position":2,"name":"Riksf\u00f6reningen JAG","item":"https:\/\/jag.se\/opinion\/"},{"@type":"ListItem","position":3,"name":"Personuppgifter"}]},{"@type":"WebSite","@id":"https:\/\/jag.se\/opinion\/#website","url":"https:\/\/jag.se\/opinion\/","name":"JAG Opinion","description":"","potentialAction":[{"@type":"SearchAction","target":{"@type":"EntryPoint","urlTemplate":"https:\/\/jag.se\/opinion\/?s={search_term_string}"},"query-input":"required name=search_term_string"}],"inLanguage":"sv-SE"}]}},"_links":{"self":[{"href":"https:\/\/jag.se\/opinion\/wp-json\/wp\/v2\/pages\/5634","targetHints":{"allow":["GET"]}}],"collection":[{"href":"https:\/\/jag.se\/opinion\/wp-json\/wp\/v2\/pages"}],"about":[{"href":"https:\/\/jag.se\/opinion\/wp-json\/wp\/v2\/types\/page"}],"author":[{"embeddable":true,"href":"https:\/\/jag.se\/opinion\/wp-json\/wp\/v2\/users\/6"}],"replies":[{"embeddable":true,"href":"https:\/\/jag.se\/opinion\/wp-json\/wp\/v2\/comments?post=5634"}],"version-history":[{"count":19,"href":"https:\/\/jag.se\/opinion\/wp-json\/wp\/v2\/pages\/5634\/revisions"}],"predecessor-version":[{"id":22939,"href":"https:\/\/jag.se\/opinion\/wp-json\/wp\/v2\/pages\/5634\/revisions\/22939"}],"wp:attachment":[{"href":"https:\/\/jag.se\/opinion\/wp-json\/wp\/v2\/media?parent=5634"}],"curies":[{"name":"wp","href":"https:\/\/api.w.org\/{rel}","templated":true}]}}