{"id":5654,"date":"2022-05-17T20:17:56","date_gmt":"2022-05-17T20:17:56","guid":{"rendered":"https:\/\/jag.se\/opinion\/?page_id=5654"},"modified":"2022-08-01T12:54:58","modified_gmt":"2022-08-01T12:54:58","slug":"independent-living","status":"publish","type":"page","link":"https:\/\/jag.se\/opinion\/independent-living\/","title":{"rendered":"Independent Living"},"content":{"rendered":"<div class=\"yoast-breadcrumbs\">\t<div class=\"inner\">\n\t\t<span><span><a href=\"https:\/\/jag.se\">JAG start<\/a><\/span> &gt; <span><a href=\"https:\/\/jag.se\/opinion\/\">Riksf\u00f6reningen JAG<\/a><\/span> &gt; <span class=\"breadcrumb_last\" aria-current=\"page\">Independent Living<\/span><\/span>\t<\/div>\n<\/div>\n\n\n<h1 class=\"wp-block-heading\">Independent Living<\/h1>\n\n\n<section class=\"text-block white  \">\n    <div class=\"block-icon\"><\/div>\n\t<div class=\"inner\">\n\t\t<div class=\"text-block-content\">\n\t\t\t\t<p>Independent Living (IL) betyder ungef\u00e4r att \u201dleva sj\u00e4lvst\u00e4ndigt\u201d. I Sverige blev Independent Living k\u00e4nt p\u00e5 1980-talet och handlar om r\u00e4tten f\u00f6r personer med funktionsneds\u00e4ttning att vara samh\u00e4llsmedborgare som andra. Precis som exempelvis kvinnor\u00f6relsen och hbtq-r\u00f6relsen arbetar IL-r\u00f6relsen mot diskriminering genom att p\u00e5verka politiken och bilden av personer med funktionsneds\u00e4ttning.<\/p>\n<p>Riksf\u00f6reningen JAG \u00e4r en del av den svenska IL-r\u00f6relsen tillsammans med bland andra assistanskooperativen STIL och GIL och Independent Living Institute.<\/p>\n<p>Skillnaden mellan Riksf\u00f6reningen JAG och andra IL-organisationer \u00e4r framf\u00f6rallt behovet av en legal f\u00f6retr\u00e4dare f\u00f6r att f\u00f6ra fram sin vilja. V\u00e5rdnadshavare\/god man \u00e4r mycket viktig f\u00f6r att vi i Riksf\u00f6reningen JAG ska kunna ut\u00f6va v\u00e5rt sj\u00e4lvbest\u00e4mmande i assistansen och i livet.<\/p>\n<p>I IL-r\u00f6relsen vill vi att de arbetstillf\u00e4llen\/uppdrag som finns i den egna f\u00f6reningen ska g\u00e5 till medlemmarna. I Riksf\u00f6reningen JAG inneb\u00e4r det att till styrelsen kan endast v\u00e4ljas fullv\u00e4rdiga medlemmar som utf\u00f6r styrelseuppdraget med st\u00f6d av sina legala f\u00f6retr\u00e4dare. V\u00e5r dagliga verksamhet JAG-center fyller samma funktion, att vi medlemmar ska ta f\u00e5 plats och synas i v\u00e5r egen organisation.<\/p>\n<p><a href=\"https:\/\/jag.se\/opinion\/riksforeningen-jag-far-mr-pris\/\">Riksf\u00f6reningen JAG f\u00e5r pris f\u00f6r sitt arbete f\u00f6r m\u00e4nskliga r\u00e4ttigheter<\/a><\/p>\n\t\t<\/div>\n<\/section>\n","protected":false},"excerpt":{"rendered":"<p>Independent Living<\/p>\n","protected":false},"author":6,"featured_media":0,"parent":0,"menu_order":12,"comment_status":"closed","ping_status":"closed","template":"","meta":{"footnotes":""},"class_list":["post-5654","page","type-page","status-publish","hentry"],"acf":[],"yoast_head":"<!-- This site is optimized with the Yoast SEO plugin v21.3 - https:\/\/yoast.com\/wordpress\/plugins\/seo\/ -->\n<title>Independent Living - JAG Opinion<\/title>\n<meta name=\"description\" content=\"Independent Living-r\u00f6relsen arbetar f\u00f6r att \u00e4ndra bilden av personer med funktionsneds\u00e4ttning och mot diskriminering.\" \/>\n<meta name=\"robots\" content=\"index, follow, max-snippet:-1, max-image-preview:large, max-video-preview:-1\" \/>\n<link rel=\"canonical\" href=\"https:\/\/jag.se\/opinion\/independent-living\/\" \/>\n<meta property=\"og:locale\" content=\"sv_SE\" \/>\n<meta property=\"og:type\" content=\"article\" \/>\n<meta property=\"og:title\" content=\"Independent Living - JAG Opinion\" \/>\n<meta property=\"og:description\" content=\"Independent Living-r\u00f6relsen arbetar f\u00f6r att \u00e4ndra bilden av personer med funktionsneds\u00e4ttning och mot diskriminering.\" \/>\n<meta property=\"og:url\" content=\"https:\/\/jag.se\/opinion\/independent-living\/\" \/>\n<meta property=\"og:site_name\" content=\"JAG Opinion\" \/>\n<meta property=\"article:modified_time\" content=\"2022-08-01T12:54:58+00:00\" \/>\n<meta name=\"twitter:card\" content=\"summary_large_image\" \/>\n<meta name=\"twitter:label1\" content=\"Ber\u00e4knad l\u00e4stid\" \/>\n\t<meta name=\"twitter:data1\" content=\"1 minut\" \/>\n<script type=\"application\/ld+json\" class=\"yoast-schema-graph\">{\"@context\":\"https:\/\/schema.org\",\"@graph\":[{\"@type\":\"WebPage\",\"@id\":\"https:\/\/jag.se\/opinion\/independent-living\/\",\"url\":\"https:\/\/jag.se\/opinion\/independent-living\/\",\"name\":\"Independent Living - JAG Opinion\",\"isPartOf\":{\"@id\":\"https:\/\/jag.se\/opinion\/#website\"},\"datePublished\":\"2022-05-17T20:17:56+00:00\",\"dateModified\":\"2022-08-01T12:54:58+00:00\",\"description\":\"Independent Living-r\u00f6relsen arbetar f\u00f6r att \u00e4ndra bilden av personer med funktionsneds\u00e4ttning och mot diskriminering.\",\"breadcrumb\":{\"@id\":\"https:\/\/jag.se\/opinion\/independent-living\/#breadcrumb\"},\"inLanguage\":\"sv-SE\",\"potentialAction\":[{\"@type\":\"ReadAction\",\"target\":[\"https:\/\/jag.se\/opinion\/independent-living\/\"]}]},{\"@type\":\"BreadcrumbList\",\"@id\":\"https:\/\/jag.se\/opinion\/independent-living\/#breadcrumb\",\"itemListElement\":[{\"@type\":\"ListItem\",\"position\":1,\"name\":\"JAG start\",\"item\":\"https:\/\/jag.se\"},{\"@type\":\"ListItem\",\"position\":2,\"name\":\"Riksf\u00f6reningen JAG\",\"item\":\"https:\/\/jag.se\/opinion\/\"},{\"@type\":\"ListItem\",\"position\":3,\"name\":\"Independent Living\"}]},{\"@type\":\"WebSite\",\"@id\":\"https:\/\/jag.se\/opinion\/#website\",\"url\":\"https:\/\/jag.se\/opinion\/\",\"name\":\"JAG Opinion\",\"description\":\"\",\"potentialAction\":[{\"@type\":\"SearchAction\",\"target\":{\"@type\":\"EntryPoint\",\"urlTemplate\":\"https:\/\/jag.se\/opinion\/?s={search_term_string}\"},\"query-input\":\"required name=search_term_string\"}],\"inLanguage\":\"sv-SE\"}]}<\/script>\n<!-- \/ Yoast SEO plugin. -->","yoast_head_json":{"title":"Independent Living - JAG Opinion","description":"Independent Living-r\u00f6relsen arbetar f\u00f6r att \u00e4ndra bilden av personer med funktionsneds\u00e4ttning och mot diskriminering.","robots":{"index":"index","follow":"follow","max-snippet":"max-snippet:-1","max-image-preview":"max-image-preview:large","max-video-preview":"max-video-preview:-1"},"canonical":"https:\/\/jag.se\/opinion\/independent-living\/","og_locale":"sv_SE","og_type":"article","og_title":"Independent Living - JAG Opinion","og_description":"Independent Living-r\u00f6relsen arbetar f\u00f6r att \u00e4ndra bilden av personer med funktionsneds\u00e4ttning och mot diskriminering.","og_url":"https:\/\/jag.se\/opinion\/independent-living\/","og_site_name":"JAG Opinion","article_modified_time":"2022-08-01T12:54:58+00:00","twitter_card":"summary_large_image","twitter_misc":{"Ber\u00e4knad l\u00e4stid":"1 minut"},"schema":{"@context":"https:\/\/schema.org","@graph":[{"@type":"WebPage","@id":"https:\/\/jag.se\/opinion\/independent-living\/","url":"https:\/\/jag.se\/opinion\/independent-living\/","name":"Independent Living - JAG Opinion","isPartOf":{"@id":"https:\/\/jag.se\/opinion\/#website"},"datePublished":"2022-05-17T20:17:56+00:00","dateModified":"2022-08-01T12:54:58+00:00","description":"Independent Living-r\u00f6relsen arbetar f\u00f6r att \u00e4ndra bilden av personer med funktionsneds\u00e4ttning och mot diskriminering.","breadcrumb":{"@id":"https:\/\/jag.se\/opinion\/independent-living\/#breadcrumb"},"inLanguage":"sv-SE","potentialAction":[{"@type":"ReadAction","target":["https:\/\/jag.se\/opinion\/independent-living\/"]}]},{"@type":"BreadcrumbList","@id":"https:\/\/jag.se\/opinion\/independent-living\/#breadcrumb","itemListElement":[{"@type":"ListItem","position":1,"name":"JAG start","item":"https:\/\/jag.se"},{"@type":"ListItem","position":2,"name":"Riksf\u00f6reningen JAG","item":"https:\/\/jag.se\/opinion\/"},{"@type":"ListItem","position":3,"name":"Independent Living"}]},{"@type":"WebSite","@id":"https:\/\/jag.se\/opinion\/#website","url":"https:\/\/jag.se\/opinion\/","name":"JAG Opinion","description":"","potentialAction":[{"@type":"SearchAction","target":{"@type":"EntryPoint","urlTemplate":"https:\/\/jag.se\/opinion\/?s={search_term_string}"},"query-input":"required name=search_term_string"}],"inLanguage":"sv-SE"}]}},"_links":{"self":[{"href":"https:\/\/jag.se\/opinion\/wp-json\/wp\/v2\/pages\/5654","targetHints":{"allow":["GET"]}}],"collection":[{"href":"https:\/\/jag.se\/opinion\/wp-json\/wp\/v2\/pages"}],"about":[{"href":"https:\/\/jag.se\/opinion\/wp-json\/wp\/v2\/types\/page"}],"author":[{"embeddable":true,"href":"https:\/\/jag.se\/opinion\/wp-json\/wp\/v2\/users\/6"}],"replies":[{"embeddable":true,"href":"https:\/\/jag.se\/opinion\/wp-json\/wp\/v2\/comments?post=5654"}],"version-history":[{"count":14,"href":"https:\/\/jag.se\/opinion\/wp-json\/wp\/v2\/pages\/5654\/revisions"}],"predecessor-version":[{"id":11254,"href":"https:\/\/jag.se\/opinion\/wp-json\/wp\/v2\/pages\/5654\/revisions\/11254"}],"wp:attachment":[{"href":"https:\/\/jag.se\/opinion\/wp-json\/wp\/v2\/media?parent=5654"}],"curies":[{"name":"wp","href":"https:\/\/api.w.org\/{rel}","templated":true}]}}