{"id":8014,"date":"2022-06-28T09:59:47","date_gmt":"2022-06-28T09:59:47","guid":{"rendered":"https:\/\/jag.se\/opinion\/?page_id=8014"},"modified":"2026-02-19T09:10:16","modified_gmt":"2026-02-19T09:10:16","slug":"almedalen","status":"publish","type":"page","link":"https:\/\/jag.se\/opinion\/almedalen\/","title":{"rendered":"Almedalen"},"content":{"rendered":"<div class=\"yoast-breadcrumbs\">\t<div class=\"inner\">\n\t\t<span><span><a href=\"https:\/\/jag.se\">JAG start<\/a><\/span> &gt; <span><a href=\"https:\/\/jag.se\/opinion\/\">Riksf\u00f6reningen JAG<\/a><\/span> &gt; <span class=\"breadcrumb_last\" aria-current=\"page\">Almedalen<\/span><\/span>\t<\/div>\n<\/div>\n\n<section class=\"banner t3\">\n\t<img loading=\"lazy\" decoding=\"async\" width=\"2026\" height=\"783\" src=\"https:\/\/jag.se\/opinion\/wp-content\/uploads\/sites\/3\/2026\/02\/almedalen-webb2026-1-e1771491088622.webp\" class=\"bg-desktop\" alt=\"\" srcset=\"https:\/\/jag.se\/opinion\/wp-content\/uploads\/sites\/3\/2026\/02\/almedalen-webb2026-1-e1771491088622.webp 2026w, https:\/\/jag.se\/opinion\/wp-content\/uploads\/sites\/3\/2026\/02\/almedalen-webb2026-1-e1771491088622-300x116.webp 300w, https:\/\/jag.se\/opinion\/wp-content\/uploads\/sites\/3\/2026\/02\/almedalen-webb2026-1-e1771491088622-1024x396.webp 1024w, https:\/\/jag.se\/opinion\/wp-content\/uploads\/sites\/3\/2026\/02\/almedalen-webb2026-1-e1771491088622-768x297.webp 768w, https:\/\/jag.se\/opinion\/wp-content\/uploads\/sites\/3\/2026\/02\/almedalen-webb2026-1-e1771491088622-1536x594.webp 1536w, https:\/\/jag.se\/opinion\/wp-content\/uploads\/sites\/3\/2026\/02\/almedalen-webb2026-1-e1771491088622-1920x742.webp 1920w, https:\/\/jag.se\/opinion\/wp-content\/uploads\/sites\/3\/2026\/02\/almedalen-webb2026-1-e1771491088622-259x100.webp 259w, https:\/\/jag.se\/opinion\/wp-content\/uploads\/sites\/3\/2026\/02\/almedalen-webb2026-1-e1771491088622-120x46.webp 120w, https:\/\/jag.se\/opinion\/wp-content\/uploads\/sites\/3\/2026\/02\/almedalen-webb2026-1-e1771491088622-540x209.webp 540w, https:\/\/jag.se\/opinion\/wp-content\/uploads\/sites\/3\/2026\/02\/almedalen-webb2026-1-e1771491088622-601x232.webp 601w, https:\/\/jag.se\/opinion\/wp-content\/uploads\/sites\/3\/2026\/02\/almedalen-webb2026-1-e1771491088622-150x58.webp 150w, https:\/\/jag.se\/opinion\/wp-content\/uploads\/sites\/3\/2026\/02\/almedalen-webb2026-1-e1771491088622-311x120.webp 311w, https:\/\/jag.se\/opinion\/wp-content\/uploads\/sites\/3\/2026\/02\/almedalen-webb2026-1-e1771491088622-369x143.webp 369w, https:\/\/jag.se\/opinion\/wp-content\/uploads\/sites\/3\/2026\/02\/almedalen-webb2026-1-e1771491088622-374x145.webp 374w, https:\/\/jag.se\/opinion\/wp-content\/uploads\/sites\/3\/2026\/02\/almedalen-webb2026-1-e1771491088622-129x50.webp 129w, https:\/\/jag.se\/opinion\/wp-content\/uploads\/sites\/3\/2026\/02\/almedalen-webb2026-1-e1771491088622-1449x560.webp 1449w\" sizes=\"auto, (max-width: 2026px) 100vw, 2026px\" \/><img loading=\"lazy\" decoding=\"async\" width=\"540\" height=\"540\" src=\"https:\/\/jag.se\/opinion\/wp-content\/uploads\/sites\/3\/2026\/02\/almedalen-webbtel2026-540x540.webp\" class=\"bg-mobile\" alt=\"\" srcset=\"https:\/\/jag.se\/opinion\/wp-content\/uploads\/sites\/3\/2026\/02\/almedalen-webbtel2026-540x540.webp 540w, https:\/\/jag.se\/opinion\/wp-content\/uploads\/sites\/3\/2026\/02\/almedalen-webbtel2026-150x150@2x.webp 300w, https:\/\/jag.se\/opinion\/wp-content\/uploads\/sites\/3\/2026\/02\/almedalen-webbtel2026-150x150.webp 150w, https:\/\/jag.se\/opinion\/wp-content\/uploads\/sites\/3\/2026\/02\/almedalen-webbtel2026-50x50@2x.webp 100w, https:\/\/jag.se\/opinion\/wp-content\/uploads\/sites\/3\/2026\/02\/almedalen-webbtel2026-120x120.webp 120w, https:\/\/jag.se\/opinion\/wp-content\/uploads\/sites\/3\/2026\/02\/almedalen-webbtel2026-38x38.webp 38w, https:\/\/jag.se\/opinion\/wp-content\/uploads\/sites\/3\/2026\/02\/almedalen-webbtel2026-311x311.webp 311w, https:\/\/jag.se\/opinion\/wp-content\/uploads\/sites\/3\/2026\/02\/almedalen-webbtel2026-369x369.webp 369w, https:\/\/jag.se\/opinion\/wp-content\/uploads\/sites\/3\/2026\/02\/almedalen-webbtel2026-374x374.webp 374w, https:\/\/jag.se\/opinion\/wp-content\/uploads\/sites\/3\/2026\/02\/almedalen-webbtel2026-50x50.webp 50w, https:\/\/jag.se\/opinion\/wp-content\/uploads\/sites\/3\/2026\/02\/almedalen-webbtel2026-560x560.webp 560w, https:\/\/jag.se\/opinion\/wp-content\/uploads\/sites\/3\/2026\/02\/almedalen-webbtel2026.webp 598w, https:\/\/jag.se\/opinion\/wp-content\/uploads\/sites\/3\/2026\/02\/almedalen-webbtel2026-300x300@2x.webp 600w, https:\/\/jag.se\/opinion\/wp-content\/uploads\/sites\/3\/2026\/02\/almedalen-webbtel2026-100x100@2x.webp 200w, https:\/\/jag.se\/opinion\/wp-content\/uploads\/sites\/3\/2026\/02\/almedalen-webbtel2026-120x120@2x.webp 240w\" sizes=\"auto, (max-width: 540px) 100vw, 540px\" \/>\t<div class=\"inner\">\n\t\t\t<\/div>\n<\/section>\n\n\n\n<h1 class=\"wp-block-heading\">Riksf\u00f6reningen JAG i Almedalen 2026<\/h1>\n\n\n<section class=\"text-block white  \">\n    <div class=\"block-icon\"><\/div>\n\t<div class=\"inner\">\n\t\t<div class=\"text-block-content\">\n\t\t\t\t\t<h2 class=\"\">Almedalsveckan 2026<\/h2>\n\t\t\t\t\t<p>Detta \u00e5r tar Almedalsveckan plats den 22 &#8211; 26 juni och Riksf\u00f6reningen JAG \u00e4r sj\u00e4lvklart tillbaka i \u00e5r igen! Eftersom 2026 \u00e4r ett val\u00e5r \u00e4r det extra viktigt att Riksf\u00f6reningen \u00e4r p\u00e5 plats och syns, p\u00e5verkar politiker och driver opinion.\u00a0<\/p>\n\t\t<\/div>\n<\/section>\n\n\n<section class=\"text-block pink  \">\n    <div class=\"block-icon\"><\/div>\n\t<div class=\"inner\">\n\t\t<div class=\"text-block-content\">\n\t\t\t\t\t<h2 class=\"\">F\u00f6rra \u00e5rets Almedalsvecka<\/h2>\n\t\t\t\t\t<p>I JAG-t\u00e4ltet p\u00e5 Cram\u00e9rgatan h\u00f6lls seminarier d\u00e4r medlemmarna fr\u00e5gade ut politiker fr\u00e5n Sveriges riksdagspartier. Fokus l\u00e5g p\u00e5 assistansers\u00e4ttningens niv\u00e5, r\u00e4tten f\u00f6r anh\u00f6riga att ha flera roller \u2013 som god man, personlig assistent och arbetsledare \u2013 och m\u00f6jligheten att f\u00e5 en meningsfull syssels\u00e4ttning.<\/p>\n<p>Tack f\u00f6r engagerade samtal, viktiga m\u00f6ten och att vi hj\u00e4lptes \u00e5t att g\u00f6ra v\u00e5ra r\u00f6ster h\u00f6rda!<\/p>\n\t\t<\/div>\n<\/section>\n\n\n<section class=\"links-list \">\n\t<div class=\"inner\">\n\t\t\t\t<ul >\n\t\t\t\t\t\t\t<li><a href=\"https:\/\/www.youtube.com\/watch?v=79Z_DlNr160&amp;list=PLaMMMdY90U8FBUQFEtaGRHfRiDIETc81z\">F\u00f6lj Riksf\u00f6reningen JAG i Almedalen via v\u00e5r Youtubekanal<\/a><\/li>\n\t\t\t\t\t\t\t\t<li><a href=\"https:\/\/www.youtube.com\/watch?v=n4vXstBCctk\">Se JAGs \u00e5rskr\u00f6nika 2025<\/a><\/li>\n\t\t\t\t\t\t<\/ul>\n\t\t\t\t<\/div>\n<\/section>\n\n\n<div class=\"wp-block-image\">\n<figure class=\"aligncenter size-full\"><img loading=\"lazy\" decoding=\"async\" width=\"512\" height=\"308\" src=\"https:\/\/jag.se\/opinion\/wp-content\/uploads\/sites\/3\/2025\/09\/webb_pm.jpg\" alt=\"Personer i en manifestation, b\u00e4r plakat.\" class=\"wp-image-27352\" style=\"aspect-ratio:16\/9;object-fit:cover\" srcset=\"https:\/\/jag.se\/opinion\/wp-content\/uploads\/sites\/3\/2025\/09\/webb_pm.jpg 512w, https:\/\/jag.se\/opinion\/wp-content\/uploads\/sites\/3\/2025\/09\/webb_pm-300x180.jpg 300w, https:\/\/jag.se\/opinion\/wp-content\/uploads\/sites\/3\/2025\/09\/webb_pm-83x50@2x.jpg 166w, https:\/\/jag.se\/opinion\/wp-content\/uploads\/sites\/3\/2025\/09\/webb_pm-120x72.jpg 120w, https:\/\/jag.se\/opinion\/wp-content\/uploads\/sites\/3\/2025\/09\/webb_pm-150x90.jpg 150w, https:\/\/jag.se\/opinion\/wp-content\/uploads\/sites\/3\/2025\/09\/webb_pm-311x187.jpg 311w, https:\/\/jag.se\/opinion\/wp-content\/uploads\/sites\/3\/2025\/09\/webb_pm-369x222.jpg 369w, https:\/\/jag.se\/opinion\/wp-content\/uploads\/sites\/3\/2025\/09\/webb_pm-374x225.jpg 374w, https:\/\/jag.se\/opinion\/wp-content\/uploads\/sites\/3\/2025\/09\/webb_pm-83x50.jpg 83w, https:\/\/jag.se\/opinion\/wp-content\/uploads\/sites\/3\/2025\/09\/webb_pm-166x100@2x.jpg 332w, https:\/\/jag.se\/opinion\/wp-content\/uploads\/sites\/3\/2025\/09\/webb_pm-120x72@2x.jpg 240w\" sizes=\"auto, (max-width: 512px) 100vw, 512px\" \/><figcaption class=\"wp-element-caption\">Manifestation i Visby<\/figcaption><\/figure>\n<\/div>\n\n<section class=\"text-block white  \">\n    <div class=\"block-icon\"><\/div>\n\t<div class=\"inner\">\n\t\t<div class=\"text-block-content\">\n\t\t\t\t\t<h2 class=\"\">V\u00e5ra viktigaste fr\u00e5gor<\/h2>\n\t\t\t\t\t<p>H\u00e4r intervjuas <span data-teams=\"true\">socialtj\u00e4nstministern Camilla Waltersson Gr\u00f6nvall (M) av Richard Kostenius, ledamot i Riksf\u00f6reningen JAGs styrelse under Almedalsveckan 2023. <\/span>\u00a0<\/p>\n\t\t<\/div>\n<\/section>\n\n\n\n<figure class=\"wp-block-embed aligncenter is-type-video is-provider-youtube wp-block-embed-youtube wp-embed-aspect-16-9 wp-has-aspect-ratio\"><div class=\"wp-block-embed__wrapper\">\n<iframe loading=\"lazy\" title=\"Camilla Waltersson Gr\u00f6nvall (M)  I Heta stolen, Almedalen 2023\" width=\"500\" height=\"281\" src=\"https:\/\/www.youtube.com\/embed\/Cgo0wU2_jxM?feature=oembed\" frameborder=\"0\" allow=\"accelerometer; autoplay; clipboard-write; encrypted-media; gyroscope; picture-in-picture; web-share\" referrerpolicy=\"strict-origin-when-cross-origin\" allowfullscreen><\/iframe>\n<\/div><\/figure>\n\n\n<section class=\"text-block white  \">\n    <div class=\"block-icon\"><\/div>\n\t<div class=\"inner\">\n\t\t<div class=\"text-block-content\">\n\t\t\t\t<p>Under Almedalsveckan 2023 spelade JAG-medlemmar en f\u00f6rest\u00e4llning, med st\u00f6d av personlig assistans, som skildrar kampen f\u00f6r personer med intellektuell funktionsneds\u00e4ttning att f\u00e5 leva ett liv som en fullv\u00e4rdig medborgare i samh\u00e4llet. F\u00f6rest\u00e4llningen visar en historisk tillbakablick till 1950-talet, ett nedslag i nutiden och en vision om ett liv i frihet i framtiden.<\/p>\n\t\t<\/div>\n<\/section>\n\n\n\n<figure class=\"wp-block-embed aligncenter is-type-video is-provider-youtube wp-block-embed-youtube wp-embed-aspect-16-9 wp-has-aspect-ratio\"><div class=\"wp-block-embed__wrapper\">\n<iframe loading=\"lazy\" title=\"Jag \u00e4r som du - gatuteater, Almedalen Juni 2023\" width=\"500\" height=\"281\" src=\"https:\/\/www.youtube.com\/embed\/Q5clTDCC-8U?feature=oembed\" frameborder=\"0\" allow=\"accelerometer; autoplay; clipboard-write; encrypted-media; gyroscope; picture-in-picture; web-share\" referrerpolicy=\"strict-origin-when-cross-origin\" allowfullscreen><\/iframe>\n<\/div><\/figure>\n","protected":false},"excerpt":{"rendered":"<p>Riksf\u00f6reningen JAG i Almedalen 2026<\/p>\n","protected":false},"author":8,"featured_media":0,"parent":0,"menu_order":11,"comment_status":"closed","ping_status":"closed","template":"","meta":{"footnotes":""},"class_list":["post-8014","page","type-page","status-publish","hentry"],"acf":[],"yoast_head":"<!-- This site is optimized with the Yoast SEO plugin v21.3 - https:\/\/yoast.com\/wordpress\/plugins\/seo\/ -->\n<title>Almedalen - JAG Opinion<\/title>\n<meta name=\"description\" content=\"Detta \u00e5r tar Almedalsveckan plats den 22 - 26 juni och Riksf\u00f6reningen JAG \u00e4r sj\u00e4lvklart tillbaka i \u00e5r igen!\" \/>\n<meta name=\"robots\" content=\"index, follow, max-snippet:-1, max-image-preview:large, max-video-preview:-1\" \/>\n<link rel=\"canonical\" href=\"https:\/\/jag.se\/opinion\/almedalen\/\" \/>\n<meta property=\"og:locale\" content=\"sv_SE\" \/>\n<meta property=\"og:type\" content=\"article\" \/>\n<meta property=\"og:title\" content=\"Almedalen - JAG Opinion\" \/>\n<meta property=\"og:description\" content=\"Detta \u00e5r tar Almedalsveckan plats den 22 - 26 juni och Riksf\u00f6reningen JAG \u00e4r sj\u00e4lvklart tillbaka i \u00e5r igen!\" \/>\n<meta property=\"og:url\" content=\"https:\/\/jag.se\/opinion\/almedalen\/\" \/>\n<meta property=\"og:site_name\" content=\"JAG Opinion\" \/>\n<meta property=\"article:modified_time\" content=\"2026-02-19T09:10:16+00:00\" \/>\n<meta property=\"og:image\" content=\"https:\/\/jag.se\/opinion\/wp-content\/uploads\/sites\/3\/2025\/09\/webb_pm.jpg\" \/>\n<meta name=\"twitter:card\" content=\"summary_large_image\" \/>\n<meta name=\"twitter:label1\" content=\"Ber\u00e4knad l\u00e4stid\" \/>\n\t<meta name=\"twitter:data1\" content=\"1 minut\" \/>\n<script type=\"application\/ld+json\" class=\"yoast-schema-graph\">{\"@context\":\"https:\/\/schema.org\",\"@graph\":[{\"@type\":\"WebPage\",\"@id\":\"https:\/\/jag.se\/opinion\/almedalen\/\",\"url\":\"https:\/\/jag.se\/opinion\/almedalen\/\",\"name\":\"Almedalen - JAG Opinion\",\"isPartOf\":{\"@id\":\"https:\/\/jag.se\/opinion\/#website\"},\"datePublished\":\"2022-06-28T09:59:47+00:00\",\"dateModified\":\"2026-02-19T09:10:16+00:00\",\"description\":\"Detta \u00e5r tar Almedalsveckan plats den 22 - 26 juni och Riksf\u00f6reningen JAG \u00e4r sj\u00e4lvklart tillbaka i \u00e5r igen!\",\"breadcrumb\":{\"@id\":\"https:\/\/jag.se\/opinion\/almedalen\/#breadcrumb\"},\"inLanguage\":\"sv-SE\",\"potentialAction\":[{\"@type\":\"ReadAction\",\"target\":[\"https:\/\/jag.se\/opinion\/almedalen\/\"]}]},{\"@type\":\"BreadcrumbList\",\"@id\":\"https:\/\/jag.se\/opinion\/almedalen\/#breadcrumb\",\"itemListElement\":[{\"@type\":\"ListItem\",\"position\":1,\"name\":\"JAG start\",\"item\":\"https:\/\/jag.se\"},{\"@type\":\"ListItem\",\"position\":2,\"name\":\"Riksf\u00f6reningen JAG\",\"item\":\"https:\/\/jag.se\/opinion\/\"},{\"@type\":\"ListItem\",\"position\":3,\"name\":\"Almedalen\"}]},{\"@type\":\"WebSite\",\"@id\":\"https:\/\/jag.se\/opinion\/#website\",\"url\":\"https:\/\/jag.se\/opinion\/\",\"name\":\"JAG Opinion\",\"description\":\"\",\"potentialAction\":[{\"@type\":\"SearchAction\",\"target\":{\"@type\":\"EntryPoint\",\"urlTemplate\":\"https:\/\/jag.se\/opinion\/?s={search_term_string}\"},\"query-input\":\"required name=search_term_string\"}],\"inLanguage\":\"sv-SE\"}]}<\/script>\n<!-- \/ Yoast SEO plugin. -->","yoast_head_json":{"title":"Almedalen - JAG Opinion","description":"Detta \u00e5r tar Almedalsveckan plats den 22 - 26 juni och Riksf\u00f6reningen JAG \u00e4r sj\u00e4lvklart tillbaka i \u00e5r igen!","robots":{"index":"index","follow":"follow","max-snippet":"max-snippet:-1","max-image-preview":"max-image-preview:large","max-video-preview":"max-video-preview:-1"},"canonical":"https:\/\/jag.se\/opinion\/almedalen\/","og_locale":"sv_SE","og_type":"article","og_title":"Almedalen - JAG Opinion","og_description":"Detta \u00e5r tar Almedalsveckan plats den 22 - 26 juni och Riksf\u00f6reningen JAG \u00e4r sj\u00e4lvklart tillbaka i \u00e5r igen!","og_url":"https:\/\/jag.se\/opinion\/almedalen\/","og_site_name":"JAG Opinion","article_modified_time":"2026-02-19T09:10:16+00:00","og_image":[{"url":"https:\/\/jag.se\/opinion\/wp-content\/uploads\/sites\/3\/2025\/09\/webb_pm.jpg"}],"twitter_card":"summary_large_image","twitter_misc":{"Ber\u00e4knad l\u00e4stid":"1 minut"},"schema":{"@context":"https:\/\/schema.org","@graph":[{"@type":"WebPage","@id":"https:\/\/jag.se\/opinion\/almedalen\/","url":"https:\/\/jag.se\/opinion\/almedalen\/","name":"Almedalen - JAG Opinion","isPartOf":{"@id":"https:\/\/jag.se\/opinion\/#website"},"datePublished":"2022-06-28T09:59:47+00:00","dateModified":"2026-02-19T09:10:16+00:00","description":"Detta \u00e5r tar Almedalsveckan plats den 22 - 26 juni och Riksf\u00f6reningen JAG \u00e4r sj\u00e4lvklart tillbaka i \u00e5r igen!","breadcrumb":{"@id":"https:\/\/jag.se\/opinion\/almedalen\/#breadcrumb"},"inLanguage":"sv-SE","potentialAction":[{"@type":"ReadAction","target":["https:\/\/jag.se\/opinion\/almedalen\/"]}]},{"@type":"BreadcrumbList","@id":"https:\/\/jag.se\/opinion\/almedalen\/#breadcrumb","itemListElement":[{"@type":"ListItem","position":1,"name":"JAG start","item":"https:\/\/jag.se"},{"@type":"ListItem","position":2,"name":"Riksf\u00f6reningen JAG","item":"https:\/\/jag.se\/opinion\/"},{"@type":"ListItem","position":3,"name":"Almedalen"}]},{"@type":"WebSite","@id":"https:\/\/jag.se\/opinion\/#website","url":"https:\/\/jag.se\/opinion\/","name":"JAG Opinion","description":"","potentialAction":[{"@type":"SearchAction","target":{"@type":"EntryPoint","urlTemplate":"https:\/\/jag.se\/opinion\/?s={search_term_string}"},"query-input":"required name=search_term_string"}],"inLanguage":"sv-SE"}]}},"_links":{"self":[{"href":"https:\/\/jag.se\/opinion\/wp-json\/wp\/v2\/pages\/8014","targetHints":{"allow":["GET"]}}],"collection":[{"href":"https:\/\/jag.se\/opinion\/wp-json\/wp\/v2\/pages"}],"about":[{"href":"https:\/\/jag.se\/opinion\/wp-json\/wp\/v2\/types\/page"}],"author":[{"embeddable":true,"href":"https:\/\/jag.se\/opinion\/wp-json\/wp\/v2\/users\/8"}],"replies":[{"embeddable":true,"href":"https:\/\/jag.se\/opinion\/wp-json\/wp\/v2\/comments?post=8014"}],"version-history":[{"count":486,"href":"https:\/\/jag.se\/opinion\/wp-json\/wp\/v2\/pages\/8014\/revisions"}],"predecessor-version":[{"id":27578,"href":"https:\/\/jag.se\/opinion\/wp-json\/wp\/v2\/pages\/8014\/revisions\/27578"}],"wp:attachment":[{"href":"https:\/\/jag.se\/opinion\/wp-json\/wp\/v2\/media?parent=8014"}],"curies":[{"name":"wp","href":"https:\/\/api.w.org\/{rel}","templated":true}]}}